{"id":5098,"date":"2025-01-09T11:19:24","date_gmt":"2025-01-09T14:19:24","guid":{"rendered":"https:\/\/ufpr.br\/?page=5098"},"modified":"2025-09-10T15:03:10","modified_gmt":"2025-09-10T18:03:10","slug":"documentos-capes","status":"publish","type":"page","link":"https:\/\/ufpr.br\/propg\/cpgss\/planejamento-estrategico\/documentos-capes\/","title":{"rendered":"CAPES: Documentos T\u00e9cnicos"},"content":{"rendered":"\n<h2 class=\"wp-block-heading\">Planejamento Estrat\u00e9gico Stricto Sensu<\/h2>\n\n\n\n<div style=\"height:50px\" aria-hidden=\"true\" class=\"wp-block-spacer\"><\/div>\n\n\n\n<div class=\"wp-block-columns is-layout-flex wp-container-core-columns-is-layout-9d6595d7 wp-block-columns-is-layout-flex\">\n<div class=\"wp-block-column is-layout-flow wp-block-column-is-layout-flow\" style=\"flex-basis:20%\"><div class=\"wp-block-image\">\n<figure class=\"aligncenter size-full is-resized\"><img decoding=\"async\" src=\"https:\/\/ufpr.br\/propg\/wp-content\/uploads\/2024\/10\/Icone_DocumentosMao_Rosa.png\" alt=\"\" class=\"wp-image-6130\" style=\"width:100px\"\/><\/figure><\/div><\/div>\n\n\n\n<div class=\"wp-block-column is-layout-flow wp-block-column-is-layout-flow\" style=\"flex-basis:70%\">\n<blockquote class=\"wp-block-quote is-layout-flow wp-block-quote-is-layout-flow\">\n<p>Acesse aqui os documentos t\u00e9cnicos sobre as&nbsp;<strong>mudan\u00e7as na Avalia\u00e7\u00e3o CAPES<\/strong>&nbsp;<\/p>\n<\/blockquote>\n\n\n\n<div style=\"height:10px\" aria-hidden=\"true\" class=\"wp-block-spacer\"><\/div>\n\n\n\n<h2 class=\"wp-block-heading has-text-align-left has-background has-medium-font-size\" style=\"background-color:#e8ecf5\">CAPES: RELAT\u00d3RIOS, CARTILHAS E DOCUMENTOS T\u00c9CNICOS&nbsp;<\/h2>\n\n\n\n<hr class=\"wp-block-separator has-text-color has-alpha-channel-opacity has-background is-style-wide\" style=\"background-color:#e8ecf5;color:#e8ecf5\"\/>\n\n\n\n<details class=\"wp-block-details is-layout-flow wp-block-details-is-layout-flow\"><summary>Relat\u00f3rios CAPES: Avalia\u00e7\u00e3o Multidimensional<\/summary>\n<ul class=\"wp-block-list\">\n<li><a href=\"https:\/\/ufpr.br\/propg\/wp-content\/uploads\/2025\/01\/19072019_relatorio-tecnico-dav-avaliacao-multidimensional-ppg.pdf\" target=\"_blank\" rel=\"noopener\" title=\"\">Relatorio-Tecnico-DAV-Avaliacao-Multidimensional-PPG<\/a><\/li>\n<\/ul>\n\n\n\n<ul class=\"wp-block-list\">\n<li><a href=\"https:\/\/ufpr.br\/propg\/wp-content\/uploads\/2025\/01\/2020-01-03_relatrio_gt-impacto-e-relevancia-economica-e-social.pdf\" target=\"_blank\" rel=\"noopener\" title=\"\">Relat\u00f3rio_GT-Impacto-e-Relevancia-Economica-e-Social<\/a><\/li>\n<\/ul>\n\n\n\n<ul class=\"wp-block-list\">\n<li><a href=\"https:\/\/ufpr.br\/propg\/wp-content\/uploads\/2025\/01\/2020-01-03_relatrio_gt-inovacao-e-transferencia-de-conhecimento.pdf\" target=\"_blank\" rel=\"noopener\" title=\"\">Relat\u00f3rio_GT-Inovacao-e-transferencia-de-conhecimento<\/a><\/li>\n<\/ul>\n\n\n\n<ul class=\"wp-block-list\">\n<li><a href=\"https:\/\/ufpr.br\/propg\/wp-content\/uploads\/2025\/01\/2020-01-03_relatrio_gt-internacionalizacao.pdf\" target=\"_blank\" rel=\"noopener\" title=\"\">Relat\u00f3rio_GT-Internacionalizacao<\/a><\/li>\n<\/ul>\n\n\n\n<div style=\"height:25px\" aria-hidden=\"true\" class=\"wp-block-spacer\"><\/div>\n<\/details>\n\n\n\n<details class=\"wp-block-details is-layout-flow wp-block-details-is-layout-flow\"><summary>Cartilhas-DAV: Avalia\u00e7\u00e3o, Educa\u00e7\u00e3o, Egressos<\/summary>\n<ul class=\"wp-block-list\">\n<li><a href=\"https:\/\/ufpr.br\/propg\/wp-content\/uploads\/2025\/01\/19122018_cartilha-dav-avaliacao.pdf\" target=\"_blank\" rel=\"noopener\" title=\"\">Cartilha-DAV-Avaliacao<\/a><\/li>\n<\/ul>\n\n\n\n<ul class=\"wp-block-list\">\n<li><a href=\"https:\/\/ufpr.br\/propg\/wp-content\/uploads\/2025\/01\/19122018_cartilha-dav-educacao.pdf\" target=\"_blank\" rel=\"noopener\" title=\"\">Cartilha-DAV-Educacao<\/a><\/li>\n<\/ul>\n\n\n\n<ul class=\"wp-block-list\">\n<li><a href=\"https:\/\/ufpr.br\/propg\/wp-content\/uploads\/2025\/01\/19122018_cartilha-dav-egressos.pdf\" target=\"_blank\" rel=\"noopener\" title=\"\">Cartilha-DAV-Egressos<\/a><\/li>\n<\/ul>\n\n\n\n<div style=\"height:25px\" aria-hidden=\"true\" class=\"wp-block-spacer\"><\/div>\n<\/details>\n\n\n\n<details class=\"wp-block-details is-layout-flow wp-block-details-is-layout-flow\"><summary>Produ\u00e7\u00e3o t\u00e9cnica e Novo Qualis<\/summary>\n<ul class=\"wp-block-list\">\n<li><a href=\"https:\/\/ufpr.br\/propg\/wp-content\/uploads\/2025\/01\/10062019_produo-tcnica.pdf\" target=\"_blank\" rel=\"noopener\" title=\"\">Produ\u00e7\u00e3o-T\u00e9cnica<\/a><\/li>\n<\/ul>\n\n\n\n<ul class=\"wp-block-list\">\n<li><a href=\"https:\/\/ufpr.br\/propg\/wp-content\/uploads\/2024\/12\/10062019_qualis-artistico-classificao-de-eventos.pdf\" target=\"_blank\" rel=\"noopener\" title=\"\">Qualis-Artistico-Classifica\u00e7\u00e3o-de-Eventos<\/a><\/li>\n<\/ul>\n\n\n\n<ul class=\"wp-block-list\">\n<li><a href=\"https:\/\/ufpr.br\/propg\/wp-content\/uploads\/2024\/12\/12062019_proposta-de-classificao-de-livros_gt-qualislivro.pdf\" target=\"_blank\" rel=\"noopener\" title=\"\">Proposta-de-Classifica\u00e7\u00e3o-de-Livros_GT-QualisLivro<\/a><\/li>\n<\/ul>\n\n\n\n<div style=\"height:25px\" aria-hidden=\"true\" class=\"wp-block-spacer\"><\/div>\n<\/details>\n\n\n\n<details class=\"wp-block-details is-layout-flow wp-block-details-is-layout-flow\"><summary>Autoavalia\u00e7\u00e3o de Programas de P\u00f3s-Gradua\u00e7\u00e3o<\/summary>\n<ul class=\"wp-block-list\">\n<li><a href=\"https:\/\/ufpr.br\/propg\/wp-content\/uploads\/2025\/01\/10062019_fichaavaliao.pdf\" target=\"_blank\" rel=\"noopener\" title=\"\">FichaAvalia\u00e7\u00e3o<\/a><\/li>\n<\/ul>\n\n\n\n<ul class=\"wp-block-list\">\n<li><a href=\"https:\/\/ufpr.br\/propg\/wp-content\/uploads\/2025\/01\/10062019_autoavaliao-de-programas-de-ps-graduao.pdf\" target=\"_blank\" rel=\"noopener\" title=\"\">Autoavalia\u00e7\u00e3o-de-Programas-de-P\u00f3s-Gradua\u00e7\u00e3o<\/a><\/li>\n<\/ul>\n\n\n\n<div style=\"height:25px\" aria-hidden=\"true\" class=\"wp-block-spacer\"><\/div>\n<\/details>\n<\/div>\n\n\n\n<div class=\"wp-block-column is-layout-flow wp-block-column-is-layout-flow\" style=\"flex-basis:10%\"><\/div>\n<\/div>\n","protected":false},"excerpt":{"rendered":"<p>Planejamento Estrat\u00e9gico Stricto Sensu Acesse aqui os documentos t\u00e9cnicos sobre as&nbsp;mudan\u00e7as na Avalia\u00e7\u00e3o CAPES&nbsp; CAPES: RELAT\u00d3RIOS, CARTILHAS E DOCUMENTOS T\u00c9CNICOS&nbsp;<\/p>\n","protected":false},"author":5,"featured_media":0,"parent":4608,"menu_order":0,"comment_status":"closed","ping_status":"closed","template":"","meta":{"footnotes":""},"class_list":["post-5098","page","type-page","status-publish","hentry"],"_links":{"self":[{"href":"https:\/\/ufpr.br\/propg\/wp-json\/wp\/v2\/pages\/5098","targetHints":{"allow":["GET"]}}],"collection":[{"href":"https:\/\/ufpr.br\/propg\/wp-json\/wp\/v2\/pages"}],"about":[{"href":"https:\/\/ufpr.br\/propg\/wp-json\/wp\/v2\/types\/page"}],"author":[{"embeddable":true,"href":"https:\/\/ufpr.br\/propg\/wp-json\/wp\/v2\/users\/5"}],"replies":[{"embeddable":true,"href":"https:\/\/ufpr.br\/propg\/wp-json\/wp\/v2\/comments?post=5098"}],"version-history":[{"count":30,"href":"https:\/\/ufpr.br\/propg\/wp-json\/wp\/v2\/pages\/5098\/revisions"}],"predecessor-version":[{"id":12763,"href":"https:\/\/ufpr.br\/propg\/wp-json\/wp\/v2\/pages\/5098\/revisions\/12763"}],"up":[{"embeddable":true,"href":"https:\/\/ufpr.br\/propg\/wp-json\/wp\/v2\/pages\/4608"}],"wp:attachment":[{"href":"https:\/\/ufpr.br\/propg\/wp-json\/wp\/v2\/media?parent=5098"}],"curies":[{"name":"wp","href":"https:\/\/api.w.org\/{rel}","templated":true}]}}