{"id":49610,"date":"2026-01-26T08:49:15","date_gmt":"2026-01-26T11:49:15","guid":{"rendered":"https:\/\/ufpr.br\/propg\/?page_id=49610"},"modified":"2026-01-26T10:52:46","modified_gmt":"2026-01-26T13:52:46","slug":"eventos-e-acoes","status":"publish","type":"page","link":"https:\/\/ufpr.br\/propg\/cpgss\/eventos-e-acoes\/","title":{"rendered":"Eventos e A\u00e7\u00f5es"},"content":{"rendered":"\n<div style=\"height:50px\" aria-hidden=\"true\" class=\"wp-block-spacer\"><\/div>\n\n\n\n<div class=\"wp-block-columns is-layout-flex wp-container-core-columns-is-layout-9d6595d7 wp-block-columns-is-layout-flex\">\n<div class=\"wp-block-column is-layout-flow wp-block-column-is-layout-flow\" style=\"flex-basis:15%\">\n<div style=\"height:25px\" aria-hidden=\"true\" class=\"wp-block-spacer\"><\/div>\n\n\n<div class=\"wp-block-image\">\n<figure class=\"aligncenter size-full is-resized\" id=\"topo\"><img loading=\"lazy\" decoding=\"async\" width=\"512\" height=\"512\" src=\"https:\/\/ufpr.br\/propg\/wp-content\/uploads\/2025\/06\/Icone_Calendario_Rosa.png\" alt=\"\" class=\"wp-image-5768\" style=\"width:100px\" srcset=\"https:\/\/ufpr.br\/propg\/wp-content\/uploads\/2025\/06\/Icone_Calendario_Rosa.png 512w, https:\/\/ufpr.br\/propg\/wp-content\/uploads\/2025\/06\/Icone_Calendario_Rosa-300x300.png 300w, https:\/\/ufpr.br\/propg\/wp-content\/uploads\/2025\/06\/Icone_Calendario_Rosa-150x150.png 150w, https:\/\/ufpr.br\/propg\/wp-content\/uploads\/2025\/06\/Icone_Calendario_Rosa-98x98.png 98w, https:\/\/ufpr.br\/propg\/wp-content\/uploads\/2025\/06\/Icone_Calendario_Rosa-57x57.png 57w\" sizes=\"auto, (max-width: 512px) 100vw, 512px\" \/><\/figure><\/div><\/div>\n\n\n\n<div class=\"wp-block-column is-layout-flow wp-block-column-is-layout-flow\" style=\"flex-basis:75%\">\n<details class=\"wp-block-details is-layout-flow wp-block-details-is-layout-flow\" open><summary>Caf\u00e9 com Sucupira<\/summary>\n<p>Iniciativa da PROPG\/CPGSS que promove uma s\u00e9rie de encontros e atividades voltadas ao fortalecimento e prepara\u00e7\u00e3o dos programas para atender as novas diretrizes de avalia\u00e7\u00e3o da CAPES (2025\u20132028). Um espa\u00e7o de forma\u00e7\u00e3o e debate estrat\u00e9gico que re\u00fane gestores, docentes, discentes e equipes t\u00e9cnico-administrativas na constru\u00e7\u00e3o, em di\u00e1logo, dos caminhos da p\u00f3s-gradua\u00e7\u00e3o do futuro.<\/p>\n\n\n\n<ul class=\"wp-block-list\">\n<li><a href=\"https:\/\/ufpr.br\/propg\/cpgss\/cafe-com-sucupira\/\">Ver p\u00e1gina dos eventos<\/a><\/li>\n<\/ul>\n\n\n\n<hr class=\"wp-block-separator has-alpha-channel-opacity is-style-dots\"\/>\n<\/details>\n\n\n\n<details class=\"wp-block-details is-layout-flow wp-block-details-is-layout-flow\"><summary>Foto Comemorativa Alunos Titulados<\/summary>\n<p>Fotos dos Mestres e Doutores no Pr\u00e9dio Hist\u00f3rico da UFPR<\/p>\n\n\n\n<ul class=\"wp-block-list\">\n<li><a href=\"https:\/\/ufpr.br\/propg\/cpgss\/fotos-dos-mestres-e-doutores-no-predio-historico-da-ufpr\/\">2022 e anos seguintes<\/a><\/li>\n<\/ul>\n\n\n\n<hr class=\"wp-block-separator has-alpha-channel-opacity is-style-dots\"\/>\n<\/details>\n\n\n\n<details class=\"wp-block-details is-layout-flow wp-block-details-is-layout-flow\"><summary>Pr\u00eamio Excel\u00eancia Acad\u00eamica<\/summary>\n<p>Pr\u00eamio Excel\u00eancia Acad\u00eamica da P\u00f3s-gradua\u00e7\u00e3o: uma homenagem aos melhores trabalhos de pesquisa da UFPR<\/p>\n\n\n\n<ul class=\"wp-block-list\">\n<li><a href=\"https:\/\/ufpr.br\/propg\/cpgss\/premio-excelencia-academica\/\">2021 e anos seguintes<\/a><\/li>\n<\/ul>\n\n\n\n<hr class=\"wp-block-separator has-alpha-channel-opacity is-style-dots\"\/>\n<\/details>\n\n\n\n<details class=\"wp-block-details is-layout-flow wp-block-details-is-layout-flow\"><summary>Pr\u00eamio Curta Ci\u00eancia<\/summary>\n<p>Pr\u00eamio Curta Ci\u00eancia: reconhecimento do m\u00e9rito acad\u00eamico das teses e disserta\u00e7\u00f5es defendidas no \u00e2mbito dos programas de p\u00f3s-gradua\u00e7\u00e3o da UFPR.<\/p>\n\n\n\n<ul class=\"wp-block-list\">\n<li><a href=\"https:\/\/ufpr.br\/propg\/cpgss\/premio-excelencia-academica\/premio-curta-ciencia-2020\/\">2020<\/a><\/li>\n<\/ul>\n\n\n\n<ul class=\"wp-block-list\">\n<li><a href=\"https:\/\/ufpr.br\/propg\/cpgss\/premio-excelencia-academica\/premio-curta-ciencia-2019\/\">2019<\/a><\/li>\n<\/ul>\n\n\n\n<hr class=\"wp-block-separator has-text-color has-alpha-channel-opacity has-background is-style-wide\" style=\"background-color:#e8ecf5;color:#e8ecf5\"\/>\n\n\n\n<p>O Pr\u00eamio Curta Ci\u00eancia agora \u00e9 <a href=\"https:\/\/ufpr.br\/propg\/cpgss\/premio-excelencia-academica\/\">Pr\u00eamio Excel\u00eancia Acad\u00eamica<\/a>.<\/p>\n\n\n\n<hr class=\"wp-block-separator has-alpha-channel-opacity is-style-dots\"\/>\n<\/details>\n\n\n\n<details class=\"wp-block-details is-layout-flow wp-block-details-is-layout-flow\"><summary>Planejamento Estrat\u00e9gico da P\u00f3s-Gradua\u00e7\u00e3o Stricto Sensu<\/summary>\n<ul class=\"wp-block-list\">\n<li><a href=\"https:\/\/ufpr.br\/propg\/cpgss\/planejamento-estrategico\/\">2020<\/a><\/li>\n<\/ul>\n\n\n\n<hr class=\"wp-block-separator has-alpha-channel-opacity is-style-dots\"\/>\n<\/details>\n\n\n\n<div style=\"height:15px\" aria-hidden=\"true\" class=\"wp-block-spacer\"><\/div>\n\n\n\n<p class=\"has-text-color has-link-color wp-elements-35347cca6bfe07bb2bf966001a1b447f\" style=\"color:#243673\"><strong><a href=\"#topo\" title=\"\">Voltar ao topo<\/a><\/strong><\/p>\n<\/div>\n\n\n\n<div class=\"wp-block-column is-layout-flow wp-block-column-is-layout-flow\" style=\"flex-basis:10%\"><\/div>\n<\/div>\n","protected":false},"excerpt":{"rendered":"<p>Voltar ao topo<\/p>\n","protected":false},"author":5,"featured_media":0,"parent":2756,"menu_order":0,"comment_status":"closed","ping_status":"closed","template":"","meta":{"footnotes":""},"class_list":["post-49610","page","type-page","status-publish","hentry"],"_links":{"self":[{"href":"https:\/\/ufpr.br\/propg\/wp-json\/wp\/v2\/pages\/49610","targetHints":{"allow":["GET"]}}],"collection":[{"href":"https:\/\/ufpr.br\/propg\/wp-json\/wp\/v2\/pages"}],"about":[{"href":"https:\/\/ufpr.br\/propg\/wp-json\/wp\/v2\/types\/page"}],"author":[{"embeddable":true,"href":"https:\/\/ufpr.br\/propg\/wp-json\/wp\/v2\/users\/5"}],"replies":[{"embeddable":true,"href":"https:\/\/ufpr.br\/propg\/wp-json\/wp\/v2\/comments?post=49610"}],"version-history":[{"count":25,"href":"https:\/\/ufpr.br\/propg\/wp-json\/wp\/v2\/pages\/49610\/revisions"}],"predecessor-version":[{"id":49717,"href":"https:\/\/ufpr.br\/propg\/wp-json\/wp\/v2\/pages\/49610\/revisions\/49717"}],"up":[{"embeddable":true,"href":"https:\/\/ufpr.br\/propg\/wp-json\/wp\/v2\/pages\/2756"}],"wp:attachment":[{"href":"https:\/\/ufpr.br\/propg\/wp-json\/wp\/v2\/media?parent=49610"}],"curies":[{"name":"wp","href":"https:\/\/api.w.org\/{rel}","templated":true}]}}