{"id":49392,"date":"2026-01-23T11:15:07","date_gmt":"2026-01-23T14:15:07","guid":{"rendered":"https:\/\/ufpr.br\/propg\/?page_id=49392"},"modified":"2026-01-23T11:26:41","modified_gmt":"2026-01-23T14:26:41","slug":"reconhecimento-faq","status":"publish","type":"page","link":"https:\/\/ufpr.br\/propg\/cpgss\/reconhecimento-faq\/","title":{"rendered":"Reconhecimento de Diploma Estrangeiro"},"content":{"rendered":"\n<div style=\"height:50px\" aria-hidden=\"true\" class=\"wp-block-spacer\"><\/div>\n\n\n\n<div class=\"wp-block-columns is-layout-flex wp-container-core-columns-is-layout-9d6595d7 wp-block-columns-is-layout-flex\">\n<div class=\"wp-block-column is-layout-flow wp-block-column-is-layout-flow\" style=\"flex-basis:20%\"><div class=\"wp-block-image\">\n<figure class=\"aligncenter size-full is-resized\" id=\"topo\"><img loading=\"lazy\" decoding=\"async\" width=\"512\" height=\"512\" src=\"https:\/\/ufpr.br\/propg\/wp-content\/uploads\/2025\/06\/Icone_AcessoInformacao_Rosa.png\" alt=\"\" class=\"wp-image-5333\" style=\"object-fit:cover;width:100px;height:100px\" srcset=\"https:\/\/ufpr.br\/propg\/wp-content\/uploads\/2025\/06\/Icone_AcessoInformacao_Rosa.png 512w, https:\/\/ufpr.br\/propg\/wp-content\/uploads\/2025\/06\/Icone_AcessoInformacao_Rosa-300x300.png 300w, https:\/\/ufpr.br\/propg\/wp-content\/uploads\/2025\/06\/Icone_AcessoInformacao_Rosa-150x150.png 150w, https:\/\/ufpr.br\/propg\/wp-content\/uploads\/2025\/06\/Icone_AcessoInformacao_Rosa-98x98.png 98w, https:\/\/ufpr.br\/propg\/wp-content\/uploads\/2025\/06\/Icone_AcessoInformacao_Rosa-57x57.png 57w\" sizes=\"auto, (max-width: 512px) 100vw, 512px\" \/><\/figure><\/div><\/div>\n\n\n\n<div class=\"wp-block-column is-layout-flow wp-block-column-is-layout-flow\" style=\"flex-basis:70%\">\n<p>Todas as informa\u00e7\u00f5es sobre\u00a0<strong>reconhecimento de diploma de mestrado e doutorado estrangeiro\u00a0<\/strong>est\u00e3o dispon\u00edveis no site da PROPG, na aba \u201c<a href=\"https:\/\/ufpr.br\/propg\/udc\/reconhecimento-de-diplomas-estrangeiros\/\" target=\"_blank\" rel=\"noreferrer noopener\"><strong>Reconhecimento de diplomas<\/strong><\/a>\u201c.<\/p>\n\n\n\n<hr class=\"wp-block-separator has-text-color has-alpha-channel-opacity has-background is-style-wide\" style=\"background-color:#e8ecf5;color:#e8ecf5\"\/>\n\n\n\n<p>Al\u00e9m do site da PRPPG, voc\u00ea encontrar\u00e1 mais informa\u00e7\u00f5es sobre o assunto no\u00a0<a href=\"http:\/\/carolinabori.mec.gov.br\/\" target=\"_blank\" rel=\"noreferrer noopener\">Portal Carolina Bori<\/a>.<\/p>\n\n\n\n<p>Sugerimos que voc\u00ea\u00a0<strong>leia com aten\u00e7\u00e3o a legisla\u00e7\u00e3o dispon\u00edvel<\/strong>, especialmente a parte dos documentos solicitados.\u00a0 Para que haja a possibilidade de reconhecimento do t\u00edtulo tamb\u00e9m \u00e9 preciso que voc\u00ea identifique um Programa de P\u00f3s-gradua\u00e7\u00e3o que tenha caracter\u00edsticas compat\u00edveis com a pesquisa que voc\u00ea desenvolveu no exterior.<\/p>\n\n\n\n<hr class=\"wp-block-separator has-text-color has-alpha-channel-opacity has-background is-style-wide\" style=\"background-color:#e8ecf5;color:#e8ecf5\"\/>\n\n\n\n<p><a href=\"https:\/\/www.prppg.ufpr.br\/site\/lista_reconhec\/\">Acesse aqui<\/a>\u00a0<mark style=\"background-color:#fcb900\" class=\"has-inline-color\">(LINK QUEBRADO)<\/mark> a \u00a0listagem\u00a0de\u00a0<strong>todos os diplomas estrangeiros\u00a0<\/strong>de mestrado e doutorado\u00a0<strong>j\u00e1 reconhecidos<\/strong>\u00a0no \u00e2mbito da Universidade Federal do Paran\u00e1 <\/p>\n\n\n\n<hr class=\"wp-block-separator has-text-color has-alpha-channel-opacity has-background is-style-wide\" style=\"background-color:#e8ecf5;color:#e8ecf5\"\/>\n\n\n\n<h2 class=\"wp-block-heading\">D\u00favidas?<\/h2>\n\n\n\n<p>Envie um e-mail para:\u00a0<a href=\"mailto:reconhecimento@ufpr.br\">reconhecimento@ufpr.br<\/a><\/p>\n\n\n\n<p>Atendimento presencial e telef\u00f4nico:\u00a0<strong>\u00a0(41) 3360-5338<\/strong>\u00a0de segunda a sexta das 13h as 19h<\/p>\n<\/div>\n\n\n\n<div class=\"wp-block-column is-layout-flow wp-block-column-is-layout-flow\" style=\"flex-basis:10%\"><\/div>\n<\/div>\n\n\n\n<p><\/p>\n","protected":false},"excerpt":{"rendered":"<p>Todas as informa\u00e7\u00f5es sobre\u00a0reconhecimento de diploma de mestrado e doutorado estrangeiro\u00a0est\u00e3o dispon\u00edveis no site da PROPG, na aba \u201cReconhecimento de diplomas\u201c. Al\u00e9m do site da PRPPG, voc\u00ea encontrar\u00e1 mais informa\u00e7\u00f5es sobre o assunto no\u00a0Portal Carolina Bori. Sugerimos que voc\u00ea\u00a0leia com aten\u00e7\u00e3o a legisla\u00e7\u00e3o dispon\u00edvel, especialmente a parte dos documentos solicitados.\u00a0 Para que haja a possibilidade [&hellip;]<\/p>\n","protected":false},"author":5,"featured_media":0,"parent":2756,"menu_order":0,"comment_status":"closed","ping_status":"closed","template":"","meta":{"footnotes":""},"class_list":["post-49392","page","type-page","status-publish","hentry"],"_links":{"self":[{"href":"https:\/\/ufpr.br\/propg\/wp-json\/wp\/v2\/pages\/49392","targetHints":{"allow":["GET"]}}],"collection":[{"href":"https:\/\/ufpr.br\/propg\/wp-json\/wp\/v2\/pages"}],"about":[{"href":"https:\/\/ufpr.br\/propg\/wp-json\/wp\/v2\/types\/page"}],"author":[{"embeddable":true,"href":"https:\/\/ufpr.br\/propg\/wp-json\/wp\/v2\/users\/5"}],"replies":[{"embeddable":true,"href":"https:\/\/ufpr.br\/propg\/wp-json\/wp\/v2\/comments?post=49392"}],"version-history":[{"count":4,"href":"https:\/\/ufpr.br\/propg\/wp-json\/wp\/v2\/pages\/49392\/revisions"}],"predecessor-version":[{"id":49402,"href":"https:\/\/ufpr.br\/propg\/wp-json\/wp\/v2\/pages\/49392\/revisions\/49402"}],"up":[{"embeddable":true,"href":"https:\/\/ufpr.br\/propg\/wp-json\/wp\/v2\/pages\/2756"}],"wp:attachment":[{"href":"https:\/\/ufpr.br\/propg\/wp-json\/wp\/v2\/media?parent=49392"}],"curies":[{"name":"wp","href":"https:\/\/api.w.org\/{rel}","templated":true}]}}