{"id":48933,"date":"2026-01-21T09:11:49","date_gmt":"2026-01-21T12:11:49","guid":{"rendered":"https:\/\/ufpr.br\/propg\/?page_id=48933"},"modified":"2026-04-15T10:54:17","modified_gmt":"2026-04-15T13:54:17","slug":"rede-de-universidades-do-brics","status":"publish","type":"page","link":"https:\/\/ufpr.br\/propg\/siprop\/rede-de-universidades-do-brics\/","title":{"rendered":"Rede de Universidades do BRICS"},"content":{"rendered":"\n<div style=\"height:50px\" aria-hidden=\"true\" class=\"wp-block-spacer\"><\/div>\n\n\n\n<div class=\"wp-block-columns is-layout-flex wp-container-core-columns-is-layout-9d6595d7 wp-block-columns-is-layout-flex\">\n<div class=\"wp-block-column is-layout-flow wp-block-column-is-layout-flow\" style=\"flex-basis:30%\"><div class=\"wp-block-image\">\n<figure class=\"aligncenter size-full is-resized\"><img loading=\"lazy\" decoding=\"async\" width=\"2167\" height=\"1107\" src=\"https:\/\/ufpr.br\/propg\/wp-content\/uploads\/2026\/01\/logobrics2025-oficial-horizontal4x.png\" alt=\"\" class=\"wp-image-48444\" style=\"width:350px\" srcset=\"https:\/\/ufpr.br\/propg\/wp-content\/uploads\/2026\/01\/logobrics2025-oficial-horizontal4x.png 2167w, https:\/\/ufpr.br\/propg\/wp-content\/uploads\/2026\/01\/logobrics2025-oficial-horizontal4x-300x153.png 300w, https:\/\/ufpr.br\/propg\/wp-content\/uploads\/2026\/01\/logobrics2025-oficial-horizontal4x-1024x523.png 1024w, https:\/\/ufpr.br\/propg\/wp-content\/uploads\/2026\/01\/logobrics2025-oficial-horizontal4x-768x392.png 768w, https:\/\/ufpr.br\/propg\/wp-content\/uploads\/2026\/01\/logobrics2025-oficial-horizontal4x-1536x785.png 1536w, https:\/\/ufpr.br\/propg\/wp-content\/uploads\/2026\/01\/logobrics2025-oficial-horizontal4x-2048x1046.png 2048w, https:\/\/ufpr.br\/propg\/wp-content\/uploads\/2026\/01\/logobrics2025-oficial-horizontal4x-175x89.png 175w, https:\/\/ufpr.br\/propg\/wp-content\/uploads\/2026\/01\/logobrics2025-oficial-horizontal4x-75x38.png 75w\" sizes=\"auto, (max-width: 2167px) 100vw, 2167px\" \/><\/figure><\/div><\/div>\n\n\n\n<div class=\"wp-block-column is-layout-flow wp-block-column-is-layout-flow\" style=\"flex-basis:65%\">\n<h2 class=\"wp-block-heading has-text-align-left has-background has-medium-font-size\" id=\"coordenadoria\" style=\"background-color:#e8ecf5\">ADES\u00c3O DA UFPR NA BRICS-NU<\/h2>\n\n\n\n<hr class=\"wp-block-separator has-text-color has-alpha-channel-opacity has-background is-style-wide\" style=\"background-color:#e8ecf5;color:#e8ecf5\" \/>\n\n\n\n<p>Em 2025, a&nbsp;<strong>Universidade Federal do Paran\u00e1 (UFPR)<\/strong>&nbsp;foi selecionada como uma das 20 institui\u00e7\u00f5es brasileiras que comp\u00f5e a Rede de Universidades do BRICS. S\u00e3o 11 temas desenvolvidos pelas IES e a UFPR foi contemplada no tema \u201c<strong>Estudos dos BRICS<\/strong>\u201c, juntamente com a Universidade Federal do Rio Grande do Sul \u2013 UFRGS.&nbsp;<\/p>\n\n\n\n<p>O processo de sele\u00e7\u00e3o foi conduzido pela Coordena\u00e7\u00e3o de Aperfei\u00e7oamento de Pessoal de N\u00edvel Superior \u2013 CAPES, por meio do&nbsp;<a href=\"https:\/\/www.gov.br\/capes\/pt-br\/acesso-a-informacao\/acoes-e-programas\/bolsas\/bolsas-e-auxilios-internacionais\/encontre-aqui\/paises\/multinacional\/internacional-brics\" target=\"_blank\" rel=\"noreferrer noopener\">Edital 08\/2025 \u2013 REDE DE INSTITUI\u00c7\u00d5ES DO BRICS \u2013 BRICS-NU EDITAL DE ADES\u00c3O<\/a>.&nbsp;A sele\u00e7\u00e3o \u00e9 um pr\u00e9-requisito para participar de futuras a\u00e7\u00f5es de fomento da rede.<\/p>\n\n\n\n<div style=\"height:50px\" aria-hidden=\"true\" class=\"wp-block-spacer\"><\/div>\n\n\n\n<details class=\"wp-block-details is-layout-flow wp-block-details-is-layout-flow\"><summary>Sobre a Rede<\/summary>\n<p>O &nbsp;Conselho Internacional de Governan\u00e7a da BRICS-NU, sob a coordena\u00e7\u00e3o do Minist\u00e9rio da Educa\u00e7\u00e3o do Brasil, consolidou, em maio de 2025, a expans\u00e3o de pa\u00edses-membros e institui\u00e7\u00f5es participantes na rede.<\/p>\n\n\n\n<p>Criada em 2015, a BRICS-NU re\u00fane institui\u00e7\u00f5es de educa\u00e7\u00e3o superior dos pa\u00edses que comp\u00f5em o agrupamento e tem o objetivo de fomentar pesquisas conjuntas, mobilidade acad\u00eamica e programas educacionais inovadores em \u00e1reas tem\u00e1ticas de interesse comum. Participavam da composi\u00e7\u00e3o original institui\u00e7\u00f5es oriundas de Brasil, R\u00fassia, \u00cdndia, China e \u00c1frica do Sul. Desde o ano passado, tornaram-se aptas a integrar a rede institui\u00e7\u00f5es do Egito, Ir\u00e3 e Emirados \u00c1rabes Unidos.<\/p>\n\n\n\n<p>Al\u00e9m de aumento no n\u00famero de pa\u00edses, em 2024 houve o alargamento dos temas trabalhados. Originalmente, a BRICS-NU dividia-se por seis \u00e1reas: Ci\u00eancias da Computa\u00e7\u00e3o e Seguran\u00e7a da Informa\u00e7\u00e3o; Estudos do BRICS; Energia; Ecologia e Mudan\u00e7a do Clima; Recursos H\u00eddricos e Controle da Polui\u00e7\u00e3o; e Economia. Cinco novos temas foram acrescidos: Ci\u00eancias da Sa\u00fade; Matem\u00e1tica; Ci\u00eancias Naturais; Ci\u00eancias Sociais e Humanidades; e Agricultura Sustent\u00e1vel\/Seguran\u00e7a Alimentar.&nbsp;<\/p>\n\n\n\n<p>O n\u00famero de Institui\u00e7\u00f5es participantes de cada pa\u00eds \u00e9, atualmente:&nbsp;<\/p>\n\n\n\n<ul class=\"wp-block-list\">\n<li><strong>\u00c1frica do Sul: 14 institui\u00e7\u00f5es&nbsp;<\/strong><\/li>\n<\/ul>\n\n\n\n<ul class=\"wp-block-list\">\n<li><strong>Brasil: 20 institui\u00e7\u00f5es&nbsp;<\/strong><\/li>\n<\/ul>\n\n\n\n<ul class=\"wp-block-list\">\n<li><strong>China: 20 institui\u00e7\u00f5es&nbsp;<\/strong><\/li>\n<\/ul>\n\n\n\n<ul class=\"wp-block-list\">\n<li><strong>Egito: 20 institui\u00e7\u00f5es&nbsp;<\/strong><\/li>\n<\/ul>\n\n\n\n<ul class=\"wp-block-list\">\n<li><strong>Emirados \u00c1rabes Unidos: 12 institui\u00e7\u00f5es&nbsp;<\/strong><\/li>\n<\/ul>\n\n\n\n<ul class=\"wp-block-list\">\n<li><strong>\u00cdndia: 12 institui\u00e7\u00f5es&nbsp;<\/strong><\/li>\n<\/ul>\n\n\n\n<ul class=\"wp-block-list\">\n<li><strong>Ir\u00e3: 19 institui\u00e7\u00f5es&nbsp;<\/strong><\/li>\n<\/ul>\n\n\n\n<ul class=\"wp-block-list\">\n<li><strong>R\u00fassia: 20 institui\u00e7\u00f5es&nbsp;<\/strong><\/li>\n<\/ul>\n\n\n\n<p><em>Fonte:&nbsp;<a href=\"https:\/\/brics.br\/pt-br\/noticias\/rede-de-universidades-do-brics-inclui-20-instituicoes-brasileiras\" target=\"_blank\" rel=\"noreferrer noopener\">Rede de Universidades do BRICS inclui 20 institui\u00e7\u00f5es brasileiras<\/a><\/em><\/p>\n\n\n\n<div style=\"height:20px\" aria-hidden=\"true\" class=\"wp-block-spacer\"><\/div>\n\n\n\n<hr class=\"wp-block-separator has-alpha-channel-opacity is-style-dots\" \/>\n<\/details>\n\n\n\n<details class=\"wp-block-details is-layout-flow wp-block-details-is-layout-flow\"><summary>Tema Estudos dos BRICS<\/summary>\n<p>O Grupo Tem\u00e1tico Estudos dos BRICS \u00e9 composto com 16 Institui\u00e7\u00f5es dos pa\u00edses-membros, a saber:<\/p>\n\n\n\n<div style=\"height:15px\" aria-hidden=\"true\" class=\"wp-block-spacer\"><\/div>\n\n\n<div class=\"wp-block-image\">\n<figure class=\"aligncenter size-full\"><img loading=\"lazy\" decoding=\"async\" width=\"600\" height=\"815\" src=\"https:\/\/ufpr.br\/propg\/wp-content\/uploads\/2026\/01\/ies-estudos-dos-brics.png\" alt=\"\" class=\"wp-image-48964\" srcset=\"https:\/\/ufpr.br\/propg\/wp-content\/uploads\/2026\/01\/ies-estudos-dos-brics.png 600w, https:\/\/ufpr.br\/propg\/wp-content\/uploads\/2026\/01\/ies-estudos-dos-brics-221x300.png 221w, https:\/\/ufpr.br\/propg\/wp-content\/uploads\/2026\/01\/ies-estudos-dos-brics-72x98.png 72w, https:\/\/ufpr.br\/propg\/wp-content\/uploads\/2026\/01\/ies-estudos-dos-brics-42x57.png 42w\" sizes=\"auto, (max-width: 600px) 100vw, 600px\" \/><\/figure><\/div>\n\n\n<div style=\"height:20px\" aria-hidden=\"true\" class=\"wp-block-spacer\"><\/div>\n\n\n\n<hr class=\"wp-block-separator has-alpha-channel-opacity is-style-dots\" \/>\n<\/details>\n\n\n\n<details class=\"wp-block-details is-layout-flow wp-block-details-is-layout-flow\"><summary>A\u00e7\u00f5es das IES Brasileiras<\/summary>\n<p>A UFRGS e a UFPR, por meio das respectivas Pr\u00f3-Reitoras de P\u00f3s-Gradua\u00e7\u00e3o, Cl\u00e1udia Wasserman e Edneia Amancio de Souza Ramos Cavalieri,&nbsp;iniciaram os di\u00e1logos para planejamento e articula\u00e7\u00e3o de a\u00e7\u00f5es vinculadas ao tema \u201cEstudos dos BRICS\u201d logo ap\u00f3s a publica\u00e7\u00e3o da sele\u00e7\u00e3o pela CAPES.&nbsp;<\/p>\n\n\n\n<p>Para melhor vincula\u00e7\u00e3o dos pesquisadores de ambas as institui\u00e7\u00f5es, foi realizada uma reuni\u00e3o virtual para apresenta\u00e7\u00e3o das atividades que j\u00e1 s\u00e3o desenvolvidas na tem\u00e1tica e discutir propostas de a\u00e7\u00f5es em conjunto no eixo Estudo do Brics.&nbsp;Na ocasi\u00e3o, a professora Andrea Gouveia, da UFPR, e o professor Fabiano Mielniczuk, da UFRGS, apresentaram tamb\u00e9m as diretrizes gerais da proposta submetida \u00e0 CAPES para a ades\u00e3o do Edital 08\/2025.<\/p>\n\n\n\n<p>As duas institui\u00e7\u00f5es planejam a realiza\u00e7\u00e3o de um evento de integra\u00e7\u00e3o para todos os pesquisadores do tema, nacionais e internacionais, sediado pela UFRGS e com data a ser definida em 2026.<\/p>\n<\/details>\n\n\n\n<details class=\"wp-block-details is-layout-flow wp-block-details-is-layout-flow\"><summary>Edital CAPES 25\/2025<\/summary>\n<p>A UFRGS e a UFPR, como membros nacionais da Rede BRICS-NU no Tema &#8220;Estudos dos BRICS&#8221;, participou da sele\u00e7\u00e3o do Edital CAPES 25\/2025, lan\u00e7ado com o objetivo de promover a coopera\u00e7\u00e3o acad\u00eamica, cient\u00edfica e cultural entre as institui\u00e7\u00f5es de ensino superior dos pa\u00edses membros do BRICS. <\/p>\n\n\n\n<p>Foram submetidas propostas para tr\u00eas projetos narede, que aguardam aprova\u00e7\u00e3o do comit\u00ea de sele\u00e7\u00e3o. <\/p>\n\n\n\n<p>P\u00e1gina de acompanhamento: <a href=\"https:\/\/www.gov.br\/capes\/pt-br\/acesso-a-informacao\/acoes-e-programas\/bolsas\/bolsas-e-auxilios-internacionais\/encontre-aqui\/paises\/multinacional\/internacional-brics\">https:\/\/www.gov.br\/capes\/pt-br\/acesso-a-informacao\/acoes-e-programas\/bolsas\/bolsas-e-auxilios-internacionais\/encontre-aqui\/paises\/multinacional\/internacional-brics<\/a><\/p>\n<\/details>\n<\/div>\n\n\n\n<div class=\"wp-block-column is-layout-flow wp-block-column-is-layout-flow\" style=\"flex-basis:5%\"><\/div>\n<\/div>\n\n\n\n<p><\/p>\n","protected":false},"excerpt":{"rendered":"<p>ADES\u00c3O DA UFPR NA BRICS-NU Em 2025, a&nbsp;Universidade Federal do Paran\u00e1 (UFPR)&nbsp;foi selecionada como uma das 20 institui\u00e7\u00f5es brasileiras que comp\u00f5e a Rede de Universidades do BRICS. S\u00e3o 11 temas desenvolvidos pelas IES e a UFPR foi contemplada no tema \u201cEstudos dos BRICS\u201c, juntamente com a Universidade Federal do Rio Grande do Sul \u2013 UFRGS.&nbsp; [&hellip;]<\/p>\n","protected":false},"author":5,"featured_media":0,"parent":8937,"menu_order":0,"comment_status":"closed","ping_status":"closed","template":"","meta":{"footnotes":""},"class_list":["post-48933","page","type-page","status-publish","hentry"],"_links":{"self":[{"href":"https:\/\/ufpr.br\/propg\/wp-json\/wp\/v2\/pages\/48933","targetHints":{"allow":["GET"]}}],"collection":[{"href":"https:\/\/ufpr.br\/propg\/wp-json\/wp\/v2\/pages"}],"about":[{"href":"https:\/\/ufpr.br\/propg\/wp-json\/wp\/v2\/types\/page"}],"author":[{"embeddable":true,"href":"https:\/\/ufpr.br\/propg\/wp-json\/wp\/v2\/users\/5"}],"replies":[{"embeddable":true,"href":"https:\/\/ufpr.br\/propg\/wp-json\/wp\/v2\/comments?post=48933"}],"version-history":[{"count":19,"href":"https:\/\/ufpr.br\/propg\/wp-json\/wp\/v2\/pages\/48933\/revisions"}],"predecessor-version":[{"id":52210,"href":"https:\/\/ufpr.br\/propg\/wp-json\/wp\/v2\/pages\/48933\/revisions\/52210"}],"up":[{"embeddable":true,"href":"https:\/\/ufpr.br\/propg\/wp-json\/wp\/v2\/pages\/8937"}],"wp:attachment":[{"href":"https:\/\/ufpr.br\/propg\/wp-json\/wp\/v2\/media?parent=48933"}],"curies":[{"name":"wp","href":"https:\/\/api.w.org\/{rel}","templated":true}]}}