{"id":4583,"date":"2024-12-17T11:04:09","date_gmt":"2024-12-17T14:04:09","guid":{"rendered":"https:\/\/ufpr.br\/?page=4583"},"modified":"2025-09-11T11:09:35","modified_gmt":"2025-09-11T14:09:35","slug":"premio-curta-ciencia-2019","status":"publish","type":"page","link":"https:\/\/ufpr.br\/propg\/cpgss\/premio-excelencia-academica\/premio-curta-ciencia-2019\/","title":{"rendered":"Pr\u00eamio Curta Ci\u00eancia 2019"},"content":{"rendered":"\n<div style=\"height:50px\" aria-hidden=\"true\" class=\"wp-block-spacer\"><\/div>\n\n\n\n<div class=\"wp-block-columns is-layout-flex wp-container-core-columns-is-layout-9d6595d7 wp-block-columns-is-layout-flex\">\n<div class=\"wp-block-column is-layout-flow wp-block-column-is-layout-flow\" style=\"flex-basis:20%\">\n<div class=\"wp-block-columns is-layout-flex wp-container-core-columns-is-layout-9d6595d7 wp-block-columns-is-layout-flex\">\n<div class=\"wp-block-column topo has-background is-layout-flow wp-block-column-is-layout-flow\" style=\"background-color:#e8ecf5\" id=\"topo\">\n<div style=\"height:30px\" aria-hidden=\"true\" class=\"wp-block-spacer\"><\/div>\n\n\n\n<div class=\"wp-block-columns is-not-stacked-on-mobile is-layout-flex wp-container-core-columns-is-layout-9d6595d7 wp-block-columns-is-layout-flex\">\n<div class=\"wp-block-column is-layout-flow wp-block-column-is-layout-flow\" style=\"flex-basis:1px\"><\/div>\n\n\n\n<div class=\"wp-block-column has-white-background-color has-text-color has-background has-link-color wp-elements-10c6e9bc0458d75426f14e427f225d0e is-layout-flow wp-block-column-is-layout-flow\" style=\"color:#003c71\">\n<div style=\"height:20px\" aria-hidden=\"true\" class=\"wp-block-spacer\"><\/div>\n\n\n<div class=\"wp-block-image is-style-default\">\n<figure class=\"aligncenter size-full is-resized\" id=\"topo\"><a href=\"https:\/\/ufpr.br\/propg\/cpgss\/premio-excelencia-academica\/\"><img decoding=\"async\" src=\"https:\/\/ufpr.br\/propg\/wp-content\/uploads\/2025\/06\/Icone_Premio_Rosa.png\" alt=\"\" class=\"wp-image-7936\" style=\"object-fit:cover;width:70px;height:70px\"\/><\/a><\/figure><\/div>\n\n\n<p class=\"has-text-align-center has-text-color has-link-color wp-elements-a4e2e5c0059d4c75b5863701a0fc90df\" style=\"color:#243673;font-size:14px\"><a href=\"https:\/\/ufpr.br\/propg\/cpgss\/premio-excelencia-academica\/\"><strong>Edi\u00e7\u00f5es<br>Anteriores<\/strong><\/a><\/p>\n<\/div>\n\n\n\n<div class=\"wp-block-column is-layout-flow wp-block-column-is-layout-flow\" style=\"flex-basis:1px\"><\/div>\n<\/div>\n\n\n\n<hr class=\"wp-block-separator has-text-color has-white-color has-alpha-channel-opacity has-white-background-color has-background is-style-wide\"\/>\n<\/div>\n<\/div>\n<\/div>\n\n\n\n<div class=\"wp-block-column is-layout-flow wp-block-column-is-layout-flow\" style=\"flex-basis:75%\">\n<div class=\"wp-block-columns is-layout-flex wp-container-core-columns-is-layout-9d6595d7 wp-block-columns-is-layout-flex\">\n<div class=\"wp-block-column is-layout-flow wp-block-column-is-layout-flow\">\n<blockquote class=\"wp-block-quote is-layout-flow wp-block-quote-is-layout-flow\">\n<p>O Pr\u00eamio Curta Ci\u00eancia agora \u00e9&nbsp;<a href=\"https:\/\/ufpr.br\/propg\/cpgss\/premio-excelencia-academica\/\" title=\"\">PR\u00caMIO EXCEL\u00caNCIA ACAD\u00caMICA<\/a>. Acesse as informa\u00e7\u00f5es atualizadas em:&nbsp;<a href=\"https:\/\/ufpr.br\/propg\/cpgss\/premio-excelencia-academica\/\">https:\/\/ufpr.br\/propg\/cpgss\/premio-excelencia-academica\/<\/a><\/p>\n<\/blockquote>\n\n\n\n<div style=\"height:25px\" aria-hidden=\"true\" class=\"wp-block-spacer\"><\/div>\n\n\n\n<p>A partir de 2019, a Universidade Federal do Paran\u00e1 passar\u00e1 a reconhecer o m\u00e9rito acad\u00eamico das teses e disserta\u00e7\u00f5es defendidas no \u00e2mbito dos programas de p\u00f3s-gradua\u00e7\u00e3o. Este reconhecimento tem sido praxe em outras institui\u00e7\u00f5es que desenvolvem estudos de alto n\u00edvel a fim de destacar o esfor\u00e7o e a qualidade das atividades de pesquisa de seus docentes e discentes. <\/p>\n\n\n\n<p>A CAPES tamb\u00e9m estimula anualmente estas a\u00e7\u00f5es atrav\u00e9s do pr\u00eamio CAPES de teses. Para esta finalidade, uma solenidade pr\u00f3pria ser\u00e1 realizada no segundo semestre, no m\u00eas de dezembro, em data a ser definida \u2013 outros detalhes ser\u00e3o enviados em breve.<\/p>\n\n\n\n<p>Estimulamos aos colegiados dos programas que indiquem \u00e0 PRPPG os dois melhores trabalhos de conclus\u00e3o de curso de mestrado e doutorado a fim de que os mesmos possam receber um certificado institucional com o reconhecimento da excel\u00eancia. <\/p>\n\n\n\n<p>A sele\u00e7\u00e3o dos trabalhos ficar\u00e1 ao encargo exclusivo dos colegiados que poder\u00e3o considerar os seguintes aspectos: (a) contribui\u00e7\u00e3o e impacto do trabalho para a \u00e1rea de conhecimento e sociedade, (b) aspectos de inova\u00e7\u00e3o e desenvolvimento; (c) complexidade do trabalho, (d) publica\u00e7\u00f5es derivadas e (e) outros crit\u00e9rios que o programa considere pertinente. <\/p>\n\n\n\n<p>Destaca-se que estes elementos s\u00e3o apenas uma sugest\u00e3o e que os colegiados possuem plena autonomia para definir os crit\u00e9rios a serem aplicados.<\/p>\n\n\n\n<p>Em adi\u00e7\u00e3o a este reconhecimento, a PRPPG convida aos autores do melhor trabalho (discente e docente) a gravarem um v\u00eddeo curto para divulgar seus principais achados e explicitar os benef\u00edcios e impactos para a sociedade. Os elementos presentes nas discuss\u00f5es dos crit\u00e9rios de avalia\u00e7\u00e3o demonstram a necessidade de a\u00e7\u00f5es que indiquem \u00e0 sociedade as atividades da p\u00f3s-gradua\u00e7\u00e3o nas suas diferentes tem\u00e1ticas.&nbsp;<\/p>\n\n\n\n<p><strong>Assim, a transla\u00e7\u00e3o dos achados cient\u00edficos em uma linguagem simples e acess\u00edvel precisa ser considerada, posto que poder\u00e1 causar impactos positivos tanto na avalia\u00e7\u00e3o dos programas quanto na visibilidade das a\u00e7\u00f5es institucionais para o desenvolvimento do pa\u00eds.<\/strong>&nbsp;<\/p>\n\n\n\n<p>Os v\u00eddeos ser\u00e3o produzidos com apoio da UFPR TV e ser\u00e3o disponibilizados para acesso p\u00fablico nos sites dos programas e demais m\u00eddias aplic\u00e1veis. Outros detalhes sobre os v\u00eddeos ser\u00e3o providos em momento oportuno, ap\u00f3s a indica\u00e7\u00e3o dos Colegiados dos Programas (in\u00edcio previsto para agosto).<\/p>\n\n\n\n<p>Assim, para que estas a\u00e7\u00f5es possam ser realizadas, solicitamos que os PPGs&nbsp;<strong>enviem os trabalhos selecionados via SEI (unidade SEI CPGSS)<\/strong>, com as seguintes informa\u00e7\u00f5es: Nome do Programa; T\u00edtulo do trabalho; Resumo; Nome do Discente, Orientador\/Co-orientador (quando aplic\u00e1vel) e N\u00edvel do Trabalho (Mestrado ou Doutorado).<\/p>\n\n\n\n<p>Pede-se ainda a inclus\u00e3o do&nbsp;<strong>extrato da ata com o resultado da indica\u00e7\u00e3o do(s) melhor(es) trabalho(s)<\/strong>. Os dados de contato (telefones e e-mails) devem ser fornecidos para facilitar o contato e agilizar as grava\u00e7\u00f5es. <\/p>\n\n\n\n<p>Para efeito das grava\u00e7\u00f5es, orientadores e alunos envolvidos podem participar conjuntamente do v\u00eddeo. Materiais adicionais (v\u00eddeos, fotos, gr\u00e1ficos e demais imagens) que auxiliem na compreens\u00e3o do estudo s\u00e3o bem-vindos e podem ser providos pelos indicados.<\/p>\n\n\n\n<hr class=\"wp-block-separator has-text-color has-alpha-channel-opacity has-background is-style-wide\" style=\"background-color:#e8ecf5;color:#e8ecf5\"\/>\n\n\n\n<p><strong>Aten\u00e7\u00e3o: Poder\u00e3o ser indicadas teses e disserta\u00e7\u00f5es depositadas em 2018 e em 2019.<\/strong><\/p>\n\n\n\n<hr class=\"wp-block-separator has-text-color has-alpha-channel-opacity has-background is-style-wide\" style=\"background-color:#e8ecf5;color:#e8ecf5\"\/>\n\n\n\n<p><a href=\"https:\/\/ufpr.br\/propg\/wp-content\/uploads\/2024\/12\/of-011-de-2019-prppg-comunica-prmio-three-minute-thesis.pdf\" target=\"_blank\" rel=\"noopener\" title=\"\">Of. 011 de 2019 \u2013 PRPPG comunica Pr\u00eamio \u201cThree Minute Thesis\u201d<\/a><\/p>\n\n\n\n<p>Informa\u00e7\u00f5es dos Programas \u2013 acesse aqui o&nbsp;<a href=\"https:\/\/ufpr.br\/propg\/wp-content\/uploads\/2024\/12\/informaes-programas-sei-3mt-2018-2019.docx\" target=\"_blank\" rel=\"noopener\" title=\"\">arquivo edit\u00e1vel<\/a><\/p>\n\n\n\n<hr class=\"wp-block-separator has-text-color has-alpha-channel-opacity has-background is-style-wide\" style=\"background-color:#e8ecf5;color:#e8ecf5\"\/>\n\n\n\n<p class=\"has-text-color has-link-color wp-elements-35347cca6bfe07bb2bf966001a1b447f\" style=\"color:#243673\"><strong><a href=\"#topo\" title=\"\">Voltar ao topo<\/a><\/strong><\/p>\n<\/div>\n<\/div>\n<\/div>\n\n\n\n<div class=\"wp-block-column is-layout-flow wp-block-column-is-layout-flow\" style=\"flex-basis:5%\"><\/div>\n<\/div>\n\n\n\n<p><\/p>\n","protected":false},"excerpt":{"rendered":"<p>Edi\u00e7\u00f5esAnteriores O Pr\u00eamio Curta Ci\u00eancia agora \u00e9&nbsp;PR\u00caMIO EXCEL\u00caNCIA ACAD\u00caMICA. Acesse as informa\u00e7\u00f5es atualizadas em:&nbsp;https:\/\/ufpr.br\/propg\/cpgss\/premio-excelencia-academica\/ A partir de 2019, a Universidade Federal do Paran\u00e1 passar\u00e1 a reconhecer o m\u00e9rito acad\u00eamico das teses e disserta\u00e7\u00f5es defendidas no \u00e2mbito dos programas de p\u00f3s-gradua\u00e7\u00e3o. Este reconhecimento tem sido praxe em outras institui\u00e7\u00f5es que desenvolvem estudos de alto n\u00edvel a [&hellip;]<\/p>\n","protected":false},"author":5,"featured_media":0,"parent":4390,"menu_order":0,"comment_status":"closed","ping_status":"closed","template":"","meta":{"footnotes":""},"class_list":["post-4583","page","type-page","status-publish","hentry"],"_links":{"self":[{"href":"https:\/\/ufpr.br\/propg\/wp-json\/wp\/v2\/pages\/4583","targetHints":{"allow":["GET"]}}],"collection":[{"href":"https:\/\/ufpr.br\/propg\/wp-json\/wp\/v2\/pages"}],"about":[{"href":"https:\/\/ufpr.br\/propg\/wp-json\/wp\/v2\/types\/page"}],"author":[{"embeddable":true,"href":"https:\/\/ufpr.br\/propg\/wp-json\/wp\/v2\/users\/5"}],"replies":[{"embeddable":true,"href":"https:\/\/ufpr.br\/propg\/wp-json\/wp\/v2\/comments?post=4583"}],"version-history":[{"count":13,"href":"https:\/\/ufpr.br\/propg\/wp-json\/wp\/v2\/pages\/4583\/revisions"}],"predecessor-version":[{"id":12824,"href":"https:\/\/ufpr.br\/propg\/wp-json\/wp\/v2\/pages\/4583\/revisions\/12824"}],"up":[{"embeddable":true,"href":"https:\/\/ufpr.br\/propg\/wp-json\/wp\/v2\/pages\/4390"}],"wp:attachment":[{"href":"https:\/\/ufpr.br\/propg\/wp-json\/wp\/v2\/media?parent=4583"}],"curies":[{"name":"wp","href":"https:\/\/api.w.org\/{rel}","templated":true}]}}