{"id":4498,"date":"2024-12-09T16:11:29","date_gmt":"2024-12-09T19:11:29","guid":{"rendered":"https:\/\/ufpr.br\/?page=4498"},"modified":"2025-09-09T10:40:48","modified_gmt":"2025-09-09T13:40:48","slug":"declaracao-de-parentesco","status":"publish","type":"page","link":"https:\/\/ufpr.br\/propg\/cpgss\/programa-professor-senior\/declaracao-de-parentesco\/","title":{"rendered":"Declara\u00e7\u00e3o de Parentesco \u2013 Programa Professor S\u00eanior UFPR"},"content":{"rendered":"\n<div style=\"height:50px\" aria-hidden=\"true\" class=\"wp-block-spacer\"><\/div>\n\n\n\n<div class=\"wp-block-columns is-layout-flex wp-container-core-columns-is-layout-9d6595d7 wp-block-columns-is-layout-flex\">\n<div class=\"wp-block-column is-layout-flow wp-block-column-is-layout-flow\" style=\"flex-basis:20%\"><div class=\"wp-block-image\">\n<figure class=\"aligncenter size-full is-resized\"><img decoding=\"async\" src=\"https:\/\/ufpr.br\/propg\/wp-content\/uploads\/2025\/07\/Icone_Divulgacao_Rosa.png\" alt=\"\" class=\"wp-image-17098\" style=\"width:100px\"\/><\/figure><\/div><\/div>\n\n\n\n<div class=\"wp-block-column is-layout-flow wp-block-column-is-layout-flow\" style=\"flex-basis:70%\">\n<blockquote class=\"wp-block-quote is-layout-flow wp-block-quote-is-layout-flow\">\n<p>Despacho encaminhado pela Unidade de Bolsas e Aux\u00edlios para as Coordena\u00e7\u00f5es dos PPGs, referente \u00e0 <strong>Declara\u00e7\u00e3o de Parentesco &#8211; Programa Professor S\u00eanior UFPR<\/strong> .<\/p>\n<\/blockquote>\n\n\n\n<div style=\"height:50px\" aria-hidden=\"true\" class=\"wp-block-spacer\"><\/div>\n\n\n\n<hr class=\"wp-block-separator has-text-color has-alpha-channel-opacity has-background is-style-wide\" style=\"background-color:#e8ecf5;color:#e8ecf5\"\/>\n\n\n\n<p>Prezado Coordenador<\/p>\n\n\n\n<p>Em atendimento aos despachos &nbsp;SEI n\u00b0 163\/2018\/UFPR\/R\/PROPLAN ( documento SEI n.\u00ba 1041458)&nbsp; e n.\u00ba 106\/2019\/UFPR\/R\/PRPPG\/CPGSS ( documento SEI n\u00ba 1646326) presentes no processo SEI n.\u00ba 23075.034944\/2018-40&nbsp;encaminhamos para conhecimento e provid\u00eancias o pedido que trata da regulariza\u00e7\u00e3o documental quanto a concess\u00e3o de bolsa para participantes do Programa Professor S\u00eanior \u2013 UFPR.<\/p>\n\n\n\n<p>Como \u00e9 de conhecimento deste PPG a UFPR aderiu ao PROFIP \u2013 Programa de Fomento a Integridade P\u00fablica e entre as a\u00e7\u00f5es decorrentes desta participa\u00e7\u00e3o \u00e9 necess\u00e1rio que toda concess\u00e3o de bolsa ocorrida no \u00e2mbito da UFPR seja acompanhado da Declara\u00e7\u00e3o de Parentesco do Programa Integridade da UFPR.<\/p>\n\n\n\n<p>Deste modo \u00e9 necess\u00e1rio que o processo administrativo de solicita\u00e7\u00e3o de gera\u00e7\u00e3o de &nbsp;folha de pagamento de bolsas do Programa Professor S\u00eanior contenha, al\u00e9m das informa\u00e7\u00f5es de identifica\u00e7\u00e3o e dados banc\u00e1rios, tamb\u00e9m c\u00f3pia digitalizada da Declara\u00e7\u00e3o mencionada acima para que o processamento destes pagamentos possam ocorrer nos prazos usuais.<\/p>\n\n\n\n<p>Pe\u00e7o que a Declara\u00e7\u00e3o de Parentesco presente neste processo (documento SEI n.\u00ba&nbsp;link abaixo) seja preenchido e assinado pelo docente benefici\u00e1rio de bolsa do Programa S\u00eanior e que o original deste documento seja mantido pelo PPG.&nbsp; Pe\u00e7o tamb\u00e9m que uma c\u00f3pia digitalizada deste documento seja inserida neste processo administrativo em formato PDF e encaminhada a esta Unidade at\u00e9 o dia 18\/04\/2019 para que ent\u00e3o seja poss\u00edvel enviar o processo de pagamento de bolsa Programa Professor S\u00eanior UFPR referente a folha de pagamento Abril 2019.<\/p>\n\n\n\n<p>Agrade\u00e7o de antem\u00e3o a aten\u00e7\u00e3o e o empenho quanto a regulariza\u00e7\u00e3o desta situa\u00e7\u00e3o de forma a evitar atrasos ou transtornos aos benefici\u00e1rios deste programa de Bolsa.<\/p>\n\n\n\n<p>Grato pela aten\u00e7\u00e3o dispensada.<\/p>\n\n\n\n<p>Unidade de Bolsas e Aux\u00edlios<\/p>\n\n\n\n<p>PRPPG \u2013 UFPR<\/p>\n\n\n\n<hr class=\"wp-block-separator has-text-color has-alpha-channel-opacity has-background is-style-wide\" style=\"background-color:#e8ecf5;color:#e8ecf5\"\/>\n\n\n\n<div style=\"height:50px\" aria-hidden=\"true\" class=\"wp-block-spacer\"><\/div>\n\n\n\n<p><strong>Veja o documento no link abaixo<\/strong>:<\/p>\n\n\n\n<p><a href=\"https:\/\/ufpr.br\/propg\/wp-content\/uploads\/2024\/12\/termo_parentesco_modelo_prppg.pdf\" target=\"_blank\" rel=\"noopener\" title=\"\">Termo de Parentesco<\/a><\/p>\n<\/div>\n\n\n\n<div class=\"wp-block-column is-layout-flow wp-block-column-is-layout-flow\" style=\"flex-basis:10%\"><\/div>\n<\/div>\n\n\n\n<p><\/p>\n","protected":false},"excerpt":{"rendered":"<p>Despacho encaminhado pela Unidade de Bolsas e Aux\u00edlios para as Coordena\u00e7\u00f5es dos PPGs, referente \u00e0 Declara\u00e7\u00e3o de Parentesco &#8211; Programa Professor S\u00eanior UFPR . Prezado Coordenador Em atendimento aos despachos &nbsp;SEI n\u00b0 163\/2018\/UFPR\/R\/PROPLAN ( documento SEI n.\u00ba 1041458)&nbsp; e n.\u00ba 106\/2019\/UFPR\/R\/PRPPG\/CPGSS ( documento SEI n\u00ba 1646326) presentes no processo SEI n.\u00ba 23075.034944\/2018-40&nbsp;encaminhamos para conhecimento e [&hellip;]<\/p>\n","protected":false},"author":5,"featured_media":0,"parent":4027,"menu_order":0,"comment_status":"closed","ping_status":"closed","template":"","meta":{"footnotes":""},"class_list":["post-4498","page","type-page","status-publish","hentry"],"_links":{"self":[{"href":"https:\/\/ufpr.br\/propg\/wp-json\/wp\/v2\/pages\/4498","targetHints":{"allow":["GET"]}}],"collection":[{"href":"https:\/\/ufpr.br\/propg\/wp-json\/wp\/v2\/pages"}],"about":[{"href":"https:\/\/ufpr.br\/propg\/wp-json\/wp\/v2\/types\/page"}],"author":[{"embeddable":true,"href":"https:\/\/ufpr.br\/propg\/wp-json\/wp\/v2\/users\/5"}],"replies":[{"embeddable":true,"href":"https:\/\/ufpr.br\/propg\/wp-json\/wp\/v2\/comments?post=4498"}],"version-history":[{"count":9,"href":"https:\/\/ufpr.br\/propg\/wp-json\/wp\/v2\/pages\/4498\/revisions"}],"predecessor-version":[{"id":12546,"href":"https:\/\/ufpr.br\/propg\/wp-json\/wp\/v2\/pages\/4498\/revisions\/12546"}],"up":[{"embeddable":true,"href":"https:\/\/ufpr.br\/propg\/wp-json\/wp\/v2\/pages\/4027"}],"wp:attachment":[{"href":"https:\/\/ufpr.br\/propg\/wp-json\/wp\/v2\/media?parent=4498"}],"curies":[{"name":"wp","href":"https:\/\/api.w.org\/{rel}","templated":true}]}}