{"id":4494,"date":"2024-12-09T16:05:20","date_gmt":"2024-12-09T19:05:20","guid":{"rendered":"https:\/\/ufpr.br\/?page=4494"},"modified":"2025-09-09T10:38:35","modified_gmt":"2025-09-09T13:38:35","slug":"resultado-final-edital-02-2020","status":"publish","type":"page","link":"https:\/\/ufpr.br\/propg\/cpgss\/programa-professor-senior\/resultado-final-edital-02-2020\/","title":{"rendered":"Resultado Final \u2013 Edital 02\/2020 PRPPG"},"content":{"rendered":"\n<div style=\"height:50px\" aria-hidden=\"true\" class=\"wp-block-spacer\"><\/div>\n\n\n\n<div class=\"wp-block-columns is-layout-flex wp-container-core-columns-is-layout-9d6595d7 wp-block-columns-is-layout-flex\">\n<div class=\"wp-block-column is-layout-flow wp-block-column-is-layout-flow\" style=\"flex-basis:20%\"><div class=\"wp-block-image\">\n<figure class=\"aligncenter size-full is-resized\"><img decoding=\"async\" src=\"https:\/\/ufpr.br\/propg\/wp-content\/uploads\/2025\/07\/Icone_Divulgacao_Rosa.png\" alt=\"\" class=\"wp-image-17098\" style=\"width:100px\"\/><\/figure><\/div><\/div>\n\n\n\n<div class=\"wp-block-column is-layout-flow wp-block-column-is-layout-flow\" style=\"flex-basis:70%\">\n<blockquote class=\"wp-block-quote is-layout-flow wp-block-quote-is-layout-flow\">\n<p>Curitiba, 01\/07\/2020<\/p>\n\n\n\n<p>Prezados,<\/p>\n\n\n\n<p>Em atendimento ao Edital 02\/2020 PRPPG que trata do processo seletivo para concess\u00e3o de bolsa do Programa Professor S\u00eanior UFPR apresentamos abaixo a rela\u00e7\u00e3o de docentes seniores indicados para esta concess\u00e3o. Este \u00e9 o resultado final mencionado no item 9 Cronograma do edital. A avalia\u00e7\u00e3o feita pelo Comit\u00ea Gestor do Programa Professor S\u00eanior est\u00e1 amparada pela Resolu\u00e7\u00e3o CEPE n\u00ba11\/2029 e a Portaria PRPPG n\u00ba31\/2020.<\/p>\n\n\n\n<p>Esclarecemos que foi feita revis\u00e3o da tabula\u00e7\u00e3o dos dados apresentados nas planilhas de dados Professor S\u00eanior, conduzida para Se\u00e7\u00e3o de Bolsas e Aux\u00edlios\/PRPPG e aprovada pelo Comit\u00ea Gestor, encaminhadas originalmente pelos PPGs nos seu respectivos processos SEI de candidatura ao referido Edital resultando na amplia\u00e7\u00e3o do n\u00famero final de docentes indicados para concess\u00e3o de bolsa de 35 (trinta e cinco) para 40 (quarenta) benefici\u00e1rios.<\/p>\n\n\n\n<p>Aproveitamos para informar que despacho informativo sobre o resultado final em quest\u00e3o foi inserido em cada um dos processos de candidatura homologados para esta etapa da avalia\u00e7\u00e3o e encaminhado ao PPG de origem.<\/p>\n<\/blockquote>\n\n\n\n<div style=\"height:50px\" aria-hidden=\"true\" class=\"wp-block-spacer\"><\/div>\n\n\n\n<figure class=\"wp-block-table is-style-stripes\"><table class=\"has-black-color has-text-color has-link-color has-fixed-layout\"><tbody><tr><td>ADRIANA ROSELI WUNSCH TAKAHASHI<\/td><\/tr><tr><td>AGNES DE PAULA SCHEER<\/td><\/tr><tr><td>ANA LUISA FAYET SALLAS<\/td><\/tr><tr><td>ANSELMO CHAVES NETO<\/td><\/tr><tr><td>ANTONIO SALVIO MANGRICH<\/td><\/tr><tr><td>CELIA MARIA ARNS DE MIRANDA<\/td><\/tr><tr><td>CLARISSA MENEZES JORD\u00c3O<\/td><\/tr><tr><td>DENISE DE CARMARGO<\/td><\/tr><tr><td>DULCE REGINA BAGGIO OSINSKI<\/td><\/tr><tr><td>EDELVINO RAZZOLINI FILHO<\/td><\/tr><tr><td>ELAINE DREHMER DE ALMEIDA CRUZ<\/td><\/tr><tr><td>ELEONORA MARIA GOUV\u00caA VASCONCELLOS<\/td><\/tr><tr><td>ENILZE MARIA DE S. F. RIBEIRO<\/td><\/tr><tr><td>ERNANI FRANCISCO DA ROSA FILHO<\/td><\/tr><tr><td>FABIO DE OLIVEIRA PEDROSA<\/td><\/tr><tr><td>FRANCISCO JOS\u00c9 FONSECA FERREIRA<\/td><\/tr><tr><td>HELENA DE F\u00c1TIMA NUNES SILVA<\/td><\/tr><tr><td>JOANA L\u00c9A MEIRA SILVEIRA<\/td><\/tr><tr><td>LIDIA NATALIA DOBRIANSKYJ WEBER<\/td><\/tr><tr><td>LUCIA MASSUTTI DE ALMEIDA<\/td><\/tr><tr><td>LU\u00cdS AMILTON FOERSTER<\/td><\/tr><tr><td>LUIZ PEREIRA RAMOS<\/td><\/tr><tr><td>MARCELLO IACOMINI<\/td><\/tr><tr><td>MARIA \u00c9LIDA ALVES STEFANELLO<\/td><\/tr><tr><td>MARIA HELENA LENARDT<\/td><\/tr><tr><td>MARIA JOS\u00c9 GNATTA DALCUCHE FOLTRAN<\/td><\/tr><tr><td>MARIA LUIZA PETZL-ERLER<\/td><\/tr><tr><td>MARILENE WEINHARDT<\/td><\/tr><tr><td>MERYL ADELMAN<\/td><\/tr><tr><td>MIGUEL MANSUR AISSE<\/td><\/tr><tr><td>MIRIAM APARECIDA GRACIANO DE SOUZA PAN<\/td><\/tr><tr><td>MIRIAM RITA MORO MINE<\/td><\/tr><tr><td>NILSON MACIEL DE PAULA<\/td><\/tr><tr><td>OLAF HERMANN HENDRIK MIELKE<\/td><\/tr><tr><td>RAQUEL REJANE BONATO NEGRELLE<\/td><\/tr><tr><td>RODOLFO JOS\u00c9 ANGULO<\/td><\/tr><tr><td>SERGIO SCHEER<\/td><\/tr><tr><td>THAIS HELENA SYDENSTRICKER FLORES-SAHAGUN<\/td><\/tr><tr><td>VIRGINIA SOUZA DE CARVALHO BORGES KISTMANN<\/td><\/tr><tr><td>YARA LUCIA MAZZIOTTI BULGACOV<\/td><\/tr><\/tbody><\/table><\/figure>\n\n\n\n<div style=\"height:50px\" aria-hidden=\"true\" class=\"wp-block-spacer\"><\/div>\n\n\n\n<p>Agradecemos a aten\u00e7\u00e3o dispensada.<\/p>\n\n\n\n<p>SE\u00c7\u00c3O DE BOLSAS E AUX\u00cdLIOS \u2013 PRPPG \u2013 UFPR<\/p>\n<\/div>\n\n\n\n<div class=\"wp-block-column is-layout-flow wp-block-column-is-layout-flow\" style=\"flex-basis:10%\"><\/div>\n<\/div>\n","protected":false},"excerpt":{"rendered":"<p>Curitiba, 01\/07\/2020 Prezados, Em atendimento ao Edital 02\/2020 PRPPG que trata do processo seletivo para concess\u00e3o de bolsa do Programa Professor S\u00eanior UFPR apresentamos abaixo a rela\u00e7\u00e3o de docentes seniores indicados para esta concess\u00e3o. Este \u00e9 o resultado final mencionado no item 9 Cronograma do edital. A avalia\u00e7\u00e3o feita pelo Comit\u00ea Gestor do Programa Professor [&hellip;]<\/p>\n","protected":false},"author":5,"featured_media":0,"parent":4027,"menu_order":0,"comment_status":"closed","ping_status":"closed","template":"","meta":{"footnotes":""},"class_list":["post-4494","page","type-page","status-publish","hentry"],"_links":{"self":[{"href":"https:\/\/ufpr.br\/propg\/wp-json\/wp\/v2\/pages\/4494","targetHints":{"allow":["GET"]}}],"collection":[{"href":"https:\/\/ufpr.br\/propg\/wp-json\/wp\/v2\/pages"}],"about":[{"href":"https:\/\/ufpr.br\/propg\/wp-json\/wp\/v2\/types\/page"}],"author":[{"embeddable":true,"href":"https:\/\/ufpr.br\/propg\/wp-json\/wp\/v2\/users\/5"}],"replies":[{"embeddable":true,"href":"https:\/\/ufpr.br\/propg\/wp-json\/wp\/v2\/comments?post=4494"}],"version-history":[{"count":3,"href":"https:\/\/ufpr.br\/propg\/wp-json\/wp\/v2\/pages\/4494\/revisions"}],"predecessor-version":[{"id":12545,"href":"https:\/\/ufpr.br\/propg\/wp-json\/wp\/v2\/pages\/4494\/revisions\/12545"}],"up":[{"embeddable":true,"href":"https:\/\/ufpr.br\/propg\/wp-json\/wp\/v2\/pages\/4027"}],"wp:attachment":[{"href":"https:\/\/ufpr.br\/propg\/wp-json\/wp\/v2\/media?parent=4494"}],"curies":[{"name":"wp","href":"https:\/\/api.w.org\/{rel}","templated":true}]}}