{"id":4470,"date":"2024-12-09T14:58:44","date_gmt":"2024-12-09T17:58:44","guid":{"rendered":"https:\/\/ufpr.br\/?page=4470"},"modified":"2025-09-09T10:09:28","modified_gmt":"2025-09-09T13:09:28","slug":"resultado-parcial-edital-01-2021","status":"publish","type":"page","link":"https:\/\/ufpr.br\/propg\/cpgss\/programa-professor-senior\/resultado-parcial-edital-01-2021\/","title":{"rendered":"Resultado Parcial &#8211; Edital 01\/2021 PRPPG"},"content":{"rendered":"\n<div style=\"height:50px\" aria-hidden=\"true\" class=\"wp-block-spacer\"><\/div>\n\n\n\n<div class=\"wp-block-columns is-layout-flex wp-container-core-columns-is-layout-9d6595d7 wp-block-columns-is-layout-flex\">\n<div class=\"wp-block-column is-layout-flow wp-block-column-is-layout-flow\" style=\"flex-basis:20%\"><div class=\"wp-block-image\">\n<figure class=\"aligncenter size-full is-resized\"><img decoding=\"async\" src=\"https:\/\/ufpr.br\/propg\/wp-content\/uploads\/2025\/07\/Icone_Divulgacao_Rosa.png\" alt=\"\" class=\"wp-image-17098\" style=\"width:100px\"\/><\/figure><\/div><\/div>\n\n\n\n<div class=\"wp-block-column is-layout-flow wp-block-column-is-layout-flow\" style=\"flex-basis:70%\">\n<blockquote class=\"wp-block-quote is-layout-flow wp-block-quote-is-layout-flow\">\n<p>Curitiba, 10\/11\/2021<\/p>\n\n\n\n<p>Em atendimento ao <strong>Edital 01\/2021 PRPPG<\/strong> que trata do processo seletivo para concess\u00e3o de bolsa do Programa Professor S\u00eanior UFPR apresentamos abaixo a rela\u00e7\u00e3o de Processos recebidos via SEI de docentes seniores recomendados por coloca\u00e7\u00e3o para esta concess\u00e3o. Este \u00e9 o resultado parcial mencionado no item 9 Cronograma do edital.<\/p>\n\n\n\n<p>A avalia\u00e7\u00e3o feita pelo Comit\u00ea Gestor do Programa Professor S\u00eanior est\u00e1 amparada pela Resolu\u00e7\u00e3o CEPE n\u00ba11\/2019 e a Portaria PRPPG n\u00ba31\/2020. Aproveitamos para informar que despacho informativo sobre o resultado parcial em quest\u00e3o foi inserido em cada um dos processos de candidatura homologados para esta etapa da avalia\u00e7\u00e3o e encaminhado ao PPG de origem.<\/p>\n<\/blockquote>\n\n\n\n<div style=\"height:50px\" aria-hidden=\"true\" class=\"wp-block-spacer\"><\/div>\n\n\n\n<figure class=\"wp-block-table is-style-stripes\"><table class=\"has-black-color has-text-color has-link-color\"><thead><tr><th>Processo SEI N\u00ba<\/th><th>Coloca\u00e7\u00e3o<\/th><th>Nome<\/th><\/tr><\/thead><tbody><tr><td>23075.061694\/2021-16<\/td><td>1\u00ba<\/td><td>Afonso Figueiredo Filho<\/td><\/tr><tr><td>23075.061501\/2021-27<\/td><td>2\u00ba<\/td><td>Helena Cristina da Silva de Assis<\/td><\/tr><tr><td>23075.061636\/2021-92<\/td><td>3\u00ba<\/td><td>Sebasti\u00e3o Do Amaral Machado<\/td><\/tr><tr><td>23075.060759\/2021-14<\/td><td>4\u00ba<\/td><td>Luiz Alberto Fernandes<\/td><\/tr><tr><td>23075.060584\/2021-37<\/td><td>5\u00ba<\/td><td>M\u00f4nica Nunes Lima Cat<\/td><\/tr><tr><td>23075.060308\/2021-79<\/td><td>6\u00ba<\/td><td>S\u00e9rgio Fernando Tavares<\/td><\/tr><tr><td>23075.061629\/2021-91<\/td><td>7\u00ba<\/td><td>Sylvio Pellico Netto<\/td><\/tr><tr><td>23075.061197\/2021-18<\/td><td>8\u00ba<\/td><td>Rodney Ramiro Cavichioli<\/td><\/tr><\/tbody><\/table><\/figure>\n\n\n\n<div style=\"height:50px\" aria-hidden=\"true\" class=\"wp-block-spacer\"><\/div>\n\n\n\n<p>Agradecemos a aten\u00e7\u00e3o dispensada.<\/p>\n\n\n\n<p>SE\u00c7\u00c3O DE BOLSAS E AUX\u00cdLIOS \u2013 PRPPG \u2013 UFPR<\/p>\n<\/div>\n\n\n\n<div class=\"wp-block-column is-layout-flow wp-block-column-is-layout-flow\" style=\"flex-basis:10%\"><\/div>\n<\/div>\n\n\n\n<p><\/p>\n","protected":false},"excerpt":{"rendered":"<p>Curitiba, 10\/11\/2021 Em atendimento ao Edital 01\/2021 PRPPG que trata do processo seletivo para concess\u00e3o de bolsa do Programa Professor S\u00eanior UFPR apresentamos abaixo a rela\u00e7\u00e3o de Processos recebidos via SEI de docentes seniores recomendados por coloca\u00e7\u00e3o para esta concess\u00e3o. Este \u00e9 o resultado parcial mencionado no item 9 Cronograma do edital. A avalia\u00e7\u00e3o feita [&hellip;]<\/p>\n","protected":false},"author":5,"featured_media":0,"parent":4027,"menu_order":0,"comment_status":"closed","ping_status":"closed","template":"","meta":{"footnotes":""},"class_list":["post-4470","page","type-page","status-publish","hentry"],"_links":{"self":[{"href":"https:\/\/ufpr.br\/propg\/wp-json\/wp\/v2\/pages\/4470","targetHints":{"allow":["GET"]}}],"collection":[{"href":"https:\/\/ufpr.br\/propg\/wp-json\/wp\/v2\/pages"}],"about":[{"href":"https:\/\/ufpr.br\/propg\/wp-json\/wp\/v2\/types\/page"}],"author":[{"embeddable":true,"href":"https:\/\/ufpr.br\/propg\/wp-json\/wp\/v2\/users\/5"}],"replies":[{"embeddable":true,"href":"https:\/\/ufpr.br\/propg\/wp-json\/wp\/v2\/comments?post=4470"}],"version-history":[{"count":6,"href":"https:\/\/ufpr.br\/propg\/wp-json\/wp\/v2\/pages\/4470\/revisions"}],"predecessor-version":[{"id":12540,"href":"https:\/\/ufpr.br\/propg\/wp-json\/wp\/v2\/pages\/4470\/revisions\/12540"}],"up":[{"embeddable":true,"href":"https:\/\/ufpr.br\/propg\/wp-json\/wp\/v2\/pages\/4027"}],"wp:attachment":[{"href":"https:\/\/ufpr.br\/propg\/wp-json\/wp\/v2\/media?parent=4470"}],"curies":[{"name":"wp","href":"https:\/\/api.w.org\/{rel}","templated":true}]}}