{"id":4462,"date":"2024-12-09T14:44:27","date_gmt":"2024-12-09T17:44:27","guid":{"rendered":"https:\/\/ufpr.br\/?page=4462"},"modified":"2025-09-09T10:06:20","modified_gmt":"2025-09-09T13:06:20","slug":"candidaturas-homologadas-edital-01-2021","status":"publish","type":"page","link":"https:\/\/ufpr.br\/propg\/cpgss\/programa-professor-senior\/candidaturas-homologadas-edital-01-2021\/","title":{"rendered":"Candidaturas homologadas \u2013 Edital 01\/2021 PRPPG"},"content":{"rendered":"\n<div style=\"height:50px\" aria-hidden=\"true\" class=\"wp-block-spacer\"><\/div>\n\n\n\n<div class=\"wp-block-columns is-layout-flex wp-container-core-columns-is-layout-9d6595d7 wp-block-columns-is-layout-flex\">\n<div class=\"wp-block-column is-layout-flow wp-block-column-is-layout-flow\" style=\"flex-basis:20%\"><div class=\"wp-block-image\">\n<figure class=\"aligncenter size-full is-resized\"><img decoding=\"async\" src=\"https:\/\/ufpr.br\/propg\/wp-content\/uploads\/2025\/07\/Icone_Divulgacao_Rosa.png\" alt=\"\" class=\"wp-image-17098\" style=\"width:100px\"\/><\/figure><\/div><\/div>\n\n\n\n<div class=\"wp-block-column is-layout-flow wp-block-column-is-layout-flow\" style=\"flex-basis:70%\">\n<blockquote class=\"wp-block-quote is-layout-flow wp-block-quote-is-layout-flow\">\n<p>Curitiba, 28\/10\/2021<\/p>\n\n\n\n<p>Em atendimento ao <strong>Edital 01\/2021 PRPPG<\/strong> que trata do processo seletivo para concess\u00e3o de bolsa do Programa Professor S\u00eanior UFPR apresentamos abaixo a rela\u00e7\u00e3o de processos recebidos via SEI dos docentes seniores que tiveram suas candidaturas apresentadas pelo seus respectivos PPGs de acordo com o referido edital.<\/p>\n\n\n\n<p>Informamos ainda que a avalia\u00e7\u00e3o conduzida por esta Se\u00e7\u00e3o quanto ao aceite de candidaturas est\u00e1 amparada pelo item 6 do referido Edital. Estes processos seguem para avalia\u00e7\u00e3o do Comit\u00ea Gestor para indica\u00e7\u00e3o de classifica\u00e7\u00e3o e a respectiva indica\u00e7\u00e3o para concess\u00e3o de bolsa.<\/p>\n<\/blockquote>\n\n\n\n<div style=\"height:50px\" aria-hidden=\"true\" class=\"wp-block-spacer\"><\/div>\n\n\n\n<figure class=\"wp-block-table is-style-stripes\"><table class=\"has-fixed-layout\"><tbody><tr><td>23075.060777\/2021-98<\/td><td>Geologia<\/td><\/tr><tr><td>23075.060763\/2021-74<\/td><td>Geologia<\/td><\/tr><tr><td>23075.060759\/2021-14<\/td><td>Geologia<\/td><\/tr><tr><td>23075.060767\/2021-52<\/td><td>Geologia<\/td><\/tr><tr><td>23075.060770\/2021-76<\/td><td>Geologia<\/td><\/tr><tr><td>23075.060886\/2021-13<\/td><td>Engenharia Mec\u00e2nica<\/td><\/tr><tr><td>23075.060584\/2021-37<\/td><td>Sa\u00fade da Crian\u00e7a e do Adolescente<\/td><\/tr><tr><td>23075.060308\/2021-79<\/td><td>Engenharia Civil<\/td><\/tr><tr><td>23075.061197\/2021-18<\/td><td>Entomologia<\/td><\/tr><tr><td>23075.061501\/2021-27<\/td><td>Farmacologia<\/td><\/tr><tr><td>23075.061566\/2021-72<\/td><td>Gest\u00e3o da Informa\u00e7\u00e3o<\/td><\/tr><tr><td>23075.060878\/2021-69<\/td><td>Enfermagem<\/td><\/tr><tr><td>23075.061574\/2021-19<\/td><td>Gest\u00e3o da Informa\u00e7\u00e3o<\/td><\/tr><tr><td>23075.061636\/2021-92<\/td><td>Engenharia Florestal<\/td><\/tr><tr><td>23075.061611\/2021-99<\/td><td>Engenharia Florestal<\/td><\/tr><tr><td>23075.061629\/2021-91<\/td><td>Engenharia Florestal<\/td><\/tr><tr><td>23075.061725\/2021-39<\/td><td>Educa\u00e7\u00e3o<\/td><\/tr><tr><td>23075.061738\/2021-16<\/td><td>Educa\u00e7\u00e3o<\/td><\/tr><tr><td>23075.061702\/2021-24<\/td><td>Educa\u00e7\u00e3o<\/td><\/tr><tr><td>23075.061686\/2021-70<\/td><td>Educa\u00e7\u00e3o<\/td><\/tr><tr><td>23075.061695\/2021-61<\/td><td>Educa\u00e7\u00e3o<\/td><\/tr><tr><td>23075.061672\/2021-56<\/td><td>Educa\u00e7\u00e3o<\/td><\/tr><tr><td>23075.061680\/2021-01<\/td><td>Educa\u00e7\u00e3o<\/td><\/tr><tr><td>23075.061694\/2021-16<\/td><td>Engenharia Florestal<\/td><\/tr><\/tbody><\/table><\/figure>\n\n\n\n<p>Agradecemos a aten\u00e7\u00e3o dispensada.<\/p>\n\n\n\n<p>SE\u00c7\u00c3O DE BOLSAS E AUX\u00cdLIOS \u2013 PRPPG \u2013 UFPR<\/p>\n<\/div>\n\n\n\n<div class=\"wp-block-column is-layout-flow wp-block-column-is-layout-flow\" style=\"flex-basis:10%\"><\/div>\n<\/div>\n","protected":false},"excerpt":{"rendered":"<p>Curitiba, 28\/10\/2021 Em atendimento ao Edital 01\/2021 PRPPG que trata do processo seletivo para concess\u00e3o de bolsa do Programa Professor S\u00eanior UFPR apresentamos abaixo a rela\u00e7\u00e3o de processos recebidos via SEI dos docentes seniores que tiveram suas candidaturas apresentadas pelo seus respectivos PPGs de acordo com o referido edital. Informamos ainda que a avalia\u00e7\u00e3o conduzida [&hellip;]<\/p>\n","protected":false},"author":5,"featured_media":0,"parent":4027,"menu_order":0,"comment_status":"closed","ping_status":"closed","template":"","meta":{"footnotes":""},"class_list":["post-4462","page","type-page","status-publish","hentry"],"_links":{"self":[{"href":"https:\/\/ufpr.br\/propg\/wp-json\/wp\/v2\/pages\/4462","targetHints":{"allow":["GET"]}}],"collection":[{"href":"https:\/\/ufpr.br\/propg\/wp-json\/wp\/v2\/pages"}],"about":[{"href":"https:\/\/ufpr.br\/propg\/wp-json\/wp\/v2\/types\/page"}],"author":[{"embeddable":true,"href":"https:\/\/ufpr.br\/propg\/wp-json\/wp\/v2\/users\/5"}],"replies":[{"embeddable":true,"href":"https:\/\/ufpr.br\/propg\/wp-json\/wp\/v2\/comments?post=4462"}],"version-history":[{"count":7,"href":"https:\/\/ufpr.br\/propg\/wp-json\/wp\/v2\/pages\/4462\/revisions"}],"predecessor-version":[{"id":12539,"href":"https:\/\/ufpr.br\/propg\/wp-json\/wp\/v2\/pages\/4462\/revisions\/12539"}],"up":[{"embeddable":true,"href":"https:\/\/ufpr.br\/propg\/wp-json\/wp\/v2\/pages\/4027"}],"wp:attachment":[{"href":"https:\/\/ufpr.br\/propg\/wp-json\/wp\/v2\/media?parent=4462"}],"curies":[{"name":"wp","href":"https:\/\/api.w.org\/{rel}","templated":true}]}}