{"id":4449,"date":"2024-12-09T13:55:35","date_gmt":"2024-12-09T16:55:35","guid":{"rendered":"https:\/\/ufpr.br\/?page=4449"},"modified":"2025-09-09T10:00:17","modified_gmt":"2025-09-09T13:00:17","slug":"sobre-o-indice-h-para-processo-seletivo-de-bolsa","status":"publish","type":"page","link":"https:\/\/ufpr.br\/propg\/cpgss\/programa-professor-senior\/sobre-o-indice-h-para-processo-seletivo-de-bolsa\/","title":{"rendered":"Sobre o \u00cdndice H para Processo Seletivo de Bolsa Professor S\u00eanior"},"content":{"rendered":"\n<div style=\"height:50px\" aria-hidden=\"true\" class=\"wp-block-spacer\"><\/div>\n\n\n\n<div class=\"wp-block-columns is-layout-flex wp-container-core-columns-is-layout-9d6595d7 wp-block-columns-is-layout-flex\">\n<div class=\"wp-block-column is-layout-flow wp-block-column-is-layout-flow\" style=\"flex-basis:20%\"><div class=\"wp-block-image\">\n<figure class=\"aligncenter size-full is-resized\"><img decoding=\"async\" src=\"https:\/\/ufpr.br\/propg\/wp-content\/uploads\/2025\/06\/Icone_AcessoInformacao_Rosa.png\" alt=\"\" class=\"wp-image-6157\" style=\"width:100px\"\/><\/figure><\/div><\/div>\n\n\n\n<div class=\"wp-block-column is-layout-flow wp-block-column-is-layout-flow\" style=\"flex-basis:70%\">\n<blockquote class=\"wp-block-quote is-layout-flow wp-block-quote-is-layout-flow\">\n<p>Prezados Coordenadores, tendo em vista consultas recebidas quanto ao fornecimento do <strong>\u00cdndice H<\/strong> dos docentes permanentes \u2013 ativos e aposentados \u2013 vinculados ao PPG de que trata o Edital PRPPG 02\/2020 para concess\u00e3o de bolsa do Programa Professor S\u00eanior UFPR informamos que:<\/p>\n<\/blockquote>\n\n\n\n<div style=\"height:50px\" aria-hidden=\"true\" class=\"wp-block-spacer\"><\/div>\n\n\n\n<ul class=\"wp-block-list\">\n<li>como este \u00edndice pode ser obtido em diferentes bases de dados \u2013 como ORCID (<a href=\"http:\/\/www.orcid.com\/\" target=\"_blank\" rel=\"noreferrer noopener\">www.orcid.com<\/a>), Researchgate (<a href=\"http:\/\/www.researchgate.net\/\" target=\"_blank\" rel=\"noreferrer noopener\">www.researchgate.net<\/a>), Scopus (<a href=\"http:\/\/www.scopus.com\/\" target=\"_blank\" rel=\"noreferrer noopener\">www.scopus.com<\/a>) por exemplo \u2013 recomendamos que o PPG procure padronizar a fonte destes dados. Assim no \u00e2mbito do PPG em quest\u00e3o haver\u00e1 um mesmo crit\u00e9rio \u2013 escolhido pelo PPG \u2013 para fornecer tal informa\u00e7\u00e3o.<\/li>\n<\/ul>\n\n\n\n<ul class=\"wp-block-list\">\n<li>solicitamos que no despacho de apresenta\u00e7\u00e3o da candidatura o PPG inclua a informa\u00e7\u00e3o de qual base de dados foi utilizada para fornecimento do \u00cdndice H. Desta forma garantimos a transpar\u00eancia e uniformidade na informa\u00e7\u00e3o prestada pelo PPG.<\/li>\n<\/ul>\n\n\n\n<ul class=\"wp-block-list\">\n<li>lembramos que a c\u00e9lula do \u00cdndice H do docente permanente (ativo ou aposentado) n\u00e3o pode ficar em preenchimento. Para os casos em que tal informa\u00e7\u00e3o n\u00e3o est\u00e1 dispon\u00edvel na base de dados escolhida pelo PPG, o PPG dever\u00e1 informar neste campo o valor 0 (zero).<\/li>\n<\/ul>\n\n\n\n<p>Esperamos ter esclarecido suas d\u00favidas. Nos casos em que a candidatura j\u00e1 tenha sido encaminhada para a caixa da SBA pe\u00e7o que PPG recupere este processo utilizando o \u00edcone Reabrir Processo no SEI. O PPG tamb\u00e9m poder\u00e1 solicitar por email (<a href=\"mailto:bolsaprppg@ufpr.br\" target=\"_blank\" rel=\"noreferrer noopener\">bolsaprppg@ufpr.br<\/a>) a devolu\u00e7\u00e3o deste processo \u2013 desde que informe o(s) n\u00famero(s) do(s) mesmo(s).<\/p>\n\n\n\n<p>Agradecemos a aten\u00e7\u00e3o dispensada.<\/p>\n\n\n\n<p>Se\u00e7\u00e3o de Bolsas e Aux\u00edlios<br>PRPPG \u2013 UFPR<br>(publicado em 18.06.2020)<\/p>\n<\/div>\n\n\n\n<div class=\"wp-block-column is-layout-flow wp-block-column-is-layout-flow\" style=\"flex-basis:10%\"><\/div>\n<\/div>\n","protected":false},"excerpt":{"rendered":"<p>Prezados Coordenadores, tendo em vista consultas recebidas quanto ao fornecimento do \u00cdndice H dos docentes permanentes \u2013 ativos e aposentados \u2013 vinculados ao PPG de que trata o Edital PRPPG 02\/2020 para concess\u00e3o de bolsa do Programa Professor S\u00eanior UFPR informamos que: Esperamos ter esclarecido suas d\u00favidas. Nos casos em que a candidatura j\u00e1 tenha [&hellip;]<\/p>\n","protected":false},"author":5,"featured_media":0,"parent":4027,"menu_order":0,"comment_status":"closed","ping_status":"closed","template":"","meta":{"footnotes":""},"class_list":["post-4449","page","type-page","status-publish","hentry"],"_links":{"self":[{"href":"https:\/\/ufpr.br\/propg\/wp-json\/wp\/v2\/pages\/4449","targetHints":{"allow":["GET"]}}],"collection":[{"href":"https:\/\/ufpr.br\/propg\/wp-json\/wp\/v2\/pages"}],"about":[{"href":"https:\/\/ufpr.br\/propg\/wp-json\/wp\/v2\/types\/page"}],"author":[{"embeddable":true,"href":"https:\/\/ufpr.br\/propg\/wp-json\/wp\/v2\/users\/5"}],"replies":[{"embeddable":true,"href":"https:\/\/ufpr.br\/propg\/wp-json\/wp\/v2\/comments?post=4449"}],"version-history":[{"count":7,"href":"https:\/\/ufpr.br\/propg\/wp-json\/wp\/v2\/pages\/4449\/revisions"}],"predecessor-version":[{"id":12538,"href":"https:\/\/ufpr.br\/propg\/wp-json\/wp\/v2\/pages\/4449\/revisions\/12538"}],"up":[{"embeddable":true,"href":"https:\/\/ufpr.br\/propg\/wp-json\/wp\/v2\/pages\/4027"}],"wp:attachment":[{"href":"https:\/\/ufpr.br\/propg\/wp-json\/wp\/v2\/media?parent=4449"}],"curies":[{"name":"wp","href":"https:\/\/api.w.org\/{rel}","templated":true}]}}