{"id":4428,"date":"2024-12-09T11:36:30","date_gmt":"2024-12-09T14:36:30","guid":{"rendered":"https:\/\/ufpr.br\/?page=4428"},"modified":"2025-09-09T09:56:11","modified_gmt":"2025-09-09T12:56:11","slug":"instrucoes-para-o-preenchimento-da-planilha","status":"publish","type":"page","link":"https:\/\/ufpr.br\/propg\/cpgss\/programa-professor-senior\/instrucoes-para-o-preenchimento-da-planilha\/","title":{"rendered":"Instru\u00e7\u00f5es para o Preenchimento da Planilha"},"content":{"rendered":"\n<div style=\"height:50px\" aria-hidden=\"true\" class=\"wp-block-spacer\"><\/div>\n\n\n\n<div class=\"wp-block-columns is-layout-flex wp-container-core-columns-is-layout-9d6595d7 wp-block-columns-is-layout-flex\">\n<div class=\"wp-block-column is-layout-flow wp-block-column-is-layout-flow\" style=\"flex-basis:20%\"><div class=\"wp-block-image\">\n<figure class=\"aligncenter size-full is-resized\"><img decoding=\"async\" src=\"https:\/\/ufpr.br\/propg\/wp-content\/uploads\/2025\/09\/Icone_Checklist_Rosa.png\" alt=\"\" class=\"wp-image-26134\" style=\"width:100px\"\/><\/figure><\/div><\/div>\n\n\n\n<div class=\"wp-block-column is-layout-flow wp-block-column-is-layout-flow\" style=\"flex-basis:70%\">\n<h2 class=\"wp-block-heading has-text-align-left has-text-color has-background has-link-color has-medium-font-size wp-elements-3b22fe3200932f02aa415bee908e662b\" id=\"coordenadoria\" style=\"color:#202d59;background-color:#e8ecf5\">INSTRU\u00c7\u00d5ES PARA O PREENCHIMENTO DA PLANILHA<\/h2>\n\n\n\n<hr class=\"wp-block-separator has-text-color has-alpha-channel-opacity has-background is-style-wide\" style=\"background-color:#e8ecf5;color:#e8ecf5\"\/>\n\n\n\n<ol class=\"wp-block-list\">\n<li>Ao preencher a planilha, o programa declara que todas as informa\u00e7\u00f5es s\u00e3o&nbsp;<strong>verdadeiras e dispon\u00edveis<\/strong>&nbsp;nos curr\u00edculos dos professores na plataforma Lattes do CNPq. A Comiss\u00e3o se reserva o direito de solicitar detalhes e\/ou informa\u00e7\u00f5es adicionais em caso de d\u00favida;<\/li>\n<\/ol>\n\n\n\n<ol start=\"2\" class=\"wp-block-list\">\n<li>Use&nbsp;<strong>uma planilha por proposta<\/strong>, ou seja, cada professor s\u00eanior dever\u00e1 ter uma \u00fanica planilha;<\/li>\n<\/ol>\n\n\n\n<ol start=\"3\" class=\"wp-block-list\">\n<li>N\u00e3o insira linhas, colunas, abas ou use formatos diferentes dos apresentados (cores, etc.).&nbsp;<strong>N\u00e3o modifique a planilha<\/strong>;<\/li>\n<\/ol>\n\n\n\n<ol start=\"4\" class=\"wp-block-list\">\n<li>Preencha&nbsp;<strong>apenas os campos em cinza<\/strong>&nbsp;da planilha e ao finalizar salve o arquivo com o nome do PPG; se houver mais de um candidato, acrescente um n\u00famero ao final do nome do arquivo \u2013 Ex. Fisica_senior_1; F\u00edsica_senior_2<\/li>\n<\/ol>\n\n\n\n<ol start=\"5\" class=\"wp-block-list\">\n<li>Muitos campos possuem caixas autom\u00e1ticas de preenchimento \u2013 basta selecion\u00e1-las;<\/li>\n<\/ol>\n\n\n\n<ol start=\"6\" class=\"wp-block-list\">\n<li>Informe o&nbsp;<strong>nome completo<\/strong>&nbsp;dos professores, por favor, n\u00e3o abrevie e\/ou suprima nomes (COLUNA B);<\/li>\n<\/ol>\n\n\n\n<ol start=\"7\" class=\"wp-block-list\">\n<li>As publica\u00e7\u00f5es do candidato e do dos docentes permanentes do programa devem ser informadas de acordo com a classifica\u00e7\u00e3o&nbsp;<strong>Qualis-CAPES da \u00e1rea do programa<\/strong>; Informe os dados dos \u00faltimos 4 anos, acrescida a fra\u00e7\u00e3o do ano em curso (COLUNAS E a K);<\/li>\n<\/ol>\n\n\n\n<ol start=\"8\" class=\"wp-block-list\">\n<li>Para os livros, cap\u00edtulos, patentes e Qualis art\u00edstico observe que a classifica\u00e7\u00e3o n\u00e3o \u00e9 a mesma aplicada pela CAPES &nbsp;(COLUNAS L a Q)\u2013<\/li>\n<\/ol>\n\n\n\n<div class=\"wp-block-columns is-layout-flex wp-container-core-columns-is-layout-9d6595d7 wp-block-columns-is-layout-flex\">\n<div class=\"wp-block-column is-layout-flow wp-block-column-is-layout-flow\" style=\"flex-basis:5%\"><\/div>\n\n\n\n<div class=\"wp-block-column is-layout-flow wp-block-column-is-layout-flow\" style=\"flex-basis:95%\">\n<blockquote class=\"wp-block-quote is-layout-flow wp-block-quote-is-layout-flow\">\n<p><strong>Livros \u201cA\u201d<\/strong>&nbsp;\u2013 S\u00e3o livros autorais e publicados por editora reconhecida com conselho editorial.<\/p>\n\n\n\n<p><strong>Livros \u201cB\u201d<\/strong>&nbsp;\u2013 S\u00e3o Organiza\u00e7\u00e3o de colet\u00e2neas, tratados, dicion\u00e1rios e verbetes publicados por editora com conselho editorial.<\/p>\n\n\n\n<ul class=\"wp-block-list\">\n<li>no item Livros \u201cB\u201d \u2013 A quantidade de pontos derivada de cap\u00edtulos numa mesma obra n\u00e3o pode ser superior a quantidade de pontos da obra.<\/li>\n\n\n\n<li>\u2013 Referem-se a patentes depositadas e\/ou registradas<\/li>\n<\/ul>\n\n\n\n<p><strong>Qualis art\u00edstico A e B<\/strong>&nbsp;ser\u00e3o analisados de acordo com os crit\u00e9rios espec\u00edficos das \u00e1reas que empregam tais procedimentos, sendo que os produtos Qualis A s\u00e3o aqueles na parcela superior do Qualis e os Qualis B, pertencem \u00e0 parcela inferior do Qualis art\u00edstico.<\/p>\n<\/blockquote>\n<\/div>\n<\/div>\n\n\n\n<ol start=\"9\" class=\"wp-block-list\">\n<li>Na produ\u00e7\u00e3o intelectual do candidato e dos docentes do PPG, insira&nbsp;<strong>apenas 8 itens de produ\u00e7\u00e3o intelectual<\/strong>; desconsidere os demais; (COLUNAS E a Q)<\/li>\n<\/ol>\n\n\n\n<ol start=\"10\" class=\"wp-block-list\">\n<li>O \u00edndice h (h index) do professor s\u00eanior e dos demais professores permanentes do programa deve ser informado de acordo com: ORCID (<a href=\"http:\/\/www.orcid.com\/\" target=\"_blank\" rel=\"noreferrer noopener\">www.orcid.com<\/a>), ReserachGate (<a href=\"http:\/\/www.researchgate.net\/\" target=\"_blank\" rel=\"noreferrer noopener\">www.researchgate.net<\/a>), Scopus (<a href=\"https:\/\/www.scopus.com\/\">https:\/\/www.scopus.com<\/a>). Todos os docentes do PPG devem ser declarados; os que n\u00e3o tiverem h index, informe 0 (COLUNA D). As bases sugeridas para obten\u00e7\u00e3o do \u00edndice h podem ser alimentadas recomendando-se que o PPG utilize apenas uma base de dados para fazer a informa\u00e7\u00e3o; informando a base escolhida no despacho.<\/li>\n<\/ol>\n\n\n\n<ol start=\"11\" class=\"wp-block-list\">\n<li>Informe o n\u00famero de mestres e doutores formados nos \u00faltimos 5 anos, acrescendo a fra\u00e7\u00e3o do ano vigente; desconsidere orienta\u00e7\u00f5es em curso \u2013&nbsp;<strong>apenas defesas conclu\u00eddas<\/strong>; observe que as orienta\u00e7\u00f5es de mestrado e doutorado s\u00e3o declaradas separadamente, bem como as co-orienta\u00e7\u00f5es (CELULAS T7, T8, U7 e U8);<\/li>\n<\/ol>\n\n\n\n<ol start=\"12\" class=\"wp-block-list\">\n<li>Para declarar financiamentos obtidos, informe se o professor foi o coordenador ou participante; Financiamento compreende apenas recursos obtidos de ag\u00eancias de fomento e que foram analisados por pares, em regime de ampla concorr\u00eancia; Declare financiamentos obtidos nos \u00faltimos 5 anos, acrescida a fra\u00e7\u00e3o do ano vigente (CELULAS U12 e U13).<\/li>\n<\/ol>\n<\/div>\n\n\n\n<div class=\"wp-block-column is-layout-flow wp-block-column-is-layout-flow\" style=\"flex-basis:10%\"><\/div>\n<\/div>\n","protected":false},"excerpt":{"rendered":"<p>INSTRU\u00c7\u00d5ES PARA O PREENCHIMENTO DA PLANILHA Livros \u201cA\u201d&nbsp;\u2013 S\u00e3o livros autorais e publicados por editora reconhecida com conselho editorial. Livros \u201cB\u201d&nbsp;\u2013 S\u00e3o Organiza\u00e7\u00e3o de colet\u00e2neas, tratados, dicion\u00e1rios e verbetes publicados por editora com conselho editorial. Qualis art\u00edstico A e B&nbsp;ser\u00e3o analisados de acordo com os crit\u00e9rios espec\u00edficos das \u00e1reas que empregam tais procedimentos, sendo que [&hellip;]<\/p>\n","protected":false},"author":5,"featured_media":0,"parent":4027,"menu_order":0,"comment_status":"closed","ping_status":"closed","template":"","meta":{"footnotes":""},"class_list":["post-4428","page","type-page","status-publish","hentry"],"_links":{"self":[{"href":"https:\/\/ufpr.br\/propg\/wp-json\/wp\/v2\/pages\/4428","targetHints":{"allow":["GET"]}}],"collection":[{"href":"https:\/\/ufpr.br\/propg\/wp-json\/wp\/v2\/pages"}],"about":[{"href":"https:\/\/ufpr.br\/propg\/wp-json\/wp\/v2\/types\/page"}],"author":[{"embeddable":true,"href":"https:\/\/ufpr.br\/propg\/wp-json\/wp\/v2\/users\/5"}],"replies":[{"embeddable":true,"href":"https:\/\/ufpr.br\/propg\/wp-json\/wp\/v2\/comments?post=4428"}],"version-history":[{"count":21,"href":"https:\/\/ufpr.br\/propg\/wp-json\/wp\/v2\/pages\/4428\/revisions"}],"predecessor-version":[{"id":12537,"href":"https:\/\/ufpr.br\/propg\/wp-json\/wp\/v2\/pages\/4428\/revisions\/12537"}],"up":[{"embeddable":true,"href":"https:\/\/ufpr.br\/propg\/wp-json\/wp\/v2\/pages\/4027"}],"wp:attachment":[{"href":"https:\/\/ufpr.br\/propg\/wp-json\/wp\/v2\/media?parent=4428"}],"curies":[{"name":"wp","href":"https:\/\/api.w.org\/{rel}","templated":true}]}}