{"id":4390,"date":"2024-11-24T19:35:57","date_gmt":"2024-11-24T22:35:57","guid":{"rendered":"https:\/\/ufpr.br\/?page=4390"},"modified":"2025-11-07T16:22:34","modified_gmt":"2025-11-07T19:22:34","slug":"premio-excelencia-academica","status":"publish","type":"page","link":"https:\/\/ufpr.br\/propg\/cpgss\/premio-excelencia-academica\/","title":{"rendered":"Pr\u00eamio Excel\u00eancia Acad\u00eamica"},"content":{"rendered":"\n<div style=\"height:50px\" aria-hidden=\"true\" class=\"wp-block-spacer\"><\/div>\n\n\n\n<div class=\"wp-block-columns is-layout-flex wp-container-core-columns-is-layout-9d6595d7 wp-block-columns-is-layout-flex\">\n<div class=\"wp-block-column is-layout-flow wp-block-column-is-layout-flow\" style=\"flex-basis:20%\" id=\"topo\">\n<div style=\"height:35px\" aria-hidden=\"true\" class=\"wp-block-spacer\"><\/div>\n\n\n<div class=\"wp-block-image\">\n<figure class=\"aligncenter size-full is-resized\"><img decoding=\"async\" src=\"https:\/\/ufpr.br\/propg\/wp-content\/uploads\/2025\/06\/Icone_Premio_Rosa.png\" alt=\"\" class=\"wp-image-7936\" style=\"width:100px\"\/><\/figure><\/div><\/div>\n\n\n\n<div class=\"wp-block-column is-layout-flow wp-block-column-is-layout-flow\" style=\"flex-basis:70%\">\n<h2 class=\"wp-block-heading\">Pr\u00eamio Excel\u00eancia Acad\u00eamica da P\u00f3s-gradua\u00e7\u00e3o: uma homenagem aos melhores trabalhos de pesquisa da UFPR<\/h2>\n\n\n\n<div style=\"height:25px\" aria-hidden=\"true\" class=\"wp-block-spacer\"><\/div>\n\n\n\n<blockquote class=\"wp-block-quote is-layout-flow wp-block-quote-is-layout-flow\">\n<p>A Universidade Federal do Paran\u00e1 (UFPR) tem o prazer de anunciar o Pr\u00eamio Excel\u00eancia Acad\u00eamica da P\u00f3s-gradua\u00e7\u00e3o, uma homenagem aos melhores trabalhos de pesquisa defendidos em seus Programas de P\u00f3s-gradua\u00e7\u00e3o Stricto Sensu.<\/p>\n<\/blockquote>\n\n\n\n<div style=\"height:25px\" aria-hidden=\"true\" class=\"wp-block-spacer\"><\/div>\n\n\n\n<p>A premia\u00e7\u00e3o, iniciada em 2019, tem o objetivo de reconhecer formalmente o destaque acad\u00eamico de teses e disserta\u00e7\u00f5es que contribuem significativamente para o avan\u00e7o da ci\u00eancia e do conhecimento.<\/p>\n\n\n\n<p>Cada programa de p\u00f3s-gradua\u00e7\u00e3o da UFPR pode indicar anualmente uma \u00fanica tese de doutorado e uma disserta\u00e7\u00e3o de mestrado para o pr\u00eamio. Os crit\u00e9rios de sele\u00e7\u00e3o s\u00e3o definidos por cada colegiado, mas incluem, geralmente, os seguintes aspectos:<\/p>\n\n\n\n<ul class=\"wp-block-list\">\n<li>Complexidade e originalidade do trabalho<\/li>\n<\/ul>\n\n\n\n<ul class=\"wp-block-list\">\n<li>Impacto do trabalho para a sociedade e para a \u00e1rea de conhecimento<\/li>\n<\/ul>\n\n\n\n<ul class=\"wp-block-list\">\n<li>Inova\u00e7\u00e3o e desenvolvimento<\/li>\n<\/ul>\n\n\n\n<ul class=\"wp-block-list\">\n<li>Publica\u00e7\u00f5es cient\u00edficas relacionadas<\/li>\n<\/ul>\n\n\n\n<p>O Pr\u00eamio Excel\u00eancia Acad\u00eamica da P\u00f3s-gradua\u00e7\u00e3o \u00e9 uma oportunidade de valorizar o esfor\u00e7o e a dedica\u00e7\u00e3o dos nossos pesquisadores. \u00c9 uma homenagem aos que se destacam pela excel\u00eancia acad\u00eamica e pelo compromisso com a produ\u00e7\u00e3o de conhecimento.<\/p>\n\n\n\n<div style=\"height:50px\" aria-hidden=\"true\" class=\"wp-block-spacer\"><\/div>\n\n\n\n<h2 class=\"wp-block-heading has-text-align-left has-background has-medium-font-size\" id=\"coordenadoria\" style=\"background-color:#e8ecf5\">EDI\u00c7\u00d5ES DO PR\u00caMIO EXCEL\u00caNCIA ACAD\u00caMICA<\/h2>\n\n\n\n<hr class=\"wp-block-separator has-text-color has-alpha-channel-opacity has-background is-style-wide\" style=\"background-color:#e8ecf5;color:#e8ecf5\"\/>\n\n\n\n<div class=\"wp-block-buttons is-content-justification-left is-layout-flex wp-container-core-buttons-is-layout-fdcfc74e wp-block-buttons-is-layout-flex\">\n<div class=\"wp-block-button\"><a class=\"wp-block-button__link has-background wp-element-button\" href=\"https:\/\/app.powerbi.com\/view?r=eyJrIjoiNDk3NTQ3N2EtMzBlNy00NGY0LTk4YzktYTllZGJjNjY5MGY0IiwidCI6ImMzN2IzN2EzLWU5ZTItNDJmOS1iYzY3LTRiOWI3MzhlMWRmMCJ9&amp;pageName=2bbb633a3156fc91e11d\" style=\"border-radius:10px;background-color:#a3567f\" target=\"_blank\" rel=\"noreferrer noopener\"><strong>Ver Painel<\/strong><\/a><\/div>\n<\/div>\n\n\n\n<div style=\"height:25px\" aria-hidden=\"true\" class=\"wp-block-spacer\"><\/div>\n\n\n\n<ul class=\"wp-block-list\">\n<li><a href=\"https:\/\/ufpr.br\/propg\/cpgss\/premio-excelencia-academica\/premio-ufpr-2025\/\">2025<\/a><\/li>\n<\/ul>\n\n\n\n<ul class=\"wp-block-list\">\n<li><a href=\"https:\/\/ufpr.br\/propg\/cpgss\/premio-excelencia-academica\/premio-ufpr-2024\/\" title=\"\">2024<\/a><\/li>\n<\/ul>\n\n\n\n<ul class=\"wp-block-list\">\n<li><a href=\"https:\/\/ufpr.br\/propg\/cpgss\/premio-excelencia-academica\/premio-ufpr-2023\/\" title=\"\">2023<\/a><\/li>\n<\/ul>\n\n\n\n<ul class=\"wp-block-list\">\n<li><a href=\"https:\/\/ufpr.br\/propg\/cpgss\/premio-excelencia-academica\/premio-ufpr-2021-e-2022\/\" title=\"\">2021-2022<\/a><\/li>\n<\/ul>\n\n\n\n<ul class=\"wp-block-list\">\n<li><a href=\"https:\/\/ufpr.br\/propg\/cpgss\/premio-excelencia-academica\/premio-curta-ciencia-2020\/\" title=\"\">2020<\/a><\/li>\n<\/ul>\n\n\n\n<ul class=\"wp-block-list\">\n<li><a href=\"https:\/\/ufpr.br\/propg\/cpgss\/premio-excelencia-academica\/premio-curta-ciencia-2019\/\" title=\"\">2019<\/a><\/li>\n<\/ul>\n\n\n\n<hr class=\"wp-block-separator has-text-color has-alpha-channel-opacity has-background is-style-wide\" style=\"background-color:#e8ecf5;color:#e8ecf5\"\/>\n\n\n\n<p class=\"has-text-color has-link-color wp-elements-35347cca6bfe07bb2bf966001a1b447f\" style=\"color:#243673\"><strong><a href=\"#topo\" title=\"\">Voltar ao topo<\/a><\/strong><\/p>\n<\/div>\n\n\n\n<div class=\"wp-block-column is-layout-flow wp-block-column-is-layout-flow\" style=\"flex-basis:10%\"><\/div>\n<\/div>\n\n\n\n<p><\/p>\n","protected":false},"excerpt":{"rendered":"<p>Pr\u00eamio Excel\u00eancia Acad\u00eamica da P\u00f3s-gradua\u00e7\u00e3o: uma homenagem aos melhores trabalhos de pesquisa da UFPR A Universidade Federal do Paran\u00e1 (UFPR) tem o prazer de anunciar o Pr\u00eamio Excel\u00eancia Acad\u00eamica da P\u00f3s-gradua\u00e7\u00e3o, uma homenagem aos melhores trabalhos de pesquisa defendidos em seus Programas de P\u00f3s-gradua\u00e7\u00e3o Stricto Sensu. A premia\u00e7\u00e3o, iniciada em 2019, tem o objetivo de [&hellip;]<\/p>\n","protected":false},"author":5,"featured_media":0,"parent":2756,"menu_order":0,"comment_status":"closed","ping_status":"closed","template":"","meta":{"footnotes":""},"class_list":["post-4390","page","type-page","status-publish","hentry"],"_links":{"self":[{"href":"https:\/\/ufpr.br\/propg\/wp-json\/wp\/v2\/pages\/4390","targetHints":{"allow":["GET"]}}],"collection":[{"href":"https:\/\/ufpr.br\/propg\/wp-json\/wp\/v2\/pages"}],"about":[{"href":"https:\/\/ufpr.br\/propg\/wp-json\/wp\/v2\/types\/page"}],"author":[{"embeddable":true,"href":"https:\/\/ufpr.br\/propg\/wp-json\/wp\/v2\/users\/5"}],"replies":[{"embeddable":true,"href":"https:\/\/ufpr.br\/propg\/wp-json\/wp\/v2\/comments?post=4390"}],"version-history":[{"count":25,"href":"https:\/\/ufpr.br\/propg\/wp-json\/wp\/v2\/pages\/4390\/revisions"}],"predecessor-version":[{"id":17793,"href":"https:\/\/ufpr.br\/propg\/wp-json\/wp\/v2\/pages\/4390\/revisions\/17793"}],"up":[{"embeddable":true,"href":"https:\/\/ufpr.br\/propg\/wp-json\/wp\/v2\/pages\/2756"}],"wp:attachment":[{"href":"https:\/\/ufpr.br\/propg\/wp-json\/wp\/v2\/media?parent=4390"}],"curies":[{"name":"wp","href":"https:\/\/api.w.org\/{rel}","templated":true}]}}