{"id":4197,"date":"2024-11-21T22:03:50","date_gmt":"2024-11-22T01:03:50","guid":{"rendered":"https:\/\/ufpr.br\/?page=4197"},"modified":"2025-09-09T13:47:12","modified_gmt":"2025-09-09T16:47:12","slug":"formularios-progepe-formalizacao-da-contratacao","status":"publish","type":"page","link":"https:\/\/ufpr.br\/propg\/cpgss\/programa-professor-visitante\/formularios-progepe-formalizacao-da-contratacao\/","title":{"rendered":"Formul\u00e1rios PROGEPE &#8211; Formaliza\u00e7\u00e3o da Contrata\u00e7\u00e3o"},"content":{"rendered":"\n<div style=\"height:50px\" aria-hidden=\"true\" class=\"wp-block-spacer\"><\/div>\n\n\n\n<div class=\"wp-block-columns is-layout-flex wp-container-core-columns-is-layout-9d6595d7 wp-block-columns-is-layout-flex\">\n<div class=\"wp-block-column is-layout-flow wp-block-column-is-layout-flow\" style=\"flex-basis:20%\"><div class=\"wp-block-image\">\n<figure class=\"aligncenter size-full is-resized\"><img decoding=\"async\" src=\"https:\/\/ufpr.br\/propg\/wp-content\/uploads\/2024\/10\/Icone_DocumentosMao_Rosa.png\" alt=\"\" class=\"wp-image-6130\" style=\"width:120px\"\/><\/figure><\/div><\/div>\n\n\n\n<div class=\"wp-block-column is-layout-flow wp-block-column-is-layout-flow\" style=\"flex-basis:70%\">\n<blockquote class=\"wp-block-quote is-layout-flow wp-block-quote-is-layout-flow\">\n<p><strong>FORMUL\u00c1RIOS SOLICITADOS PELA PROGEPE PARA FORMALIZA\u00c7\u00c3O DA CONTRATA\u00c7\u00c3O DO PROFESSOR VISITANTE:<\/strong><\/p>\n<\/blockquote>\n\n\n\n<div style=\"height:25px\" aria-hidden=\"true\" class=\"wp-block-spacer\"><\/div>\n\n\n\n<div style=\"height:50px\" aria-hidden=\"true\" class=\"wp-block-spacer\"><\/div>\n\n\n\n<h2 class=\"wp-block-heading has-text-align-left has-background has-medium-font-size\" id=\"coordenadoria\" style=\"background-color:#e8ecf5\">VERS\u00c3O EM PORTUGU\u00caS<\/h2>\n\n\n\n<hr class=\"wp-block-separator has-text-color has-alpha-channel-opacity has-background is-style-wide\" style=\"background-color:#e8ecf5;color:#e8ecf5\"\/>\n\n\n\n<p><a href=\"https:\/\/ufpr.br\/propg\/wp-content\/uploads\/2024\/11\/formulrio_acmulo-cargos.pdf\" target=\"_blank\" rel=\"noopener\" title=\"\">Formul\u00e1rio Ac\u00famulo Cargos<\/a><\/p>\n\n\n\n<p><a href=\"https:\/\/ufpr.br\/propg\/wp-content\/uploads\/2024\/11\/formulrio_bens-e-valores.pdf\" target=\"_blank\" rel=\"noopener\" title=\"\">Formul\u00e1rio Bens e Valores<\/a><\/p>\n\n\n\n<p><a href=\"https:\/\/ufpr.br\/propg\/wp-content\/uploads\/2024\/11\/formulrio_identificao.pdf\" target=\"_blank\" rel=\"noopener\" title=\"\">Formul\u00e1rio Identifica\u00e7\u00e3o<\/a><\/p>\n\n\n\n<p><a href=\"https:\/\/ufpr.br\/propg\/wp-content\/uploads\/2024\/11\/formulrio_integridade-e-parentesco.pdf\" target=\"_blank\" rel=\"noopener\" title=\"\">Formul\u00e1rio Integridade e Parentesco<\/a><\/p>\n\n\n\n<p><a href=\"https:\/\/ufpr.br\/propg\/wp-content\/uploads\/2024\/11\/formulrio_seguro-desemprego.pdf\" target=\"_blank\" rel=\"noopener\" title=\"\">Formul\u00e1rio Seguro Desemprego<\/a><\/p>\n\n\n\n<div style=\"height:50px\" aria-hidden=\"true\" class=\"wp-block-spacer\"><\/div>\n\n\n\n<h2 class=\"wp-block-heading has-text-align-left has-background has-medium-font-size\" id=\"coordenadoria\" style=\"background-color:#e8ecf5\">VERS\u00c3O EM INGL\u00caS<\/h2>\n\n\n\n<hr class=\"wp-block-separator has-text-color has-alpha-channel-opacity has-background is-style-wide\" style=\"background-color:#e8ecf5;color:#e8ecf5\"\/>\n\n\n\n<p><a href=\"https:\/\/ufpr.br\/propg\/wp-content\/uploads\/2024\/11\/formulrio-acmulo-cargos_ingls.pdf\" target=\"_blank\" rel=\"noopener\" title=\"\">Formul\u00e1rio Ac\u00famulo Cargos Ingl\u00eas<\/a><\/p>\n\n\n\n<p><a href=\"https:\/\/ufpr.br\/propg\/wp-content\/uploads\/2024\/11\/formulrio_bens-e-valores_ingls.pdf\" target=\"_blank\" rel=\"noopener\" title=\"\">Formul\u00e1rio Bens e Valores Ingl\u00eas<\/a><\/p>\n\n\n\n<p><a href=\"https:\/\/ufpr.br\/propg\/wp-content\/uploads\/2024\/11\/formulrio_identificao_ingls.pdf\" target=\"_blank\" rel=\"noopener\" title=\"\">Formul\u00e1rio Identifica\u00e7\u00e3o Ingl\u00eas<\/a><\/p>\n\n\n\n<p><a href=\"https:\/\/ufpr.br\/propg\/wp-content\/uploads\/2024\/11\/formulrio_integridade-e-parentesco_ingls.pdf\" target=\"_blank\" rel=\"noopener\" title=\"\">Formul\u00e1rio Integridade e Parentesco Ingl\u00eas<\/a><\/p>\n<\/div>\n\n\n\n<div class=\"wp-block-column is-layout-flow wp-block-column-is-layout-flow\" style=\"flex-basis:10%\"><\/div>\n<\/div>\n","protected":false},"excerpt":{"rendered":"<p>FORMUL\u00c1RIOS SOLICITADOS PELA PROGEPE PARA FORMALIZA\u00c7\u00c3O DA CONTRATA\u00c7\u00c3O DO PROFESSOR VISITANTE: VERS\u00c3O EM PORTUGU\u00caS Formul\u00e1rio Ac\u00famulo Cargos Formul\u00e1rio Bens e Valores Formul\u00e1rio Identifica\u00e7\u00e3o Formul\u00e1rio Integridade e Parentesco Formul\u00e1rio Seguro Desemprego VERS\u00c3O EM INGL\u00caS Formul\u00e1rio Ac\u00famulo Cargos Ingl\u00eas Formul\u00e1rio Bens e Valores Ingl\u00eas Formul\u00e1rio Identifica\u00e7\u00e3o Ingl\u00eas Formul\u00e1rio Integridade e Parentesco Ingl\u00eas<\/p>\n","protected":false},"author":5,"featured_media":0,"parent":4014,"menu_order":0,"comment_status":"closed","ping_status":"closed","template":"","meta":{"footnotes":""},"class_list":["post-4197","page","type-page","status-publish","hentry"],"_links":{"self":[{"href":"https:\/\/ufpr.br\/propg\/wp-json\/wp\/v2\/pages\/4197","targetHints":{"allow":["GET"]}}],"collection":[{"href":"https:\/\/ufpr.br\/propg\/wp-json\/wp\/v2\/pages"}],"about":[{"href":"https:\/\/ufpr.br\/propg\/wp-json\/wp\/v2\/types\/page"}],"author":[{"embeddable":true,"href":"https:\/\/ufpr.br\/propg\/wp-json\/wp\/v2\/users\/5"}],"replies":[{"embeddable":true,"href":"https:\/\/ufpr.br\/propg\/wp-json\/wp\/v2\/comments?post=4197"}],"version-history":[{"count":13,"href":"https:\/\/ufpr.br\/propg\/wp-json\/wp\/v2\/pages\/4197\/revisions"}],"predecessor-version":[{"id":12583,"href":"https:\/\/ufpr.br\/propg\/wp-json\/wp\/v2\/pages\/4197\/revisions\/12583"}],"up":[{"embeddable":true,"href":"https:\/\/ufpr.br\/propg\/wp-json\/wp\/v2\/pages\/4014"}],"wp:attachment":[{"href":"https:\/\/ufpr.br\/propg\/wp-json\/wp\/v2\/media?parent=4197"}],"curies":[{"name":"wp","href":"https:\/\/api.w.org\/{rel}","templated":true}]}}