{"id":4167,"date":"2024-11-21T21:01:26","date_gmt":"2024-11-22T00:01:26","guid":{"rendered":"https:\/\/ufpr.br\/?page=4167"},"modified":"2025-09-09T13:39:53","modified_gmt":"2025-09-09T16:39:53","slug":"comite-gestor-visitante","status":"publish","type":"page","link":"https:\/\/ufpr.br\/propg\/cpgss\/programa-professor-visitante\/comite-gestor-visitante\/","title":{"rendered":"Comit\u00ea Gestor Professor Visitante"},"content":{"rendered":"\n<div style=\"height:50px\" aria-hidden=\"true\" class=\"wp-block-spacer\"><\/div>\n\n\n\n<div class=\"wp-block-columns is-layout-flex wp-container-core-columns-is-layout-9d6595d7 wp-block-columns-is-layout-flex\">\n<div class=\"wp-block-column is-layout-flow wp-block-column-is-layout-flow\" style=\"flex-basis:20%\"><div class=\"wp-block-image\">\n<figure class=\"aligncenter size-full is-resized\"><img decoding=\"async\" src=\"https:\/\/ufpr.br\/propg\/wp-content\/uploads\/2025\/07\/Icone_Comite_Reuniao_Rosa.png\" alt=\"\" class=\"wp-image-12806\" style=\"width:100px\"\/><\/figure><\/div><\/div>\n\n\n\n<div class=\"wp-block-column is-layout-flow wp-block-column-is-layout-flow\" style=\"flex-basis:70%\">\n<blockquote class=\"wp-block-quote is-layout-flow wp-block-quote-is-layout-flow\">\n<p>Comit\u00ea Gestor do&nbsp;<a href=\"https:\/\/ufpr.br\/propg\/cpgss\/programa-professor-visitante\/\" title=\"\">Programa Professor Visitante<\/a>&nbsp;institu\u00eddo pela:<\/p>\n\n\n\n<p><a href=\"https:\/\/ufpr.br\/propg\/wp-content\/uploads\/2024\/09\/portaria_3614130_sei_ufpr___3574374___portaria_professor_visitante.pdf\" target=\"_blank\" rel=\"noopener\" title=\"\">Portaria 22\/2021-PRPPG<\/a><\/p>\n\n\n\n<p><a href=\"https:\/\/ufpr.br\/propg\/wp-content\/uploads\/2024\/09\/portaria-11-de-2018-comit-gestor-do-programa-professor-visitante.pdf\" target=\"_blank\" rel=\"noopener\" title=\"\"><s>Portaria 11\/2018-PRPPG<\/s><\/a><\/p>\n<\/blockquote>\n\n\n\n<div style=\"height:25px\" aria-hidden=\"true\" class=\"wp-block-spacer\"><\/div>\n\n\n\n<figure class=\"wp-block-table is-style-stripes\"><table class=\"has-black-color has-text-color has-link-color has-fixed-layout\"><thead><tr><th>Unidade<\/th><th>Membro<\/th><\/tr><\/thead><tbody><tr><td>PRPPG (presidente)<\/td><td>Lucimara Stolz Roman<\/td><\/tr><tr><td>AUI<\/td><td>Andr\u00e9 de Macedo Duarte<\/td><\/tr><tr><td>PROEC<\/td><td>Rafael Faraco Benthien<\/td><\/tr><tr><td>PROGEPE<\/td><td>Cristiane Sucheski Contin<\/td><\/tr><tr><td>PROGRAD<\/td><td>Leonir Lorenzetti<\/td><\/tr><tr><td>F\u00f3rum de Coordenadores Stricto Sensu<\/td><td>Eduardo Marcio de Oliveira Lopes<\/td><\/tr><tr><td>F\u00f3rum de Coordenadores Stricto Sensu<\/td><td>Maria Berenice Reynaud Steffens<\/td><\/tr><tr><td>Representante dos estudantes Stricto Sensu<br><sub>(indicado pelo discente representante nos Conselhos Superiores)<\/sub><\/td><td>Leonardo Wedderhoff Herrmann<\/td><\/tr><\/tbody><\/table><\/figure>\n\n\n\n<div style=\"height:25px\" aria-hidden=\"true\" class=\"wp-block-spacer\"><\/div>\n\n\n\n<p>contato: <a href=\"mailto:bolsaprppg@ufpr.br\" target=\"_blank\" rel=\"noopener\" title=\"\">bolsaprppg@ufpr.br<\/a><\/p>\n<\/div>\n\n\n\n<div class=\"wp-block-column is-layout-flow wp-block-column-is-layout-flow\" style=\"flex-basis:10%\"><\/div>\n<\/div>\n","protected":false},"excerpt":{"rendered":"<p>Comit\u00ea Gestor do&nbsp;Programa Professor Visitante&nbsp;institu\u00eddo pela: Portaria 22\/2021-PRPPG Portaria 11\/2018-PRPPG Unidade Membro PRPPG (presidente) Lucimara Stolz Roman AUI Andr\u00e9 de Macedo Duarte PROEC Rafael Faraco Benthien PROGEPE Cristiane Sucheski Contin PROGRAD Leonir Lorenzetti F\u00f3rum de Coordenadores Stricto Sensu Eduardo Marcio de Oliveira Lopes F\u00f3rum de Coordenadores Stricto Sensu Maria Berenice Reynaud Steffens Representante dos estudantes [&hellip;]<\/p>\n","protected":false},"author":5,"featured_media":0,"parent":4014,"menu_order":0,"comment_status":"closed","ping_status":"closed","template":"","meta":{"footnotes":""},"class_list":["post-4167","page","type-page","status-publish","hentry"],"_links":{"self":[{"href":"https:\/\/ufpr.br\/propg\/wp-json\/wp\/v2\/pages\/4167","targetHints":{"allow":["GET"]}}],"collection":[{"href":"https:\/\/ufpr.br\/propg\/wp-json\/wp\/v2\/pages"}],"about":[{"href":"https:\/\/ufpr.br\/propg\/wp-json\/wp\/v2\/types\/page"}],"author":[{"embeddable":true,"href":"https:\/\/ufpr.br\/propg\/wp-json\/wp\/v2\/users\/5"}],"replies":[{"embeddable":true,"href":"https:\/\/ufpr.br\/propg\/wp-json\/wp\/v2\/comments?post=4167"}],"version-history":[{"count":11,"href":"https:\/\/ufpr.br\/propg\/wp-json\/wp\/v2\/pages\/4167\/revisions"}],"predecessor-version":[{"id":12577,"href":"https:\/\/ufpr.br\/propg\/wp-json\/wp\/v2\/pages\/4167\/revisions\/12577"}],"up":[{"embeddable":true,"href":"https:\/\/ufpr.br\/propg\/wp-json\/wp\/v2\/pages\/4014"}],"wp:attachment":[{"href":"https:\/\/ufpr.br\/propg\/wp-json\/wp\/v2\/media?parent=4167"}],"curies":[{"name":"wp","href":"https:\/\/api.w.org\/{rel}","templated":true}]}}