{"id":4027,"date":"2024-11-19T21:20:57","date_gmt":"2024-11-20T00:20:57","guid":{"rendered":"https:\/\/ufpr.br\/?page=4027"},"modified":"2026-03-23T10:41:07","modified_gmt":"2026-03-23T13:41:07","slug":"programa-professor-senior","status":"publish","type":"page","link":"https:\/\/ufpr.br\/propg\/cpgss\/programa-professor-senior\/","title":{"rendered":"Programa Professor S\u00eanior"},"content":{"rendered":"\n<div style=\"height:50px\" aria-hidden=\"true\" class=\"wp-block-spacer\"><\/div>\n\n\n\n<div class=\"wp-block-columns is-layout-flex wp-container-core-columns-is-layout-9d6595d7 wp-block-columns-is-layout-flex\">\n<div class=\"wp-block-column is-layout-flow wp-block-column-is-layout-flow\" style=\"flex-basis:20%\" id=\"topo\">\n<div style=\"height:35px\" aria-hidden=\"true\" class=\"wp-block-spacer\"><\/div>\n\n\n<div class=\"wp-block-image\">\n<figure class=\"aligncenter size-full is-resized\"><img decoding=\"async\" src=\"https:\/\/ufpr.br\/propg\/wp-content\/uploads\/2025\/06\/Icone_ProfessorSenior_Rosa.png\" alt=\"\" class=\"wp-image-7955\" style=\"width:120px\" \/><\/figure><\/div><\/div>\n\n\n\n<div class=\"wp-block-column is-layout-flow wp-block-column-is-layout-flow\" style=\"flex-basis:70%\">\n<h2 class=\"wp-block-heading\">COMUNICADO<\/h2>\n\n\n\n<div style=\"height:15px\" aria-hidden=\"true\" class=\"wp-block-spacer\"><\/div>\n\n\n\n<blockquote class=\"wp-block-quote is-layout-flow wp-block-quote-is-layout-flow\">\n<p>Considerando as restri\u00e7\u00f5es or\u00e7ament\u00e1rias previstas para o exerc\u00edcio de 2025, informamos que o pagamento das bolsas destinadas ao Programa Professor S\u00eanior ser\u00e1 interrompido a partir de julho de 2025. Essa medida visa ajustar as despesas da Universidade Federal do Paran\u00e1 \u00e0 disponibilidade de recursos, garantindo a sustentabilidade financeira das atividades institucionais priorit\u00e1rias.<\/p>\n\n\n\n<p>Reconhecemos a importante contribui\u00e7\u00e3o do Programa Professor S\u00eanior para o fortalecimento das atividades acad\u00eamicas e cient\u00edficas da p\u00f3s-gradua\u00e7\u00e3o. Por esse motivo, a PROPG iniciar\u00e1 um estudo avaliativo sobre os resultados e impactos do programa, com o objetivo de subsidiar decis\u00f5es futuras sobre sua eventual reestrutura\u00e7\u00e3o e a retomada do pagamento das bolsas institucionais, conforme as condi\u00e7\u00f5es or\u00e7ament\u00e1rias.<\/p>\n\n\n\n<p><strong>Cabe ressaltar que o credenciamento de docentes s\u00eaniors volunt\u00e1rios continuar\u00e1 ocorrendo normalmente<\/strong>. Este informe refere-se exclusivamente \u00e0 suspens\u00e3o do pagamento das bolsas institucionais vinculadas ao programa.<\/p>\n\n\n\n<p>Atenciosamente,<\/p>\n\n\n\n<p>Comit\u00ea Gestor do Programa Professor S\u00eanior<\/p>\n\n\n\n<p class=\"has-text-color has-link-color wp-elements-9189d9ea162e8023d9cfe50184fb0a75\" style=\"color:#243673\"><strong>Publicado em 24.07.2025<\/strong><\/p>\n\n\n\n<p><\/p>\n<\/blockquote>\n\n\n\n<div style=\"height:50px\" aria-hidden=\"true\" class=\"wp-block-spacer\"><\/div>\n\n\n\n<div class=\"wp-block-columns is-layout-flex wp-container-core-columns-is-layout-9d6595d7 wp-block-columns-is-layout-flex\">\n<div class=\"wp-block-column is-layout-flow wp-block-column-is-layout-flow\">\n<h2 class=\"wp-block-heading has-text-align-left has-background has-medium-font-size\" id=\"coordenadoria\" style=\"background-color:#e8ecf5\">CREDENCIAMENTO DE DOCENTE S\u00caNIOR<\/h2>\n\n\n\n<hr class=\"wp-block-separator has-text-color has-alpha-channel-opacity has-background is-style-wide\" style=\"background-color:#e8ecf5;color:#e8ecf5\" \/>\n\n\n\n<p>&nbsp;O&nbsp;<a href=\"https:\/\/ufpr.br\/propg\/cpgss\/credenciamento-docente\/\">credenciamento&nbsp;de&nbsp;docentes&nbsp;na p\u00f3s-gradua\u00e7\u00e3o<\/a>&nbsp;\u00e9 realizado pelo colegiado do programa, seguindo o regimento interno, a&nbsp;<a title=\"\" href=\"http:\/\/www.soc.ufpr.br\/portal\/wp-content\/uploads\/2017\/12\/Res.-32-17-CEPE-Normas-para-o-curso-de-P%C3%B3s-Gradua%C3%A7%C3%A3o-stricto-sensu.pdf\" target=\"_blank\" rel=\"noopener\">Resolu\u00e7\u00e3o 32\/17-CEPE<\/a>&nbsp;e&nbsp;o determinado atrav\u00e9s da&nbsp;<a href=\"https:\/\/ufpr.br\/propg\/wp-content\/uploads\/2024\/11\/0-portaria-capes-81-de-2016-categorias-docentes.pdf\" target=\"_blank\" rel=\"noreferrer noopener\">Portaria CAPES 81\/16<\/a>.<\/p>\n\n\n\n<ul class=\"wp-block-list\">\n<li>Acesse as<a href=\"https:\/\/ufpr.br\/propg\/cpgss\/credenciamento-docente-senior\/\">&nbsp;instru\u00e7\u00f5es para credenciamento de docente s\u00eanior<\/a>&nbsp;(permanente ou colaborador, com ou sem remunera\u00e7\u00e3o)<\/li>\n<\/ul>\n\n\n\n<ul class=\"wp-block-list\">\n<li>Acesse as&nbsp;<a href=\"https:\/\/ufpr.br\/propg\/cpgss\/programa-professor-senior\/termo-senior-siga\/\" target=\"_blank\" rel=\"noreferrer noopener\">instru\u00e7\u00f5es para inserir o&nbsp;termo de compromisso<\/a>&nbsp;para credenciamento de docente s\u00eanior permanente no sistema SIGA<\/li>\n\n\n\n<li>Acesse a vers\u00e3o edit\u00e1vel do <a href=\"https:\/\/ufpr.br\/propg\/wp-content\/uploads\/2026\/03\/Termo-de-compromisso-Prof-Senior-2026.docx\" data-type=\"attachment\" data-id=\"51973\">Termo de compromisso Prof S\u00eanior &#8211; 2026<\/a> (publicado em 23.03.2026).<\/li>\n<\/ul>\n\n\n\n<div style=\"height:50px\" aria-hidden=\"true\" class=\"wp-block-spacer\"><\/div>\n\n\n\n<h2 class=\"wp-block-heading has-text-align-left has-background has-medium-font-size\" style=\"background-color:#e8ecf5\">PROGRAMA PROFESSOR S\u00caNIOR &#8211; EXERC\u00cdCIO 02\/2022<\/h2>\n\n\n\n<hr class=\"wp-block-separator has-text-color has-alpha-channel-opacity has-background is-style-wide\" style=\"background-color:#e8ecf5;color:#e8ecf5\" \/>\n\n\n\n<p><a href=\"https:\/\/ufpr.br\/propg\/wp-content\/uploads\/2024\/11\/sei_5119732_edital_02_2022.pdf\" target=\"_blank\" rel=\"noreferrer noopener\">Edital 02\/2022 \u2013 PRPPG<\/a> \u2013 publicado em 29\/11\/2022<\/p>\n\n\n\n<ul class=\"wp-block-list\">\n<li>Anexo:&nbsp;<a href=\"https:\/\/ufpr.br\/propg\/wp-content\/uploads\/2024\/11\/prppg_senior_28nov2022.xlsx\" target=\"_blank\" rel=\"noreferrer noopener\">Planilha Professor S\u00eanior \u2013 Edital 02\/2022-PRPPG<\/a><\/li>\n<\/ul>\n\n\n\n<ul class=\"wp-block-list\">\n<li>Acesse as&nbsp;<a href=\"https:\/\/ufpr.br\/propg\/cpgss\/programa-professor-senior\/instrucoes-para-o-preenchimento-da-planilha\/\" title=\"\">instru\u00e7\u00f5es para preenchimento da planilha<\/a><\/li>\n<\/ul>\n\n\n\n<ul class=\"wp-block-list\">\n<li><a href=\"https:\/\/ufpr.br\/propg\/cpgss\/programa-professor-senior\/sobre-o-indice-h-para-processo-seletivo-de-bolsa\/\">Esclarecimento sobre o \u00cdndice H para Processo Seletivo de Bolsa Professor S\u00eanior<\/a><\/li>\n<\/ul>\n\n\n\n<ul class=\"wp-block-list\">\n<li><a href=\"https:\/\/ufpr.br\/propg\/wp-content\/uploads\/2024\/11\/sei_5156846_despacho_150.pdf\" target=\"_blank\" rel=\"noreferrer noopener\">Resultado parcial <\/a>&#8211; Publicado em 12\/12\/2022&nbsp;<\/li>\n<\/ul>\n\n\n\n<ul class=\"wp-block-list\">\n<li><a href=\"https:\/\/ufpr.br\/propg\/wp-content\/uploads\/2024\/11\/sei_5172628_despacho_154.pdf\" target=\"_blank\" rel=\"noreferrer noopener\">Resultado Final<\/a><\/li>\n<\/ul>\n\n\n\n<div style=\"height:50px\" aria-hidden=\"true\" class=\"wp-block-spacer\"><\/div>\n<\/div>\n<\/div>\n\n\n\n<div class=\"wp-block-columns is-layout-flex wp-container-core-columns-is-layout-9d6595d7 wp-block-columns-is-layout-flex\">\n<div class=\"wp-block-column is-layout-flow wp-block-column-is-layout-flow\">\n<h2 class=\"wp-block-heading has-text-align-left has-background has-medium-font-size\" style=\"background-color:#e8ecf5\">PROGRAMA PROFESSOR S\u00caNIOR &#8211; EXERC\u00cdCIO 01\/2022<\/h2>\n\n\n\n<hr class=\"wp-block-separator has-text-color has-alpha-channel-opacity has-background is-style-wide\" style=\"background-color:#e8ecf5;color:#e8ecf5\" \/>\n\n\n\n<p><a href=\"https:\/\/ufpr.br\/propg\/wp-content\/uploads\/2024\/11\/sei_4990184_edital_01_2022-1.pdf\" target=\"_blank\" rel=\"noreferrer noopener\">Edital 01\/2022 \u2013 PRPPG<\/a> \u2013 publicado em 14\/10\/2022<\/p>\n\n\n\n<ul class=\"wp-block-list\">\n<li>Anexo:&nbsp;<a href=\"https:\/\/ufpr.br\/propg\/wp-content\/uploads\/2024\/11\/prppg_senior_14-10-2022.xlsx\" target=\"_blank\" rel=\"noreferrer noopener\">Planilha Professor S\u00eanior \u2013 Edital 01\/2022-PRPPG<\/a><\/li>\n<\/ul>\n\n\n\n<ul class=\"wp-block-list\">\n<li>Acesse as&nbsp;<a href=\"https:\/\/ufpr.br\/propg\/cpgss\/programa-professor-senior\/instrucoes-para-o-preenchimento-da-planilha\/\">instru\u00e7\u00f5es para preenchimento da planilha<\/a><\/li>\n<\/ul>\n\n\n\n<ul class=\"wp-block-list\">\n<li><a href=\"https:\/\/ufpr.br\/propg\/cpgss\/programa-professor-senior\/sobre-o-indice-h-para-processo-seletivo-de-bolsa\/\">Esclarecimento sobre o \u00cdndice H para Processo Seletivo de Bolsa Professor S\u00eanior<\/a><\/li>\n<\/ul>\n\n\n\n<ul class=\"wp-block-list\">\n<li><a href=\"https:\/\/ufpr.br\/propg\/wp-content\/uploads\/2024\/11\/sei_5037266_despacho_938-1.pdf\" target=\"_blank\" rel=\"noreferrer noopener\">Candidaturas homologadas <\/a>(Publicado em 26\/10\/2022)<\/li>\n<\/ul>\n\n\n\n<ul class=\"wp-block-list\">\n<li><a href=\"https:\/\/ufpr.br\/propg\/wp-content\/uploads\/2024\/11\/sei_5073337_despacho_136.pdf\" target=\"_blank\" rel=\"noreferrer noopener\">Resultado parcial<\/a> (Publicado em 09\/11\/2022)<\/li>\n<\/ul>\n\n\n\n<ul class=\"wp-block-list\">\n<li><a href=\"https:\/\/ufpr.br\/propg\/wp-content\/uploads\/2024\/11\/sei_5093135_despacho_143.pdf\" target=\"_blank\" rel=\"noreferrer noopener\">Resultado Final<\/a> (Publicado em 17\/11\/2022)<\/li>\n<\/ul>\n\n\n\n<div style=\"height:50px\" aria-hidden=\"true\" class=\"wp-block-spacer\"><\/div>\n<\/div>\n<\/div>\n\n\n\n<div class=\"wp-block-columns is-layout-flex wp-container-core-columns-is-layout-9d6595d7 wp-block-columns-is-layout-flex\">\n<div class=\"wp-block-column is-layout-flow wp-block-column-is-layout-flow\">\n<h2 class=\"wp-block-heading has-text-align-left has-background has-medium-font-size\" id=\"coordenadoria\" style=\"background-color:#e8ecf5\">PROGRAMA PROFESSOR S\u00caNIOR &#8211; EXERC\u00cdCIO 2021<\/h2>\n\n\n\n<hr class=\"wp-block-separator has-text-color has-alpha-channel-opacity has-background is-style-wide\" style=\"background-color:#e8ecf5;color:#e8ecf5\" \/>\n\n\n\n<p><a href=\"https:\/\/ufpr.br\/propg\/wp-content\/uploads\/2024\/11\/edital-01-de-2021-prppg-prof-senior-04-06-2020-1-1.pdf\">Edital 01\/2021 \u2013 PRPPG<\/a>&nbsp;\u2013 publicado em 15\/10\/2021<\/p>\n\n\n\n<ul class=\"wp-block-list\">\n<li>Anexo:&nbsp;<a href=\"https:\/\/ufpr.br\/propg\/wp-content\/uploads\/2024\/11\/prppg_senior_09-06-2020_ajustada-4.xlsx\" target=\"_blank\" rel=\"noreferrer noopener\">Planilha Professor S\u00eanior \u2013 Edital 01\/2021-PRPPG<\/a><\/li>\n<\/ul>\n\n\n\n<ul class=\"wp-block-list\">\n<li>Acesse as&nbsp;<a href=\"https:\/\/ufpr.br\/propg\/cpgss\/programa-professor-senior\/instrucoes-para-o-preenchimento-da-planilha\/\">instru\u00e7\u00f5es para preenchimento da planilha<\/a><\/li>\n<\/ul>\n\n\n\n<ul class=\"wp-block-list\">\n<li><a href=\"https:\/\/ufpr.br\/propg\/cpgss\/programa-professor-senior\/sobre-o-indice-h-para-processo-seletivo-de-bolsa\/\">Esclarecimento sobre o \u00cdndice H para Processo Seletivo de Bolsa Professor S\u00eanior<\/a><\/li>\n<\/ul>\n\n\n\n<ul class=\"wp-block-list\">\n<li><a href=\"https:\/\/ufpr.br\/propg\/cpgss\/programa-professor-senior\/candidaturas-homologadas-edital-01-2021\/\">Candidaturas homologadas<\/a>&nbsp;(publicado em 28.10.2021)<\/li>\n<\/ul>\n\n\n\n<ul class=\"wp-block-list\">\n<li><a href=\"https:\/\/ufpr.br\/propg\/cpgss\/programa-professor-senior\/resultado-parcial-edital-01-2021\/\">Resultado parcial<\/a>&nbsp;(publicado em 10.11.2021)<\/li>\n<\/ul>\n\n\n\n<ul class=\"wp-block-list\">\n<li><a href=\"https:\/\/ufpr.br\/propg\/cpgss\/programa-professor-senior\/resultado-senior-2021\/\">Resultado final<\/a>&nbsp;(publicado em 18.10.2021)<\/li>\n<\/ul>\n\n\n\n<div style=\"height:50px\" aria-hidden=\"true\" class=\"wp-block-spacer\"><\/div>\n<\/div>\n<\/div>\n\n\n\n<div class=\"wp-block-columns is-layout-flex wp-container-core-columns-is-layout-9d6595d7 wp-block-columns-is-layout-flex\">\n<div class=\"wp-block-column is-layout-flow wp-block-column-is-layout-flow\">\n<h2 class=\"wp-block-heading has-text-align-left has-background has-medium-font-size\" style=\"background-color:#e8ecf5\">PROGRAMA PROFESSOR S\u00caNIOR &#8211; EXERC\u00cdCIO 2020<\/h2>\n\n\n\n<hr class=\"wp-block-separator has-text-color has-alpha-channel-opacity has-background is-style-wide\" style=\"background-color:#e8ecf5;color:#e8ecf5\" \/>\n\n\n\n<p><a href=\"https:\/\/ufpr.br\/propg\/wp-content\/uploads\/2024\/11\/edital-02-de-2020-prppg-prof-senior-04-06-2020.pdf\" target=\"_blank\" rel=\"noreferrer noopener\">Edital 02\/2020-PRPPG<\/a>&nbsp;\u2013 publicado em 04\/06\/2020<\/p>\n\n\n\n<ul class=\"wp-block-list\">\n<li>Anexo:&nbsp;&nbsp;<a href=\"https:\/\/ufpr.br\/propg\/wp-content\/uploads\/2024\/11\/prppg_senior_09-06-2020_ajustada.xlsx\" target=\"_blank\" rel=\"noreferrer noopener\">Planilha Professor S\u00eanior \u2013 Edital 02\/2020-PRPPG<\/a> (<strong>atualizada em 18.06.2020<\/strong>)<\/li>\n<\/ul>\n\n\n\n<ul class=\"wp-block-list\">\n<li>Acesse as&nbsp;<a href=\"https:\/\/ufpr.br\/propg\/cpgss\/programa-professor-senior\/instrucoes-para-o-preenchimento-da-planilha\/\">instru\u00e7\u00f5es para preenchimento da planilha<\/a>&nbsp;(atualiza\u00e7\u00e3o: 18.06.2020)<\/li>\n<\/ul>\n\n\n\n<ul class=\"wp-block-list\">\n<li><a href=\"https:\/\/ufpr.br\/propg\/cpgss\/programa-professor-senior\/sobre-o-indice-h-para-processo-seletivo-de-bolsa\/\">Esclarecimento sobre o \u00cdndice H para Processo Seletivo de Bolsa Professor S\u00eanior<\/a><\/li>\n<\/ul>\n\n\n\n<ul class=\"wp-block-list\">\n<li><a href=\"https:\/\/ufpr.br\/propg\/cpgss\/programa-professor-senior\/candidaturas-homologadas-edital-02-2020\/\">Candidaturas homologadas<\/a>&nbsp;(publicado em 22.06.2020)<\/li>\n<\/ul>\n\n\n\n<ul class=\"wp-block-list\">\n<li><a href=\"https:\/\/ufpr.br\/propg\/cpgss\/programa-professor-senior\/resultado-parcial-edital-02-2020\/\">Resultado parcial&nbsp;<\/a>(publicado em 26.06.2020)<\/li>\n<\/ul>\n\n\n\n<ul class=\"wp-block-list\">\n<li><a href=\"https:\/\/ufpr.br\/propg\/cpgss\/programa-professor-senior\/resultado-final-edital-02-2020\/\">Resultado final<\/a>&nbsp;(publicado em 01.07.2020)<\/li>\n<\/ul>\n\n\n\n<p><a href=\"https:\/\/ufpr.br\/propg\/wp-content\/uploads\/2024\/11\/portaria-31-2020-prppg.pdf\" target=\"_blank\" rel=\"noreferrer noopener\">Portaria n\u00ba 31\/2020-PRPPG<\/a>&nbsp;\u2013 Estabelece os crit\u00e9rios para atribui\u00e7\u00e3o de bolsas a Professores Seniores da UFPR<\/p>\n\n\n\n<p><a href=\"https:\/\/ufpr.br\/propg\/wp-content\/uploads\/2024\/11\/res-11-19-estabelece-normas-programa-professor-snior.pdf\" target=\"_blank\" rel=\"noreferrer noopener\">Resolu\u00e7\u00e3o n\u00ba 11\/19-CEPE<\/a>&nbsp;\u2013 Estabelece normas para o Programa Professor S\u00eanior da UFPR<\/p>\n\n\n\n<div style=\"height:50px\" aria-hidden=\"true\" class=\"wp-block-spacer\"><\/div>\n<\/div>\n<\/div>\n\n\n\n<div class=\"wp-block-columns is-layout-flex wp-container-core-columns-is-layout-9d6595d7 wp-block-columns-is-layout-flex\">\n<div class=\"wp-block-column is-layout-flow wp-block-column-is-layout-flow\">\n<h2 class=\"wp-block-heading has-text-align-left has-background has-medium-font-size\" style=\"background-color:#e8ecf5\">\u00cdNDICE H<\/h2>\n\n\n\n<hr class=\"wp-block-separator has-text-color has-alpha-channel-opacity has-background is-style-wide\" style=\"background-color:#e8ecf5;color:#e8ecf5\" \/>\n\n\n\n<p>Acesse as&nbsp;<a href=\"https:\/\/ufpr.br\/propg\/cpgss\/programa-professor-senior\/sobre-o-indice-h-para-processo-seletivo-de-bolsa\/\">orienta\u00e7\u00f5es para inclus\u00e3o do \u00edndice H na planilha de processo seletivo<\/a>.<\/p>\n\n\n\n<div style=\"height:50px\" aria-hidden=\"true\" class=\"wp-block-spacer\"><\/div>\n<\/div>\n<\/div>\n\n\n\n<div class=\"wp-block-columns is-layout-flex wp-container-core-columns-is-layout-9d6595d7 wp-block-columns-is-layout-flex\">\n<div class=\"wp-block-column is-layout-flow wp-block-column-is-layout-flow\">\n<h2 class=\"wp-block-heading has-text-align-left has-background has-medium-font-size\" style=\"background-color:#e8ecf5\">DECLARA\u00c7\u00c3O DE PARENTESCO<\/h2>\n\n\n\n<hr class=\"wp-block-separator has-text-color has-alpha-channel-opacity has-background is-style-wide\" style=\"background-color:#e8ecf5;color:#e8ecf5\" \/>\n\n\n\n<p>Acesse as&nbsp;<a href=\"https:\/\/ufpr.br\/propg\/cpgss\/programa-professor-senior\/declaracao-de-parentesco\/\">instru\u00e7\u00f5es para elabora\u00e7\u00e3o da declara\u00e7\u00e3o de parentesco<\/a>&nbsp;obrigat\u00f3ria.<\/p>\n\n\n\n<div style=\"height:50px\" aria-hidden=\"true\" class=\"wp-block-spacer\"><\/div>\n<\/div>\n<\/div>\n\n\n\n<div class=\"wp-block-columns is-layout-flex wp-container-core-columns-is-layout-9d6595d7 wp-block-columns-is-layout-flex\">\n<div class=\"wp-block-column is-layout-flow wp-block-column-is-layout-flow\">\n<h2 class=\"wp-block-heading has-text-align-left has-background has-medium-font-size\" id=\"coordenadoria\" style=\"background-color:#e8ecf5\">CREDENCIAMENTO DO DOCENTE S\u00caNIOR<\/h2>\n\n\n\n<hr class=\"wp-block-separator has-text-color has-alpha-channel-opacity has-background is-style-wide\" style=\"background-color:#e8ecf5;color:#e8ecf5\" \/>\n\n\n\n<p>&nbsp;O&nbsp;<a href=\"https:\/\/ufpr.br\/propg\/cpgss\/credenciamento-docente\/\">credenciamento&nbsp;de&nbsp;docentes&nbsp;na p\u00f3s-gradua\u00e7\u00e3o<\/a>&nbsp;\u00e9 realizado pelo colegiado do programa, seguindo o regimento interno, a&nbsp;<a title=\"\" href=\"http:\/\/www.soc.ufpr.br\/portal\/wp-content\/uploads\/2017\/12\/Res.-32-17-CEPE-Normas-para-o-curso-de-P%C3%B3s-Gradua%C3%A7%C3%A3o-stricto-sensu.pdf\" target=\"_blank\" rel=\"noopener\">Resolu\u00e7\u00e3o 32\/17-CEPE<\/a>&nbsp;e&nbsp;o determinado atrav\u00e9s da&nbsp;<a href=\"https:\/\/ufpr.br\/propg\/wp-content\/uploads\/2024\/11\/0-portaria-capes-81-de-2016-categorias-docentes.pdf\" target=\"_blank\" rel=\"noreferrer noopener\">Portaria CAPES 81\/16<\/a>.<\/p>\n\n\n\n<ul class=\"wp-block-list\">\n<li>Acesse as<a href=\"https:\/\/ufpr.br\/propg\/cpgss\/credenciamento-docente-senior\/\">&nbsp;instru\u00e7\u00f5es para credenciamento de docente s\u00eanior<\/a>&nbsp;(permanente ou colaborador, com ou sem remunera\u00e7\u00e3o)<\/li>\n<\/ul>\n\n\n\n<ul class=\"wp-block-list\">\n<li>Acesse as&nbsp;<a href=\"https:\/\/ufpr.br\/propg\/cpgss\/programa-professor-senior\/termo-senior-siga\/\" target=\"_blank\" rel=\"noreferrer noopener\">instru\u00e7\u00f5es para inserir o&nbsp;termo de compromisso<\/a>&nbsp;para credenciamento de docente s\u00eanior permanente no sistema SIGA<\/li>\n<\/ul>\n\n\n\n<div style=\"height:50px\" aria-hidden=\"true\" class=\"wp-block-spacer\"><\/div>\n<\/div>\n<\/div>\n\n\n\n<div class=\"wp-block-columns is-layout-flex wp-container-core-columns-is-layout-9d6595d7 wp-block-columns-is-layout-flex\">\n<div class=\"wp-block-column is-layout-flow wp-block-column-is-layout-flow\">\n<h2 class=\"wp-block-heading has-text-align-left has-background has-medium-font-size\" style=\"background-color:#e8ecf5\">COMUNICADOS, DOCUMENTOS E NORMATIVAS ANTERIORES<\/h2>\n\n\n\n<hr class=\"wp-block-separator has-text-color has-alpha-channel-opacity has-background is-style-wide\" style=\"background-color:#e8ecf5;color:#e8ecf5\" \/>\n\n\n\n<ul class=\"wp-block-list\">\n<li><a href=\"https:\/\/ufpr.br\/propg\/wp-content\/uploads\/2024\/12\/sei_23075-008509_2018_60.pdf\" target=\"_blank\" rel=\"noreferrer noopener\">Of\u00edcio Circular&nbsp; \u2013 Novos crit\u00e9rios para pagamento de bolsa Professor S\u00eanior<\/a>&nbsp;(26.03.2018)<\/li>\n<\/ul>\n\n\n\n<ul class=\"wp-block-list\">\n<li><a href=\"https:\/\/ufpr.br\/propg\/wp-content\/uploads\/2024\/12\/portaria-04-calendario-para-professores-seniores-1.pdf\" target=\"_blank\" rel=\"noreferrer noopener\">Portaria 04\/18 \u2013 Calend\u00e1rio para professores seniores<\/a>&nbsp;(09.04.2018)<\/li>\n<\/ul>\n\n\n\n<ul class=\"wp-block-list\">\n<li><a href=\"https:\/\/ufpr.br\/propg\/wp-content\/uploads\/2024\/12\/portaria-08-de-2018.pdf\" target=\"_blank\" rel=\"noreferrer noopener\">Portaria 08\/18 \u2013 Crit\u00e9rios para vincula\u00e7\u00e3o de professores seniores<\/a>&nbsp;(26.04.2018)<\/li>\n<\/ul>\n\n\n\n<ul class=\"wp-block-list\">\n<li><a href=\"https:\/\/ufpr.br\/propg\/cpgss\/programa-professor-senior\/instrucoes-para-o-preenchimento-da-planilha\/\">Instru\u00e7\u00f5es para preenchimento da planilha<\/a>&nbsp;| Anexo: Vers\u00e3o edit\u00e1vel da&nbsp;<a href=\"https:\/\/ufpr.br\/propg\/wp-content\/uploads\/2024\/12\/prppg_senior-1.xlsx\" target=\"_blank\" rel=\"noreferrer noopener\">planilha de professor s\u00eanior<\/a>&nbsp;(26.04.2018)<\/li>\n<\/ul>\n\n\n\n<ul class=\"wp-block-list\">\n<li><a title=\"\" href=\"http:\/\/www.soc.ufpr.br\/portal\/wp-content\/uploads\/2019\/10\/cepe1119-assinada.pdf\" target=\"_blank\" rel=\"noopener\">Resolu\u00e7\u00e3o n.\u00ba 11\/19 \u2013 CEPE<\/a>&nbsp;\u2013 (substitui a&nbsp;<a title=\"\" href=\"http:\/\/www.soc.ufpr.br\/portal\/wp-content\/uploads\/2017\/08\/cepe1617-Programa-Professor-S%C3%AAnior-alterado-pela-resolu%C3%A7%C3%A3o-37.18-do-dia-10.08.2018..pdf\" target=\"_blank\" rel=\"noopener\">Resolu\u00e7\u00e3o n.\u00ba 16\/17 \u2013 CEPE<\/a>) \u2013 Estabelece normas para o Programa Professor S\u00eanior da Universidade Federal do Paran\u00e1 \u2013 (publicada em 18.10.19).<\/li>\n<\/ul>\n\n\n\n<ul class=\"wp-block-list\">\n<li><a href=\"https:\/\/ufpr.br\/propg\/wp-content\/uploads\/2024\/12\/contemplados-programa-snior-2018_site.pdf\" target=\"_blank\" rel=\"noreferrer noopener\">Resultado Programa Professor S\u00eanior UFPR 2018&nbsp;<\/a>&nbsp;(atualizado em 27.06.2018)<\/li>\n<\/ul>\n\n\n\n<ul class=\"wp-block-list\">\n<li><a href=\"https:\/\/ufpr.br\/propg\/wp-content\/uploads\/2024\/12\/carta-senior.pdf\" target=\"_blank\" rel=\"noreferrer noopener\">Of\u00edcio Circular \u2013 Esclarecimentos Programa Professor S\u00eanior<\/a>&nbsp;(10.05.2018)|&nbsp;<strong>Anexo<\/strong>:&nbsp;<a href=\"https:\/\/ufpr.br\/propg\/wp-content\/uploads\/2024\/12\/termo-de-compromisso-snior.docx\" target=\"_blank\" rel=\"noreferrer noopener\">Termo de compromisso s\u00eanior<\/a>&nbsp;(10.05.2018)<\/li>\n<\/ul>\n<\/div>\n<\/div>\n\n\n\n<hr class=\"wp-block-separator has-text-color has-alpha-channel-opacity has-background is-style-wide\" style=\"background-color:#e8ecf5;color:#e8ecf5\" \/>\n\n\n\n<p class=\"has-text-color has-link-color wp-elements-16631d866001ae142cbdd3786f7ccd26\" style=\"color:#243673\"><strong><a title=\"\" href=\"#topo\">Voltar ao topo<\/a><\/strong><\/p>\n<\/div>\n\n\n\n<div class=\"wp-block-column is-layout-flow wp-block-column-is-layout-flow\" style=\"flex-basis:10%\"><\/div>\n<\/div>\n\n\n\n<p><\/p>\n\n\n\n<div class=\"wp-block-file\"><a id=\"wp-block-file--media-b293c12c-be09-4ffb-a09d-fcb7038534d2\" href=\"https:\/\/ufpr.br\/propg\/wp-content\/uploads\/2026\/03\/Termo-de-compromisso-Prof-Senior-2026.docx\">Termo de compromisso Prof S\u00eanior &#8211; 2026<\/a><a href=\"https:\/\/ufpr.br\/propg\/wp-content\/uploads\/2026\/03\/Termo-de-compromisso-Prof-Senior-2026.docx\" class=\"wp-block-file__button wp-element-button\" download aria-describedby=\"wp-block-file--media-b293c12c-be09-4ffb-a09d-fcb7038534d2\">Baixar<\/a><\/div>\n","protected":false},"excerpt":{"rendered":"<p>COMUNICADO Considerando as restri\u00e7\u00f5es or\u00e7ament\u00e1rias previstas para o exerc\u00edcio de 2025, informamos que o pagamento das bolsas destinadas ao Programa Professor S\u00eanior ser\u00e1 interrompido a partir de julho de 2025. Essa medida visa ajustar as despesas da Universidade Federal do Paran\u00e1 \u00e0 disponibilidade de recursos, garantindo a sustentabilidade financeira das atividades institucionais priorit\u00e1rias. Reconhecemos a [&hellip;]<\/p>\n","protected":false},"author":5,"featured_media":0,"parent":2756,"menu_order":0,"comment_status":"closed","ping_status":"closed","template":"","meta":{"footnotes":""},"class_list":["post-4027","page","type-page","status-publish","hentry"],"_links":{"self":[{"href":"https:\/\/ufpr.br\/propg\/wp-json\/wp\/v2\/pages\/4027","targetHints":{"allow":["GET"]}}],"collection":[{"href":"https:\/\/ufpr.br\/propg\/wp-json\/wp\/v2\/pages"}],"about":[{"href":"https:\/\/ufpr.br\/propg\/wp-json\/wp\/v2\/types\/page"}],"author":[{"embeddable":true,"href":"https:\/\/ufpr.br\/propg\/wp-json\/wp\/v2\/users\/5"}],"replies":[{"embeddable":true,"href":"https:\/\/ufpr.br\/propg\/wp-json\/wp\/v2\/comments?post=4027"}],"version-history":[{"count":117,"href":"https:\/\/ufpr.br\/propg\/wp-json\/wp\/v2\/pages\/4027\/revisions"}],"predecessor-version":[{"id":51976,"href":"https:\/\/ufpr.br\/propg\/wp-json\/wp\/v2\/pages\/4027\/revisions\/51976"}],"up":[{"embeddable":true,"href":"https:\/\/ufpr.br\/propg\/wp-json\/wp\/v2\/pages\/2756"}],"wp:attachment":[{"href":"https:\/\/ufpr.br\/propg\/wp-json\/wp\/v2\/media?parent=4027"}],"curies":[{"name":"wp","href":"https:\/\/api.w.org\/{rel}","templated":true}]}}