{"id":4014,"date":"2024-11-19T21:02:28","date_gmt":"2024-11-20T00:02:28","guid":{"rendered":"https:\/\/ufpr.br\/?page=4014"},"modified":"2026-03-13T15:56:29","modified_gmt":"2026-03-13T18:56:29","slug":"programa-professor-visitante","status":"publish","type":"page","link":"https:\/\/ufpr.br\/propg\/cpgss\/programa-professor-visitante\/","title":{"rendered":"Programa Professor Visitante"},"content":{"rendered":"\n<div style=\"height:50px\" aria-hidden=\"true\" class=\"wp-block-spacer\"><\/div>\n\n\n\n<div class=\"wp-block-columns is-layout-flex wp-container-core-columns-is-layout-9d6595d7 wp-block-columns-is-layout-flex\">\n<div class=\"wp-block-column is-layout-flow wp-block-column-is-layout-flow\" style=\"flex-basis:20%\"><div class=\"wp-block-image\">\n<figure class=\"aligncenter size-full is-resized\" id=\"topo\"><img decoding=\"async\" src=\"https:\/\/ufpr.br\/propg\/wp-content\/uploads\/2025\/06\/Icone_ProfessorVisitante_Rosa.png\" alt=\"\" class=\"wp-image-7950\" style=\"width:120px\" \/><\/figure><\/div><\/div>\n\n\n\n<div class=\"wp-block-column is-layout-flow wp-block-column-is-layout-flow\" style=\"flex-basis:70%\">\n<blockquote class=\"wp-block-quote is-layout-flow wp-block-quote-is-layout-flow\">\n<p>O Programa Professor Visitante possibilita a mobilidade de professores visitantes vinculados \u00e0 institui\u00e7\u00f5es estrangeiras de ensino e pesquisa com o objetivo de nuclear e consolidar \u00e1reas, linhas e projetos de pesquisa, promover a internacionaliza\u00e7\u00e3o no \u00e2mbito da P\u00f3s-gradua\u00e7\u00e3o e, em car\u00e1ter excepcional, exercer atividades em cursos de gradua\u00e7\u00e3o em processo de implanta\u00e7\u00e3o ou altera\u00e7\u00e3o curricular da Universidade Federal do Paran\u00e1.<\/p>\n\n\n\n<p>O Programa Professor Visitante ocorrer\u00e1 em duas modalidades: volunt\u00e1rios&nbsp;<strong>sem<\/strong>&nbsp;<strong>remunera\u00e7\u00e3o<\/strong> e&nbsp;volunt\u00e1rios<strong>&nbsp;com&nbsp;remunera\u00e7\u00e3o<\/strong>&nbsp;na forma da lei, sendo que nenhuma das modalidades caracterizar-se-\u00e1 em v\u00ednculo empregat\u00edcio desses profissionais com a UFPR.<\/p>\n<\/blockquote>\n\n\n\n<div style=\"height:25px\" aria-hidden=\"true\" class=\"wp-block-spacer\"><\/div>\n\n\n\n<hr class=\"wp-block-separator has-text-color has-alpha-channel-opacity has-background is-style-wide\" style=\"background-color:#e8ecf5;color:#e8ecf5\" \/>\n\n\n\n<p><strong><mark class=\"has-inline-color has-vivid-red-color\">Importante:<\/mark><\/strong> este programa n\u00e3o se destina aos professores aposentados da UFPR. Docentes aposentados da UFPR enquadram-se no&nbsp;<a href=\"https:\/\/ufpr.br\/propg\/cpgss\/programa-professor-senior\/\" title=\"\">Programa Professor S\u00eanior<\/a>.<\/p>\n\n\n\n<hr class=\"wp-block-separator has-text-color has-alpha-channel-opacity has-background is-style-wide\" style=\"background-color:#e8ecf5;color:#e8ecf5\" \/>\n\n\n\n<p>Consulte a&nbsp;<a href=\"https:\/\/ufpr.br\/propg\/wp-content\/uploads\/2024\/11\/resoluo_cepe2917_visitante.pdf\" target=\"_blank\" rel=\"noopener\" title=\"\">Resolu\u00e7\u00e3o n.\u00ba 29\/17- CEPE<\/a>&nbsp;e&nbsp;a&nbsp;<a href=\"https:\/\/ufpr.br\/propg\/wp-content\/uploads\/2024\/11\/portaria-182018_prppg_programa-visitante.pdf\" target=\"_blank\" rel=\"noopener\" title=\"\">Portaria 18\/18-PRPPG<\/a>&nbsp;(substitui a Portaria 07\/18-PRPPG)<\/p>\n\n\n\n<div style=\"height:50px\" aria-hidden=\"true\" class=\"wp-block-spacer\"><\/div>\n\n\n\n<h2 class=\"wp-block-heading has-text-align-left has-background has-medium-font-size\" id=\"coordenadoria\" style=\"background-color:#e8ecf5\">OBJETIVO DO PROGRAMA PROFESSOR VISITANTE VOLUNT\u00c1RIO COM REMUNERA\u00c7\u00c3O<\/h2>\n\n\n\n<hr class=\"wp-block-separator has-text-color has-alpha-channel-opacity has-background is-style-wide\" style=\"background-color:#e8ecf5;color:#e8ecf5\" \/>\n\n\n\n<p>Prover condi\u00e7\u00f5es para viabilizar a participa\u00e7\u00e3o de professor de institui\u00e7\u00e3o de ensino superior estrangeira para atividades acad\u00eamicas em programas de p\u00f3s-gradua\u00e7\u00e3o da UFPR, que envolvam diretamente alunos de p\u00f3s-gradua\u00e7\u00e3o e gradua\u00e7\u00e3o, para internacionaliza\u00e7\u00e3o dos cursos de p\u00f3s-gradua\u00e7\u00e3o e gradua\u00e7\u00e3o.<\/p>\n\n\n\n<div style=\"height:50px\" aria-hidden=\"true\" class=\"wp-block-spacer\"><\/div>\n\n\n\n<h2 class=\"wp-block-heading has-text-align-left has-background has-medium-font-size\" id=\"coordenadoria\" style=\"background-color:#e8ecf5\"><strong>REQUISITOS<\/strong><\/h2>\n\n\n\n<hr class=\"wp-block-separator has-text-color has-alpha-channel-opacity has-background is-style-wide\" style=\"background-color:#e8ecf5;color:#e8ecf5\" \/>\n\n\n\n<p>O professor visitante dever\u00e1 ministrar disciplina ou palestra em programa de p\u00f3s-gradua\u00e7\u00e3o da UFPR. A proposta deve contemplar o hist\u00f3rico da coopera\u00e7\u00e3o acad\u00eamica entre o programa de p\u00f3s-gradua\u00e7\u00e3o e o professor\/IES (mobilidade discente, mobilidade docente, co-orienta\u00e7\u00e3o, pesquisa conjunta), al\u00e9m da documenta\u00e7\u00e3o completa exigida (vide&nbsp;<a href=\"https:\/\/ufpr.br\/propg\/cpgss\/programa-professor-visitante\/checklist\/\" target=\"_blank\" rel=\"noopener\" title=\"\">checklist<\/a>).<\/p>\n\n\n\n<div style=\"height:50px\" aria-hidden=\"true\" class=\"wp-block-spacer\"><\/div>\n\n\n\n<h2 class=\"wp-block-heading has-text-align-left has-background has-medium-font-size\" id=\"coordenadoria\" style=\"background-color:#e8ecf5\"><strong>REMUNERA\u00c7\u00c3O<\/strong><\/h2>\n\n\n\n<hr class=\"wp-block-separator has-text-color has-alpha-channel-opacity has-background is-style-wide\" style=\"background-color:#e8ecf5;color:#e8ecf5\" \/>\n\n\n\n<p>Remunera\u00e7\u00e3o mensal paga no m\u00eas subsequente do in\u00edcio das atividades, conforme enquadramento funcional na universidade ou institui\u00e7\u00e3o de origem, nos termos da&nbsp;<a href=\"https:\/\/ufpr.br\/propg\/wp-content\/uploads\/2024\/11\/resoluo_cepe2917_visitante.pdf\" target=\"_blank\" rel=\"noopener\" title=\"\">Resolu\u00e7\u00e3o n.\u00ba 29\/17- CEPE<\/a>.&nbsp;<strong>N\u00e3o<\/strong>&nbsp;haver\u00e1 pagamento de benef\u00edcios (como aux\u00edlio instala\u00e7\u00e3o, moradia, alimenta\u00e7\u00e3o, deslocamento, dentre outros) nem pagamento adiantado.<\/p>\n\n\n\n<p>Consulte a&nbsp;<a href=\"http:\/\/www.progepe.ufpr.br\/progepe\/?page_id=303\" target=\"_blank\" rel=\"noreferrer noopener\">Tabela de Vencimentos do Plano de Carreiras e Cargos de Magist\u00e9rio Federal<\/a><\/p>\n\n\n\n<div style=\"height:50px\" aria-hidden=\"true\" class=\"wp-block-spacer\"><\/div>\n\n\n\n<h2 class=\"wp-block-heading has-text-align-left has-background has-medium-font-size\" id=\"coordenadoria\" style=\"background-color:#e8ecf5\"><strong>DURA\u00c7\u00c3O<\/strong><\/h2>\n\n\n\n<hr class=\"wp-block-separator has-text-color has-alpha-channel-opacity has-background is-style-wide\" style=\"background-color:#e8ecf5;color:#e8ecf5\" \/>\n\n\n\n<p>Os programas devem submeter as propostas e enviar toda a documenta\u00e7\u00e3o complementar,&nbsp;<strong>exclusivamente via Sistema SEI<\/strong>, at\u00e9 \u00e0s 17h do \u00faltimo dia da data limite, hor\u00e1rio de Bras\u00edlia, conforme estabelecido no calend\u00e1rio para envio das propostas. O&nbsp;<a href=\"https:\/\/ufpr.br\/propg\/cpgss\/programa-professor-visitante\/comite-gestor-visitante\/\" title=\"\">Comit\u00ea Gestor<\/a>&nbsp;n\u00e3o se responsabilizar\u00e1 por inscri\u00e7\u00f5es n\u00e3o recebidas dentro do prazo em decorr\u00eancia de eventuais problemas t\u00e9cnicos, de congestionamentos das linhas de comunica\u00e7\u00e3o, bem como por outros fatores que impossibilitem a transfer\u00eancia de dados. Processos administrativos enviados para outras unidades que n\u00e3o a&nbsp;<strong>UFPR\/R\/PRPPG\/CPGSS\/UBA<\/strong>&nbsp;ser\u00e3o desclassificados.<\/p>\n\n\n\n<p><strong><mark class=\"has-inline-color has-vivid-red-color\">Aten\u00e7\u00e3o:<\/mark><\/strong> a veracidade dos dados \u00e9 de responsabilidade dos proponentes.&nbsp;<mark style=\"background-color:#8ed1fc\" class=\"has-inline-color has-black-color\">A inconsist\u00eancia do envio dos dados (dados incorretos, incompletos ou enviados fora do prazo) poder\u00e1 impactar diretamente na an\u00e1lise de m\u00e9rito<\/mark>&nbsp;realizada pelo&nbsp;<a href=\"https:\/\/ufpr.br\/propg\/cpgss\/programa-professor-visitante\/comite-gestor-visitante\/\" title=\"\">Comit\u00ea Gestor<\/a>.<\/p>\n\n\n\n<div style=\"height:50px\" aria-hidden=\"true\" class=\"wp-block-spacer\"><\/div>\n\n\n\n<h2 class=\"wp-block-heading has-text-align-left has-background has-medium-font-size\" id=\"coordenadoria\" style=\"background-color:#e8ecf5\">ENVIO DAS PROPOSTAS<\/h2>\n\n\n\n<p><em>Atualizado em 13\/03\/2026<\/em><\/p>\n\n\n\n<p>O Programa Professor Visitante est\u00e1 passando por processo de reformula\u00e7\u00e3o normativa. A proposta de revis\u00e3o da resolu\u00e7\u00e3o foi encaminhada para tramita\u00e7\u00e3o institucional e, t\u00e3o logo a nova resolu\u00e7\u00e3o seja publicada, as orienta\u00e7\u00f5es atualizadas sobre submiss\u00e3o de propostas e procedimentos ser\u00e3o divulgadas nesta p\u00e1gina.<\/p>\n\n\n\n<div style=\"height:50px\" aria-hidden=\"true\" class=\"wp-block-spacer\"><\/div>\n\n\n\n<h2 class=\"wp-block-heading has-text-align-left has-background has-medium-font-size\" id=\"coordenadoria\" style=\"background-color:#e8ecf5\">ETAPAS DE AN\u00c1LISE DAS PROPOSTAS<\/h2>\n\n\n\n<hr class=\"wp-block-separator has-text-color has-alpha-channel-opacity has-background is-style-wide\" style=\"background-color:#e8ecf5;color:#e8ecf5\" \/>\n\n\n\n<figure class=\"wp-block-table is-style-stripes\"><table class=\"has-black-color has-text-color has-link-color has-fixed-layout\"><thead><tr><th>Etapa<\/th><th>Datas previstas<\/th><\/tr><\/thead><tbody><tr><td><strong>Envio das propostas<\/strong><\/td><td>Anteced\u00eancia de 6 meses do in\u00edcio das atividades acad\u00eamicas<\/td><\/tr><tr><td><strong>Resultado Preliminar<\/strong><\/td><td>10 dias \u00fateis ap\u00f3s a reuni\u00e3o do comit\u00ea gestor<\/td><\/tr><tr><td><strong>Prazo para recursos<\/strong><\/td><td>02 dias \u00fateis ap\u00f3s a publica\u00e7\u00e3o do resultado preliminar<\/td><\/tr><tr><td><strong>Resultado final<\/strong><\/td><td>07 dias \u00fateis ap\u00f3s a publica\u00e7\u00e3o do resultado preliminar<\/td><\/tr><tr><td><strong>Complementa\u00e7\u00e3o de Documentos<\/strong><\/td><td>At\u00e9 60 dias antes do in\u00edcio das atividades acad\u00eamicas<\/td><\/tr><tr><td><strong>In\u00edcio das atividades acad\u00eamicas<\/strong><\/td><td>M\u00ednimo de 6 meses ap\u00f3s envio da proposta completa<\/td><\/tr><\/tbody><\/table><\/figure>\n\n\n\n<div style=\"height:50px\" aria-hidden=\"true\" class=\"wp-block-spacer\"><\/div>\n\n\n\n<h2 class=\"wp-block-heading has-text-align-left has-background has-medium-font-size\" id=\"coordenadoria\" style=\"background-color:#e8ecf5\">AN\u00c1LISE DAS PROPOSTAS<\/h2>\n\n\n\n<hr class=\"wp-block-separator has-text-color has-alpha-channel-opacity has-background is-style-wide\" style=\"background-color:#e8ecf5;color:#e8ecf5\" \/>\n\n\n\n<p>As propostas submetidas pelos programas de p\u00f3s-gradua\u00e7\u00e3o ser\u00e3o analisadas pela \u00e1rea t\u00e9cnica da Unidade de Bolsas e Aux\u00edlios com rela\u00e7\u00e3o \u00e0 instru\u00e7\u00e3o processual (vide checklist de documentos exigidos) e com rela\u00e7\u00e3o \u00e0 temporalidade (calend\u00e1rio e data limite de submiss\u00e3o). Ap\u00f3s a an\u00e1lise t\u00e9cnica, o&nbsp;<a title=\"\" href=\"https:\/\/ufpr.br\/propg\/cpgss\/programa-professor-visitante\/comite-gestor-visitante\/\">Comit\u00ea Gestor<\/a>&nbsp;analisar\u00e1 o m\u00e9rito conforme crit\u00e9rios estabelecidos em legisla\u00e7\u00e3o para justificar o interesse institucional em contratar o professor visitante.<\/p>\n\n\n\n<div style=\"height:50px\" aria-hidden=\"true\" class=\"wp-block-spacer\"><\/div>\n\n\n\n<h2 class=\"wp-block-heading has-text-align-left has-background has-medium-font-size\" id=\"coordenadoria\" style=\"background-color:#e8ecf5\">* INFORMA\u00c7\u00d5ES IMPORTANTES<\/h2>\n\n\n\n<hr class=\"wp-block-separator has-text-color has-alpha-channel-opacity has-background is-style-wide\" style=\"background-color:#e8ecf5;color:#e8ecf5\" \/>\n\n\n\n<p>N\u00e3o haver\u00e1 pagamento adiantado ao professor visitante: em fun\u00e7\u00e3o do calend\u00e1rio do sistema de pagamento federal, a bolsa poder\u00e1 ser depositada ap\u00f3s o retorno do docente a seu pa\u00eds de origem. Deste modo, \u00e9 preciso que o interessado tome as devidas provid\u00eancias junto \u00e0s institui\u00e7\u00f5es banc\u00e1rias para adequa\u00e7\u00e3o dos prazos e eventuais remessas de valores ao exterior.<\/p>\n\n\n\n<p>Frente \u00e0 diversidade de procedimentos para a obten\u00e7\u00e3o de visto e a sua frequente altera\u00e7\u00e3o, a representa\u00e7\u00e3o diplom\u00e1tica do Brasil em seu pa\u00eds de origem tamb\u00e9m deve ser consultada para obter informa\u00e7\u00f5es precisas e seguras.<\/p>\n\n\n\n<ul class=\"wp-block-list\">\n<li><a href=\"https:\/\/ufpr.br\/propg\/cpgss\/programa-professor-visitante\/checklist\/\" title=\"\">Checklist de documentos para instru\u00e7\u00e3o processual para solicita\u00e7\u00e3o<\/a><\/li>\n<\/ul>\n\n\n\n<ul class=\"wp-block-list\">\n<li><a href=\"https:\/\/ufpr.br\/propg\/wp-content\/uploads\/2024\/11\/check-list_geral-documentos.pdf\" target=\"_blank\" rel=\"noopener\" title=\"\">Check List Geral<\/a>&nbsp;(*somente ap\u00f3s a delibera\u00e7\u00e3o de deferimento do Comit\u00ea Gestor, para solicita\u00e7\u00e3o de visto, autoriza\u00e7\u00e3o de trabalho e contrata\u00e7\u00e3o do professor visitante).<\/li>\n<\/ul>\n\n\n\n<ul class=\"wp-block-list\">\n<li>Tr\u00e2mites Processuais do Programa Professor Visitante&nbsp; \u2013&nbsp;<a href=\"https:\/\/ufpr.br\/propg\/wp-content\/uploads\/2024\/11\/fluxo-de-instrumentao-do-processo_prof-visitante_verso-final.pdf\" target=\"_blank\" rel=\"noopener\" title=\"\">Fluxo de Instrumenta\u00e7\u00e3o do Processo<\/a><\/li>\n<\/ul>\n\n\n\n<ul class=\"wp-block-list\">\n<li>Descritivo do Fluxo Processual&nbsp;\u2013&nbsp;<a href=\"https:\/\/ufpr.br\/propg\/wp-content\/uploads\/2024\/11\/descritivo-trmites-processuais-do-fluxograma_atual.pdf\" target=\"_blank\" rel=\"noopener\" title=\"\">Descritivo Tr\u00e2mites Processuais do Fluxograma<\/a><\/li>\n<\/ul>\n\n\n\n<ul class=\"wp-block-list\">\n<li>Tutorial da plataforma MigranteWeb (Minist\u00e9rio do Trabalho)&nbsp;\u2013&nbsp;<a href=\"https:\/\/ufpr.br\/propg\/wp-content\/uploads\/2024\/11\/preenchimento-migranteweb.pdf\" target=\"_blank\" rel=\"noopener\" title=\"\">Tutorial preenchimento MigranteWeb<\/a><\/li>\n<\/ul>\n\n\n\n<ul class=\"wp-block-list\">\n<li>V\u00eddeo Tutorial MigranteWeb (Minist\u00e9rio do Trabalho) \u2013<a href=\"http:\/\/trabalho.gov.br\/trabalho-estrangeiro\/migrante-web\/2015-11-26-20-07-04\/video-tutorial\" target=\"_blank\" rel=\"noopener\" title=\"\">&nbsp;http:\/\/trabalho.gov.br\/trabalho-estrangeiro\/migrante-web\/2015-11-26-20-07-04\/video-tutorial<\/a><\/li>\n<\/ul>\n\n\n\n<ul class=\"wp-block-list\">\n<li><mark style=\"background-color:#8ed1fc\" class=\"has-inline-color has-black-color\">FORMUL\u00c1RIOS SOLICITADOS PELA PROGEPE PARA FORMALIZA\u00c7\u00c3O DA CONTRATA\u00c7\u00c3O DO PROFESSOR VISITANTE&nbsp;<\/mark>\u2013&nbsp;<a href=\"https:\/\/ufpr.br\/propg\/cpgss\/programa-professor-visitante\/formularios-progepe-formalizacao-da-contratacao\/\">https:\/\/ufpr.br\/propg\/cpgss\/programa-professor-visitante\/formularios-progepe-formalizacao-da-contratacao\/<\/a><\/li>\n<\/ul>\n\n\n\n<div style=\"height:25px\" aria-hidden=\"true\" class=\"wp-block-spacer\"><\/div>\n\n\n\n<hr class=\"wp-block-separator has-text-color has-alpha-channel-opacity has-background is-style-wide\" style=\"background-color:#e8ecf5;color:#e8ecf5\" \/>\n\n\n\n<p>Saiba mais:&nbsp;<a href=\"https:\/\/ufpr.br\/propg\/cpgss\/programa-professor-visitante\/comite-gestor-visitante\/\" title=\"\">Conhe\u00e7a a composi\u00e7\u00e3o do Comit\u00ea Gestor<\/a>&nbsp;&nbsp;&nbsp; &nbsp;<\/p>\n\n\n\n<hr class=\"wp-block-separator has-text-color has-alpha-channel-opacity has-background is-style-wide\" style=\"background-color:#e8ecf5;color:#e8ecf5\" \/>\n\n\n\n<p class=\"has-text-color has-link-color wp-elements-35347cca6bfe07bb2bf966001a1b447f\" style=\"color:#243673\"><strong><a href=\"#topo\" title=\"\">Voltar ao topo<\/a><\/strong><\/p>\n<\/div>\n\n\n\n<div class=\"wp-block-column is-layout-flow wp-block-column-is-layout-flow\" style=\"flex-basis:10%\"><\/div>\n<\/div>\n\n\n\n<p><\/p>\n","protected":false},"excerpt":{"rendered":"<p>O Programa Professor Visitante possibilita a mobilidade de professores visitantes vinculados \u00e0 institui\u00e7\u00f5es estrangeiras de ensino e pesquisa com o objetivo de nuclear e consolidar \u00e1reas, linhas e projetos de pesquisa, promover a internacionaliza\u00e7\u00e3o no \u00e2mbito da P\u00f3s-gradua\u00e7\u00e3o e, em car\u00e1ter excepcional, exercer atividades em cursos de gradua\u00e7\u00e3o em processo de implanta\u00e7\u00e3o ou altera\u00e7\u00e3o curricular [&hellip;]<\/p>\n","protected":false},"author":5,"featured_media":0,"parent":2756,"menu_order":0,"comment_status":"closed","ping_status":"closed","template":"","meta":{"footnotes":""},"class_list":["post-4014","page","type-page","status-publish","hentry"],"_links":{"self":[{"href":"https:\/\/ufpr.br\/propg\/wp-json\/wp\/v2\/pages\/4014","targetHints":{"allow":["GET"]}}],"collection":[{"href":"https:\/\/ufpr.br\/propg\/wp-json\/wp\/v2\/pages"}],"about":[{"href":"https:\/\/ufpr.br\/propg\/wp-json\/wp\/v2\/types\/page"}],"author":[{"embeddable":true,"href":"https:\/\/ufpr.br\/propg\/wp-json\/wp\/v2\/users\/5"}],"replies":[{"embeddable":true,"href":"https:\/\/ufpr.br\/propg\/wp-json\/wp\/v2\/comments?post=4014"}],"version-history":[{"count":65,"href":"https:\/\/ufpr.br\/propg\/wp-json\/wp\/v2\/pages\/4014\/revisions"}],"predecessor-version":[{"id":51744,"href":"https:\/\/ufpr.br\/propg\/wp-json\/wp\/v2\/pages\/4014\/revisions\/51744"}],"up":[{"embeddable":true,"href":"https:\/\/ufpr.br\/propg\/wp-json\/wp\/v2\/pages\/2756"}],"wp:attachment":[{"href":"https:\/\/ufpr.br\/propg\/wp-json\/wp\/v2\/media?parent=4014"}],"curies":[{"name":"wp","href":"https:\/\/api.w.org\/{rel}","templated":true}]}}