{"id":3927,"date":"2024-11-18T20:04:44","date_gmt":"2024-11-18T23:04:44","guid":{"rendered":"https:\/\/ufpr.br\/?page=3927"},"modified":"2025-08-28T14:37:06","modified_gmt":"2025-08-28T17:37:06","slug":"coleta-capes-2022-ano-base-2021","status":"publish","type":"page","link":"https:\/\/ufpr.br\/propg\/cpgss\/coleta-capes\/coleta-capes-2022-ano-base-2021\/","title":{"rendered":"Coleta Capes 2022 (ano base 2021)"},"content":{"rendered":"\n<div style=\"height:50px\" aria-hidden=\"true\" class=\"wp-block-spacer\"><\/div>\n\n\n\n<div class=\"wp-block-columns is-layout-flex wp-container-core-columns-is-layout-9d6595d7 wp-block-columns-is-layout-flex\">\n<div class=\"wp-block-column is-layout-flow wp-block-column-is-layout-flow\" style=\"flex-basis:15%\" id=\"topo\">\n<div style=\"height:25px\" aria-hidden=\"true\" class=\"wp-block-spacer\"><\/div>\n\n\n<div class=\"wp-block-image\">\n<figure class=\"aligncenter size-full is-resized\"><img decoding=\"async\" src=\"https:\/\/ufpr.br\/propg\/wp-content\/uploads\/2025\/08\/Icone_Computador_Rosa.png\" alt=\"\" class=\"wp-image-25126\" style=\"object-fit:cover;width:90px;height:90px\"\/><\/figure><\/div><\/div>\n\n\n\n<div class=\"wp-block-column is-layout-flow wp-block-column-is-layout-flow\" style=\"flex-basis:70%\">\n<h2 class=\"wp-block-heading\">Calend\u00e1rio Coleta Capes ano base 2021 na Plataforma Sucupira \u2013 primeira etapa prorrogada para final de Maio\/2022<\/h2>\n\n\n\n<div style=\"height:25px\" aria-hidden=\"true\" class=\"wp-block-spacer\"><\/div>\n\n\n\n<p><em>Publicado em: 04 de Mar\u00e7o de 2022<\/em><\/p>\n\n\n\n<div style=\"height:25px\" aria-hidden=\"true\" class=\"wp-block-spacer\"><\/div>\n\n\n\n<blockquote class=\"wp-block-quote is-layout-flow wp-block-quote-is-layout-flow\">\n<p>Informamos \u00e0s &nbsp;Coordena\u00e7\u00f5es e Secretarias dos Programas de P\u00f3s-Gradua\u00e7\u00e3o Stricto Sensu que o prazo para preenchimento do&nbsp;<strong>Coleta Capes<\/strong>&nbsp;(ano base 2021) na Plataforma Sucupira foi prorrogado para&nbsp;<strong>20\/05\/2022<\/strong>, conforme a publica\u00e7\u00e3o&nbsp;&nbsp;<a href=\"https:\/\/www.gov.br\/capes\/pt-br\/assuntos\/noticias\/capes-prorroga-o-prazo-para-preenchimento-do-coleta\" target=\"_blank\" rel=\"noopener\" title=\"\">https:\/\/www.gov.br\/capes\/pt-br\/assuntos\/noticias\/capes-prorroga-o-prazo-para-preenchimento-do-coleta<\/a><\/p>\n<\/blockquote>\n\n\n\n<div style=\"height:25px\" aria-hidden=\"true\" class=\"wp-block-spacer\"><\/div>\n\n\n\n<p>Conforme descrito na Portaria, nessa primeira etapa do Coleta \u00e9 exigido o preenchimento de\u00a0<strong>alguns aspectos apenas<\/strong>:\u00a0dados cadastrais do programa; docentes; discentes; e trabalhos de conclus\u00e3o.<\/p>\n\n\n\n<p>Assim, pedimos que preencham os dados at\u00e9&nbsp;<strong>20\/05\/2022<\/strong>&nbsp;para que possamos homolog\u00e1-los na Plataforma Sucupira em tempo h\u00e1bil.<\/p>\n\n\n\n<div style=\"height:25px\" aria-hidden=\"true\" class=\"wp-block-spacer\"><\/div>\n\n\n\n<h2 class=\"wp-block-heading has-text-align-left has-background has-medium-font-size\" style=\"background-color:#e8ecf5\">ATEN\u00c7\u00c3O<\/h2>\n\n\n\n<hr class=\"wp-block-separator has-text-color has-alpha-channel-opacity has-background is-style-wide\" style=\"background-color:#e8ecf5;color:#e8ecf5\"\/>\n\n\n\n<p>Conforme informado no&nbsp;<a href=\"https:\/\/www.prppg.ufpr.br\/site\/wp-content\/uploads\/2022\/03\/coleta-sei_23038-013324_2021_19.pdf\">Of\u00edcio Circular n\u00ba 9\/2022-DAV\/CAPES<\/a>,&nbsp;o Coordenador do PPG preencher\u00e1 o grupo de dados solicitado na Plataforma Sucupira at\u00e9 o dia 20\/05,&nbsp;<strong>mas n\u00e3o precisar\u00e1 realizar o procedimento de envio dos dados:<\/strong><\/p>\n\n\n\n<ol start=\"1\" class=\"wp-block-list\">\n<li>O Coordenador do Programa de P\u00f3s-Gradua\u00e7\u00e3o preencher\u00e1 o grupo de dados solicitado na Plataforma Sucupira at\u00e9 o dia 20\/05, conforme estabelecido na&nbsp;<a href=\"https:\/\/www.in.gov.br\/en\/web\/dou\/-\/portaria-n-55-de-17-de-marco-de-2022-386755340\" target=\"_blank\" rel=\"noreferrer noopener\">portaria retromencionada<\/a>, mas&nbsp;<strong>n\u00e3o precisar\u00e1 realizar o procedimento de envio dos dados<\/strong>;<\/li>\n<\/ol>\n\n\n\n<ol start=\"2\" class=\"wp-block-list\">\n<li>A pr\u00f3pria CAPES&nbsp;<strong>realizar\u00e1 o recolhimento (coleta) autom\u00e1tico<\/strong>&nbsp;dos dados no per\u00edodo de 20 a 23\/05\/2022, evitando-se, assim, que as inconsist\u00eancias relatadas no sistema (Plataforma Sucupira) impe\u00e7am o envio.<\/li>\n<\/ol>\n\n\n\n<ol start=\"3\" class=\"wp-block-list\">\n<li>O procedimento de&nbsp;<strong>homologa\u00e7\u00e3o dos dados pelas Pr\u00f3-Reitorias de P\u00f3s-Gradua\u00e7\u00e3o<\/strong>&nbsp;dever\u00e1 ser realizado, de forma a continuarmos com a ratifica\u00e7\u00e3o para os dados oficiais informados. O per\u00edodo de homologa\u00e7\u00e3o \u00e9 de 24\/05 a 03\/06\/2022, conforme consta na referida Portaria.<\/li>\n<\/ol>\n\n\n\n<ol start=\"4\" class=\"wp-block-list\">\n<li>As inconsist\u00eancias apontadas na se\u00e7\u00e3o de \u201cVerifica\u00e7\u00e3o de pend\u00eancias\u201d continuar\u00e3o sendo exibidas, pois s\u00e3o consequ\u00eancia do preenchimento parcial de informa\u00e7\u00f5es. A coleta autom\u00e1tica visa sanar esse problema<\/li>\n<\/ol>\n\n\n\n<hr class=\"wp-block-separator has-text-color has-alpha-channel-opacity has-background is-style-wide\" style=\"background-color:#e8ecf5;color:#e8ecf5\"\/>\n\n\n\n<div style=\"height:50px\" aria-hidden=\"true\" class=\"wp-block-spacer\"><\/div>\n\n\n<div class=\"wp-block-image\">\n<figure class=\"aligncenter size-full\"><a href=\"https:\/\/www.in.gov.br\/en\/web\/dou\/-\/portaria-n-55-de-17-de-marco-de-2022-386755340\" target=\"_blank\" rel=\"noreferrer noopener\"><img decoding=\"async\" src=\"https:\/\/ufpr.br\/propg\/wp-content\/uploads\/2024\/11\/port552022.png\" alt=\"\" class=\"wp-image-12173\"\/><\/a><figcaption class=\"wp-element-caption\">Estabelece o calend\u00e1rio da CAPES para o Coleta ano base 2021.<\/figcaption><\/figure><\/div>\n\n\n<div style=\"height:50px\" aria-hidden=\"true\" class=\"wp-block-spacer\"><\/div>\n\n\n\n<hr class=\"wp-block-separator has-text-color has-alpha-channel-opacity has-background is-style-wide\" style=\"background-color:#e8ecf5;color:#e8ecf5\"\/>\n\n\n<div class=\"wp-block-image\">\n<figure class=\"aligncenter size-full\"><a href=\"https:\/\/ufpr.br\/propg\/wp-content\/uploads\/2024\/11\/coleta2021.png\" target=\"_blank\" rel=\"noreferrer noopener\"><img decoding=\"async\" src=\"https:\/\/ufpr.br\/propg\/wp-content\/uploads\/2024\/11\/coleta2021.png\" alt=\"\" class=\"wp-image-12177\"\/><\/a><figcaption class=\"wp-element-caption\">Tela M\u00f3dulo Coleta da Plataforma Sucupira<\/figcaption><\/figure><\/div>\n\n\n<div style=\"height:50px\" aria-hidden=\"true\" class=\"wp-block-spacer\"><\/div>\n\n\n\n<h2 class=\"wp-block-heading has-text-align-left has-background has-medium-font-size\" style=\"background-color:#e8ecf5\">TUTORIAIS SOBRE PREENCHIMENTO DO COLETA CAPES<\/h2>\n\n\n\n<hr class=\"wp-block-separator has-text-color has-alpha-channel-opacity has-background is-style-wide\" style=\"background-color:#e8ecf5;color:#e8ecf5\"\/>\n\n\n\n<p><a href=\"https:\/\/sites.google.com\/view\/tutorialsucupira\/home\" target=\"_blank\" rel=\"noreferrer noopener\">https:\/\/sites.google.com\/view\/tutorialsucupira\/home<\/a><\/p>\n\n\n\n<div style=\"height:50px\" aria-hidden=\"true\" class=\"wp-block-spacer\"><\/div>\n\n\n\n<h2 class=\"wp-block-heading has-text-align-left has-background has-medium-font-size\" style=\"background-color:#e8ecf5\">PORTARIAS CAPES<\/h2>\n\n\n\n<hr class=\"wp-block-separator has-text-color has-alpha-channel-opacity has-background is-style-wide\" style=\"background-color:#e8ecf5;color:#e8ecf5\"\/>\n\n\n\n<p><a href=\"https:\/\/www.in.gov.br\/en\/web\/dou\/-\/portaria-n-55-de-17-de-marco-de-2022-386755340\" target=\"_blank\" rel=\"noopener\" title=\"\">Portaria n\u00ba 55\/2022<\/a><\/p>\n\n\n\n<p><del><a href=\"http:\/\/cad.capes.gov.br\/ato-administrativo-detalhar?idAtoAdmElastic=7422#anchor\" target=\"_blank\" rel=\"noopener\" title=\"\">Portaria n\u00b0 190\/2021<\/a><\/del><\/p>\n\n\n\n<div style=\"height:50px\" aria-hidden=\"true\" class=\"wp-block-spacer\"><\/div>\n\n\n\n<h2 class=\"wp-block-heading has-text-align-left has-background has-medium-font-size\" style=\"background-color:#e8ecf5\">COMUNICADOS<\/h2>\n\n\n\n<hr class=\"wp-block-separator has-text-color has-alpha-channel-opacity has-background is-style-wide\" style=\"background-color:#e8ecf5;color:#e8ecf5\"\/>\n\n\n\n<p><a href=\"https:\/\/ufpr.br\/propg\/wp-content\/uploads\/2024\/11\/coleta-sei_23038-013324_2021_19.pdf\" target=\"_blank\" rel=\"noopener\" title=\"\">Of\u00edcio Circular n\u00ba 9\/2022-DAV\/CAPES<\/a>: Inova\u00e7\u00e3o no preenchimento do Coleta, ano base 2021<\/p>\n\n\n\n<hr class=\"wp-block-separator has-text-color has-alpha-channel-opacity has-background is-style-wide\" style=\"background-color:#e8ecf5;color:#e8ecf5\"\/>\n\n\n\n<div style=\"height:50px\" aria-hidden=\"true\" class=\"wp-block-spacer\"><\/div>\n\n\n\n<p>Coordenadoria de Programas de P\u00f3s-Gradua\u00e7\u00e3o Stricto Sensu<br>CPGSS | Pr\u00f3-reitoria de Pesquisa e P\u00f3s-Gradua\u00e7\u00e3o<br>Universidade Federal do Paran\u00e1<\/p>\n\n\n\n<p>Rua Dr. Faivre, 405 \u2013 Ed. Dom Pedro II, 1\u00ba andar<br>Salas 06 e 07, Campus Reitoria&nbsp;&nbsp;|&nbsp;&nbsp;Curitiba\/PR<br>CEP 80.060-140<br><a href=\"https:\/\/ufpr.br\/propg\/\">https:\/\/ufpr.br\/propg\/<\/a><br><a href=\"mailto:cpg@ufpr.br\" target=\"_blank\" rel=\"noreferrer noopener\">cpg@ufpr.br<\/a><\/p>\n\n\n\n<hr class=\"wp-block-separator has-text-color has-alpha-channel-opacity has-background is-style-wide\" style=\"background-color:#e8ecf5;color:#e8ecf5\"\/>\n\n\n\n<p class=\"has-text-color has-link-color wp-elements-35347cca6bfe07bb2bf966001a1b447f\" style=\"color:#243673\"><strong><a href=\"#topo\" title=\"\">Voltar ao topo<\/a><\/strong><\/p>\n<\/div>\n\n\n\n<div class=\"wp-block-column is-layout-flow wp-block-column-is-layout-flow\" style=\"flex-basis:15%\"><\/div>\n<\/div>\n\n\n\n<p><\/p>\n","protected":false},"excerpt":{"rendered":"<p>Calend\u00e1rio Coleta Capes ano base 2021 na Plataforma Sucupira \u2013 primeira etapa prorrogada para final de Maio\/2022 Publicado em: 04 de Mar\u00e7o de 2022 Informamos \u00e0s &nbsp;Coordena\u00e7\u00f5es e Secretarias dos Programas de P\u00f3s-Gradua\u00e7\u00e3o Stricto Sensu que o prazo para preenchimento do&nbsp;Coleta Capes&nbsp;(ano base 2021) na Plataforma Sucupira foi prorrogado para&nbsp;20\/05\/2022, conforme a publica\u00e7\u00e3o&nbsp;&nbsp;https:\/\/www.gov.br\/capes\/pt-br\/assuntos\/noticias\/capes-prorroga-o-prazo-para-preenchimento-do-coleta Conforme descrito [&hellip;]<\/p>\n","protected":false},"author":5,"featured_media":0,"parent":3780,"menu_order":0,"comment_status":"closed","ping_status":"closed","template":"","meta":{"footnotes":""},"class_list":["post-3927","page","type-page","status-publish","hentry"],"_links":{"self":[{"href":"https:\/\/ufpr.br\/propg\/wp-json\/wp\/v2\/pages\/3927","targetHints":{"allow":["GET"]}}],"collection":[{"href":"https:\/\/ufpr.br\/propg\/wp-json\/wp\/v2\/pages"}],"about":[{"href":"https:\/\/ufpr.br\/propg\/wp-json\/wp\/v2\/types\/page"}],"author":[{"embeddable":true,"href":"https:\/\/ufpr.br\/propg\/wp-json\/wp\/v2\/users\/5"}],"replies":[{"embeddable":true,"href":"https:\/\/ufpr.br\/propg\/wp-json\/wp\/v2\/comments?post=3927"}],"version-history":[{"count":26,"href":"https:\/\/ufpr.br\/propg\/wp-json\/wp\/v2\/pages\/3927\/revisions"}],"predecessor-version":[{"id":12523,"href":"https:\/\/ufpr.br\/propg\/wp-json\/wp\/v2\/pages\/3927\/revisions\/12523"}],"up":[{"embeddable":true,"href":"https:\/\/ufpr.br\/propg\/wp-json\/wp\/v2\/pages\/3780"}],"wp:attachment":[{"href":"https:\/\/ufpr.br\/propg\/wp-json\/wp\/v2\/media?parent=3927"}],"curies":[{"name":"wp","href":"https:\/\/api.w.org\/{rel}","templated":true}]}}