{"id":3856,"date":"2024-11-18T13:53:29","date_gmt":"2024-11-18T16:53:29","guid":{"rendered":"https:\/\/ufpr.br\/?page=3856"},"modified":"2025-08-22T13:45:44","modified_gmt":"2025-08-22T16:45:44","slug":"reabertura-do-sistema-coleta-ano-base-2021-e-2022","status":"publish","type":"page","link":"https:\/\/ufpr.br\/propg\/cpgss\/coleta-capes\/reabertura-do-sistema-coleta-ano-base-2021-e-2022\/","title":{"rendered":"Reabertura do sistema Coleta, ano base 2021 e 2022"},"content":{"rendered":"\n<div style=\"height:50px\" aria-hidden=\"true\" class=\"wp-block-spacer\"><\/div>\n\n\n\n<div class=\"wp-block-columns is-layout-flex wp-container-core-columns-is-layout-9d6595d7 wp-block-columns-is-layout-flex\">\n<div class=\"wp-block-column is-layout-flow wp-block-column-is-layout-flow\" style=\"flex-basis:15%\" id=\"topo\">\n<div style=\"height:25px\" aria-hidden=\"true\" class=\"wp-block-spacer\"><\/div>\n\n\n<div class=\"wp-block-image\">\n<figure class=\"aligncenter size-full is-resized\"><img decoding=\"async\" src=\"https:\/\/ufpr.br\/propg\/wp-content\/uploads\/2025\/08\/Icone_Computador_Rosa.png\" alt=\"\" class=\"wp-image-25126\" style=\"object-fit:cover;width:90px;height:90px\"\/><\/figure><\/div><\/div>\n\n\n\n<div class=\"wp-block-column is-layout-flow wp-block-column-is-layout-flow\" style=\"flex-basis:70%\">\n<h2 class=\"wp-block-heading\">Plataforma Sucupira: informa\u00e7\u00f5es sobre reabertura do sistema Coleta, ano base 2021 e 2022<\/h2>\n\n\n\n<p>Publicado em: 03 de Setembro de 2024<\/p>\n\n\n\n<p class=\"has-text-color has-link-color wp-elements-3042e64cd3b4a248b704bd2dcb940f19\" style=\"color:#202d59\"><em><strong>Postagem atualizada em 17\/06\/24 14h00<\/strong><\/em><\/p>\n\n\n\n<div style=\"height:25px\" aria-hidden=\"true\" class=\"wp-block-spacer\"><\/div>\n\n\n\n<blockquote class=\"wp-block-quote is-layout-flow wp-block-quote-is-layout-flow\">\n<p><strong>\u00c0s secretarias e coordena\u00e7\u00f5es de PPG,<\/strong><\/p>\n\n\n\n<p>A Capes informou por meio Of\u00edcio Circular n\u00ba 38\/2024 e Of\u00edcio Circular n\u00ba 41\/2024&nbsp; o per\u00edodo de reabertura do sistema Coleta na Plataforma Sucupira para os anos base 2021 e 2022. Com isso Os PPG poder\u00e3o preencher e alterar todos os itens do Coleta, exclusivamente de 2021 e 2022.<\/p>\n\n\n\n<p><strong>Destaques do of\u00edcio circular 41\/2024 de 11\/09\/24:<\/strong><\/p>\n\n\n\n<ol start=\"1\" style=\"list-style-type:lower-alpha\" class=\"wp-block-list\">\n<li>O reenvio de dados referentes aos anos-base 2021 e 2022 \u00e9 opcional e pode ser realizado de forma independente. Os programas de p\u00f3s-gradua\u00e7\u00e3o (PPG) podem escolher reenviar dados de apenas um dos anos, dos dois anos ou de nenhum deles.<\/li>\n<\/ol>\n\n\n\n<ol start=\"2\" style=\"list-style-type:lower-alpha\" class=\"wp-block-list\">\n<li>Reiteramos que n\u00e3o haver\u00e1 reabertura do Coleta ano-base 2023.<\/li>\n<\/ol>\n\n\n\n<ol start=\"3\" style=\"list-style-type:lower-alpha\" class=\"wp-block-list\">\n<li>Os dados referentes ao ano-base 2024 podem e devem ser preenchidos normalmente.<\/li>\n<\/ol>\n\n\n\n<p>A data limite para preenchimento ser\u00e1 divulgada oportunamente, por of\u00edcio espec\u00edfico relativo aos dados de 2024 e preenchimento da proposta do programa.<\/p>\n<\/blockquote>\n\n\n\n<div style=\"height:50px\" aria-hidden=\"true\" class=\"wp-block-spacer\"><\/div>\n\n\n\n<h2 class=\"wp-block-heading has-text-align-left has-text-color has-background has-link-color has-medium-font-size wp-elements-a4cad6d353fb4483c1f9772fc722a210\" style=\"color:#202d59;background-color:#e8ecf5\">COLETA \u2013 ano base 2021 e 2022<\/h2>\n\n\n\n<hr class=\"wp-block-separator has-text-color has-alpha-channel-opacity has-background is-style-wide\" style=\"background-color:#e8ecf5;color:#e8ecf5\"\/>\n\n\n\n<p><strong>Atividade\/Data<\/strong><\/p>\n\n\n\n<ul class=\"wp-block-list\">\n<li>Preenchimento e chancela dos dados pelo coordenador do programa:&nbsp;<strong><mark style=\"background-color:rgba(0, 0, 0, 0)\" class=\"has-inline-color has-vivid-red-color\">At\u00e9 as 20h 23\/09\/2024<\/mark><\/strong><\/li>\n<\/ul>\n\n\n\n<ul class=\"wp-block-list\">\n<li>Homologa\u00e7\u00e3o pela pr\u00f3-reitoria: At\u00e9 as 20h de&nbsp;30\/09\/2024<\/li>\n<\/ul>\n\n\n\n<p>O of\u00edcio ainda informa que n\u00e3o haver\u00e1 reabertura do Coleta ano base 2023, e, em rela\u00e7\u00e3o a 2024, o cronograma ser\u00e1 divulgado oportunamente, sendo que n\u00e3o haver\u00e1 possibilidade de prorroga\u00e7\u00e3o, tendo em vista a Avalia\u00e7\u00e3o Quadrienal que ser\u00e1 realizada em 2025.<\/p>\n\n\n\n<p>A equipe da DAV est\u00e1 \u00e0 disposi\u00e7\u00e3o para <strong>esclarecimentos pelo e-mail falecomdav@capes.gov.br<\/strong>.<\/p>\n\n\n\n<div style=\"height:25px\" aria-hidden=\"true\" class=\"wp-block-spacer\"><\/div>\n\n\n\n<hr class=\"wp-block-separator has-text-color has-alpha-channel-opacity has-background is-style-wide\" style=\"background-color:#e8ecf5;color:#e8ecf5\"\/>\n\n\n\n<p><strong>Veja mais em:<\/strong><\/p>\n\n\n\n<ul class=\"wp-block-list\">\n<li>&nbsp;11\/09\/24-<a href=\"https:\/\/ufpr.br\/propg\/wp-content\/uploads\/2024\/11\/oficio-circular-no-412024-davcapes.pdf\" target=\"_blank\" rel=\"noopener\" title=\"\">Of\u00edcio Circular n\u00ba 41\/2024-DAV\/CAPES: Esclarecimentos sobre a reabertura do Sistema Coleta, ano-base 2021 e 2022<\/a><\/li>\n<\/ul>\n\n\n\n<ul class=\"wp-block-list\">\n<li>30\/08\/24-<a href=\"https:\/\/ufpr.br\/propg\/wp-content\/uploads\/2024\/11\/oficio_circular_2451242.pdf\" target=\"_blank\" rel=\"noopener\" title=\"\">Of\u00edcio Circular n\u00ba 38\/2024-DAV\/CAPES: Reabertura do Sistema Coleta, ano base 2021 e 2022<\/a><\/li>\n<\/ul>\n\n\n\n<div style=\"height:25px\" aria-hidden=\"true\" class=\"wp-block-spacer\"><\/div>\n\n\n\n<hr class=\"wp-block-separator has-text-color has-alpha-channel-opacity has-background is-style-wide\" style=\"background-color:#e8ecf5;color:#e8ecf5\"\/>\n\n\n\n<p><strong>Outras informa\u00e7\u00f5es<\/strong> sobre Plataforma Sucupira Coleta Capes em: <a href=\"https:\/\/ufpr.br\/propg\/cpgss\/coleta-capes\/\">https:\/\/ufpr.br\/propg\/cpgss\/coleta-capes\/<\/a><\/p>\n\n\n\n<hr class=\"wp-block-separator has-text-color has-alpha-channel-opacity has-background is-style-wide\" style=\"background-color:#e8ecf5;color:#e8ecf5\"\/>\n\n\n\n<p class=\"has-text-color has-link-color wp-elements-35347cca6bfe07bb2bf966001a1b447f\" style=\"color:#243673\"><strong><a href=\"#topo\" title=\"\">Voltar ao topo<\/a><\/strong><\/p>\n<\/div>\n\n\n\n<div class=\"wp-block-column is-layout-flow wp-block-column-is-layout-flow\" style=\"flex-basis:15%\"><\/div>\n<\/div>\n\n\n\n<p><\/p>\n","protected":false},"excerpt":{"rendered":"<p>Plataforma Sucupira: informa\u00e7\u00f5es sobre reabertura do sistema Coleta, ano base 2021 e 2022 Publicado em: 03 de Setembro de 2024 Postagem atualizada em 17\/06\/24 14h00 \u00c0s secretarias e coordena\u00e7\u00f5es de PPG, A Capes informou por meio Of\u00edcio Circular n\u00ba 38\/2024 e Of\u00edcio Circular n\u00ba 41\/2024&nbsp; o per\u00edodo de reabertura do sistema Coleta na Plataforma Sucupira [&hellip;]<\/p>\n","protected":false},"author":5,"featured_media":0,"parent":3780,"menu_order":0,"comment_status":"closed","ping_status":"closed","template":"","meta":{"footnotes":""},"class_list":["post-3856","page","type-page","status-publish","hentry"],"_links":{"self":[{"href":"https:\/\/ufpr.br\/propg\/wp-json\/wp\/v2\/pages\/3856","targetHints":{"allow":["GET"]}}],"collection":[{"href":"https:\/\/ufpr.br\/propg\/wp-json\/wp\/v2\/pages"}],"about":[{"href":"https:\/\/ufpr.br\/propg\/wp-json\/wp\/v2\/types\/page"}],"author":[{"embeddable":true,"href":"https:\/\/ufpr.br\/propg\/wp-json\/wp\/v2\/users\/5"}],"replies":[{"embeddable":true,"href":"https:\/\/ufpr.br\/propg\/wp-json\/wp\/v2\/comments?post=3856"}],"version-history":[{"count":31,"href":"https:\/\/ufpr.br\/propg\/wp-json\/wp\/v2\/pages\/3856\/revisions"}],"predecessor-version":[{"id":12399,"href":"https:\/\/ufpr.br\/propg\/wp-json\/wp\/v2\/pages\/3856\/revisions\/12399"}],"up":[{"embeddable":true,"href":"https:\/\/ufpr.br\/propg\/wp-json\/wp\/v2\/pages\/3780"}],"wp:attachment":[{"href":"https:\/\/ufpr.br\/propg\/wp-json\/wp\/v2\/media?parent=3856"}],"curies":[{"name":"wp","href":"https:\/\/api.w.org\/{rel}","templated":true}]}}