{"id":3815,"date":"2024-11-13T15:40:11","date_gmt":"2024-11-13T18:40:11","guid":{"rendered":"https:\/\/ufpr.br\/?page=3815"},"modified":"2025-08-22T11:55:31","modified_gmt":"2025-08-22T14:55:31","slug":"coleta-capes-2024-ano-base-2023","status":"publish","type":"page","link":"https:\/\/ufpr.br\/propg\/cpgss\/coleta-capes\/coleta-capes-2024-ano-base-2023\/","title":{"rendered":"Coleta Capes 2024 (ano base 2023)"},"content":{"rendered":"\n<div style=\"height:50px\" aria-hidden=\"true\" class=\"wp-block-spacer\"><\/div>\n\n\n\n<div class=\"wp-block-columns is-layout-flex wp-container-core-columns-is-layout-9d6595d7 wp-block-columns-is-layout-flex\">\n<div class=\"wp-block-column is-layout-flow wp-block-column-is-layout-flow\" style=\"flex-basis:15%\" id=\"topo\">\n<div style=\"height:25px\" aria-hidden=\"true\" class=\"wp-block-spacer\"><\/div>\n\n\n<div class=\"wp-block-image\">\n<figure class=\"aligncenter size-full is-resized\"><img decoding=\"async\" src=\"https:\/\/ufpr.br\/propg\/wp-content\/uploads\/2025\/08\/Icone_Computador_Rosa.png\" alt=\"\" class=\"wp-image-25126\" style=\"object-fit:cover;width:90px;height:90px\"\/><\/figure><\/div><\/div>\n\n\n\n<div class=\"wp-block-column is-layout-flow wp-block-column-is-layout-flow\" style=\"flex-basis:61%\">\n<h2 class=\"wp-block-heading\">Calend\u00e1rio Coleta Capes 2024<\/h2>\n\n\n\n<div style=\"height:25px\" aria-hidden=\"true\" class=\"wp-block-spacer\"><\/div>\n\n\n\n<div class=\"wp-block-columns are-vertically-aligned-center is-layout-flex wp-container-core-columns-is-layout-9d6595d7 wp-block-columns-is-layout-flex\">\n<div class=\"wp-block-column is-vertically-aligned-center is-layout-flow wp-block-column-is-layout-flow\">\n<blockquote class=\"wp-block-quote is-layout-flow wp-block-quote-is-layout-flow\">\n<p><em>*P\u00e1gina atualizada em 05\/04\/2024<\/em><\/p>\n\n\n\n<p>A CAPES publicou a&nbsp;<a href=\"http:\/\/cad.capes.gov.br\/ato-administrativo-detalhar?idAtoAdmElastic=13862#anchor\" target=\"_blank\" rel=\"noopener\" title=\"\">Portaria n\u00ba 03\/2024<\/a>, que estabelece o&nbsp;<a href=\"https:\/\/www.gov.br\/capes\/pt-br\/acesso-a-informacao\/acoes-e-programas\/avaliacao\/sobre-a-avaliacao\/avaliacao-o-que-e\/sobre-a-avaliacao-conceitos-processos-e-normas\/calendario-2024\" target=\"_blank\" rel=\"noopener\" title=\"\">Calend\u00e1rio de atividades<\/a>&nbsp;da avalia\u00e7\u00e3o da p\u00f3s-gradua\u00e7\u00e3o stricto sensu para o ano de 2024.&nbsp;Considerando que n\u00e3o h\u00e1 uma sobreposi\u00e7\u00e3o dos prazos para registro e envio dos dados pelo PPG e homologa\u00e7\u00e3o pela Pr\u00f3-Reitoria,&nbsp;<strong>em 2024, a PRPPG\/CPGSS n\u00e3o criar\u00e1 um calend\u00e1rio interno para envio dos dados do Coleta pelos PPG (ano base 2023)<\/strong>.&nbsp;<\/p>\n\n\n\n<p>Assim, os PPGs devem seguir os prazos estabelecidos pela CAPES:&nbsp;<\/p>\n<\/blockquote>\n<\/div>\n<\/div>\n\n\n\n<div style=\"height:25px\" aria-hidden=\"true\" class=\"wp-block-spacer\"><\/div>\n\n\n\n<h2 class=\"wp-block-heading has-text-align-left has-background has-medium-font-size\" style=\"background-color:#e8ecf5\">Calend\u00e1rio DAV 2024<\/h2>\n\n\n\n<hr class=\"wp-block-separator has-text-color has-alpha-channel-opacity has-background is-style-wide\" style=\"background-color:#e8ecf5;color:#e8ecf5\"\/>\n\n\n\n<p>Conforme&nbsp;<a href=\"https:\/\/www.in.gov.br\/web\/dou\/-\/portaria-capes-n-96-de-4-de-abril-de-2024-552219189\" target=\"_blank\" rel=\"noopener\" title=\"\">Portaria n\u00ba 96\/2024<\/a> de 04 de Abril de 2024:<\/p>\n\n\n\n<p>&nbsp;Art. 3\u00ba O preenchimento do Coleta do ano base 2023 seguir\u00e1 os prazos definidos na tabela abaixo.<\/p>\n\n\n\n<figure class=\"wp-block-table is-style-stripes\"><table class=\"has-fixed-layout\"><thead><tr><th>Atividade<\/th><th>Descri\u00e7\u00e3o da Atividade<\/th><th>Data<\/th><\/tr><\/thead><tbody><tr><td>Preenchimento<\/td><td>Preenchimento e chancela dos dados pelo coordenador do programa de p\u00f3s-gradua\u00e7\u00e3o.<\/td><td>At\u00e9&nbsp;<strong><mark style=\"background-color:rgba(0, 0, 0, 0)\" class=\"has-inline-color has-vivid-red-color\">26\/04\/2024<\/mark><\/strong><\/td><\/tr><tr><td>Homologa\u00e7\u00e3o<\/td><td>Homologa\u00e7\u00e3o dos dados pela Pr\u00f3-Reitoria ou equivalente.<\/td><td>At\u00e9 03\/05\/2024<\/td><\/tr><\/tbody><\/table><\/figure>\n\n\n\n<div style=\"height:50px\" aria-hidden=\"true\" class=\"wp-block-spacer\"><\/div>\n\n\n\n<h2 class=\"wp-block-heading has-text-align-left has-background has-medium-font-size\" style=\"background-color:#e8ecf5\">Normas relacionadas<\/h2>\n\n\n\n<hr class=\"wp-block-separator has-text-color has-alpha-channel-opacity has-background is-style-wide\" style=\"background-color:#e8ecf5;color:#e8ecf5\"\/>\n\n\n\n<ul class=\"wp-block-list\">\n<li><a href=\"https:\/\/www.in.gov.br\/web\/dou\/-\/portaria-capes-n-96-de-4-de-abril-de-2024-552219189\" target=\"_blank\" rel=\"noopener\" title=\"\">Portaria n\u00ba 96\/2024<\/a>:Alterar a Portaria n\u00ba 3, de 2 de janeiro de 2024, que estabeleceu o calend\u00e1rio de atividades da avalia\u00e7\u00e3o da p\u00f3s-gradua\u00e7\u00e3o stricto sensu para o ano de 2024 (<mark style=\"background-color:rgba(0, 0, 0, 0)\" class=\"has-inline-color has-vivid-red-color\">prorroga prazos coleta capes<\/mark>)<\/li>\n<\/ul>\n\n\n\n<ul class=\"wp-block-list\">\n<li><a href=\"http:\/\/cad.capes.gov.br\/ato-administrativo-detalhar?idAtoAdmElastic=13862#anchor\" target=\"_blank\" rel=\"noopener\" title=\"\">Portaria n\u00ba 03\/2024<\/a>: Estabelece o&nbsp;<a href=\"https:\/\/www.gov.br\/capes\/pt-br\/acesso-a-informacao\/acoes-e-programas\/avaliacao\/sobre-a-avaliacao\/avaliacao-o-que-e\/sobre-a-avaliacao-conceitos-processos-e-normas\/calendario-2024\" target=\"_blank\" rel=\"noopener\" title=\"\">Calend\u00e1rio de atividades<\/a>&nbsp;da avalia\u00e7\u00e3o da p\u00f3s-gradua\u00e7\u00e3o stricto sensu para o ano de 2024 (<mark style=\"background-color:rgba(0, 0, 0, 0)\" class=\"has-inline-color has-vivid-red-color\">alterada<\/mark>)<\/li>\n<\/ul>\n\n\n\n<ul class=\"wp-block-list\">\n<li><a href=\"https:\/\/ufpr.br\/propg\/wp-content\/uploads\/2024\/11\/oficio_circular_2304241.pdf\" target=\"_blank\" rel=\"noopener\" title=\"\">Of\u00edcio Circular n\u00ba 01\/2024-DAV\/CAPES \u2013 Calend\u00e1rio 2024<\/a><\/li>\n<\/ul>\n\n\n\n<div style=\"height:50px\" aria-hidden=\"true\" class=\"wp-block-spacer\"><\/div>\n\n\n\n<h2 class=\"wp-block-heading has-text-align-left has-background has-medium-font-size\" style=\"background-color:#e8ecf5\">Outros documentos<\/h2>\n\n\n\n<hr class=\"wp-block-separator has-text-color has-alpha-channel-opacity has-background is-style-wide\" style=\"background-color:#e8ecf5;color:#e8ecf5\"\/>\n\n\n\n<ul class=\"wp-block-list\">\n<li><strong>Tutoriais\u00a0<\/strong>da Plataforma Sucupira:\u00a0<a title=\"\" href=\"https:\/\/sites.google.com\/view\/tutorialsucupira\/home\" target=\"_blank\" rel=\"noopener\">https:\/\/sites.google.com\/view\/tutorialsucupira\/home<\/a><\/li>\n<\/ul>\n\n\n\n<ul class=\"wp-block-list\">\n<li><strong>Informa\u00e7\u00f5es complementares<\/strong>\u00a0para o Sucupira:\u00a0<a title=\"\" href=\"https:\/\/ufpr.br\/propg\/wp-content\/uploads\/2024\/11\/anexo-i-informacoes-complementares-para-sucupira-coleta-capes.docx\" target=\"_blank\" rel=\"noopener\">sugest\u00e3o de anexo para auxiliar os programas de p\u00f3s-gradua\u00e7\u00e3o a organizarem os dados para preenchimento da Plataforma Sucupira<\/a><\/li>\n<\/ul>\n\n\n\n<ul class=\"wp-block-list\">\n<li><a title=\"\" href=\"https:\/\/ufpr.br\/propg\/cpgss\/apcn\/textos-padrao\/\" target=\"_blank\" rel=\"noopener\"><strong>Textos-padr\u00e3o<\/strong>\u00a0adapt\u00e1veis para subsidiar o preenchimento de propostas APCN e relat\u00f3rios para o Coleta CAPES<\/a><\/li>\n<\/ul>\n\n\n\n<ul class=\"wp-block-list\">\n<li><a title=\"\" href=\"https:\/\/ufpr.br\/propg\/cpgss\/autoavaliacao-e-planejamento\/\" target=\"_blank\" rel=\"noopener\">Planejamento Institucional e Autoavalia\u00e7\u00e3o Stricto Sensu 2023<\/a><\/li>\n<\/ul>\n\n\n\n<ul class=\"wp-block-list\">\n<li>Orienta\u00e7\u00f5es sobre Coleta Capes de exerc\u00edcios anteriores:\u00a0<a href=\"https:\/\/www.prppg.ufpr.br\/site\/cpgss\/coleta-capes\/\">https:\/\/ufpr.br\/propg\/cpgss\/coleta-capes\/<\/a>\u00a0<\/li>\n<\/ul>\n\n\n\n<hr class=\"wp-block-separator has-text-color has-alpha-channel-opacity has-background is-style-wide\" style=\"background-color:#e8ecf5;color:#e8ecf5\"\/>\n\n\n\n<p class=\"has-text-color has-link-color wp-elements-35347cca6bfe07bb2bf966001a1b447f\" style=\"color:#243673\"><strong><a href=\"#topo\" title=\"\">Voltar ao topo<\/a><\/strong><\/p>\n<\/div>\n\n\n\n<div class=\"wp-block-column is-layout-flow wp-block-column-is-layout-flow\" style=\"flex-basis:2%\"><\/div>\n\n\n\n<div class=\"wp-block-column is-vertically-aligned-top is-layout-flow wp-block-column-is-layout-flow\" style=\"flex-basis:20%\">\n<div class=\"wp-block-columns is-layout-flex wp-container-core-columns-is-layout-9d6595d7 wp-block-columns-is-layout-flex\">\n<div class=\"wp-block-column is-vertically-aligned-top has-background is-layout-flow wp-block-column-is-layout-flow\" style=\"background-color:#e8ecf5;flex-basis:100%\">\n<h2 class=\"wp-block-heading has-text-align-center\">Conhe\u00e7a<br>Tamb\u00e9m<\/h2>\n\n\n\n<hr class=\"wp-block-separator has-text-color has-white-color has-alpha-channel-opacity has-white-background-color has-background is-style-wide\"\/>\n\n\n\n<div class=\"wp-block-columns is-not-stacked-on-mobile is-layout-flex wp-container-core-columns-is-layout-9d6595d7 wp-block-columns-is-layout-flex\">\n<div class=\"wp-block-column is-layout-flow wp-block-column-is-layout-flow\" style=\"flex-basis:1px\"><\/div>\n\n\n\n<div class=\"wp-block-column has-white-background-color has-text-color has-background has-link-color wp-elements-b3395b5db34b922ebab79db0e5a1a5b8 is-layout-flow wp-block-column-is-layout-flow\" style=\"color:#003c71\">\n<div style=\"height:20px\" aria-hidden=\"true\" class=\"wp-block-spacer\"><\/div>\n\n\n<div class=\"wp-block-image is-style-default\">\n<figure class=\"aligncenter size-full is-resized\" id=\"topo\"><a href=\"https:\/\/sites.google.com\/view\/tutorialsucupira\/home\" target=\"_blank\" rel=\" noreferrer noopener\"><img decoding=\"async\" src=\"https:\/\/ufpr.br\/propg\/wp-content\/uploads\/2025\/08\/Icone_TutorialComputadorTexto_Rosa.png\" alt=\"\" class=\"wp-image-25141\" style=\"object-fit:cover;width:70px;height:70px\"\/><\/a><\/figure><\/div>\n\n\n<p class=\"has-text-align-center has-text-color has-link-color wp-elements-8bf0735f03df26e3a5ea954fc0b39809\" style=\"color:#243673;font-size:14px\"><a href=\"https:\/\/ufpr.br\/propg\/cpgss\/coleta-capes\/\"><\/a><a title=\"\" href=\"https:\/\/sites.google.com\/view\/tutorialsucupira\/home\" target=\"_blank\" rel=\"noopener\"><strong>Tutorial online <br>Coleta Capes<\/strong><\/a><\/p>\n<\/div>\n\n\n\n<div class=\"wp-block-column is-layout-flow wp-block-column-is-layout-flow\" style=\"flex-basis:1px\"><\/div>\n<\/div>\n\n\n\n<div class=\"wp-block-columns is-not-stacked-on-mobile is-layout-flex wp-container-core-columns-is-layout-9d6595d7 wp-block-columns-is-layout-flex\">\n<div class=\"wp-block-column is-layout-flow wp-block-column-is-layout-flow\" style=\"flex-basis:1px\"><\/div>\n\n\n\n<div class=\"wp-block-column has-white-background-color has-text-color has-background has-link-color wp-elements-885db38553faf86b5808fdaf31901309 is-layout-flow wp-block-column-is-layout-flow\" style=\"color:#003c71\">\n<div style=\"height:20px\" aria-hidden=\"true\" class=\"wp-block-spacer\"><\/div>\n\n\n<div class=\"wp-block-image is-style-default\">\n<figure class=\"aligncenter size-full is-resized\" id=\"topo\"><a href=\"https:\/\/youtube.com\/playlist?list=PLvBD2eYOmy4C4It2L_IyYmDYkFFnDw8LK&amp;feature=shared\" target=\"_blank\" rel=\" noreferrer noopener\"><img decoding=\"async\" src=\"https:\/\/ufpr.br\/propg\/wp-content\/uploads\/2025\/08\/Icone_TutorialcomputadorVideo_Rosa.png\" alt=\"\" class=\"wp-image-25145\" style=\"object-fit:cover;width:70px;height:70px\"\/><\/a><\/figure><\/div>\n\n\n<p class=\"has-text-align-center has-text-color has-link-color wp-elements-2f681524b9d76ec147e48f584ae07a49\" style=\"color:#243673;font-size:14px\"><a href=\"https:\/\/ufpr.br\/propg\/cpgss\/apcn\/\"><\/a><a title=\"\" href=\"https:\/\/youtube.com\/playlist?list=PLvBD2eYOmy4C4It2L_IyYmDYkFFnDw8LK&amp;feature=shared\" target=\"_blank\" rel=\"noopener\"><strong>Curso <br>Coleta Capes<\/strong><\/a><\/p>\n<\/div>\n\n\n\n<div class=\"wp-block-column is-layout-flow wp-block-column-is-layout-flow\" style=\"flex-basis:1px\"><\/div>\n<\/div>\n\n\n\n<hr class=\"wp-block-separator has-text-color has-white-color has-alpha-channel-opacity has-white-background-color has-background is-style-wide\"\/>\n<\/div>\n<\/div>\n<\/div>\n\n\n\n<div class=\"wp-block-column is-layout-flow wp-block-column-is-layout-flow\" style=\"flex-basis:2%\"><\/div>\n<\/div>\n","protected":false},"excerpt":{"rendered":"<p>Calend\u00e1rio Coleta Capes 2024 *P\u00e1gina atualizada em 05\/04\/2024 A CAPES publicou a&nbsp;Portaria n\u00ba 03\/2024, que estabelece o&nbsp;Calend\u00e1rio de atividades&nbsp;da avalia\u00e7\u00e3o da p\u00f3s-gradua\u00e7\u00e3o stricto sensu para o ano de 2024.&nbsp;Considerando que n\u00e3o h\u00e1 uma sobreposi\u00e7\u00e3o dos prazos para registro e envio dos dados pelo PPG e homologa\u00e7\u00e3o pela Pr\u00f3-Reitoria,&nbsp;em 2024, a PRPPG\/CPGSS n\u00e3o criar\u00e1 um calend\u00e1rio [&hellip;]<\/p>\n","protected":false},"author":5,"featured_media":0,"parent":3780,"menu_order":0,"comment_status":"closed","ping_status":"closed","template":"","meta":{"footnotes":""},"class_list":["post-3815","page","type-page","status-publish","hentry"],"_links":{"self":[{"href":"https:\/\/ufpr.br\/propg\/wp-json\/wp\/v2\/pages\/3815","targetHints":{"allow":["GET"]}}],"collection":[{"href":"https:\/\/ufpr.br\/propg\/wp-json\/wp\/v2\/pages"}],"about":[{"href":"https:\/\/ufpr.br\/propg\/wp-json\/wp\/v2\/types\/page"}],"author":[{"embeddable":true,"href":"https:\/\/ufpr.br\/propg\/wp-json\/wp\/v2\/users\/5"}],"replies":[{"embeddable":true,"href":"https:\/\/ufpr.br\/propg\/wp-json\/wp\/v2\/comments?post=3815"}],"version-history":[{"count":38,"href":"https:\/\/ufpr.br\/propg\/wp-json\/wp\/v2\/pages\/3815\/revisions"}],"predecessor-version":[{"id":12390,"href":"https:\/\/ufpr.br\/propg\/wp-json\/wp\/v2\/pages\/3815\/revisions\/12390"}],"up":[{"embeddable":true,"href":"https:\/\/ufpr.br\/propg\/wp-json\/wp\/v2\/pages\/3780"}],"wp:attachment":[{"href":"https:\/\/ufpr.br\/propg\/wp-json\/wp\/v2\/media?parent=3815"}],"curies":[{"name":"wp","href":"https:\/\/api.w.org\/{rel}","templated":true}]}}