{"id":3780,"date":"2024-11-12T21:04:39","date_gmt":"2024-11-13T00:04:39","guid":{"rendered":"https:\/\/ufpr.br\/?page=3780"},"modified":"2026-03-17T14:18:33","modified_gmt":"2026-03-17T17:18:33","slug":"coleta-capes","status":"publish","type":"page","link":"https:\/\/ufpr.br\/propg\/cpgss\/coleta-capes\/","title":{"rendered":"Plataforma Sucupira \u2013 Coleta Capes"},"content":{"rendered":"\n<div style=\"height:50px\" aria-hidden=\"true\" class=\"wp-block-spacer\"><\/div>\n\n\n\n<div class=\"wp-block-columns is-layout-flex wp-container-core-columns-is-layout-9d6595d7 wp-block-columns-is-layout-flex\">\n<div class=\"wp-block-column is-layout-flow wp-block-column-is-layout-flow\" style=\"flex-basis:15%\" id=\"topo\">\n<div style=\"height:25px\" aria-hidden=\"true\" class=\"wp-block-spacer\"><\/div>\n\n\n<div class=\"wp-block-image\">\n<figure class=\"aligncenter size-full is-resized\"><img decoding=\"async\" src=\"https:\/\/ufpr.br\/propg\/wp-content\/uploads\/2025\/08\/Icone_Computador_Rosa.png\" alt=\"\" class=\"wp-image-25126\" style=\"object-fit:cover;width:90px;height:90px\" \/><\/figure><\/div><\/div>\n\n\n\n<div class=\"wp-block-column is-layout-flow wp-block-column-is-layout-flow\" style=\"flex-basis:61%\">\n<blockquote class=\"wp-block-quote is-layout-flow wp-block-quote-is-layout-flow\">\n<p><\/p>\n<\/blockquote>\n\n\n\n<blockquote class=\"wp-block-quote is-layout-flow wp-block-quote-is-layout-flow\">\n<p><strong>Coleta CAPES&nbsp;<\/strong>\u00e9 procedimento peri\u00f3dico de coleta de informa\u00e7\u00f5es sobre a p\u00f3s-gradua\u00e7\u00e3o stricto sensu, necess\u00e1rias para o processo de Avalia\u00e7\u00e3o dos cursos\/programas que comp\u00f5e o Sistema Nacional de P\u00f3s-Gradua\u00e7\u00e3o (SNPG). Em per\u00edodos determinados pela Capes, os programas de p\u00f3s-gradua\u00e7\u00e3o devem registrar e consolidar uma s\u00e9rie de dados sobre suas atividades na&nbsp;<a href=\"https:\/\/sucupira.capes.gov.br\/\" target=\"_blank\" rel=\"noopener\" title=\"\">Plataforma Sucupira da Capes<\/a>. As informa\u00e7\u00f5es reportadas s\u00e3o p\u00fablicas e est\u00e3o dispon\u00edveis&nbsp;<a href=\"https:\/\/sucupira.capes.gov.br\/sucupira\/public\/relatorios\/coleta\/envioColeta\/dadosBrutos\/formRelatorioDadosBrutosEnvioColeta.jsf\" target=\"_blank\" rel=\"noopener\" title=\"\">neste link<\/a>.<\/p>\n\n\n\n<p>Nesta p\u00e1gina encontram-se as informa\u00e7\u00f5es e orienta\u00e7\u00f5es sobre esse tema voltadas \u00e0s secretarias e coordena\u00e7\u00f5es dos programas de p\u00f3s-gradua\u00e7\u00e3o stricto sensu da UFPR.<\/p>\n<\/blockquote>\n\n\n\n<div style=\"height:50px\" aria-hidden=\"true\" class=\"wp-block-spacer\"><\/div>\n\n\n\n<div class=\"wp-block-columns is-layout-flex wp-container-core-columns-is-layout-9d6595d7 wp-block-columns-is-layout-flex\">\n<div class=\"wp-block-column is-layout-flow wp-block-column-is-layout-flow\">\n<h2 class=\"wp-block-heading has-text-align-left has-background has-medium-font-size\" style=\"background-color:#e8ecf5\">BOLETINS SUCUPIRA<\/h2>\n\n\n\n<hr class=\"wp-block-separator has-text-color has-alpha-channel-opacity has-background is-style-wide\" style=\"background-color:#e8ecf5;color:#e8ecf5\" \/>\n\n\n\n<p>Os boletins sucupira s\u00e3o documentos que trazem orienta\u00e7\u00f5es sobre a\u00e7\u00f5es\/fun\u00e7\u00f5es de m\u00f3dulos espec\u00edficos da Plataforma Sucupira. Os documentos aqui listados est\u00e3o dispon\u00edveis diretamente aos coordenadores de PPG na plataforma, pelo menu \u201capoio ao preenchimento&gt;boletins\u201d<\/p>\n\n\n\n<ul class=\"wp-block-list\">\n<li><a title=\"\" href=\"https:\/\/ufpr.br\/propg\/wp-content\/uploads\/2024\/11\/boletim_2035034_boletim_sucupira_41___edicao_extra___perfil_de_apoio_ao_preenchimento.pdf\" target=\"_blank\" rel=\"noopener\">boletim 41<\/a>&nbsp;(10\/08\/2023): cadastrar equipe de apoio para o preenchimento do Coleta<\/li>\n<\/ul>\n\n\n\n<div style=\"height:50px\" aria-hidden=\"true\" class=\"wp-block-spacer\"><\/div>\n<\/div>\n<\/div>\n\n\n\n<div class=\"wp-block-columns is-layout-flex wp-container-core-columns-is-layout-9d6595d7 wp-block-columns-is-layout-flex\">\n<div class=\"wp-block-column is-layout-flow wp-block-column-is-layout-flow\">\n<h2 class=\"wp-block-heading has-text-align-left has-background has-medium-font-size\" style=\"background-color:#e8ecf5\">D\u00daVIDAS?<\/h2>\n\n\n\n<hr class=\"wp-block-separator has-text-color has-alpha-channel-opacity has-background is-style-wide\" style=\"background-color:#e8ecf5;color:#e8ecf5\" \/>\n\n\n\n<p>Conforme orienta\u00e7\u00f5es do&nbsp;<a title=\"\" href=\"https:\/\/ufpr.br\/propg\/wp-content\/uploads\/2024\/11\/oficio_circular_2435816_.pdf\" target=\"_blank\" rel=\"noopener\">Of\u00edcio Circular n\u00ba 34\/2024-DAV\/CAPES<\/a>, a partir de agosto\/2024 o&nbsp;<strong>canal de atendimento<\/strong>&nbsp;para d\u00favidas ou problemas sobre Plataforma sucupira e Coleta \u00e9&nbsp;<a href=\"mailto:falecomdav@capes.gov.br\" target=\"_blank\" rel=\"noreferrer noopener\">falecomdav@capes.gov.br&nbsp;<\/a><\/p>\n\n\n\n<div style=\"height:50px\" aria-hidden=\"true\" class=\"wp-block-spacer\"><\/div>\n<\/div>\n<\/div>\n\n\n\n<h2 class=\"wp-block-heading\">Abaixo as orienta\u00e7\u00f5es espec\u00edficas para cada per\u00edodo de envio dos dados Coleta CAPES<\/h2>\n\n\n\n<div style=\"height:25px\" aria-hidden=\"true\" class=\"wp-block-spacer\"><\/div>\n\n\n\n<details class=\"wp-block-details is-layout-flow wp-block-details-is-layout-flow\" open><summary>2026 (ano base 2025)<\/summary>\n<ul class=\"wp-block-list\">\n<li><a href=\"https:\/\/ufpr.br\/propg\/cpgss\/coleta-capes\/coleta-capes-2026-ano-base-2025\/\">https:\/\/ufpr.br\/propg\/cpgss\/coleta-capes\/coleta-capes-2025-ano-base-2024-avaliacao-quadrienal-2025-2021-2024\/<\/a><\/li>\n<\/ul>\n\n\n\n<hr class=\"wp-block-separator has-alpha-channel-opacity is-style-dots\" \/>\n<\/details>\n\n\n\n<details class=\"wp-block-details is-layout-flow wp-block-details-is-layout-flow\" open><summary>2025 (ano base 2024) \u2013 Avalia\u00e7\u00e3o Quadrienal 2025 (2021-2024)<\/summary>\n<ul class=\"wp-block-list\">\n<li><a href=\"https:\/\/ufpr.br\/propg\/cpgss\/coleta-capes\/coleta-capes-2025-ano-base-2024-avaliacao-quadrienal-2025-2021-2024\/\">https:\/\/ufpr.br\/propg\/cpgss\/coleta-capes\/coleta-capes-2025-ano-base-2024-avaliacao-quadrienal-2025-2021-2024\/<\/a><\/li>\n<\/ul>\n\n\n\n<hr class=\"wp-block-separator has-alpha-channel-opacity is-style-dots\" \/>\n<\/details>\n\n\n\n<details class=\"wp-block-details is-layout-flow wp-block-details-is-layout-flow\"><summary>2024 (ano base 2023)<\/summary>\n<ul class=\"wp-block-list\">\n<li><a href=\"https:\/\/ufpr.br\/propg\/cpgss\/coleta-capes\/coleta-capes-2024-ano-base-2023\/\">https:\/\/ufpr.br\/propg\/cpgss\/coleta-capes\/coleta-capes-2024-ano-base-2023\/<\/a><\/li>\n<\/ul>\n\n\n\n<ul class=\"wp-block-list\">\n<li><a href=\"https:\/\/ufpr.br\/propg\/cpgss\/coleta-capes\/reabertura-do-sistema-coleta-ano-base-2021-e-2022\/\">Orienta\u00e7\u00f5es sobre&nbsp;reabertura dos anos base 2021 e 2022&nbsp;para corre\u00e7\u00f5es<\/a><strong>&nbsp;<\/strong>(03\/09\/2024)<\/li>\n<\/ul>\n\n\n\n<hr class=\"wp-block-separator has-alpha-channel-opacity is-style-dots\" \/>\n<\/details>\n\n\n\n<details class=\"wp-block-details is-layout-flow wp-block-details-is-layout-flow\"><summary>2023 (ano base 2021 e 2022)<\/summary>\n<p><a href=\"https:\/\/ufpr.br\/propg\/cpgss\/coleta-capes\/coleta-capes-2023-ano-base-2021-e-2022\/\">https:\/\/ufpr.br\/propg\/cpgss\/coleta-capes\/coleta-capes-2023-ano-base-2021-e-2022\/<\/a><\/p>\n\n\n\n<hr class=\"wp-block-separator has-alpha-channel-opacity is-style-dots\" \/>\n<\/details>\n\n\n\n<details class=\"wp-block-details is-layout-flow wp-block-details-is-layout-flow\"><summary>2022 (ano base 2021)<\/summary>\n<p><a href=\"https:\/\/ufpr.br\/propg\/cpgss\/coleta-capes\/coleta-capes-2022-ano-base-2021\/\">https:\/\/ufpr.br\/propg\/cpgss\/coleta-capes\/coleta-capes-2022-ano-base-2021\/<\/a><\/p>\n\n\n\n<hr class=\"wp-block-separator has-alpha-channel-opacity is-style-dots\" \/>\n<\/details>\n\n\n\n<details class=\"wp-block-details is-layout-flow wp-block-details-is-layout-flow\"><summary>2021 (ano base 2020)<\/summary>\n<p><a href=\"https:\/\/ufpr.br\/propg\/cpgss\/coleta-capes\/coleta-capes-2021-ano-base-2020\/\">https:\/\/ufpr.br\/propg\/cpgss\/coleta-capes\/coleta-capes-2021-ano-base-2020\/<\/a><\/p>\n\n\n\n<hr class=\"wp-block-separator has-alpha-channel-opacity is-style-dots\" \/>\n<\/details>\n\n\n\n<details class=\"wp-block-details is-layout-flow wp-block-details-is-layout-flow\"><summary>2020 (ano base 2019)<\/summary>\n<p><a href=\"https:\/\/ufpr.br\/propg\/cpgss\/coleta-capes\/coleta-capes-2020-ano-base-2019\/\">https:\/\/ufpr.br\/propg\/cpgss\/coleta-capes\/coleta-capes-2020-ano-base-2019\/<\/a><\/p>\n\n\n\n<hr class=\"wp-block-separator has-alpha-channel-opacity is-style-dots\" \/>\n<\/details>\n\n\n\n<details class=\"wp-block-details is-layout-flow wp-block-details-is-layout-flow\"><summary>2019 (ano base 2018)<\/summary>\n<p><a title=\"\" href=\"https:\/\/ufpr.br\/propg\/wp-content\/uploads\/2024\/11\/of-002-de-2019-coleta-capes-2019.pdf\" target=\"_blank\" rel=\"noopener\">Of. 002 de 2019<\/a>&nbsp;\u2013 Coleta Capes 2019, ano base 2018<\/p>\n\n\n\n<p><a title=\"\" href=\"https:\/\/ufpr.br\/propg\/wp-content\/uploads\/2024\/11\/anexo-i.docx\" target=\"_blank\" rel=\"noopener\">Anexo I \u2013 informa\u00e7\u00f5es complementares<\/a><\/p>\n\n\n\n<hr class=\"wp-block-separator has-alpha-channel-opacity is-style-dots\" \/>\n<\/details>\n\n\n\n<details class=\"wp-block-details is-layout-flow wp-block-details-is-layout-flow\"><summary>2018 (ano base 2017)<\/summary>\n<p><a title=\"\" href=\"https:\/\/ufpr.br\/propg\/wp-content\/uploads\/2024\/11\/of-002-de-2018-calendrio-coleta-capes-2017.pdf\" target=\"_blank\" rel=\"noopener\">Of. 002 de 2018<\/a>&nbsp;\u2013 Calend\u00e1rio Coleta CAPES 2017<\/p>\n\n\n\n<p>Anexo:&nbsp;<a href=\"https:\/\/ufpr.br\/propg\/wp-content\/uploads\/2024\/11\/manual-do-coleta-capes.pdf\" target=\"_blank\" rel=\"noopener\" title=\"\">Manual do Coleta CAPES<\/a><\/p>\n\n\n\n<p>Anexo:&nbsp;<a title=\"\" href=\"https:\/\/ufpr.br\/propg\/wp-content\/uploads\/2024\/11\/of-002-de-2018-anexo-informaes-complementares.docx\" target=\"_blank\" rel=\"noopener\">Tabela complementar<\/a><\/p>\n\n\n\n<hr class=\"wp-block-separator has-alpha-channel-opacity is-style-dots\" \/>\n<\/details>\n\n\n\n<div style=\"height:0px\" aria-hidden=\"true\" class=\"wp-block-spacer\"><\/div>\n\n\n\n<div style=\"height:15px\" aria-hidden=\"true\" class=\"wp-block-spacer\"><\/div>\n\n\n\n<p class=\"has-text-color has-link-color wp-elements-35347cca6bfe07bb2bf966001a1b447f\" style=\"color:#243673\"><strong><a href=\"#topo\" title=\"\">Voltar ao topo<\/a><\/strong><\/p>\n<\/div>\n\n\n\n<div class=\"wp-block-column is-layout-flow wp-block-column-is-layout-flow\" style=\"flex-basis:2%\"><\/div>\n\n\n\n<div class=\"wp-block-column is-vertically-aligned-top is-layout-flow wp-block-column-is-layout-flow\" style=\"flex-basis:20%\">\n<div class=\"wp-block-columns is-layout-flex wp-container-core-columns-is-layout-9d6595d7 wp-block-columns-is-layout-flex\">\n<div class=\"wp-block-column is-vertically-aligned-top has-background is-layout-flow wp-block-column-is-layout-flow\" style=\"background-color:#e8ecf5;flex-basis:100%\">\n<h2 class=\"wp-block-heading has-text-align-center\">Conhe\u00e7a<br>Tamb\u00e9m<\/h2>\n\n\n\n<hr class=\"wp-block-separator has-text-color has-white-color has-alpha-channel-opacity has-white-background-color has-background is-style-wide\" \/>\n\n\n\n<div class=\"wp-block-columns is-not-stacked-on-mobile is-layout-flex wp-container-core-columns-is-layout-9d6595d7 wp-block-columns-is-layout-flex\">\n<div class=\"wp-block-column is-layout-flow wp-block-column-is-layout-flow\" style=\"flex-basis:1px\"><\/div>\n\n\n\n<div class=\"wp-block-column has-white-background-color has-text-color has-background has-link-color wp-elements-0a94a10f814c37a460c17a2c4b90b0f9 is-layout-flow wp-block-column-is-layout-flow\" style=\"color:#003c71\">\n<div style=\"height:20px\" aria-hidden=\"true\" class=\"wp-block-spacer\"><\/div>\n\n\n<div class=\"wp-block-image is-style-default\">\n<figure class=\"aligncenter size-full is-resized\" id=\"topo\"><a href=\"https:\/\/sites.google.com\/view\/tutorialsucupira\/home\" target=\"_blank\" rel=\" noreferrer noopener\"><img decoding=\"async\" src=\"https:\/\/ufpr.br\/propg\/wp-content\/uploads\/2025\/08\/Icone_TutorialComputadorTexto_Rosa.png\" alt=\"\" class=\"wp-image-25141\" style=\"object-fit:cover;width:70px;height:70px\" \/><\/a><\/figure><\/div>\n\n\n<p class=\"has-text-align-center has-text-color has-link-color wp-elements-8bf0735f03df26e3a5ea954fc0b39809\" style=\"color:#243673;font-size:14px\"><a href=\"https:\/\/ufpr.br\/propg\/cpgss\/coleta-capes\/\"><\/a><a title=\"\" href=\"https:\/\/sites.google.com\/view\/tutorialsucupira\/home\" target=\"_blank\" rel=\"noopener\"><strong>Tutorial online <br>Coleta Capes<\/strong><\/a><\/p>\n<\/div>\n\n\n\n<div class=\"wp-block-column is-layout-flow wp-block-column-is-layout-flow\" style=\"flex-basis:1px\"><\/div>\n<\/div>\n\n\n\n<div class=\"wp-block-columns is-not-stacked-on-mobile is-layout-flex wp-container-core-columns-is-layout-9d6595d7 wp-block-columns-is-layout-flex\">\n<div class=\"wp-block-column is-layout-flow wp-block-column-is-layout-flow\" style=\"flex-basis:1px\"><\/div>\n\n\n\n<div class=\"wp-block-column has-white-background-color has-text-color has-background has-link-color wp-elements-f3a11f695c53f97bbfeadd76ed5402f7 is-layout-flow wp-block-column-is-layout-flow\" style=\"color:#003c71\">\n<div style=\"height:20px\" aria-hidden=\"true\" class=\"wp-block-spacer\"><\/div>\n\n\n<div class=\"wp-block-image is-style-default\">\n<figure class=\"aligncenter size-full is-resized\" id=\"topo\"><a href=\"https:\/\/youtube.com\/playlist?list=PLvBD2eYOmy4C4It2L_IyYmDYkFFnDw8LK&amp;feature=shared\" target=\"_blank\" rel=\" noreferrer noopener\"><img decoding=\"async\" src=\"https:\/\/ufpr.br\/propg\/wp-content\/uploads\/2025\/08\/Icone_TutorialcomputadorVideo_Rosa.png\" alt=\"\" class=\"wp-image-25145\" style=\"object-fit:cover;width:70px;height:70px\" \/><\/a><\/figure><\/div>\n\n\n<p class=\"has-text-align-center has-text-color has-link-color wp-elements-2f681524b9d76ec147e48f584ae07a49\" style=\"color:#243673;font-size:14px\"><a href=\"https:\/\/ufpr.br\/propg\/cpgss\/apcn\/\"><\/a><a title=\"\" href=\"https:\/\/youtube.com\/playlist?list=PLvBD2eYOmy4C4It2L_IyYmDYkFFnDw8LK&amp;feature=shared\" target=\"_blank\" rel=\"noopener\"><strong>Curso <br>Coleta Capes<\/strong><\/a><\/p>\n<\/div>\n\n\n\n<div class=\"wp-block-column is-layout-flow wp-block-column-is-layout-flow\" style=\"flex-basis:1px\"><\/div>\n<\/div>\n\n\n\n<hr class=\"wp-block-separator has-text-color has-white-color has-alpha-channel-opacity has-white-background-color has-background is-style-wide\" \/>\n<\/div>\n<\/div>\n<\/div>\n\n\n\n<div class=\"wp-block-column is-layout-flow wp-block-column-is-layout-flow\" style=\"flex-basis:2%\"><\/div>\n<\/div>\n\n\n\n<p><\/p>\n","protected":false},"excerpt":{"rendered":"<p>Coleta CAPES&nbsp;\u00e9 procedimento peri\u00f3dico de coleta de informa\u00e7\u00f5es sobre a p\u00f3s-gradua\u00e7\u00e3o stricto sensu, necess\u00e1rias para o processo de Avalia\u00e7\u00e3o dos cursos\/programas que comp\u00f5e o Sistema Nacional de P\u00f3s-Gradua\u00e7\u00e3o (SNPG). Em per\u00edodos determinados pela Capes, os programas de p\u00f3s-gradua\u00e7\u00e3o devem registrar e consolidar uma s\u00e9rie de dados sobre suas atividades na&nbsp;Plataforma Sucupira da Capes. As informa\u00e7\u00f5es [&hellip;]<\/p>\n","protected":false},"author":5,"featured_media":0,"parent":2756,"menu_order":0,"comment_status":"closed","ping_status":"closed","template":"","meta":{"footnotes":""},"class_list":["post-3780","page","type-page","status-publish","hentry"],"_links":{"self":[{"href":"https:\/\/ufpr.br\/propg\/wp-json\/wp\/v2\/pages\/3780","targetHints":{"allow":["GET"]}}],"collection":[{"href":"https:\/\/ufpr.br\/propg\/wp-json\/wp\/v2\/pages"}],"about":[{"href":"https:\/\/ufpr.br\/propg\/wp-json\/wp\/v2\/types\/page"}],"author":[{"embeddable":true,"href":"https:\/\/ufpr.br\/propg\/wp-json\/wp\/v2\/users\/5"}],"replies":[{"embeddable":true,"href":"https:\/\/ufpr.br\/propg\/wp-json\/wp\/v2\/comments?post=3780"}],"version-history":[{"count":94,"href":"https:\/\/ufpr.br\/propg\/wp-json\/wp\/v2\/pages\/3780\/revisions"}],"predecessor-version":[{"id":51843,"href":"https:\/\/ufpr.br\/propg\/wp-json\/wp\/v2\/pages\/3780\/revisions\/51843"}],"up":[{"embeddable":true,"href":"https:\/\/ufpr.br\/propg\/wp-json\/wp\/v2\/pages\/2756"}],"wp:attachment":[{"href":"https:\/\/ufpr.br\/propg\/wp-json\/wp\/v2\/media?parent=3780"}],"curies":[{"name":"wp","href":"https:\/\/api.w.org\/{rel}","templated":true}]}}