{"id":3769,"date":"2024-11-12T20:08:53","date_gmt":"2024-11-12T23:08:53","guid":{"rendered":"https:\/\/ufpr.br\/?page=3769"},"modified":"2026-03-24T10:33:43","modified_gmt":"2026-03-24T13:33:43","slug":"autoavaliacao-e-planejamento","status":"publish","type":"page","link":"https:\/\/ufpr.br\/propg\/cpgss\/autoavaliacao-e-planejamento\/","title":{"rendered":"Autoavalia\u00e7\u00e3o Stricto Sensu e Planejamento Institucional"},"content":{"rendered":"\n<div style=\"height:50px\" aria-hidden=\"true\" class=\"wp-block-spacer\"><\/div>\n\n\n\n<div class=\"wp-block-columns is-layout-flex wp-container-core-columns-is-layout-9d6595d7 wp-block-columns-is-layout-flex\">\n<div class=\"wp-block-column is-layout-flow wp-block-column-is-layout-flow\" style=\"flex-basis:20%\"><div class=\"wp-block-image\">\n<figure class=\"aligncenter size-full is-resized\"><img decoding=\"async\" src=\"https:\/\/ufpr.br\/propg\/wp-content\/uploads\/2025\/07\/Icone_AutoavaliacaoPlanejamento_Rosa.png\" alt=\"\" class=\"wp-image-16553\" style=\"width:100px\" \/><\/figure><\/div><\/div>\n\n\n\n<div class=\"wp-block-column is-layout-flow wp-block-column-is-layout-flow\" style=\"flex-basis:70%\">\n<p>&gt;&gt; <a title=\"\" href=\"http:\/\/www.proplan.ufpr.br\/portal\/wp-content\/uploads\/2022\/11\/Plano_de_Desenvolvimento_Institucional_UFPR_2022-2026.pdf\" target=\"_blank\" rel=\"noopener\">Plano de Desenvolvimento Institucional (PDI) 2022-2026<\/a><\/p>\n\n\n\n<ul class=\"wp-block-list\">\n<li><strong><a href=\"https:\/\/ufpr.br\/propg\/wp-content\/uploads\/2024\/11\/planejamento-e-autoavaliacao-da-pos-graduacao-stricto-sensu-ufpr-2022-a-2026-.pdf\" target=\"_blank\" rel=\"noopener\" title=\"\">Planejamento Institucional e Autoavalia\u00e7\u00e3o Stricto Sensu<\/a><\/strong>&nbsp;\u2013 Apresenta os principais elementos do planejamento da UFPR com \u00eanfase nos&nbsp;objetivos propostos pelo PDI 2022-2026 para a p\u00f3s-gradua\u00e7\u00e3o stricto sensu, destacando tamb\u00e9m os principais elementos do plano institucional de internacionaliza\u00e7\u00e3o para o per\u00edodo e apresentando o&nbsp;planejamento e a autoavalia\u00e7\u00e3o&nbsp;espec\u00edficos dos programas de p\u00f3s-gradua\u00e7\u00e3o.<\/li>\n<\/ul>\n\n\n\n<p>&gt;&gt; <a href=\"https:\/\/ufpr.br\/propg\/wp-content\/uploads\/2025\/08\/pii_portugues_prppg.pdf\" target=\"_blank\" rel=\"noreferrer noopener\">Plano Institucional de Internacionaliza\u00e7\u00e3o (PII) 2023-2027<\/a><\/p>\n\n\n\n<div style=\"height:25px\" aria-hidden=\"true\" class=\"wp-block-spacer\"><\/div>\n\n\n\n<hr class=\"wp-block-separator has-text-color has-alpha-channel-opacity has-background is-style-wide\" style=\"background-color:#e8ecf5;color:#e8ecf5\" \/>\n\n\n\n<div style=\"height:25px\" aria-hidden=\"true\" class=\"wp-block-spacer\"><\/div>\n\n\n\n<p>&gt;&gt; <a href=\"https:\/\/ufpr.br\/propg\/wp-content\/uploads\/2026\/03\/roteiro-plano-e-relatorio-de-autoavaliacao-do-ppg-14-03-24.docx\" target=\"_blank\" rel=\"noreferrer noopener\">Roteiro \u2013 Plano e Relat\u00f3rio de Autoavalia\u00e7\u00e3o do PPG \u2013 14.03.24<\/a>. docx<\/p>\n\n\n\n<ul class=\"wp-block-list\">\n<li>Este documento apresenta informa\u00e7\u00f5es sobre o processo de autoavalia\u00e7\u00e3o da p\u00f3s-gradua\u00e7\u00e3o e um roteiro para subsidiar elabora\u00e7\u00e3o do plano e do relat\u00f3rio de autoavalia\u00e7\u00e3o do programa de p\u00f3s-gradua\u00e7\u00e3o da UFPR a ser apresentado para a CAPES. Este roteiro foi elaborado considerando os requisitos m\u00ednimos presentes no relat\u00f3rio do Grupo de Trabalho da CAPES sobre o tema.<\/li>\n<\/ul>\n<\/div>\n\n\n\n<div class=\"wp-block-column is-layout-flow wp-block-column-is-layout-flow\" style=\"flex-basis:10%\"><\/div>\n<\/div>\n","protected":false},"excerpt":{"rendered":"<p>&gt;&gt; Plano de Desenvolvimento Institucional (PDI) 2022-2026 &gt;&gt; Plano Institucional de Internacionaliza\u00e7\u00e3o (PII) 2023-2027 &gt;&gt; Roteiro \u2013 Plano e Relat\u00f3rio de Autoavalia\u00e7\u00e3o do PPG \u2013 14.03.24. docx<\/p>\n","protected":false},"author":5,"featured_media":0,"parent":2756,"menu_order":0,"comment_status":"closed","ping_status":"closed","template":"","meta":{"footnotes":""},"class_list":["post-3769","page","type-page","status-publish","hentry"],"_links":{"self":[{"href":"https:\/\/ufpr.br\/propg\/wp-json\/wp\/v2\/pages\/3769","targetHints":{"allow":["GET"]}}],"collection":[{"href":"https:\/\/ufpr.br\/propg\/wp-json\/wp\/v2\/pages"}],"about":[{"href":"https:\/\/ufpr.br\/propg\/wp-json\/wp\/v2\/types\/page"}],"author":[{"embeddable":true,"href":"https:\/\/ufpr.br\/propg\/wp-json\/wp\/v2\/users\/5"}],"replies":[{"embeddable":true,"href":"https:\/\/ufpr.br\/propg\/wp-json\/wp\/v2\/comments?post=3769"}],"version-history":[{"count":25,"href":"https:\/\/ufpr.br\/propg\/wp-json\/wp\/v2\/pages\/3769\/revisions"}],"predecessor-version":[{"id":52036,"href":"https:\/\/ufpr.br\/propg\/wp-json\/wp\/v2\/pages\/3769\/revisions\/52036"}],"up":[{"embeddable":true,"href":"https:\/\/ufpr.br\/propg\/wp-json\/wp\/v2\/pages\/2756"}],"wp:attachment":[{"href":"https:\/\/ufpr.br\/propg\/wp-json\/wp\/v2\/media?parent=3769"}],"curies":[{"name":"wp","href":"https:\/\/api.w.org\/{rel}","templated":true}]}}