{"id":3641,"date":"2024-11-10T16:27:03","date_gmt":"2024-11-10T19:27:03","guid":{"rendered":"https:\/\/ufpr.br\/?page=3641"},"modified":"2025-08-20T09:19:02","modified_gmt":"2025-08-20T12:19:02","slug":"apcn-2019","status":"publish","type":"page","link":"https:\/\/ufpr.br\/propg\/cpgss\/apcn\/apcn-2019\/","title":{"rendered":"APCN 2019"},"content":{"rendered":"\n<div style=\"height:50px\" aria-hidden=\"true\" class=\"wp-block-spacer\"><\/div>\n\n\n\n<div class=\"wp-block-columns is-layout-flex wp-container-core-columns-is-layout-9d6595d7 wp-block-columns-is-layout-flex\">\n<div class=\"wp-block-column is-layout-flow wp-block-column-is-layout-flow\" style=\"flex-basis:15%\" id=\"topo\">\n<div style=\"height:15px\" aria-hidden=\"true\" class=\"wp-block-spacer\"><\/div>\n\n\n<div class=\"wp-block-image\">\n<figure class=\"aligncenter size-full is-resized\"><img decoding=\"async\" src=\"https:\/\/ufpr.br\/propg\/wp-content\/uploads\/2025\/08\/Icone_SistemasComputador_Rosa.png\" alt=\"\" class=\"wp-image-20964\" style=\"width:100px;height:auto\"\/><\/figure><\/div><\/div>\n\n\n\n<div class=\"wp-block-column is-layout-flow wp-block-column-is-layout-flow\" style=\"flex-basis:75%\">\n<h2 class=\"wp-block-heading\">Orienta\u00e7\u00f5es e Calend\u00e1rio Interno da UFPR<\/h2>\n\n\n\n<p>Leia com aten\u00e7\u00e3o todas as informa\u00e7\u00f5es desta p\u00e1gina antes de iniciar a elabora\u00e7\u00e3o da proposta de curso novo.<\/p>\n\n\n\n<div style=\"height:50px\" aria-hidden=\"true\" class=\"wp-block-spacer\"><\/div>\n\n\n\n<h2 class=\"wp-block-heading has-text-align-left has-background has-medium-font-size\" style=\"background-color:#e8ecf5\">ORIENTA\u00c7\u00d5ES PARA ENVIO DE PROPOSTAS DE NOVOS CURSOS E PROGRAMAS STRICTO SENSU<\/h2>\n\n\n\n<hr class=\"wp-block-separator has-text-color has-alpha-channel-opacity has-background is-style-wide\" style=\"background-color:#e8ecf5;color:#e8ecf5\"\/>\n\n\n\n<p><strong>Enviar processo SEI \u00e0 UFPR\/R\/PRPPG\/CPGSS, tipo de processo \u201cp\u00f3s-gradua\u00e7\u00e3o: solicita\u00e7\u00e3o de cria\u00e7\u00e3o de cursos\/programas\u201d, contendo:<\/strong><\/p>\n\n\n\n<ol class=\"wp-block-list\">\n<li>Estrutura\u00e7\u00e3o da proposta, utilizando o\u00a0<em><a title=\"\" href=\"https:\/\/ufpr.br\/propg\/wp-content\/uploads\/2024\/11\/modelo-apresentao-apcn-2018.pptx\" target=\"_blank\" rel=\"noopener\">modelo de apresenta\u00e7\u00e3o \u00e0 PRPPG<\/a><\/em><\/li>\n<\/ol>\n\n\n\n<ol start=\"2\" class=\"wp-block-list\">\n<li>Indica\u00e7\u00e3o de consultores externos \u201cad hoc\u201d que poder\u00e3o ser convidados para an\u00e1lise inicial da proposta (opcional)<\/li>\n<\/ol>\n\n\n\n<ol start=\"3\" class=\"wp-block-list\">\n<li>Outros documentos importantes para a caracteriza\u00e7\u00e3o da proposta<\/li>\n<\/ol>\n\n\n\n<p><strong><em>Propostas&nbsp;iniciais apresentadas por outros meios n\u00e3o ser\u00e3o consideradas.<\/em><\/strong><\/p>\n\n\n\n<p>Recomendamos que os proponentes assistam ao<strong>&nbsp;\u201c<\/strong><em>Semin\u00e1rio \u2013 Orienta\u00e7\u00e3o para a Elabora\u00e7\u00e3o de Propostas de Cursos Novos<\/em>\u201d, da Diretoria de Avalia\u00e7\u00e3o da Capes, o qual esclarece diversos aspectos sobre a elabora\u00e7\u00e3o das propostas (dispon\u00edvel em&nbsp;<a href=\"https:\/\/goo.gl\/3AHVq1\" target=\"_blank\" rel=\"noopener\" title=\"\">https:\/\/goo.gl\/3AHVq1<\/a>).<\/p>\n\n\n\n<div style=\"height:50px\" aria-hidden=\"true\" class=\"wp-block-spacer\"><\/div>\n\n\n\n<h2 class=\"wp-block-heading has-text-align-left has-background has-medium-font-size\" style=\"background-color:#e8ecf5\">DOCUMENTOS IMPORTANTES<\/h2>\n\n\n\n<hr class=\"wp-block-separator has-text-color has-alpha-channel-opacity has-background is-style-wide\" style=\"background-color:#e8ecf5;color:#e8ecf5\"\/>\n\n\n\n<p>Para subsidiar a estrutura\u00e7\u00e3o da proposta \u00e9 importante que o coordenador da proposta familiarize-se com os seguintes documentos:<\/p>\n\n\n\n<ol class=\"wp-block-list\">\n<li><strong><a title=\"\" href=\"https:\/\/ufpr.br\/propg\/wp-content\/uploads\/2024\/11\/modelo-apresentao-apcn-2018.pptx\" target=\"_blank\" rel=\"noopener\">Modelo de apresenta\u00e7\u00e3o*<\/a>\u00a0<\/strong>\u00e0 PRPPG (dispon\u00edvel em\u00a0<a title=\"\" href=\"https:\/\/goo.gl\/iQZfTL\" target=\"_blank\" rel=\"noopener\">https:\/\/goo.gl\/iQZfTL<\/a>)<\/li>\n<\/ol>\n\n\n\n<ol start=\"2\" class=\"wp-block-list\">\n<li>Portaria n\u00b0\u00a0<strong>33\/2019-CAPES<\/strong>\u00a0\u2013 aten\u00e7\u00e3o \u00e0s exig\u00eancias formais e documentais para an\u00e1lise da proposta (dispon\u00edvel em\u00a0<a title=\"\" href=\"https:\/\/goo.gl\/38KUaL\" target=\"_blank\" rel=\"noopener\"><u>https:\/\/goo.gl\/38KUaL<\/u><\/a>)<\/li>\n<\/ol>\n\n\n\n<ol start=\"3\" class=\"wp-block-list\">\n<li><strong>Manual de APCN<\/strong>\u00a0(dispon\u00edvel em\u00a0<a title=\"\" href=\"https:\/\/goo.gl\/uKt5xd\" target=\"_blank\" rel=\"noopener\"><u>https:\/\/goo.gl\/uKt5xd<\/u><\/a>)<\/li>\n<\/ol>\n\n\n\n<ol start=\"4\" class=\"wp-block-list\">\n<li><strong>Tutoriais de APCN\u00a0<\/strong>(dispon\u00edvel em\u00a0<a title=\"\" href=\"http:\/\/capes.gov.br\/tutoriais\/apcn\/\" target=\"_blank\" rel=\"noopener\">http:\/\/capes.gov.br\/tutoriais\/apcn\/<\/a>)<\/li>\n<\/ol>\n\n\n\n<ol start=\"5\" class=\"wp-block-list\">\n<li><strong>Semin\u00e1rio<\/strong>\u00a0<strong>da CAPES sobre como elaborar APCN<\/strong>\u00a0(dispon\u00edvel em\u00a0<a title=\"\" href=\"https:\/\/goo.gl\/3AHVq1\" target=\"_blank\" rel=\"noopener\"><u>https:\/\/goo.gl\/3AHVq1<\/u><\/a>)<\/li>\n<\/ol>\n\n\n\n<ol start=\"6\" class=\"wp-block-list\">\n<li><strong>Perguntas frequentes sobre APCN<\/strong>\u00a0da CAPES (dispon\u00edvel em\u00a0<a title=\"\" href=\"https:\/\/goo.gl\/T924o4\" target=\"_blank\" rel=\"noopener\"><u>https:\/\/goo.gl\/T924o4<\/u><\/a>)<\/li>\n<\/ol>\n\n\n\n<ol start=\"7\" class=\"wp-block-list\">\n<li><strong>Documento de \u00e1rea<\/strong>\u00a0(dispon\u00edvel em\u00a0<a title=\"\" href=\"http:\/\/capes.gov.br\/avaliacao\/sobre-as-areas-de-avaliacao\" target=\"_blank\" rel=\"noopener\"><u>http:\/\/capes.gov.br\/avaliacao\/sobre-as-areas-de-avaliacao<\/u><\/a>)<\/li>\n<\/ol>\n\n\n\n<ol start=\"8\" class=\"wp-block-list\">\n<li>Relat\u00f3rio da\u00a0<strong>avalia\u00e7\u00e3o quadrienal da \u00e1rea\u00a0<\/strong>(dispon\u00edvel em\u00a0<a title=\"\" href=\"http:\/\/capes.gov.br\/avaliacao\/sobre-as-areas-de-avaliacao\" target=\"_blank\" rel=\"noopener\"><u>http:\/\/capes.gov.br\/avaliacao\/sobre-as-areas-de-avaliacao<\/u><\/a>)<\/li>\n<\/ol>\n\n\n\n<ol start=\"9\" class=\"wp-block-list\">\n<li>Crit\u00e9rios de APCN da \u00e1rea (dispon\u00edvel em\u00a0<a title=\"\" href=\"http:\/\/capes.gov.br\/avaliacao\/sobre-as-areas-de-avaliacao\" target=\"_blank\" rel=\"noopener\"><u>http:\/\/capes.gov.br\/avaliacao\/sobre-as-areas-de-avaliacao<\/u><\/a>)<\/li>\n<\/ol>\n\n\n\n<ol start=\"10\" class=\"wp-block-list\">\n<li>Regimento Geral da UFPR (dispon\u00edvel em\u00a0<a href=\"https:\/\/goo.gl\/dtTMqs\">https:\/\/goo.gl\/dtTMqs<\/a>)<\/li>\n<\/ol>\n\n\n\n<hr class=\"wp-block-separator has-text-color has-alpha-channel-opacity has-background is-style-wide\" style=\"background-color:#e8ecf5;color:#e8ecf5\"\/>\n\n\n\n<p><strong>*Aten\u00e7\u00e3o: Todos os campos do modelo de apresenta\u00e7\u00e3o dever\u00e3o ser preenchidos<\/strong>&nbsp;para permitir uma r\u00e1pida visualiza\u00e7\u00e3o dos principais elementos da proposta pela PRPPG e pelos avaliadores externos.<\/p>\n\n\n\n<hr class=\"wp-block-separator has-text-color has-alpha-channel-opacity has-background is-style-wide\" style=\"background-color:#e8ecf5;color:#e8ecf5\"\/>\n\n\n\n<p>No campo \u201canota\u00e7\u00f5es\u201d de cada slide est\u00e3o algumas&nbsp;<strong>recomenda\u00e7\u00f5es pontuais<\/strong>&nbsp;sobre o t\u00f3pico. Caso n\u00e3o haja a informa\u00e7\u00e3o referente a algum dos t\u00f3picos mencionados na apresenta\u00e7\u00e3o, o proponente dever\u00e1 escrever \u201cn\u00e3o se aplica\u201d ou \u201cn\u00e3o h\u00e1 informa\u00e7\u00e3o\u201d.<\/p>\n\n\n\n<div style=\"height:50px\" aria-hidden=\"true\" class=\"wp-block-spacer\"><\/div>\n\n\n\n<h2 class=\"wp-block-heading has-text-align-left has-background has-medium-font-size\" style=\"background-color:#e8ecf5\">OUTRAS INFORMA\u00c7\u00d5ES IMPORTANTES<\/h2>\n\n\n\n<hr class=\"wp-block-separator has-text-color has-alpha-channel-opacity has-background is-style-wide\" style=\"background-color:#e8ecf5;color:#e8ecf5\"\/>\n\n\n\n<p><a href=\"http:\/\/www.capes.gov.br\/avaliacao\/entrada-no-snpg-propostas\" target=\"_blank\" rel=\"noopener\" title=\"\">Conhe\u00e7a a avalia\u00e7\u00e3o \u2013 Entrada no Sistema Nacional de P\u00f3s-gradua\u00e7\u00e3o (SNPG)-Proposta de Cursos Novos<\/a><\/p>\n\n\n\n<p><a href=\"https:\/\/ufpr.br\/propg\/wp-content\/uploads\/2024\/11\/1.pdf\" target=\"_blank\" rel=\"noopener\" title=\"\">Anexo I \u2013 Roteiro e cronograma<\/a><\/p>\n\n\n\n<p><a href=\"https:\/\/ufpr.br\/propg\/wp-content\/uploads\/2024\/11\/2.pdf\" target=\"_blank\" rel=\"noopener\" title=\"\">Anexo II \u2013 Requisitos para an\u00e1lise da proposta pela CAPES<\/a><\/p>\n\n\n\n<p><a href=\"https:\/\/ufpr.br\/propg\/wp-content\/uploads\/2024\/11\/3.pdf\" target=\"_blank\" rel=\"noopener\" title=\"\">Anexo III \u2013 Informa\u00e7\u00f5es b\u00e1sicas para homologa\u00e7\u00e3o pela PRPPG<\/a><\/p>\n\n\n\n<p>Portaria CAPES n\u00ba 33\/2019 (<a href=\"https:\/\/goo.gl\/38KUaL\" target=\"_blank\" rel=\"noopener\" title=\"\">https:\/\/goo.gl\/38KUaL<\/a>)<\/p>\n\n\n\n<p>Portaria CAPES n\u00ba 182\/ 2018 (<a href=\"https:\/\/goo.gl\/hLPBJq\" target=\"_blank\" rel=\"noopener\" title=\"\">https:\/\/goo.gl\/hLPBJq<\/a>)<\/p>\n\n\n\n<div style=\"height:50px\" aria-hidden=\"true\" class=\"wp-block-spacer\"><\/div>\n\n\n\n<h2 class=\"wp-block-heading has-text-align-left has-background has-medium-font-size\" style=\"background-color:#e8ecf5\">EDI\u00c7\u00c3O 8 DO InfoCAPES FALA SOBRE PROPOSTAS DE CURSOS NOVOS<\/h2>\n\n\n\n<hr class=\"wp-block-separator has-text-color has-alpha-channel-opacity has-background is-style-wide\" style=\"background-color:#e8ecf5;color:#e8ecf5\"\/>\n\n\n\n<div class=\"wp-block-media-text is-stacked-on-mobile is-vertically-aligned-top\" style=\"grid-template-columns:30% auto\"><figure class=\"wp-block-media-text__media\"><a href=\"https:\/\/www.gov.br\/capes\/pt-br\" target=\"_blank\" rel=\"noreferrer noopener\"><img decoding=\"async\" src=\"https:\/\/ufpr.br\/propg\/wp-content\/uploads\/2024\/11\/infocapes-300x152-1.jpg\" alt=\"\" class=\"wp-image-11353 size-full\"\/><\/a><\/figure><div class=\"wp-block-media-text__content\">\n<p>O processo de Avalia\u00e7\u00e3o das Propostas de Cursos Novos (APCN) de 2019, que estar\u00e1 aberto a partir de 1\u00ba de julho, \u00e9 o tema da oitava edi\u00e7\u00e3o do\u00a0<a href=\"https:\/\/www.capes.gov.br\/pt\/boletim-infocapes\" target=\"_blank\" rel=\"noreferrer noopener\">InfoCAPES<\/a>. O Informativo, com mat\u00e9rias, depoimentos em v\u00eddeos e dados, traz todos os detalhes sobre esta fase de apresenta\u00e7\u00e3o de projetos para a cria\u00e7\u00e3o de mestrados e doutorados, tanto acad\u00eamicos como profissionais, nas modalidades presenciais e a dist\u00e2ncia. A fase de submiss\u00e3o de propostas se encerra em 9 de agosto. Para mais informa\u00e7\u00f5es,\u00a0<a href=\"http:\/\/capes.gov.br\/pt\/avaliacao\/entrada-no-snpg-propostas\" target=\"_blank\" rel=\"noreferrer noopener\">acesse aqui.<\/a><\/p>\n\n\n\n<p>O InfoCAPES mostra os pontos a serem observados na proposta que ser\u00e1 submetida e os caminhos da APCN, desde a apresenta\u00e7\u00e3o do projeto \u00e0 sua aprova\u00e7\u00e3o e autoriza\u00e7\u00e3o de funcionamento. O leitor poder\u00e1 visualizar tamb\u00e9m a expans\u00e3o da p\u00f3s-gradua\u00e7\u00e3o stricto sensu nos \u00faltimos anos.<\/p>\n\n\n\n<p>Os ajustes no processo de ingresso de novos cursos no sistema de p\u00f3s-gradua\u00e7\u00e3o, a entrada do mestrado a dist\u00e2ncia na APCN e a atualiza\u00e7\u00e3o do regulamento dos mestrados e doutorados profissionais tamb\u00e9m est\u00e3o no Informativo.<\/p>\n\n\n\n<p>Acesse:&nbsp;<a href=\"http:\/\/www.capes.gov.br\/infocapes\/008-junho-2019\/\">http:\/\/www.capes.gov.br\/infocapes\/008-junho-2019<\/a><\/p>\n<\/div><\/div>\n\n\n\n<div style=\"height:50px\" aria-hidden=\"true\" class=\"wp-block-spacer\"><\/div>\n\n\n\n<h2 class=\"wp-block-heading has-text-align-left has-background has-medium-font-size\" style=\"background-color:#e8ecf5\">CALEND\u00c1RIO 2019<\/h2>\n\n\n\n<hr class=\"wp-block-separator has-text-color has-alpha-channel-opacity has-background is-style-wide\" style=\"background-color:#e8ecf5;color:#e8ecf5\"\/>\n\n\n\n<p><strong>Propostas de cursos novos de mestrado e doutorado (APCN) 2019<\/strong><\/p>\n\n\n\n<ul class=\"wp-block-list\">\n<li><a href=\"https:\/\/ufpr.br\/propg\/wp-content\/uploads\/2024\/11\/of-008-de-2019-novo-calendrio-apcn-apresentao-propostas-de-cursos-novos-2019.pdf\" target=\"_blank\" rel=\"noopener\" title=\"\">Of. 008 de 2019<\/a>&nbsp; \u2013 Novo Calend\u00e1rio APCN \u2013 Apresenta\u00e7\u00e3o propostas de cursos novos 2019 (<strong>altera Of. 004\/2019<\/strong>)<\/li>\n<\/ul>\n\n\n\n<p>Em aten\u00e7\u00e3o ao&nbsp;<a href=\"http:\/\/www.capes.gov.br\/avaliacao\/sobre-a-avaliacao\/calendario-2019\" target=\"_blank\" rel=\"noopener\" title=\"\">Calend\u00e1rio<\/a>&nbsp;da diretoria de Avalia\u00e7\u00e3o DAV-CAPES 2019 para submiss\u00e3o de propostas de cursos novos de mestrado e doutorado, informamos que a PRPPG receber\u00e1 novas propostas de cursos novos de mestrado e doutorado (APCN)&nbsp;<strong>at\u00e9 dia 04\/07\/2019.<\/strong><\/p>\n\n\n\n<div style=\"height:25px\" aria-hidden=\"true\" class=\"wp-block-spacer\"><\/div>\n\n\n<div class=\"wp-block-image\">\n<figure class=\"aligncenter size-full\"><a href=\"https:\/\/ufpr.br\/propg\/wp-content\/uploads\/2024\/11\/calendario-novo-2019.jpg\" target=\"_blank\" rel=\" noreferrer noopener\"><img decoding=\"async\" src=\"https:\/\/ufpr.br\/propg\/wp-content\/uploads\/2024\/11\/calendario-novo-2019.jpg\" alt=\"\" class=\"wp-image-11384\"\/><\/a><\/figure><\/div>\n\n\n<div style=\"height:25px\" aria-hidden=\"true\" class=\"wp-block-spacer\"><\/div>\n\n\n\n<hr class=\"wp-block-separator has-text-color has-alpha-channel-opacity has-background is-style-wide\" style=\"background-color:#e8ecf5;color:#e8ecf5\"\/>\n\n\n\n<p>Al\u00e9m da proposta e da documenta\u00e7\u00e3o constante \u00e0&nbsp;<a href=\"http:\/\/capes.gov.br\/avaliacao\/sobre-a-avaliacao\/legislacao-especifica\" target=\"_blank\" rel=\"noopener\" title=\"\">Portaria n\u00b0 33\/2019-CAPES<\/a><strong>&nbsp;\u00e9 imprescind\u00edvel que o coordenador da proposta apresente a anu\u00eancia formal dos Conselhos Setoriais.&nbsp;<\/strong><\/p>\n\n\n\n<p>Vale ressaltar que a chancela da proposta de curso novo representa o compromisso da institui\u00e7\u00e3o com a garantia de infraestrutura e o financiamento necess\u00e1rio e, portanto, \u00e9 vedada a utiliza\u00e7\u00e3o de&nbsp;<em>ad referendum<\/em>&nbsp;para este documento.&nbsp;<strong>A anu\u00eancia setorial deve estar anexa na proposta enviada via Plataforma Sucupira.<\/strong><\/p>\n\n\n\n<div style=\"height:50px\" aria-hidden=\"true\" class=\"wp-block-spacer\"><\/div>\n\n\n\n<h2 class=\"wp-block-heading has-text-align-left has-background has-medium-font-size\" style=\"background-color:#e8ecf5\">PROPOSTAS DECLINADAS EM 2018<\/h2>\n\n\n\n<hr class=\"wp-block-separator has-text-color has-alpha-channel-opacity has-background is-style-wide\" style=\"background-color:#e8ecf5;color:#e8ecf5\"\/>\n\n\n\n<p>Comunicado enviado pela CAPES \u00e0 PRPPG:<\/p>\n\n\n\n<blockquote class=\"wp-block-quote is-layout-flow wp-block-quote-is-layout-flow\">\n<p>\u201cAos&nbsp;<strong>cursos que tiveram proposta declinada<\/strong>, ressaltamos que a Plataforma Sucupira possibilita o&nbsp;<strong>aproveitamento de proposta j\u00e1 preenchida<\/strong>&nbsp;no APCN 2018 e anteriores, conforme o Manual do usu\u00e1rio: \u201cAPCN \u2013 Apresenta\u00e7\u00e3o de propostas para cursos novos\u201d na p\u00e1gina 6.\u201d<\/p>\n<\/blockquote>\n<\/div>\n\n\n\n<div class=\"wp-block-column is-layout-flow wp-block-column-is-layout-flow\" style=\"flex-basis:10%\"><\/div>\n<\/div>\n","protected":false},"excerpt":{"rendered":"<p>Orienta\u00e7\u00f5es e Calend\u00e1rio Interno da UFPR Leia com aten\u00e7\u00e3o todas as informa\u00e7\u00f5es desta p\u00e1gina antes de iniciar a elabora\u00e7\u00e3o da proposta de curso novo. ORIENTA\u00c7\u00d5ES PARA ENVIO DE PROPOSTAS DE NOVOS CURSOS E PROGRAMAS STRICTO SENSU Enviar processo SEI \u00e0 UFPR\/R\/PRPPG\/CPGSS, tipo de processo \u201cp\u00f3s-gradua\u00e7\u00e3o: solicita\u00e7\u00e3o de cria\u00e7\u00e3o de cursos\/programas\u201d, contendo: Propostas&nbsp;iniciais apresentadas por outros [&hellip;]<\/p>\n","protected":false},"author":5,"featured_media":0,"parent":3345,"menu_order":0,"comment_status":"closed","ping_status":"closed","template":"","meta":{"footnotes":""},"class_list":["post-3641","page","type-page","status-publish","hentry"],"_links":{"self":[{"href":"https:\/\/ufpr.br\/propg\/wp-json\/wp\/v2\/pages\/3641","targetHints":{"allow":["GET"]}}],"collection":[{"href":"https:\/\/ufpr.br\/propg\/wp-json\/wp\/v2\/pages"}],"about":[{"href":"https:\/\/ufpr.br\/propg\/wp-json\/wp\/v2\/types\/page"}],"author":[{"embeddable":true,"href":"https:\/\/ufpr.br\/propg\/wp-json\/wp\/v2\/users\/5"}],"replies":[{"embeddable":true,"href":"https:\/\/ufpr.br\/propg\/wp-json\/wp\/v2\/comments?post=3641"}],"version-history":[{"count":37,"href":"https:\/\/ufpr.br\/propg\/wp-json\/wp\/v2\/pages\/3641\/revisions"}],"predecessor-version":[{"id":12180,"href":"https:\/\/ufpr.br\/propg\/wp-json\/wp\/v2\/pages\/3641\/revisions\/12180"}],"up":[{"embeddable":true,"href":"https:\/\/ufpr.br\/propg\/wp-json\/wp\/v2\/pages\/3345"}],"wp:attachment":[{"href":"https:\/\/ufpr.br\/propg\/wp-json\/wp\/v2\/media?parent=3641"}],"curies":[{"name":"wp","href":"https:\/\/api.w.org\/{rel}","templated":true}]}}