{"id":17695,"date":"2025-11-07T12:06:28","date_gmt":"2025-11-07T15:06:28","guid":{"rendered":"https:\/\/ufpr.br\/?page=17695"},"modified":"2025-12-30T16:03:03","modified_gmt":"2025-12-30T19:03:03","slug":"edital-07-2025-propg-sae","status":"publish","type":"page","link":"https:\/\/ufpr.br\/propg\/editais\/edital-07-2025-propg-sae\/","title":{"rendered":"Edital 07\/2025-PROPG\/SAE"},"content":{"rendered":"\n<div style=\"height:50px\" aria-hidden=\"true\" class=\"wp-block-spacer\"><\/div>\n\n\n\n<div class=\"wp-block-columns is-layout-flex wp-container-core-columns-is-layout-9d6595d7 wp-block-columns-is-layout-flex\">\n<div class=\"wp-block-column is-layout-flow wp-block-column-is-layout-flow\" style=\"flex-basis:20%\" id=\"topo\">\n<div style=\"height:15px\" aria-hidden=\"true\" class=\"wp-block-spacer\"><\/div>\n\n\n<div class=\"wp-block-image\">\n<figure class=\"aligncenter size-full is-resized\"><img decoding=\"async\" src=\"https:\/\/ufpr.br\/propg\/wp-content\/uploads\/2024\/10\/Icone_DocumentosMao_Rosa.png\" alt=\"\" class=\"wp-image-6130\" style=\"width:100px;height:auto\"\/><\/figure><\/div><\/div>\n\n\n\n<div class=\"wp-block-column is-layout-flow wp-block-column-is-layout-flow\" style=\"flex-basis:2%\"><\/div>\n\n\n\n<div class=\"wp-block-column is-layout-flow wp-block-column-is-layout-flow\" style=\"flex-basis:70%\">\n<blockquote class=\"wp-block-quote is-layout-flow wp-block-quote-is-layout-flow\">\n<p>Procedimento para remanejamento de cotas ociosas de Bolsas DS, DS em Rede e PROEX autorizado pelo Of\u00edcio Circular CAPES n\u00ba 02\/2025<\/p>\n<\/blockquote>\n\n\n\n<div style=\"height:25px\" aria-hidden=\"true\" class=\"wp-block-spacer\"><\/div>\n\n\n\n<div class=\"wp-block-columns is-layout-flex wp-container-core-columns-is-layout-9d6595d7 wp-block-columns-is-layout-flex\">\n<div class=\"wp-block-column is-layout-flow wp-block-column-is-layout-flow\">\n<h2 class=\"wp-block-heading has-text-align-left has-background has-medium-font-size\" style=\"background-color:#e8ecf5\">EDITAL<\/h2>\n\n\n\n<hr class=\"wp-block-separator has-text-color has-alpha-channel-opacity has-background is-style-wide\" style=\"background-color:#e8ecf5;color:#e8ecf5\"\/>\n\n\n\n<ul class=\"wp-block-list\">\n<li><a href=\"https:\/\/ufpr.br\/propg\/wp-content\/uploads\/2025\/11\/edital07_2025_propg_sae_remanejabolsascapes_nov2025.pdf\" target=\"_blank\" rel=\"noreferrer noopener\">Edital 07\/2025-PROPG\/SAE<\/a>\u00a0(publicado em 31\/10\/2025)<\/li>\n<\/ul>\n\n\n\n<div style=\"height:50px\" aria-hidden=\"true\" class=\"wp-block-spacer\"><\/div>\n<\/div>\n<\/div>\n\n\n\n<div class=\"wp-block-columns is-layout-flex wp-container-core-columns-is-layout-9d6595d7 wp-block-columns-is-layout-flex\">\n<div class=\"wp-block-column is-layout-flow wp-block-column-is-layout-flow\">\n<h2 class=\"wp-block-heading has-text-align-left has-background has-medium-font-size\" style=\"background-color:#e8ecf5\">RESULTADOS<\/h2>\n\n\n\n<hr class=\"wp-block-separator has-text-color has-alpha-channel-opacity has-background is-style-wide\" style=\"background-color:#e8ecf5;color:#e8ecf5\"\/>\n\n\n\n<ul class=\"wp-block-list\">\n<li><a href=\"http:\/\/ufpr.br\/propg\/wp-content\/uploads\/2025\/12\/resultado-parcial_edital-07_2025_remanejamentobolsacapes_2025.pdf\" target=\"_blank\" rel=\"noreferrer noopener\">Resultado parcial<\/a> (publicado em 12\/11\/2025)<\/li>\n<\/ul>\n\n\n\n<div style=\"height:50px\" aria-hidden=\"true\" class=\"wp-block-spacer\"><\/div>\n<\/div>\n<\/div>\n\n\n\n<div class=\"wp-block-columns is-layout-flex wp-container-core-columns-is-layout-9d6595d7 wp-block-columns-is-layout-flex\">\n<div class=\"wp-block-column is-layout-flow wp-block-column-is-layout-flow\">\n<h2 class=\"wp-block-heading has-text-align-left has-background has-medium-font-size\" style=\"background-color:#e8ecf5\">FORMUL\u00c1RIOS E MODELOS<\/h2>\n\n\n\n<hr class=\"wp-block-separator has-text-color has-alpha-channel-opacity has-background is-style-wide\" style=\"background-color:#e8ecf5;color:#e8ecf5\"\/>\n\n\n\n<ul class=\"wp-block-list\">\n<li><a href=\"https:\/\/ufpr.br\/propg\/wp-content\/uploads\/2025\/11\/modelo_despachoppg_candidaturaremanejamento.docx\" target=\"_blank\" rel=\"noreferrer noopener\">Modelo de Despacho para candidatura<\/a>.docx<\/li>\n<\/ul>\n\n\n\n<ul class=\"wp-block-list\">\n<li>Relat\u00f3rio de Bolsistas do PPG emitido a partir da Plataforma Sucupira, referente<br>ao ano base 2025 \u2013 Ver tutorial para emitir de seu PPG: <a href=\"https:\/\/sites.google.com\/view\/tutorialsucupira\/relat%C3%B3rios\/discentes-bolsistas\" target=\"_blank\" rel=\"noreferrer noopener\">https:\/\/sites.google.com\/view\/tutorialsucupira\/relat%C3%B3rios\/discentes-bolsistas<\/a><\/li>\n<\/ul>\n\n\n\n<div style=\"height:50px\" aria-hidden=\"true\" class=\"wp-block-spacer\"><\/div>\n<\/div>\n<\/div>\n\n\n\n<div class=\"wp-block-columns is-layout-flex wp-container-core-columns-is-layout-9d6595d7 wp-block-columns-is-layout-flex\">\n<div class=\"wp-block-column is-layout-flow wp-block-column-is-layout-flow\">\n<h2 class=\"wp-block-heading has-text-align-left has-background has-medium-font-size\" style=\"background-color:#e8ecf5\">ARQUIVOS PARA CONSULTA DOS PPG<\/h2>\n\n\n\n<hr class=\"wp-block-separator has-text-color has-alpha-channel-opacity has-background is-style-wide\" style=\"background-color:#e8ecf5;color:#e8ecf5\"\/>\n\n\n\n<ul class=\"wp-block-list\">\n<li><a href=\"https:\/\/ufpr.br\/propg\/wp-content\/uploads\/2025\/11\/planilha_ppgs-aptos_ds_dsrede_proex.xlsx\" target=\"_blank\" rel=\"noreferrer noopener\">Planilha_PPGs Aptos_Remanejamento_DS_DSRede_PROEX<\/a>.xlsx<\/li>\n<\/ul>\n\n\n\n<div style=\"height:50px\" aria-hidden=\"true\" class=\"wp-block-spacer\"><\/div>\n<\/div>\n<\/div>\n\n\n\n<div class=\"wp-block-columns is-layout-flex wp-container-core-columns-is-layout-9d6595d7 wp-block-columns-is-layout-flex\">\n<div class=\"wp-block-column is-layout-flow wp-block-column-is-layout-flow\">\n<h2 class=\"wp-block-heading has-text-align-left has-background has-medium-font-size\" style=\"background-color:#e8ecf5\">NORMAS RELACIONADAS<\/h2>\n\n\n\n<hr class=\"wp-block-separator has-text-color has-alpha-channel-opacity has-background is-style-wide\" style=\"background-color:#e8ecf5;color:#e8ecf5\"\/>\n\n\n\n<ol class=\"wp-block-list\">\n<li><strong>Portaria 76\/2010 CAPES<\/strong> Aprova o novo Regulamento do Programa de Demanda Social constante do Anexo a esta Portaria:&nbsp;<a href=\"https:\/\/cad.capes.gov.br\/ato-administrativo-detalhar?idAtoAdmElastic=741\" target=\"_blank\" rel=\"noreferrer noopener\">https:\/\/cad.capes.gov.br\/ato-administrativo-detalhar?idAtoAdmElastic=741<\/a><\/li>\n<\/ol>\n\n\n\n<ol start=\"2\" class=\"wp-block-list\">\n<li><strong>Portaria 34\/2020 CAPES<\/strong> Disp\u00f5e sobre as condi\u00e7\u00f5es para fomento a cursos de p\u00f3s-gradua\u00e7\u00e3o stricto sensu pela Diretoria de Programas e Bolsas no Pa\u00eds da CAPES:&nbsp;<a href=\"https:\/\/cad.capes.gov.br\/ato-administrativo-detalhar?idAtoAdmElastic=3443\" target=\"_blank\" rel=\"noreferrer noopener\">https:\/\/cad.capes.gov.br\/ato-administrativo-detalhar?idAtoAdmElastic=3443<\/a><\/li>\n<\/ol>\n\n\n\n<ol start=\"3\" class=\"wp-block-list\">\n<li><strong>Portaria 73\/2022 CAPES<\/strong> Institui a cota de bolsas de estudo e\/ou aux\u00edlios escolares da pr\u00f3-reitoria ou \u00f3rg\u00e3o equivalente incumbido dos programas de p\u00f3s-gradua\u00e7\u00e3o [\u2026]:&nbsp;<a href=\"https:\/\/cad.capes.gov.br\/ato-administrativo-detalhar?idAtoAdmElastic=8342\" target=\"_blank\" rel=\"noreferrer noopener\">https:\/\/cad.capes.gov.br\/ato-administrativo-detalhar?idAtoAdmElastic=8342<\/a><\/li>\n<\/ol>\n\n\n\n<ol start=\"4\" class=\"wp-block-list\">\n<li><strong>Instru\u00e7\u00e3o normativa n\u00b0 04\/2022<\/strong> \u2013 PRPPG\/GAB Disp\u00f5e sobre aloca\u00e7\u00e3o das cotas de bolsas de estudo e\/ou aux\u00edlios escolares no \u00e2mbito da cota de bolsas da PRPPG, bolsas de mestrado e\/ou doutorado, pela Pr\u00f3-Reitoria de Pesquisa e P\u00f3s-Gradua\u00e7\u00e3o aos programas de p\u00f3s-gradua\u00e7\u00e3o pass\u00edveis de fomento:\u00a0<a href=\"https:\/\/ufpr.br\/propg\/wp-content\/uploads\/2025\/07\/instrucaonormativa_prppg_04_2022.pdf\" target=\"_blank\" rel=\"noreferrer noopener\">https:\/\/ufpr.br\/propg\/wp-content\/uploads\/2025\/07\/instrucaonormativa_prppg_04_2022.pdf<\/a><\/li>\n<\/ol>\n\n\n\n<ol start=\"5\" class=\"wp-block-list\">\n<li><strong>Portaria n\u00ba 53\/2025 CAPES<\/strong> Disp\u00f5e sobre os crit\u00e9rios para distribui\u00e7\u00e3o de bolsas no \u00e2mbito do Programa de Demanda Social (DS) e de bolsas e aux\u00edlios para pagamento de taxas escolares no \u00e2mbito do Programa de Excel\u00eancia Acad\u00eamica (PROEX), do Programa de Suporte \u00e0 P\u00f3s-Gradua\u00e7\u00e3o de Institui\u00e7\u00f5es de Ensino Particulares (PROSUP) e do Programa de Suporte \u00e0 P\u00f3s-Gradua\u00e7\u00e3o de Institui\u00e7\u00f5es Comunit\u00e1rias de Educa\u00e7\u00e3o Superior (PROSUC), referente ao per\u00edodo de mar\u00e7o de 2025 a fevereiro de 2026, e d\u00e1 outras provid\u00eancias:&nbsp;<a href=\"https:\/\/cad.capes.gov.br\/ato-administrativo-detalhar?idAtoAdmElastic=17603\" target=\"_blank\" rel=\"noreferrer noopener\">https:\/\/cad.capes.gov.br\/ato-administrativo-detalhar?idAtoAdmElastic=17603<\/a><\/li>\n<\/ol>\n\n\n\n<ol start=\"6\" class=\"wp-block-list\">\n<li><strong>Of\u00edcio Circular n\u00ba 2\/2025-CGFIP\/DPB\/CAPES<\/strong> Orienta\u00e7\u00f5es adicionais Concess\u00e3o 2025 \u2013 DS, PROEX, PROSUP e PROSUC: \u202f<a href=\"https:\/\/ufpr.br\/propg\/wp-content\/uploads\/2025\/11\/ofcircularcapes_02_2025_segundo_remanejamentobolsascapes_2025.pdf\" target=\"_blank\" rel=\"noreferrer noopener\">OfCircularCAPES_02_2025_Segundo_remanejamentoBolsasCAPES_2025<\/a><\/li>\n<\/ol>\n\n\n\n<div style=\"height:50px\" aria-hidden=\"true\" class=\"wp-block-spacer\"><\/div>\n<\/div>\n<\/div>\n\n\n\n<div class=\"wp-block-columns is-layout-flex wp-container-core-columns-is-layout-9d6595d7 wp-block-columns-is-layout-flex\">\n<div class=\"wp-block-column is-layout-flow wp-block-column-is-layout-flow\">\n<h2 class=\"wp-block-heading has-text-align-left has-background has-medium-font-size\" style=\"background-color:#e8ecf5\">D\u00daVIDAS?<\/h2>\n\n\n\n<hr class=\"wp-block-separator has-text-color has-alpha-channel-opacity has-background is-style-wide\" style=\"background-color:#e8ecf5;color:#e8ecf5\"\/>\n\n\n\n<p>Em caso de d\u00favida envie e-mail para&nbsp;<strong><a href=\"mailto:sae.propg@ufpr.br\">sae.propg@ufpr.br<\/a><\/strong><\/p>\n\n\n\n<div style=\"height:50px\" aria-hidden=\"true\" class=\"wp-block-spacer\"><\/div>\n<\/div>\n<\/div>\n\n\n\n<div class=\"wp-block-columns is-layout-flex wp-container-core-columns-is-layout-9d6595d7 wp-block-columns-is-layout-flex\">\n<div class=\"wp-block-column is-layout-flow wp-block-column-is-layout-flow\">\n<h2 class=\"wp-block-heading has-text-align-left has-background has-medium-font-size\" style=\"background-color:#e8ecf5\">PERGUNTAS E RESPOSTAS<\/h2>\n\n\n\n<hr class=\"wp-block-separator has-text-color has-alpha-channel-opacity has-background is-style-wide\" style=\"background-color:#e8ecf5;color:#e8ecf5\"\/>\n\n\n\n<details class=\"wp-block-details is-layout-flow wp-block-details-is-layout-flow\"><summary>1. Qual o prazo de concess\u00e3o das bolsas remanejadas?<\/summary>\n<p>A cota remanejada ao PPG, assim que disponibilizada no SCBA, poder\u00e1 ser homologada em favor do discente de acordo com o n\u00edvel de bolsa \u2013 24 parcelas para mestrado e 48 para doutorado.<\/p>\n\n\n\n<hr class=\"wp-block-separator has-alpha-channel-opacity is-style-dots\"\/>\n<\/details>\n\n\n\n<details class=\"wp-block-details is-layout-flow wp-block-details-is-layout-flow\"><summary>2. A bolsa estar\u00e1 vinculada ao PPG?<\/summary>\n<p>Sim, a cota remanejada far\u00e1 parte das cotas alocadas ao PPG e obedecer\u00e1 aos mesmo crit\u00e9rios e possibilidades de uso das cotas usuais do PPG. O quantitativo de bolsas atribu\u00eddas ao PPG ser\u00e1 definitivamente alterado at\u00e9 que a CAPES publique nova portaria de aloca\u00e7\u00e3o de cotas em Mar\u00e7o 2026.<\/p>\n\n\n\n<hr class=\"wp-block-separator has-alpha-channel-opacity is-style-dots\"\/>\n<\/details>\n\n\n\n<details class=\"wp-block-details is-layout-flow wp-block-details-is-layout-flow\"><summary>3. Qual o prazo para indica\u00e7\u00e3o de bolsista, caso o PPG seja contemplado?<\/summary>\n<p>Assim que a cota remanejada seja disponibilizada no SCBA, a\u00e7\u00e3o de compet\u00eancia exclusiva da CAPES. O PPG poder\u00e1 fazer a ocupa\u00e7\u00e3o desta cota considerando o calend\u00e1rio de abertura e fechamento do SCBA para registro de a\u00e7\u00f5es de gest\u00e3o de bolsa.<\/p>\n\n\n\n<hr class=\"wp-block-separator has-alpha-channel-opacity is-style-dots\"\/>\n<\/details>\n\n\n\n<details class=\"wp-block-details is-layout-flow wp-block-details-is-layout-flow\"><summary>4. Quais PPGs podem submeter propostas?<\/summary>\n<p>Todos os PPGs acad\u00eamicos sediados na UFPR e participantes do fomento: DS; DS em Rede ou PROEX.<\/p>\n\n\n\n<hr class=\"wp-block-separator has-alpha-channel-opacity is-style-dots\"\/>\n<\/details>\n\n\n\n<details class=\"wp-block-details is-layout-flow wp-block-details-is-layout-flow\"><summary>5. Os PPGs profissionais podem submeter propostas?<\/summary>\n<p>N\u00e3o. De acordo com o CAPES, apenas os PPGs acad\u00eamicos poder\u00e3o ser contemplados para utiliza\u00e7\u00e3o de bolsas DS cota PROPG. Conforme <a href=\"https:\/\/cad.capes.gov.br\/ato-administrativo-detalhar?idAtoAdmElastic=3443\" target=\"_blank\" rel=\"noreferrer noopener\">Portaria CAPES n\u00ba 34\/2020<\/a> os PPGs profissionais podem receber participar em fomentos CAPES desde que estes indiquem expressamente tal possibilidade. Os fomentos Demanda Social e PROEX n\u00e3o fazem tal previs\u00e3o.<\/p>\n\n\n\n<hr class=\"wp-block-separator has-alpha-channel-opacity is-style-dots\"\/>\n<\/details>\n\n\n\n<details class=\"wp-block-details is-layout-flow wp-block-details-is-layout-flow\"><summary>6. A cess\u00e3o de cota(s) de bolsa(s) para este remanejamento repercutir\u00e1 nas aloca\u00e7\u00f5es de cotas realizadas pela CAPES?<\/summary>\n<p>Considerando que a CAPES est\u00e1 conduzindo anualmente procedimento para atribui\u00e7\u00e3o de cotas, de acordo com metodologia espec\u00edfica para tal fim, e que o documento que autoriza o remanejamento n\u00e3o faz indica\u00e7\u00e3o em tal sentido n\u00e3o vemos preju\u00edzos para o PPG.<\/p>\n\n\n\n<hr class=\"wp-block-separator has-alpha-channel-opacity is-style-dots\"\/>\n<\/details>\n\n\n\n<details class=\"wp-block-details is-layout-flow wp-block-details-is-layout-flow\"><summary>7. A recep\u00e7\u00e3o de cota(s) de bolsa(s) para este remanejamento repercutir\u00e1 nas aloca\u00e7\u00f5es de cotas realizadas pela CAPES?<\/summary>\n<p>Considerando que a CAPES est\u00e1 conduzindo anualmente procedimento para atribui\u00e7\u00e3o de cotas, de acordo com metodologia espec\u00edfica para tal fim, entendemos que as cotas em uso que venham a ultrapassar os quantitativos indicados em nova aloca\u00e7\u00e3o em 2026 dever\u00e3o ser transformadas em cotas tipo Empr\u00e9stimo \u2013 situa\u00e7\u00e3o que j\u00e1 vem ocorrendo no SCBA desde 2020.<\/p>\n\n\n\n<hr class=\"wp-block-separator has-alpha-channel-opacity is-style-dots\"\/>\n<\/details>\n\n\n\n<details class=\"wp-block-details is-layout-flow wp-block-details-is-layout-flow\"><summary>8. A Pr\u00f3-Reitoria far\u00e1 o remanejamento de cotas sem anu\u00eancia do PPG?<\/summary>\n<p>N\u00e3o. Considerando que a CAPES fez a outorga de bolsas ao PPG e n\u00e3o para a Pr\u00f3-Reitoria entendemos que cabe ao PPG fazer a indica\u00e7\u00e3o de bolsas para remanejamento. Recomendamos a todos os PPGs que possuem cotas de bolsa em situa\u00e7\u00e3o DISPON\u00cdVEL no SCBA e que n\u00e3o tenham previs\u00e3o de ocupa\u00e7\u00e3o da mesma que autorizem o remanejamento. Desta maneira otimizamos os recursos alocadas para o financiamento de discentes que desenvolvem atividades acad\u00eamicas nesta IES.<\/p>\n\n\n\n<hr class=\"wp-block-separator has-alpha-channel-opacity is-style-dots\"\/>\n<\/details>\n<\/div>\n<\/div>\n\n\n\n<p class=\"has-text-color has-link-color wp-elements-16631d866001ae142cbdd3786f7ccd26\" style=\"color:#243673\"><strong><a title=\"\" href=\"#topo\">Voltar ao topo<\/a><\/strong><\/p>\n<\/div>\n\n\n\n<div class=\"wp-block-column is-layout-flow wp-block-column-is-layout-flow\" style=\"flex-basis:7%\"><\/div>\n<\/div>\n\n\n\n<p><\/p>\n","protected":false},"excerpt":{"rendered":"<p>Procedimento para remanejamento de cotas ociosas de Bolsas DS, DS em Rede e PROEX autorizado pelo Of\u00edcio Circular CAPES n\u00ba 02\/2025 EDITAL RESULTADOS FORMUL\u00c1RIOS E MODELOS ARQUIVOS PARA CONSULTA DOS PPG NORMAS RELACIONADAS D\u00daVIDAS? Em caso de d\u00favida envie e-mail para&nbsp;sae.propg@ufpr.br PERGUNTAS E RESPOSTAS Voltar ao topo<\/p>\n","protected":false},"author":5,"featured_media":0,"parent":11760,"menu_order":0,"comment_status":"closed","ping_status":"closed","template":"","meta":{"footnotes":""},"class_list":["post-17695","page","type-page","status-publish","hentry"],"_links":{"self":[{"href":"https:\/\/ufpr.br\/propg\/wp-json\/wp\/v2\/pages\/17695","targetHints":{"allow":["GET"]}}],"collection":[{"href":"https:\/\/ufpr.br\/propg\/wp-json\/wp\/v2\/pages"}],"about":[{"href":"https:\/\/ufpr.br\/propg\/wp-json\/wp\/v2\/types\/page"}],"author":[{"embeddable":true,"href":"https:\/\/ufpr.br\/propg\/wp-json\/wp\/v2\/users\/5"}],"replies":[{"embeddable":true,"href":"https:\/\/ufpr.br\/propg\/wp-json\/wp\/v2\/comments?post=17695"}],"version-history":[{"count":24,"href":"https:\/\/ufpr.br\/propg\/wp-json\/wp\/v2\/pages\/17695\/revisions"}],"predecessor-version":[{"id":47167,"href":"https:\/\/ufpr.br\/propg\/wp-json\/wp\/v2\/pages\/17695\/revisions\/47167"}],"up":[{"embeddable":true,"href":"https:\/\/ufpr.br\/propg\/wp-json\/wp\/v2\/pages\/11760"}],"wp:attachment":[{"href":"https:\/\/ufpr.br\/propg\/wp-json\/wp\/v2\/media?parent=17695"}],"curies":[{"name":"wp","href":"https:\/\/api.w.org\/{rel}","templated":true}]}}