{"id":17413,"date":"2025-11-06T10:34:45","date_gmt":"2025-11-06T13:34:45","guid":{"rendered":"https:\/\/ufpr.br\/?page=17413"},"modified":"2025-11-06T10:45:04","modified_gmt":"2025-11-06T13:45:04","slug":"ferramentas-de-visualizacao-de-mapas-da-ciencia","status":"publish","type":"page","link":"https:\/\/ufpr.br\/propg\/cpgss\/cafe-com-sucupira\/ferramentas-de-visualizacao-de-mapas-da-ciencia\/","title":{"rendered":"Ferramentas de Visualiza\u00e7\u00e3o de Mapas da Ci\u00eancia"},"content":{"rendered":"\n<div style=\"height:50px\" aria-hidden=\"true\" class=\"wp-block-spacer\"><\/div>\n\n\n\n<div class=\"wp-block-columns is-layout-flex wp-container-core-columns-is-layout-9d6595d7 wp-block-columns-is-layout-flex\">\n<div class=\"wp-block-column is-layout-flow wp-block-column-is-layout-flow\" style=\"flex-basis:15%\">\n<div style=\"height:15px\" aria-hidden=\"true\" class=\"wp-block-spacer\"><\/div>\n\n\n<div class=\"wp-block-image\">\n<figure class=\"aligncenter size-full is-resized\" id=\"topo\"><img decoding=\"async\" src=\"https:\/\/ufpr.br\/propg\/wp-content\/uploads\/2025\/11\/cafecomsucupira_cinza.png\" alt=\"\" class=\"wp-image-44957\" style=\"object-fit:cover;width:150px;height:150px\"\/><\/figure><\/div><\/div>\n\n\n\n<div class=\"wp-block-column is-layout-flow wp-block-column-is-layout-flow\" style=\"flex-basis:85%\">\n<h2 class=\"wp-block-heading\">Evento: Ferramentas de visualiza\u00e7\u00e3o de mapas da ci\u00eancia \u2013 04\/set<\/h2>\n\n\n\n<div style=\"height:25px\" aria-hidden=\"true\" class=\"wp-block-spacer\"><\/div>\n\n\n\n<blockquote class=\"wp-block-quote is-layout-flow wp-block-quote-is-layout-flow\">\n<p>A Pr\u00f3-Reitoria de P\u00f3s-Gradua\u00e7\u00e3o da UFPR convida para a primeira atividade da s\u00e9rie\u00a0<strong>Caf\u00e9 com Sucupira<\/strong>, que ser\u00e1 realizada em\u00a0<strong>04 de setembro de 2025:<\/strong><\/p>\n<\/blockquote>\n\n\n\n<div style=\"height:25px\" aria-hidden=\"true\" class=\"wp-block-spacer\"><\/div>\n\n\n\n<div class=\"wp-block-columns is-layout-flex wp-container-core-columns-is-layout-9d6595d7 wp-block-columns-is-layout-flex\">\n<div class=\"wp-block-column is-layout-flow wp-block-column-is-layout-flow\" style=\"flex-basis:40%\">\n<figure class=\"wp-block-image size-large\"><a href=\"https:\/\/forms.office.com\/r\/VD6jDDrSe3\" target=\"_blank\" rel=\" noreferrer noopener\"><img decoding=\"async\" src=\"https:\/\/ufpr.br\/propg\/wp-content\/uploads\/2025\/11\/whatsapp-image-2025-08-21-at-16-53-39-819x1024.jpeg\" alt=\"\" class=\"wp-image-45046\"\/><\/a><\/figure>\n<\/div>\n\n\n\n<div class=\"wp-block-column is-layout-flow wp-block-column-is-layout-flow\" style=\"flex-basis:60%\">\n<p><strong>Palestrante<\/strong>: Prof. Dr. Fabio Castro Gouveia (IBICT\/Fiocruz) (<a href=\"http:\/\/lattes.cnpq.br\/0733908324235348\" target=\"_blank\" rel=\"noreferrer noopener\">http:\/\/lattes.cnpq.br\/0733908324235348<\/a>)<\/p>\n\n\n\n<p><strong>Objetivo<\/strong>:\u00a0orientar, de forma introdut\u00f3ria, o uso de ferramentas de visualiza\u00e7\u00e3o de mapas da ci\u00eancia<\/p>\n\n\n\n<p><strong>Data:&nbsp;04\/09\/2025 \u2013 quinta-feira<\/strong><\/p>\n\n\n\n<p><strong>Programa\u00e7\u00e3o:<\/strong><\/p>\n\n\n\n<p>9h30 \u2013 12h30 \u2013 Introdu\u00e7\u00e3o ao VOSViewer<\/p>\n\n\n\n<p>14h00 \u2013 17h00\u00a0\u2013\u00a0Introdu\u00e7\u00e3o ao\u00a0Gephi<\/p>\n\n\n\n<p>Carga Hor\u00e1ria: 8h (2 horas de atividades extraclasse)<\/p>\n\n\n\n<p><strong>Carga Hor\u00e1ria<\/strong>: 8h (2 horas de atividades extraclasse)<\/p>\n\n\n\n<p><strong>P\u00fablico<\/strong>: Comunidade acad\u00eamica dos PPGs da UFPR e Comunidade Externa<\/p>\n\n\n\n<p><strong>Local<\/strong>:\u00a0Laborat\u00f3rio 3 \u2013 2\u00ba Andar do Setor de Ci\u00eancias Sociais Aplicadas | UFPR \u2013 Campus Bot\u00e2nico<\/p>\n\n\n\n<p><strong>Contato<\/strong>:\u00a0cpg@ufpr.br<\/p>\n\n\n\n<p><strong>Inscri\u00e7\u00e3o<\/strong>:&nbsp;<a href=\"https:\/\/forms.office.com\/r\/VD6jDDrSe3\">https:\/\/forms.office.com\/r\/VD6jDDrSe3<\/a><\/p>\n\n\n\n<hr class=\"wp-block-separator has-text-color has-alpha-channel-opacity has-background is-style-wide\" style=\"background-color:#e8ecf5;color:#e8ecf5\"\/>\n\n\n\n<p><strong>Ser\u00e3o ofertadas 35 vagas que ser\u00e3o preenchidas em ordem de inscri\u00e7\u00e3o.<\/strong><\/p>\n\n\n\n<p><strong>Haver\u00e1 emiss\u00e3o de certificados e o envio ser\u00e1 por e-mail para os e as participantes.<\/strong><\/p>\n\n\n\n<hr class=\"wp-block-separator has-text-color has-alpha-channel-opacity has-background is-style-wide\" style=\"background-color:#e8ecf5;color:#e8ecf5\"\/>\n\n\n\n<p><strong>Realiza\u00e7\u00e3o<\/strong><\/p>\n\n\n\n<p>Coordenadoria de P\u00f3s-Gradua\u00e7\u00e3o Stricto Sensu (CPGSS)<br>Pr\u00f3-Reitoria de P\u00f3s-Gradua\u00e7\u00e3o (PROPG\/UFPR)<\/p>\n<\/div>\n<\/div>\n\n\n\n<div style=\"height:50px\" aria-hidden=\"true\" class=\"wp-block-spacer\"><\/div>\n\n\n\n<h2 class=\"wp-block-heading has-text-align-left has-background has-medium-font-size\" style=\"background-color:#e8ecf5\">CAF\u00c9 COM SUCUPIRA: ENTENDENDO A AVALIA\u00c7\u00c3O, FORTALECENDO OS PPGs<\/h2>\n\n\n\n<hr class=\"wp-block-separator has-text-color has-alpha-channel-opacity has-background is-style-wide\" style=\"background-color:#e8ecf5;color:#e8ecf5\"\/>\n\n\n\n<p>A&nbsp;Pr\u00f3-Reitoria de P\u00f3s-Gradua\u00e7\u00e3o (PROPG) da UFPR , por meio da Coordenadoria de P\u00f3s-Gradua\u00e7\u00e3o Stricto Sensu (CPGSS), inicia em setembro a s\u00e9rie&nbsp;<strong>Caf\u00e9 com Sucupira:&nbsp;<\/strong><strong>entendendo a avalia\u00e7\u00e3o, fortalecendo os PPGs<\/strong>, voltada a orientar Programas de P\u00f3s-Gradua\u00e7\u00e3o Stricto Sensu sobre as novas diretrizes de avalia\u00e7\u00e3o da CAPES e a sistem\u00e1tica de classifica\u00e7\u00e3o da produ\u00e7\u00e3o intelectual que substituir\u00e1 o Qualis a partir do quadri\u00eanio 2025\u20132028.<\/p>\n\n\n\n<p>O&nbsp;<strong>Caf\u00e9 com Sucupira<\/strong>&nbsp;ser\u00e1 um espa\u00e7o cont\u00ednuo de forma\u00e7\u00e3o e debate estrat\u00e9gico, com atividades ao longo do ano, destinadas a gestores, docentes, discentes e equipes t\u00e9cnico-administrativas. A proposta \u00e9 apoiar os PPGs na transi\u00e7\u00e3o para o novo modelo de avalia\u00e7\u00e3o, fortalecendo a produ\u00e7\u00e3o e o impacto cient\u00edfico da UFPR.<\/p>\n\n\n\n<p>Os primeiros encontros da s\u00e9rie contar\u00e3o com a presen\u00e7a do&nbsp;<strong>Prof. Dr. Fabio Castro Gouveia<\/strong>&nbsp;(IBICT\/Fiocruz), refer\u00eancia nacional em m\u00e9tricas de ci\u00eancia e avalia\u00e7\u00e3o de produ\u00e7\u00e3o intelectual.<\/p>\n\n\n\n<p>Conhe\u00e7a mais em <a href=\"https:\/\/ufpr.br\/propg\/cpgss\/cafe-com-sucupira\/\">https:\/\/ufpr.br\/propg\/cpgss\/cafe-com-sucupira\/<\/a><\/p>\n\n\n\n<hr class=\"wp-block-separator has-text-color has-alpha-channel-opacity has-background is-style-wide\" style=\"background-color:#e8ecf5;color:#e8ecf5\"\/>\n\n\n\n<p class=\"has-text-color has-link-color wp-elements-16631d866001ae142cbdd3786f7ccd26\" style=\"color:#243673\"><strong><a title=\"\" href=\"#topo\">Voltar ao topo<\/a><\/strong><\/p>\n<\/div>\n\n\n\n<div class=\"wp-block-column is-layout-flow wp-block-column-is-layout-flow\" style=\"flex-basis:1%\"><\/div>\n<\/div>\n","protected":false},"excerpt":{"rendered":"<p>Evento: Ferramentas de visualiza\u00e7\u00e3o de mapas da ci\u00eancia \u2013 04\/set A Pr\u00f3-Reitoria de P\u00f3s-Gradua\u00e7\u00e3o da UFPR convida para a primeira atividade da s\u00e9rie\u00a0Caf\u00e9 com Sucupira, que ser\u00e1 realizada em\u00a004 de setembro de 2025: Palestrante: Prof. Dr. Fabio Castro Gouveia (IBICT\/Fiocruz) (http:\/\/lattes.cnpq.br\/0733908324235348) Objetivo:\u00a0orientar, de forma introdut\u00f3ria, o uso de ferramentas de visualiza\u00e7\u00e3o de mapas da ci\u00eancia [&hellip;]<\/p>\n","protected":false},"author":5,"featured_media":0,"parent":17252,"menu_order":0,"comment_status":"closed","ping_status":"closed","template":"","meta":{"footnotes":""},"class_list":["post-17413","page","type-page","status-publish","hentry"],"_links":{"self":[{"href":"https:\/\/ufpr.br\/propg\/wp-json\/wp\/v2\/pages\/17413","targetHints":{"allow":["GET"]}}],"collection":[{"href":"https:\/\/ufpr.br\/propg\/wp-json\/wp\/v2\/pages"}],"about":[{"href":"https:\/\/ufpr.br\/propg\/wp-json\/wp\/v2\/types\/page"}],"author":[{"embeddable":true,"href":"https:\/\/ufpr.br\/propg\/wp-json\/wp\/v2\/users\/5"}],"replies":[{"embeddable":true,"href":"https:\/\/ufpr.br\/propg\/wp-json\/wp\/v2\/comments?post=17413"}],"version-history":[{"count":9,"href":"https:\/\/ufpr.br\/propg\/wp-json\/wp\/v2\/pages\/17413\/revisions"}],"predecessor-version":[{"id":17423,"href":"https:\/\/ufpr.br\/propg\/wp-json\/wp\/v2\/pages\/17413\/revisions\/17423"}],"up":[{"embeddable":true,"href":"https:\/\/ufpr.br\/propg\/wp-json\/wp\/v2\/pages\/17252"}],"wp:attachment":[{"href":"https:\/\/ufpr.br\/propg\/wp-json\/wp\/v2\/media?parent=17413"}],"curies":[{"name":"wp","href":"https:\/\/api.w.org\/{rel}","templated":true}]}}