{"id":17342,"date":"2025-11-06T08:07:21","date_gmt":"2025-11-06T11:07:21","guid":{"rendered":"https:\/\/ufpr.br\/?page=17342"},"modified":"2026-02-25T08:52:08","modified_gmt":"2026-02-25T11:52:08","slug":"avaliacao-da-pos-graduacao","status":"publish","type":"page","link":"https:\/\/ufpr.br\/propg\/cpgss\/cafe-com-sucupira\/avaliacao-da-pos-graduacao\/","title":{"rendered":"Avalia\u00e7\u00e3o da P\u00f3s-Gradua\u00e7\u00e3o &#8211; Di\u00e1logos com a CAPES"},"content":{"rendered":"\n<div style=\"height:50px\" aria-hidden=\"true\" class=\"wp-block-spacer\"><\/div>\n\n\n\n<div class=\"wp-block-columns is-layout-flex wp-container-core-columns-is-layout-9d6595d7 wp-block-columns-is-layout-flex\">\n<div class=\"wp-block-column is-layout-flow wp-block-column-is-layout-flow\" style=\"flex-basis:15%\">\n<div style=\"height:15px\" aria-hidden=\"true\" class=\"wp-block-spacer\"><\/div>\n\n\n<div class=\"wp-block-image\">\n<figure class=\"aligncenter size-full is-resized\" id=\"topo\"><img decoding=\"async\" src=\"https:\/\/ufpr.br\/propg\/wp-content\/uploads\/2025\/11\/cafecomsucupira_cinza.png\" alt=\"\" class=\"wp-image-44957\" style=\"object-fit:cover;width:150px;height:150px\"\/><\/figure><\/div><\/div>\n\n\n\n<div class=\"wp-block-column is-layout-flow wp-block-column-is-layout-flow\" style=\"flex-basis:85%\">\n<h2 class=\"wp-block-heading\">Evento: Avalia\u00e7\u00e3o da P\u00f3s-Gradua\u00e7\u00e3o \u2013 Di\u00e1logos com a CAPES<\/h2>\n\n\n\n<div style=\"height:25px\" aria-hidden=\"true\" class=\"wp-block-spacer\"><\/div>\n\n\n\n<blockquote class=\"wp-block-quote is-layout-flow wp-block-quote-is-layout-flow\">\n<p>A Pr\u00f3-Reitoria de P\u00f3s-Gradua\u00e7\u00e3o por meio da Coordenadoria de P\u00f3s-Gradua\u00e7\u00e3o Stricto Sensu (CPGSS) promove o evento&nbsp;<strong>\u201cAvalia\u00e7\u00e3o da P\u00f3s-Gradua\u00e7\u00e3o: Di\u00e1logos com a CAPES\u201d<\/strong>, com a presen\u00e7a do&nbsp;<strong>Prof. Dr. Ant\u00f4nio Gomes de Souza Filho<\/strong>, Diretor de Avalia\u00e7\u00e3o da CAPES,&nbsp;como parte da&nbsp;<a href=\"https:\/\/ufpr.br\/propg\/cpgss\/cafe-com-sucupira\/\" target=\"_blank\" rel=\"noreferrer noopener\">s\u00e9rie de eventos&nbsp;<strong>Caf\u00e9 com Sucupira<\/strong><\/a>.<\/p>\n<\/blockquote>\n\n\n\n<p>O evento \u00e9 gratuito e voltado \u00e0s coordena\u00e7\u00f5es de PPGs, docentes, membros de comiss\u00f5es de avalia\u00e7\u00e3o e equipes t\u00e9cnico-administrativas que atuam na p\u00f3s-gradua\u00e7\u00e3o stricto sensu. A atividade integra as a\u00e7\u00f5es estrat\u00e9gicas da PROPG para o fortalecimento da gest\u00e3o acad\u00eamica e institucional dos Programas de P\u00f3s-Gradua\u00e7\u00e3o, alinhada ao planejamento do novo ciclo avaliativo da CAPES (2025\u20132028).<\/p>\n\n\n\n<div style=\"height:50px\" aria-hidden=\"true\" class=\"wp-block-spacer\"><\/div>\n\n\n\n<h2 class=\"wp-block-heading has-text-align-left has-background has-medium-font-size\" style=\"background-color:#e8ecf5\">AVALIA\u00c7\u00c3O DA P\u00d3S-GRADUA\u00c7\u00c3O: DI\u00c1LOGOS COM A CAPES<\/h2>\n\n\n\n<hr class=\"wp-block-separator has-text-color has-alpha-channel-opacity has-background is-style-wide\" style=\"background-color:#e8ecf5;color:#e8ecf5\"\/>\n\n\n\n<div class=\"wp-block-columns is-layout-flex wp-container-core-columns-is-layout-9d6595d7 wp-block-columns-is-layout-flex\">\n<div class=\"wp-block-column is-layout-flow wp-block-column-is-layout-flow\" style=\"flex-basis:33.33%\">\n<figure class=\"wp-block-image size-large\"><a href=\"https:\/\/forms.cloud.microsoft\/r\/J2gPnMWFx9\" target=\"_blank\" rel=\" noreferrer noopener\"><img decoding=\"async\" src=\"https:\/\/ufpr.br\/propg\/wp-content\/uploads\/2025\/11\/whatsapp-image-2025-09-08-at-15-31-14-819x1024.jpeg\" alt=\"\" class=\"wp-image-45011\"\/><\/a><\/figure>\n<\/div>\n\n\n\n<div class=\"wp-block-column is-layout-flow wp-block-column-is-layout-flow\" style=\"flex-basis:66.66%\">\n<p><strong>Inscreva-se aqui<\/strong>: <a href=\"https:\/\/forms.cloud.microsoft\/r\/J2gPnMWFx9\" target=\"_blank\" rel=\"noreferrer noopener\"><strong>Formul\u00e1rio de inscri\u00e7\u00e3o<\/strong><\/a><\/p>\n\n\n\n<hr class=\"wp-block-separator has-text-color has-alpha-channel-opacity has-background is-style-wide\" style=\"background-color:#e8ecf5;color:#e8ecf5\"\/>\n\n\n\n<ul class=\"wp-block-list\">\n<li><strong>Data:<\/strong>&nbsp;06 de outubro de 2025 (segunda-feira)<\/li>\n<\/ul>\n\n\n\n<ul class=\"wp-block-list\">\n<li><strong>Hor\u00e1rio:<\/strong>&nbsp;14h \u00e0s 16h30<\/li>\n<\/ul>\n\n\n\n<ul class=\"wp-block-list\">\n<li><strong>Carga hor\u00e1ria<\/strong>: 3h (com certificado)<\/li>\n<\/ul>\n\n\n\n<ul class=\"wp-block-list\">\n<li><strong>Local:<\/strong>&nbsp;Audit\u00f3rio Professor Ulysses de Campos (Setor de Ci\u00eancias Sociais Aplicadas, Campus Jardim Bot\u00e2nico \u2013 Curitiba\/PR)<\/li>\n<\/ul>\n\n\n\n<ul class=\"wp-block-list\">\n<li>Online para PPGs de fora de Curitiba<\/li>\n<\/ul>\n<\/div>\n<\/div>\n\n\n\n<div style=\"height:50px\" aria-hidden=\"true\" class=\"wp-block-spacer\"><\/div>\n\n\n\n<h2 class=\"wp-block-heading has-text-align-left has-background has-medium-font-size\" style=\"background-color:#e8ecf5\">SOBRE O CONFERENCISTA<\/h2>\n\n\n\n<hr class=\"wp-block-separator has-text-color has-alpha-channel-opacity has-background is-style-wide\" style=\"background-color:#e8ecf5;color:#e8ecf5\"\/>\n\n\n\n<p><strong>Prof. Dr. Ant\u00f4nio Gomes de Souza Filho<\/strong>&nbsp;\u00e9 Diretor de Avalia\u00e7\u00e3o da CAPES, Doutor em F\u00edsica e professor titular da Universidade Federal do Cear\u00e1. Atua na formula\u00e7\u00e3o e coordena\u00e7\u00e3o das pol\u00edticas nacionais de avalia\u00e7\u00e3o da p\u00f3s-gradua\u00e7\u00e3o, com trajet\u00f3ria marcada por atividades de pesquisa reconhecidas, orienta\u00e7\u00e3o de p\u00f3s-graduandos e participa\u00e7\u00e3o em comit\u00eas estrat\u00e9gicos da CAPES e do CNPq.<\/p>\n\n\n\n<p><a href=\"http:\/\/lattes.cnpq.br\/0223997495223283\" target=\"_blank\" rel=\"noreferrer noopener\">Curr\u00edculo Lattes<\/a><\/p>\n\n\n\n<div style=\"height:50px\" aria-hidden=\"true\" class=\"wp-block-spacer\"><\/div>\n\n\n\n<h2 class=\"wp-block-heading has-text-align-left has-background has-medium-font-size\" style=\"background-color:#e8ecf5\">MATERIAIS<\/h2>\n\n\n\n<hr class=\"wp-block-separator has-text-color has-alpha-channel-opacity has-background is-style-wide\" style=\"background-color:#e8ecf5;color:#e8ecf5\"\/>\n\n\n\n<ul class=\"wp-block-list\">\n<li><a href=\"https:\/\/ufprbr0-my.sharepoint.com\/:v:\/g\/personal\/cpg_ufpr_br\/ERm02ptCC6hGq1ghZQww6BoBrAA7pwMDpkbq6eGnPf_4Gg?nav=eyJyZWZlcnJhbEluZm8iOnsicmVmZXJyYWxBcHAiOiJTdHJlYW1XZWJBcHAiLCJyZWZlcnJhbFZpZXciOiJTaGFyZURpYWxvZy1MaW5rIiwicmVmZXJyYWxBcHBQbGF0Zm9ybSI6IldlYiIsInJlZmVycmFsTW9kZSI6InZpZXcifX0%3D&amp;e=BDmSQ0\" target=\"_blank\" rel=\"noreferrer noopener\">Grava\u00e7\u00e3o do evento<\/a> (requer login ufpr)<\/li>\n<\/ul>\n\n\n\n<ul class=\"wp-block-list\">\n<li><a href=\"https:\/\/ufpr.br\/propg\/wp-content\/uploads\/2025\/11\/cafe-com-sucupira-profantoniocapes-0610225.pdf\" target=\"_blank\" rel=\"noreferrer noopener\">Apresenta\u00e7\u00e3o.pdf<\/a><\/li>\n<\/ul>\n\n\n\n<div style=\"height:50px\" aria-hidden=\"true\" class=\"wp-block-spacer\"><\/div>\n\n\n\n<h2 class=\"wp-block-heading has-text-align-left has-background has-medium-font-size\" style=\"background-color:#e8ecf5\">PROGRAMA\u00c7\u00c3O<\/h2>\n\n\n\n<hr class=\"wp-block-separator has-text-color has-alpha-channel-opacity has-background is-style-wide\" style=\"background-color:#e8ecf5;color:#e8ecf5\"\/>\n\n\n\n<p><strong>14h00 \u2013 Abertura Institucional<\/strong><\/p>\n\n\n\n<ul class=\"wp-block-list\">\n<li>Profa. Dra. Edneia Amancio de Souza Ramos Cavalieri \u2013 Pr\u00f3-Reitora de P\u00f3s-Gradua\u00e7\u00e3o da UFPR (PROPG)<\/li>\n<\/ul>\n\n\n\n<ul class=\"wp-block-list\">\n<li>Profa. Dra. Paula Carina de Ara\u00fajo \u2013 Coordenadora da CPGSS\/PROPG\/UFPR<\/li>\n<\/ul>\n\n\n\n<p><strong>14h30 \u2013 Palestra: Diretrizes da Avalia\u00e7\u00e3o da P\u00f3s-Gradua\u00e7\u00e3o 2025\u20132028<\/strong><\/p>\n\n\n\n<ul class=\"wp-block-list\">\n<li><strong>Prof. Dr. Ant\u00f4nio Gomes de Souza Filho<\/strong>&nbsp;\u2013 Diretor de Avalia\u00e7\u00e3o da CAPES<br>Apresenta\u00e7\u00e3o do panorama das diretrizes da avalia\u00e7\u00e3o quadrienal, crit\u00e9rios de qualidade e desafios para os PPGs no novo ciclo avaliativo.<\/li>\n<\/ul>\n\n\n\n<p><strong>15h30 \u2013 Espa\u00e7o para Perguntas e Di\u00e1logo com os PPGs<\/strong><\/p>\n\n\n\n<ul class=\"wp-block-list\">\n<li>Momento de intera\u00e7\u00e3o entre os participantes e o representante da CAPES, com esclarecimento de d\u00favidas institucionais e orienta\u00e7\u00f5es estrat\u00e9gicas.<\/li>\n<\/ul>\n\n\n\n<p><strong>16h30 \u2013 Coffee break de encerramento<\/strong><\/p>\n\n\n\n<ul class=\"wp-block-list\">\n<li>Hall do Audit\u00f3rio Prof. Ulysses de Campos<\/li>\n<\/ul>\n\n\n\n<div style=\"height:50px\" aria-hidden=\"true\" class=\"wp-block-spacer\"><\/div>\n\n\n\n<h2 class=\"wp-block-heading has-text-align-left has-background has-medium-font-size\" style=\"background-color:#e8ecf5\">CAF\u00c9 COM SUCUPIRA<\/h2>\n\n\n\n<hr class=\"wp-block-separator has-text-color has-alpha-channel-opacity has-background is-style-wide\" style=\"background-color:#e8ecf5;color:#e8ecf5\"\/>\n\n\n\n<div class=\"wp-block-columns is-layout-flex wp-container-core-columns-is-layout-9d6595d7 wp-block-columns-is-layout-flex\">\n<div class=\"wp-block-column is-layout-flow wp-block-column-is-layout-flow\" style=\"flex-basis:20%\"><div class=\"wp-block-image\">\n<figure class=\"aligncenter size-full is-resized\"><img decoding=\"async\" src=\"https:\/\/ufpr.br\/propg\/wp-content\/uploads\/2025\/11\/cafecomsucupira_cinza.png\" alt=\"\" class=\"wp-image-44957\" style=\"object-fit:cover;width:150px;height:150px\"\/><\/figure><\/div><\/div>\n\n\n\n<div class=\"wp-block-column is-layout-flow wp-block-column-is-layout-flow\" style=\"flex-basis:80%\">\n<p>S\u00e9rie de encontros da PROPG\/UFPR para apoiar os Programas de P\u00f3s-Gradua\u00e7\u00e3o na prepara\u00e7\u00e3o para as novas diretrizes de avalia\u00e7\u00e3o da CAPES (2025\u20132028). Um espa\u00e7o de forma\u00e7\u00e3o e debate estrat\u00e9gico para gestores, docentes, representantes discentes e equipes t\u00e9cnico-administrativas.<\/p>\n\n\n\n<p>Acompanhe as novidades em: &nbsp;<a href=\"https:\/\/ufpr.br\/propg\/cpgss\/cafe-com-sucupira\/\">https:\/\/ufpr.br\/propg\/cpgss\/cafe-com-sucupira\/<\/a><\/p>\n<\/div>\n<\/div>\n\n\n\n<hr class=\"wp-block-separator has-text-color has-alpha-channel-opacity has-background is-style-wide\" style=\"background-color:#e8ecf5;color:#e8ecf5\"\/>\n\n\n\n<p class=\"has-text-color has-link-color wp-elements-16631d866001ae142cbdd3786f7ccd26\" style=\"color:#243673\"><strong><a title=\"\" href=\"#topo\">Voltar ao topo<\/a><\/strong><\/p>\n<\/div>\n\n\n\n<div class=\"wp-block-column is-layout-flow wp-block-column-is-layout-flow\" style=\"flex-basis:1%\"><\/div>\n<\/div>\n","protected":false},"excerpt":{"rendered":"<p>Evento: Avalia\u00e7\u00e3o da P\u00f3s-Gradua\u00e7\u00e3o \u2013 Di\u00e1logos com a CAPES A Pr\u00f3-Reitoria de P\u00f3s-Gradua\u00e7\u00e3o por meio da Coordenadoria de P\u00f3s-Gradua\u00e7\u00e3o Stricto Sensu (CPGSS) promove o evento&nbsp;\u201cAvalia\u00e7\u00e3o da P\u00f3s-Gradua\u00e7\u00e3o: Di\u00e1logos com a CAPES\u201d, com a presen\u00e7a do&nbsp;Prof. Dr. Ant\u00f4nio Gomes de Souza Filho, Diretor de Avalia\u00e7\u00e3o da CAPES,&nbsp;como parte da&nbsp;s\u00e9rie de eventos&nbsp;Caf\u00e9 com Sucupira. O evento \u00e9 [&hellip;]<\/p>\n","protected":false},"author":5,"featured_media":0,"parent":17252,"menu_order":0,"comment_status":"closed","ping_status":"closed","template":"","meta":{"footnotes":""},"class_list":["post-17342","page","type-page","status-publish","hentry"],"_links":{"self":[{"href":"https:\/\/ufpr.br\/propg\/wp-json\/wp\/v2\/pages\/17342","targetHints":{"allow":["GET"]}}],"collection":[{"href":"https:\/\/ufpr.br\/propg\/wp-json\/wp\/v2\/pages"}],"about":[{"href":"https:\/\/ufpr.br\/propg\/wp-json\/wp\/v2\/types\/page"}],"author":[{"embeddable":true,"href":"https:\/\/ufpr.br\/propg\/wp-json\/wp\/v2\/users\/5"}],"replies":[{"embeddable":true,"href":"https:\/\/ufpr.br\/propg\/wp-json\/wp\/v2\/comments?post=17342"}],"version-history":[{"count":39,"href":"https:\/\/ufpr.br\/propg\/wp-json\/wp\/v2\/pages\/17342\/revisions"}],"predecessor-version":[{"id":51508,"href":"https:\/\/ufpr.br\/propg\/wp-json\/wp\/v2\/pages\/17342\/revisions\/51508"}],"up":[{"embeddable":true,"href":"https:\/\/ufpr.br\/propg\/wp-json\/wp\/v2\/pages\/17252"}],"wp:attachment":[{"href":"https:\/\/ufpr.br\/propg\/wp-json\/wp\/v2\/media?parent=17342"}],"curies":[{"name":"wp","href":"https:\/\/api.w.org\/{rel}","templated":true}]}}