{"id":17252,"date":"2025-11-02T19:59:24","date_gmt":"2025-11-02T22:59:24","guid":{"rendered":"https:\/\/ufpr.br\/?page=17252"},"modified":"2026-03-24T09:27:03","modified_gmt":"2026-03-24T12:27:03","slug":"cafe-com-sucupira","status":"publish","type":"page","link":"https:\/\/ufpr.br\/propg\/cpgss\/cafe-com-sucupira\/","title":{"rendered":"Caf\u00e9 com Sucupira"},"content":{"rendered":"\n<div style=\"height:50px\" aria-hidden=\"true\" class=\"wp-block-spacer\"><\/div>\n\n\n\n<div class=\"wp-block-columns is-layout-flex wp-container-core-columns-is-layout-9d6595d7 wp-block-columns-is-layout-flex\">\n<div class=\"wp-block-column is-layout-flow wp-block-column-is-layout-flow\" style=\"flex-basis:15%\">\n<div style=\"height:15px\" aria-hidden=\"true\" class=\"wp-block-spacer\"><\/div>\n\n\n<div class=\"wp-block-image\">\n<figure class=\"aligncenter size-full is-resized\" id=\"topo\"><img decoding=\"async\" src=\"https:\/\/ufpr.br\/propg\/wp-content\/uploads\/2025\/11\/cafecomsucupira_cinza.png\" alt=\"\" class=\"wp-image-44957\" style=\"object-fit:cover;width:150px;height:150px\" \/><\/figure><\/div><\/div>\n\n\n\n<div class=\"wp-block-column is-layout-flow wp-block-column-is-layout-flow\" style=\"flex-basis:85%\">\n<h2 class=\"wp-block-heading\">Estrat\u00e9gias para os novos desafios da p\u00f3s-gradua\u00e7\u00e3o<\/h2>\n\n\n\n<div style=\"height:25px\" aria-hidden=\"true\" class=\"wp-block-spacer\"><\/div>\n\n\n\n<blockquote class=\"wp-block-quote is-layout-flow wp-block-quote-is-layout-flow\">\n<p>O Caf\u00e9 com Sucupira \u00e9 um espa\u00e7o cont\u00ednuo de forma\u00e7\u00e3o e debate estrat\u00e9gico. A s\u00e9rie de eventos e atividades pretende fortalecer a produ\u00e7\u00e3o cient\u00edfica e ampliar o impacto acad\u00eamico dos programas de p\u00f3s-gradua\u00e7\u00e3o da UFPR. Iniciativa da PROPG\/CPGSS<\/p>\n<\/blockquote>\n\n\n\n<div style=\"height:50px\" aria-hidden=\"true\" class=\"wp-block-spacer\"><\/div>\n\n\n\n<h2 class=\"wp-block-heading has-text-align-left has-background has-medium-font-size\" style=\"background-color:#e8ecf5\">PR\u00d3XIMOS EVENTOS<\/h2>\n\n\n\n<hr class=\"wp-block-separator has-text-color has-alpha-channel-opacity has-background is-style-wide\" style=\"background-color:#e8ecf5;color:#e8ecf5\" \/>\n\n\n\n<div class=\"wp-block-columns is-layout-flex wp-container-core-columns-is-layout-9d6595d7 wp-block-columns-is-layout-flex\">\n<div class=\"wp-block-column is-layout-flow wp-block-column-is-layout-flow\">\n<figure class=\"wp-block-image size-full\"><a href=\"https:\/\/ufpr.br\/propg\/cpgss\/cafe-com-sucupira\/inteligencia-artificial-na-producao-e-comunicacao-do-conhecimento-cientifico\/\" target=\"_blank\" rel=\" noreferrer noopener\"><img loading=\"lazy\" decoding=\"async\" width=\"1080\" height=\"1350\" src=\"https:\/\/ufpr.br\/propg\/wp-content\/uploads\/2026\/02\/limongi.jpg\" alt=\"\" class=\"wp-image-51501\" srcset=\"https:\/\/ufpr.br\/propg\/wp-content\/uploads\/2026\/02\/limongi.jpg 1080w, https:\/\/ufpr.br\/propg\/wp-content\/uploads\/2026\/02\/limongi-240x300.jpg 240w, https:\/\/ufpr.br\/propg\/wp-content\/uploads\/2026\/02\/limongi-819x1024.jpg 819w, https:\/\/ufpr.br\/propg\/wp-content\/uploads\/2026\/02\/limongi-768x960.jpg 768w, https:\/\/ufpr.br\/propg\/wp-content\/uploads\/2026\/02\/limongi-78x98.jpg 78w, https:\/\/ufpr.br\/propg\/wp-content\/uploads\/2026\/02\/limongi-46x57.jpg 46w\" sizes=\"auto, (max-width: 1080px) 100vw, 1080px\" \/><\/a><\/figure>\n<\/div>\n\n\n\n<div class=\"wp-block-column has-white-background-color has-background is-layout-flow wp-block-column-is-layout-flow\">\n<h5 class=\"wp-block-heading\"><strong>09\/04 \u2013 Intelig\u00eancia Artificial na Produ\u00e7\u00e3o e Comunica\u00e7\u00e3o do Conhecimento Cient\u00edfico<\/strong><\/h5>\n\n\n\n<p><strong>Tema:<\/strong>&nbsp;O 5\u00ba evento do Caf\u00e9 com Sucupira abordar\u00e1 o papel da Intelig\u00eancia Artificial no desenvolvimento e na comunica\u00e7\u00e3o das pesquisas cient\u00edficas, discutindo seus impactos, implica\u00e7\u00f5es cognitivas e \u00e9ticas, e os desafios do uso respons\u00e1vel dessas tecnologias no ambiente universit\u00e1rio.<\/p>\n\n\n\n<p><strong>Palestrante:<\/strong>&nbsp;Prof. Dr. <a href=\"https:\/\/www.youtube.com\/c\/RicardoLimongiPhD\" target=\"_blank\" rel=\"noreferrer noopener\">Ricardo Limongi<\/a>&nbsp;<\/p>\n\n\n\n<p><strong>Local:<\/strong>&nbsp;Audit\u00f3rio Professor Ulysses de Campos (Setor de Ci\u00eancias Sociais Aplicadas \u2013 Campus Jardim Bot\u00e2nico \u2013 Curitiba\/PR)<\/p>\n\n\n\n<p>Evento on-line para campus fora de Curitiba&nbsp;<\/p>\n\n\n\n<p><strong>Hor\u00e1rio:<\/strong> 14h-16h<br>\u27a1\ufe0f&nbsp;<a href=\"https:\/\/ufpr.br\/propg\/cpgss\/cafe-com-sucupira\/inteligencia-artificial-na-producao-e-comunicacao-do-conhecimento-cientifico\/\" target=\"_blank\" rel=\"noreferrer noopener\"><\/a><a href=\"https:\/\/ufpr.br\/propg\/cpgss\/cafe-com-sucupira\/inteligencia-artificial-na-producao-e-comunicacao-do-conhecimento-cientifico\/\" target=\"_blank\" rel=\"noreferrer noopener\">Saiba mais \/ Inscri\u00e7\u00f5es<\/a><\/p>\n<\/div>\n\n\n\n<div class=\"wp-block-column is-layout-flow wp-block-column-is-layout-flow\"><\/div>\n<\/div>\n\n\n\n<div style=\"height:50px\" aria-hidden=\"true\" class=\"wp-block-spacer\"><\/div>\n\n\n\n<h2 class=\"wp-block-heading has-text-align-left has-background has-medium-font-size\" style=\"background-color:#e8ecf5\">EVENTOS ANTERIORES<\/h2>\n\n\n\n<hr class=\"wp-block-separator has-text-color has-alpha-channel-opacity has-background is-style-wide\" style=\"background-color:#e8ecf5;color:#e8ecf5\" \/>\n\n\n\n<details class=\"wp-block-details is-layout-flow wp-block-details-is-layout-flow\" open><summary>Eventos<\/summary>\n<div class=\"wp-block-columns is-layout-flex wp-container-core-columns-is-layout-9d6595d7 wp-block-columns-is-layout-flex\">\n<div class=\"wp-block-column is-layout-flow wp-block-column-is-layout-flow\">\n<div class=\"wp-block-columns is-layout-flex wp-container-core-columns-is-layout-9d6595d7 wp-block-columns-is-layout-flex\">\n<div class=\"wp-block-column is-layout-flow wp-block-column-is-layout-flow\"><div class=\"wp-block-image\">\n<figure class=\"aligncenter size-large is-resized\"><img loading=\"lazy\" decoding=\"async\" width=\"819\" height=\"1024\" src=\"https:\/\/ufpr.br\/propg\/wp-content\/uploads\/2026\/03\/cafe-com-sucupira-site-mes-da-mulher-1-819x1024.jpg\" alt=\"\" class=\"wp-image-52010\" style=\"width:180px\" srcset=\"https:\/\/ufpr.br\/propg\/wp-content\/uploads\/2026\/03\/cafe-com-sucupira-site-mes-da-mulher-1-819x1024.jpg 819w, https:\/\/ufpr.br\/propg\/wp-content\/uploads\/2026\/03\/cafe-com-sucupira-site-mes-da-mulher-1-240x300.jpg 240w, https:\/\/ufpr.br\/propg\/wp-content\/uploads\/2026\/03\/cafe-com-sucupira-site-mes-da-mulher-1-768x960.jpg 768w, https:\/\/ufpr.br\/propg\/wp-content\/uploads\/2026\/03\/cafe-com-sucupira-site-mes-da-mulher-1-78x98.jpg 78w, https:\/\/ufpr.br\/propg\/wp-content\/uploads\/2026\/03\/cafe-com-sucupira-site-mes-da-mulher-1-46x57.jpg 46w, https:\/\/ufpr.br\/propg\/wp-content\/uploads\/2026\/03\/cafe-com-sucupira-site-mes-da-mulher-1.jpg 1080w\" sizes=\"auto, (max-width: 819px) 100vw, 819px\" \/><\/figure><\/div>\n\n\n<h5 class=\"wp-block-heading has-black-color has-text-color has-link-color wp-elements-60a145c6e8c0ffa8724ef1893293a62b\"><strong>23\/03 \u2013 Entre diplomas e tetos de vidro: os desafios invis\u00edveis das mulheres p\u00f3s-graduadas<\/strong><\/h5>\n\n\n\n<p><strong>Tema:<\/strong>&nbsp;O 6\u00ba evento do Caf\u00e9 com Sucupira discutir\u00e1 os desafios estruturais, institucionais e socioculturais enfrentados por mulheres com forma\u00e7\u00e3o em p\u00f3s-gradua\u00e7\u00e3o, evidenciando mecanismos \u2014 muitas vezes invis\u00edveis \u2014 que limitam sua inser\u00e7\u00e3o, perman\u00eancia e progress\u00e3o na carreira acad\u00eamica e profissional. Tamb\u00e9m ser\u00e3o debatidos caminhos para promover maior equidade de g\u00eanero nos ambientes de pesquisa, ensino e trabalho.<\/p>\n\n\n\n<p><strong>Promo\u00e7\u00e3o:<\/strong>&nbsp;Atividade integrante da programa\u00e7\u00e3o da 7\u00aa edi\u00e7\u00e3o do&nbsp;<strong>Mar\u00e7o das Mulheres<\/strong>&nbsp;na UFPR.&nbsp;<\/p>\n\n\n\n<p><strong>Organiza\u00e7\u00e3o:<\/strong>&nbsp;PROPG e PROAFE<\/p>\n\n\n\n<p><strong>Apoio:<\/strong>&nbsp;PPG Letras UFPR \/ CAPES<\/p>\n\n\n\n<p><strong>Local:<\/strong>&nbsp;Anfiteatro 400 \u2013 Edif\u00edcio Dom Pedro I (Rua General Carneiro, 460 \u2013 Centro \u2013 Curitiba\/PR)<br><strong>Hor\u00e1rio:<\/strong>&nbsp;10h\u201311h30<\/p>\n\n\n\n<p>\u27a1\ufe0f <a href=\"https:\/\/www.prppg.ufpr.br\/site\/pb\/cafe-com-sucupira\/entre-diplomas-e-tetos-de-vidro\/\">Saiba mais \/ Inscri\u00e7\u00f5es<\/a><\/p>\n<\/div>\n\n\n\n<div class=\"wp-block-column is-layout-flow wp-block-column-is-layout-flow\"><\/div>\n\n\n\n<div class=\"wp-block-column is-layout-flow wp-block-column-is-layout-flow\"><div class=\"wp-block-image\">\n<figure class=\"aligncenter size-full\"><a href=\"https:\/\/ufpr.br\/propg\/cpgss\/cafe-com-sucupira\/orcid\/\"><img decoding=\"async\" src=\"https:\/\/ufpr.br\/propg\/wp-content\/uploads\/2025\/11\/provisorio.jpg\" alt=\"\" class=\"wp-image-44978\" \/><\/a><\/figure><\/div>\n\n\n<h5 class=\"wp-block-heading\"><strong><strong><strong>17\/11 \u2013&nbsp;ORCiD: A import\u00e2ncia e os usos do identificador persistente<\/strong><\/strong><\/strong><\/h5>\n\n\n\n<p><strong>Tema:<\/strong>&nbsp;O 4\u00ba evento do Caf\u00e9 com Sucupira discute o papel estrat\u00e9gico do ORCiD como identificador persistente para a p\u00f3s-gradua\u00e7\u00e3o, com foco na sua integra\u00e7\u00e3o \u00e0 nova Plataforma de Avalia\u00e7\u00e3o da CAPES e ao Programa GoPG, fortalecendo a interoperabilidade de sistemas e a visibilidade internacional da produ\u00e7\u00e3o cient\u00edfica<br><strong>Palestrante:<\/strong>&nbsp;Paloma Mar\u00edn-Arraiza, PhD \u2013 ORCiD: 0000-0001-7460-7794&nbsp;<br><strong>Local:<\/strong>&nbsp;Evento on-line (transmiss\u00e3o ao vivo para toda a comunidade acad\u00eamica)<br><strong>Hor\u00e1rio:<\/strong>&nbsp; 15h\u201318h<br>\u27a1\ufe0f&nbsp;<a href=\"https:\/\/ufpr.br\/propg\/cpgss\/cafe-com-sucupira\/orcid\/\" target=\"_blank\" rel=\"noreferrer noopener\">Saiba mais \/ Inscri\u00e7\u00f5es<\/a><\/p>\n<\/div>\n<\/div>\n<\/div>\n<\/div>\n\n\n\n<hr class=\"wp-block-separator has-text-color has-alpha-channel-opacity has-background is-style-wide\" style=\"background-color:#e8ecf5;color:#e8ecf5\" \/>\n\n\n\n<div class=\"wp-block-columns is-layout-flex wp-container-core-columns-is-layout-9d6595d7 wp-block-columns-is-layout-flex\">\n<div class=\"wp-block-column is-layout-flow wp-block-column-is-layout-flow\">\n<div class=\"wp-block-columns is-layout-flex wp-container-core-columns-is-layout-9d6595d7 wp-block-columns-is-layout-flex\">\n<div class=\"wp-block-column is-layout-flow wp-block-column-is-layout-flow\">\n<figure class=\"wp-block-image size-full\"><a href=\"https:\/\/ufpr.br\/propg\/cpgss\/cafe-com-sucupira\/avaliacao-da-pos-graduacao\/\"><img decoding=\"async\" src=\"https:\/\/ufpr.br\/propg\/wp-content\/uploads\/2025\/11\/whatsapp-image-2025-09-08-at-15-31-14.jpeg\" alt=\"\" class=\"wp-image-45011\" style=\"object-fit:cover\" \/><\/a><\/figure>\n\n\n\n<h5 class=\"wp-block-heading\"><strong><strong>06\/10 \u2013 Di\u00e1logos com a CAPES: com Prof. Ant\u00f4nio Gomes de Souza Filho, Diretor de Avalia\u00e7\u00e3o da CAPES<\/strong><\/strong><\/h5>\n\n\n\n<p><strong>Tema:<\/strong>&nbsp;Conversa com o Diretor de Avalia\u00e7\u00e3o da CAPES sobre os novos instrumentos de avalia\u00e7\u00e3o da p\u00f3s-gradua\u00e7\u00e3o&nbsp;<br><strong>Palestrante:<\/strong>&nbsp;Prof. Dr. Ant\u00f4nio Gomes de Souza Filho (DAV\/CAPES)&nbsp;<br><strong>Local:<\/strong>&nbsp;Audit\u00f3rio Professor Ulysses de Campos \u2013 Campus Bot\u00e2nico (com transmiss\u00e3o on-line para PPGs fora de Curitiba)<br><strong>Hor\u00e1rio:<\/strong>&nbsp; 14h\u201316h30<br>\u27a1\ufe0f&nbsp;<a href=\"https:\/\/ufpr.br\/propg\/cpgss\/cafe-com-sucupira\/avaliacao-da-pos-graduacao\/\" target=\"_blank\" rel=\"noreferrer noopener\">Saiba mais \/&nbsp;<strong>Grava\u00e7\u00e3o do evento<\/strong>&nbsp;e slides<\/a><\/p>\n\n\n\n<div class=\"alignnormal\"><div id=\"metaslider-id-17439\" style=\"width: 100%;\" class=\"ml-slider-3-108-0 metaslider metaslider-flex metaslider-17439 ml-slider has-dots-nav ms-theme-default-base\" role=\"region\" aria-label=\"Di\u00e1logos com a CAPES\" data-height=\"512\" data-width=\"650\">\n    <div id=\"metaslider_container_17439\">\n        <div id=\"metaslider_17439\">\n            <ul class='slides'>\n                <li style=\"display: block; width: 100%;\" class=\"slide-18171 ms-image \" aria-roledescription=\"slide\" data-date=\"2025-11-28 13:27:55\" data-filename=\"whatsapp-image-2025-10-07-at-11-34-58-1-650x512.jpeg\" data-slide-type=\"image\"><img loading=\"lazy\" decoding=\"async\" src=\"https:\/\/ufpr.br\/propg\/wp-content\/uploads\/2025\/11\/whatsapp-image-2025-10-07-at-11-34-58-1-650x512.jpeg\" height=\"512\" width=\"650\" alt=\"\" class=\"slider-17439 slide-18171 msDefaultImage\" \/><\/li>\n                <li style=\"display: none; width: 100%;\" class=\"slide-18173 ms-image \" aria-roledescription=\"slide\" data-date=\"2025-11-28 13:28:56\" data-filename=\"whatsapp-image-2025-10-07-at-11-34-58-768x1024-1-650x512.jpeg\" data-slide-type=\"image\"><img loading=\"lazy\" decoding=\"async\" src=\"https:\/\/ufpr.br\/propg\/wp-content\/uploads\/2025\/11\/whatsapp-image-2025-10-07-at-11-34-58-768x1024-1-650x512.jpeg\" height=\"512\" width=\"650\" alt=\"\" class=\"slider-17439 slide-18173 msDefaultImage\" \/><\/li>\n                <li style=\"display: none; width: 100%;\" class=\"slide-18174 ms-image \" aria-roledescription=\"slide\" data-date=\"2025-11-28 13:30:07\" data-filename=\"whatsapp-image-2025-10-07-at-11-34-59-768x1024-1-650x512.jpeg\" data-slide-type=\"image\"><img loading=\"lazy\" decoding=\"async\" src=\"https:\/\/ufpr.br\/propg\/wp-content\/uploads\/2025\/11\/whatsapp-image-2025-10-07-at-11-34-59-768x1024-1-650x512.jpeg\" height=\"512\" width=\"650\" alt=\"\" class=\"slider-17439 slide-18174 msDefaultImage\" \/><\/li>\n                <li style=\"display: none; width: 100%;\" class=\"slide-18177 ms-image \" aria-roledescription=\"slide\" data-date=\"2025-11-28 13:30:48\" data-filename=\"whatsapp-image-2025-10-07-at-11-34-59-1-1024x768-1-650x512.jpeg\" data-slide-type=\"image\"><img loading=\"lazy\" decoding=\"async\" src=\"https:\/\/ufpr.br\/propg\/wp-content\/uploads\/2025\/11\/whatsapp-image-2025-10-07-at-11-34-59-1-1024x768-1-650x512.jpeg\" height=\"512\" width=\"650\" alt=\"\" class=\"slider-17439 slide-18177 msDefaultImage\" \/><\/li>\n                <li style=\"display: none; width: 100%;\" class=\"slide-18178 ms-image \" aria-roledescription=\"slide\" data-date=\"2025-11-28 13:31:48\" data-filename=\"whatsapp-image-2025-10-07-at-11-34-59-2-1024x768-1-650x512.jpeg\" data-slide-type=\"image\"><img loading=\"lazy\" decoding=\"async\" src=\"https:\/\/ufpr.br\/propg\/wp-content\/uploads\/2025\/11\/whatsapp-image-2025-10-07-at-11-34-59-2-1024x768-1-650x512.jpeg\" height=\"512\" width=\"650\" alt=\"\" class=\"slider-17439 slide-18178 msDefaultImage\" \/><\/li>\n                <li style=\"display: none; width: 100%;\" class=\"slide-18180 ms-image \" aria-roledescription=\"slide\" data-date=\"2025-11-28 13:32:31\" data-filename=\"whatsapp-image-2025-10-07-at-11-53-42-2-650x512.jpeg\" data-slide-type=\"image\"><img loading=\"lazy\" decoding=\"async\" src=\"https:\/\/ufpr.br\/propg\/wp-content\/uploads\/2025\/11\/whatsapp-image-2025-10-07-at-11-53-42-2-650x512.jpeg\" height=\"512\" width=\"650\" alt=\"\" class=\"slider-17439 slide-18180 msDefaultImage\" \/><\/li>\n                <li style=\"display: none; width: 100%;\" class=\"slide-18181 ms-image \" aria-roledescription=\"slide\" data-date=\"2025-11-28 13:34:15\" data-filename=\"whatsapp-image-2025-10-07-at-11-53-42-1-650x512.jpeg\" data-slide-type=\"image\"><img loading=\"lazy\" decoding=\"async\" src=\"https:\/\/ufpr.br\/propg\/wp-content\/uploads\/2025\/11\/whatsapp-image-2025-10-07-at-11-53-42-1-650x512.jpeg\" height=\"512\" width=\"650\" alt=\"\" class=\"slider-17439 slide-18181 msDefaultImage\" \/><\/li>\n                <li style=\"display: none; width: 100%;\" class=\"slide-18182 ms-image \" aria-roledescription=\"slide\" data-date=\"2025-11-28 13:34:59\" data-filename=\"whatsapp-image-2025-10-07-at-11-53-42-1024x538-1-650x512.jpeg\" data-slide-type=\"image\"><img loading=\"lazy\" decoding=\"async\" src=\"https:\/\/ufpr.br\/propg\/wp-content\/uploads\/2025\/11\/whatsapp-image-2025-10-07-at-11-53-42-1024x538-1-650x512.jpeg\" height=\"512\" width=\"650\" alt=\"\" class=\"slider-17439 slide-18182 msDefaultImage\" \/><\/li>\n                <li style=\"display: none; width: 100%;\" class=\"slide-18184 ms-image \" aria-roledescription=\"slide\" data-date=\"2025-11-28 13:35:53\" data-filename=\"whatsapp-image-2025-10-07-at-11-53-43-2-1024x535-1-650x512.jpeg\" data-slide-type=\"image\"><img loading=\"lazy\" decoding=\"async\" src=\"https:\/\/ufpr.br\/propg\/wp-content\/uploads\/2025\/11\/whatsapp-image-2025-10-07-at-11-53-43-2-1024x535-1-650x512.jpeg\" height=\"512\" width=\"650\" alt=\"\" class=\"slider-17439 slide-18184 msDefaultImage\" \/><\/li>\n                <li style=\"display: none; width: 100%;\" class=\"slide-18187 ms-image \" aria-roledescription=\"slide\" data-date=\"2025-11-28 13:36:32\" data-filename=\"whatsapp-image-2025-10-07-at-11-53-43-3-650x512.jpeg\" data-slide-type=\"image\"><img loading=\"lazy\" decoding=\"async\" src=\"https:\/\/ufpr.br\/propg\/wp-content\/uploads\/2025\/11\/whatsapp-image-2025-10-07-at-11-53-43-3-650x512.jpeg\" height=\"512\" width=\"650\" alt=\"\" class=\"slider-17439 slide-18187 msDefaultImage\" \/><\/li>\n                <li style=\"display: none; width: 100%;\" class=\"slide-18188 ms-image \" aria-roledescription=\"slide\" data-date=\"2025-11-28 13:37:15\" data-filename=\"whatsapp-image-2025-10-07-at-11-53-43-1-650x512.jpeg\" data-slide-type=\"image\"><img loading=\"lazy\" decoding=\"async\" src=\"https:\/\/ufpr.br\/propg\/wp-content\/uploads\/2025\/11\/whatsapp-image-2025-10-07-at-11-53-43-1-650x512.jpeg\" height=\"512\" width=\"650\" alt=\"\" class=\"slider-17439 slide-18188 msDefaultImage\" \/><\/li>\n                <li style=\"display: none; width: 100%;\" class=\"slide-18190 ms-image \" aria-roledescription=\"slide\" data-date=\"2025-11-28 13:37:49\" data-filename=\"whatsapp-image-2025-10-07-at-11-34-58-2-650x512.jpeg\" data-slide-type=\"image\"><img loading=\"lazy\" decoding=\"async\" src=\"https:\/\/ufpr.br\/propg\/wp-content\/uploads\/2025\/11\/whatsapp-image-2025-10-07-at-11-34-58-2-650x512.jpeg\" height=\"512\" width=\"650\" alt=\"\" class=\"slider-17439 slide-18190 msDefaultImage\" \/><\/li>\n                <li style=\"display: none; width: 100%;\" class=\"slide-18192 ms-image \" aria-roledescription=\"slide\" data-date=\"2025-11-28 13:38:32\" data-filename=\"whatsapp-image-2025-10-07-at-11-53-43-650x512.jpeg\" data-slide-type=\"image\"><img loading=\"lazy\" decoding=\"async\" src=\"https:\/\/ufpr.br\/propg\/wp-content\/uploads\/2025\/11\/whatsapp-image-2025-10-07-at-11-53-43-650x512.jpeg\" height=\"512\" width=\"650\" alt=\"\" class=\"slider-17439 slide-18192 msDefaultImage\" \/><\/li>\n            <\/ul>\n        <\/div>\n        \n    <\/div>\n<\/div><\/div>\n<\/div>\n\n\n\n<div class=\"wp-block-column is-layout-flow wp-block-column-is-layout-flow\">\n<figure class=\"wp-block-image size-full\"><a href=\"https:\/\/ufpr.br\/propg\/cpgss\/cafe-com-sucupira\/diretrizes-do-novo-ciclo-nova-classificacao-da-producao-intelectual\/\"><img decoding=\"async\" src=\"https:\/\/ufpr.br\/propg\/wp-content\/uploads\/2025\/11\/1.png\" alt=\"\" class=\"wp-image-45037\" style=\"object-fit:cover\" \/><\/a><\/figure>\n\n\n\n<h5 class=\"wp-block-heading\"><strong><strong><strong>05\/09 \u2013 Evento de Extens\u00e3o<\/strong><br><strong>Diretrizes do Novo Ciclo &amp;<\/strong><br><strong>Nova Classifica\u00e7\u00e3o da Produ\u00e7\u00e3o Intelectual<\/strong><\/strong><\/strong><\/h5>\n\n\n\n<p><strong>Tema:<\/strong>&nbsp;Avalia\u00e7\u00e3o da P\u00f3s-Gradua\u00e7\u00e3o: Diretrizes do novo ciclo e classifica\u00e7\u00e3o da produ\u00e7\u00e3o intelectual<br><strong>Palestrante:<\/strong>&nbsp;Prof. Dr. Fabio Castro Gouveia (IBICT\/Fiocruz)<br><strong>Local:<\/strong>&nbsp;Audit\u00f3rio Gralha Azul \u2013 Campus Bot\u00e2nico (com transmiss\u00e3o on-line para PPGs fora de Curitiba)<br><strong>Hor\u00e1rios:<\/strong>&nbsp;10h\u201312h e 14h\u201317h<br><strong>Carga hor\u00e1ria:<\/strong>&nbsp;5h (com certificado)<br>\u27a1\ufe0f&nbsp;<a href=\"https:\/\/ufpr.br\/propg\/cpgss\/cafe-com-sucupira\/diretrizes-do-novo-ciclo-nova-classificacao-da-producao-intelectual\/\" target=\"_blank\" rel=\"noreferrer noopener\">Saiba mais \/&nbsp;<strong>Grava\u00e7\u00e3o do evento<\/strong>&nbsp;e slides<\/a><\/p>\n\n\n\n<p><strong>Apoio:<\/strong> Programa de P\u00f3s-Gradua\u00e7\u00e3o em Inform\u00e1tica<\/p>\n<\/div>\n\n\n\n<div class=\"wp-block-column is-layout-flow wp-block-column-is-layout-flow\">\n<figure class=\"wp-block-image size-full\"><a href=\"https:\/\/ufpr.br\/propg\/cpgss\/cafe-com-sucupira\/ferramentas-de-visualizacao-de-mapas-da-ciencia\/\"><img decoding=\"async\" src=\"https:\/\/ufpr.br\/propg\/wp-content\/uploads\/2025\/11\/whatsapp-image-2025-08-21-at-16-53-39.jpeg\" alt=\"\" class=\"wp-image-45046\" style=\"object-fit:cover\" \/><\/a><\/figure>\n\n\n\n<h5 class=\"wp-block-heading\"><strong><strong><strong>04\/09 \u2013 Curso de Extens\u00e3o<\/strong><br><strong>Mapas da Ci\u00eancia<\/strong><\/strong><\/strong><\/h5>\n\n\n\n<p><strong>Tema:<\/strong>&nbsp;Introdu\u00e7\u00e3o \u00e0s ferramentas de visualiza\u00e7\u00e3o de mapas da ci\u00eancia<\/p>\n\n\n\n<p><strong>Palestrante:<\/strong>&nbsp;Prof. Dr. Fabio Castro Gouveia (IBICT\/Fiocruz)<br><strong>Hor\u00e1rios:<\/strong>&nbsp;9h30\u201312h30 (VOSviewer) | 14h\u201317h (Gephi)<br><strong>Local:<\/strong>&nbsp;Laborat\u00f3rio 3 \u2013 2\u00ba andar do Setor de Ci\u00eancias Sociais Aplicadas | UFPR \u2013 Campus Bot\u00e2nico<br><strong>Carga hor\u00e1ria:<\/strong>&nbsp;8h (inclui 2h de atividades extraclasse)<br>\u27a1\ufe0f&nbsp;<a href=\"https:\/\/ufpr.br\/propg\/cpgss\/cafe-com-sucupira\/ferramentas-de-visualizacao-de-mapas-da-ciencia\/\" target=\"_blank\" rel=\"noreferrer noopener\">Saiba mais \/ Inscri\u00e7\u00f5es encerradas<\/a><\/p>\n<\/div>\n<\/div>\n<\/div>\n<\/div>\n<\/details>\n\n\n\n<div style=\"height:50px\" aria-hidden=\"true\" class=\"wp-block-spacer\"><\/div>\n\n\n\n<h2 class=\"wp-block-heading has-text-align-left has-background has-medium-font-size\" style=\"background-color:#e8ecf5\">DESTAQUES<\/h2>\n\n\n\n<hr class=\"wp-block-separator has-text-color has-alpha-channel-opacity has-background is-style-wide\" style=\"background-color:#e8ecf5;color:#e8ecf5\" \/>\n\n\n\n<ul class=\"wp-block-list\">\n<li><strong>Press release institucional<\/strong>:&nbsp;<a href=\"https:\/\/ufpr.br\/propg-lanca-cafe-com-sucupira-serie-de-encontros-sobre-avaliacao-da-pos-graduacao\/\" target=\"_blank\" rel=\"noreferrer noopener\">PROPG lan\u00e7a Caf\u00e9 com Sucupira<\/a><\/li>\n<\/ul>\n\n\n\n<ul class=\"wp-block-list\">\n<li><strong>Evento 05\/09<\/strong>:&nbsp;<a href=\"https:\/\/ufpr.br\/propg\/cpgss\/cafe-com-sucupira\/diretrizes-do-novo-ciclo-nova-classificacao-da-producao-intelectual\/\" target=\"_blank\" rel=\"noreferrer noopener\">Diretrizes do novo ciclo &amp; nova classifica\u00e7\u00e3o da produ\u00e7\u00e3o intelectual<\/a><\/li>\n<\/ul>\n\n\n\n<ul class=\"wp-block-list\">\n<li><strong>Curso 04\/09<\/strong>:&nbsp;<a href=\"https:\/\/ufpr.br\/propg\/cpgss\/cafe-com-sucupira\/ferramentas-de-visualizacao-de-mapas-da-ciencia\/\" target=\"_blank\" rel=\"noreferrer noopener\">Introdu\u00e7\u00e3o \u00e0s ferramentas de visualiza\u00e7\u00e3o de mapas da ci\u00eancia<\/a><\/li>\n<\/ul>\n\n\n\n<ul class=\"wp-block-list\">\n<li><strong>Evento 06\/10<\/strong>:&nbsp;<a href=\"https:\/\/ufpr.br\/propg\/cpgss\/cafe-com-sucupira\/avaliacao-da-pos-graduacao\/\" target=\"_blank\" rel=\"noreferrer noopener\">Di\u00e1logos com a CAPES \u2013 com Prof. Ant\u00f4nio Gomes de Souza Filho, Diretor de Avalia\u00e7\u00e3o da CAPES<\/a><\/li>\n<\/ul>\n\n\n\n<div style=\"height:50px\" aria-hidden=\"true\" class=\"wp-block-spacer\"><\/div>\n\n\n\n<h2 class=\"wp-block-heading has-text-align-left has-background has-medium-font-size\" style=\"background-color:#e8ecf5\">CONTATO<\/h2>\n\n\n\n<hr class=\"wp-block-separator has-text-color has-alpha-channel-opacity has-background is-style-wide\" style=\"background-color:#e8ecf5;color:#e8ecf5\" \/>\n\n\n\n<p><strong>PROPG\/CPGSS \u2013 Universidade Federal do Paran\u00e1 (UFPR)<\/strong><br>E-mail:&nbsp;<a>cpg@ufpr.br<\/a><\/p>\n\n\n\n<hr class=\"wp-block-separator has-text-color has-alpha-channel-opacity has-background is-style-wide\" style=\"background-color:#e8ecf5;color:#e8ecf5\" \/>\n\n\n\n<p><em>Realiza\u00e7\u00e3o: PROPG\/CPGSS\u2013 Coordenadoria de P\u00f3s-Gradua\u00e7\u00e3o Stricto Sensu. Atualizado em 04\/09\/2025.<\/em><\/p>\n\n\n\n<hr class=\"wp-block-separator has-text-color has-alpha-channel-opacity has-background is-style-wide\" style=\"background-color:#e8ecf5;color:#e8ecf5\" \/>\n\n\n\n<p class=\"has-text-color has-link-color wp-elements-16631d866001ae142cbdd3786f7ccd26\" style=\"color:#243673\"><strong><a title=\"\" href=\"#topo\">Voltar ao topo<\/a><\/strong><\/p>\n<\/div>\n\n\n\n<div class=\"wp-block-column is-layout-flow wp-block-column-is-layout-flow\" style=\"flex-basis:1%\"><\/div>\n<\/div>\n","protected":false},"excerpt":{"rendered":"<p>Estrat\u00e9gias para os novos desafios da p\u00f3s-gradua\u00e7\u00e3o O Caf\u00e9 com Sucupira \u00e9 um espa\u00e7o cont\u00ednuo de forma\u00e7\u00e3o e debate estrat\u00e9gico. A s\u00e9rie de eventos e atividades pretende fortalecer a produ\u00e7\u00e3o cient\u00edfica e ampliar o impacto acad\u00eamico dos programas de p\u00f3s-gradua\u00e7\u00e3o da UFPR. Iniciativa da PROPG\/CPGSS PR\u00d3XIMOS EVENTOS 09\/04 \u2013 Intelig\u00eancia Artificial na Produ\u00e7\u00e3o e Comunica\u00e7\u00e3o [&hellip;]<\/p>\n","protected":false},"author":5,"featured_media":0,"parent":2756,"menu_order":0,"comment_status":"closed","ping_status":"closed","template":"","meta":{"footnotes":""},"class_list":["post-17252","page","type-page","status-publish","hentry"],"_links":{"self":[{"href":"https:\/\/ufpr.br\/propg\/wp-json\/wp\/v2\/pages\/17252","targetHints":{"allow":["GET"]}}],"collection":[{"href":"https:\/\/ufpr.br\/propg\/wp-json\/wp\/v2\/pages"}],"about":[{"href":"https:\/\/ufpr.br\/propg\/wp-json\/wp\/v2\/types\/page"}],"author":[{"embeddable":true,"href":"https:\/\/ufpr.br\/propg\/wp-json\/wp\/v2\/users\/5"}],"replies":[{"embeddable":true,"href":"https:\/\/ufpr.br\/propg\/wp-json\/wp\/v2\/comments?post=17252"}],"version-history":[{"count":91,"href":"https:\/\/ufpr.br\/propg\/wp-json\/wp\/v2\/pages\/17252\/revisions"}],"predecessor-version":[{"id":52027,"href":"https:\/\/ufpr.br\/propg\/wp-json\/wp\/v2\/pages\/17252\/revisions\/52027"}],"up":[{"embeddable":true,"href":"https:\/\/ufpr.br\/propg\/wp-json\/wp\/v2\/pages\/2756"}],"wp:attachment":[{"href":"https:\/\/ufpr.br\/propg\/wp-json\/wp\/v2\/media?parent=17252"}],"curies":[{"name":"wp","href":"https:\/\/api.w.org\/{rel}","templated":true}]}}