{"id":1689,"date":"2024-09-18T16:13:44","date_gmt":"2024-09-18T19:13:44","guid":{"rendered":"https:\/\/ufpr.br\/?page=1689"},"modified":"2026-02-04T16:14:06","modified_gmt":"2026-02-04T19:14:06","slug":"pagina-inicial","status":"publish","type":"page","link":"https:\/\/ufpr.br\/propg\/","title":{"rendered":"P\u00e1gina Inicial"},"content":{"rendered":"\n<div class=\"wp-block-columns is-layout-flex wp-container-core-columns-is-layout-9d6595d7 wp-block-columns-is-layout-flex\">\n<div class=\"wp-block-column is-layout-flow wp-block-column-is-layout-flow\" style=\"flex-basis:5%\"><\/div>\n\n\n\n<div class=\"wp-block-column is-layout-flow wp-block-column-is-layout-flow\" style=\"flex-basis:40%\">\n<p>NOSSO TRABALHO<\/p>\n\n\n\n<blockquote class=\"wp-block-quote has-text-color has-link-color wp-elements-88e293164c7b980f5cb53f95c6ed0b9a is-layout-flow wp-block-quote-is-layout-flow\" style=\"color:#a3567f\">\n<p class=\"has-text-color has-link-color wp-elements-e65f3e2c70dcc04c33f3c2c735d0449d\" style=\"color:#003c71;font-size:26px\">Planejamento<br>Gest\u00e3o<br>Supervis\u00e3o<br>Avalia\u00e7\u00e3o das Pol\u00edticas de<br><strong><mark style=\"background-color:rgba(0, 0, 0, 0);color:#a3567f\" class=\"has-inline-color\">P\u00f3s-Gradua\u00e7\u00e3o<\/mark><\/strong><\/p>\n<\/blockquote>\n<\/div>\n\n\n\n<div class=\"wp-block-column is-layout-flow wp-block-column-is-layout-flow\" style=\"flex-basis:55%\">\n<p>A <strong><mark style=\"background-color:rgba(0, 0, 0, 0);color:#a3567f\" class=\"has-inline-color\">Pr\u00f3-reitoria de P\u00f3s-gradua\u00e7\u00e3o (PROPG)<\/mark><\/strong> conduz a pol\u00edtica institucional do Sistema de P\u00f3s-gradua\u00e7\u00e3o e faz a rela\u00e7\u00e3o externa com as Ag\u00eancias Estaduais e Nacionais para o desenvolvimento da Ci\u00eancia e Tecnologia. Implementa rela\u00e7\u00f5es externas com institui\u00e7\u00f5es estrangeiras relacionadas com os temas de Ci\u00eancia e Tecnologia.<\/p>\n\n\n\n<p>\u00c9 uma das nove Pr\u00f3-reitorias da UFPR respons\u00e1veis pela implementa\u00e7\u00e3o de pol\u00edticas de gest\u00e3o da Reitoria, e organizada em <a href=\"https:\/\/ufpr.br\/propg\/contatos\/\">tr\u00eas Unidades Administrativas, tr\u00eas Coordena\u00e7\u00f5es e duas Se\u00e7\u00f5es<\/a>.<\/p>\n\n\n\n<hr class=\"wp-block-separator has-text-color has-black-color has-alpha-channel-opacity has-black-background-color has-background is-style-wide\"\/>\n\n\n\n<div class=\"wp-block-columns is-layout-flex wp-container-core-columns-is-layout-9d6595d7 wp-block-columns-is-layout-flex\">\n<div class=\"wp-block-column is-layout-flow wp-block-column-is-layout-flow\" style=\"flex-basis:70%\">\n<p><strong><mark style=\"background-color:rgba(0, 0, 0, 0);color:#003c71\" class=\"has-inline-color\">Pr\u00f3-Reitora<\/mark><\/strong><br>Prof\u00aa Dr\u00aa Edneia Amancio de Souza Ramos Cavalieri<\/p>\n<\/div>\n\n\n\n<div class=\"wp-block-column is-layout-flow wp-block-column-is-layout-flow\" style=\"flex-basis:30%\">\n<p><strong><mark style=\"background-color:rgba(0, 0, 0, 0);color:#003c71\" class=\"has-inline-color\">Gabinete<\/mark><\/strong><br>+55 41 3360-5405<\/p>\n<\/div>\n<\/div>\n<\/div>\n\n\n\n<div class=\"wp-block-column is-layout-flow wp-block-column-is-layout-flow\" style=\"flex-basis:5%\"><\/div>\n<\/div>\n\n\n\n<p><\/p>\n","protected":false},"excerpt":{"rendered":"<p>NOSSO TRABALHO PlanejamentoGest\u00e3oSupervis\u00e3oAvalia\u00e7\u00e3o das Pol\u00edticas deP\u00f3s-Gradua\u00e7\u00e3o A Pr\u00f3-reitoria de P\u00f3s-gradua\u00e7\u00e3o (PROPG) conduz a pol\u00edtica institucional do Sistema de P\u00f3s-gradua\u00e7\u00e3o e faz a rela\u00e7\u00e3o externa com as Ag\u00eancias Estaduais e Nacionais para o desenvolvimento da Ci\u00eancia e Tecnologia. Implementa rela\u00e7\u00f5es externas com institui\u00e7\u00f5es estrangeiras relacionadas com os temas de Ci\u00eancia e Tecnologia. \u00c9 uma das nove [&hellip;]<\/p>\n","protected":false},"author":5,"featured_media":0,"parent":0,"menu_order":0,"comment_status":"closed","ping_status":"closed","template":"index.php","meta":{"footnotes":""},"class_list":["post-1689","page","type-page","status-publish","hentry"],"_links":{"self":[{"href":"https:\/\/ufpr.br\/propg\/wp-json\/wp\/v2\/pages\/1689","targetHints":{"allow":["GET"]}}],"collection":[{"href":"https:\/\/ufpr.br\/propg\/wp-json\/wp\/v2\/pages"}],"about":[{"href":"https:\/\/ufpr.br\/propg\/wp-json\/wp\/v2\/types\/page"}],"author":[{"embeddable":true,"href":"https:\/\/ufpr.br\/propg\/wp-json\/wp\/v2\/users\/5"}],"replies":[{"embeddable":true,"href":"https:\/\/ufpr.br\/propg\/wp-json\/wp\/v2\/comments?post=1689"}],"version-history":[{"count":7,"href":"https:\/\/ufpr.br\/propg\/wp-json\/wp\/v2\/pages\/1689\/revisions"}],"predecessor-version":[{"id":50731,"href":"https:\/\/ufpr.br\/propg\/wp-json\/wp\/v2\/pages\/1689\/revisions\/50731"}],"wp:attachment":[{"href":"https:\/\/ufpr.br\/propg\/wp-json\/wp\/v2\/media?parent=1689"}],"curies":[{"name":"wp","href":"https:\/\/api.w.org\/{rel}","templated":true}]}}