{"id":14045,"date":"2025-10-09T11:06:03","date_gmt":"2025-10-09T14:06:03","guid":{"rendered":"https:\/\/ufpr.br\/?page=14045"},"modified":"2025-10-09T11:10:35","modified_gmt":"2025-10-09T14:10:35","slug":"calendario-anual-2018-bolsas-capes-ds-e-pnpd","status":"publish","type":"page","link":"https:\/\/ufpr.br\/propg\/sae\/calendario-anual-2018-bolsas-capes-ds-e-pnpd\/","title":{"rendered":"Calend\u00e1rio Anual 2018 Bolsas CAPES \u2013 DS e PNPD"},"content":{"rendered":"\n<div style=\"height:50px\" aria-hidden=\"true\" class=\"wp-block-spacer\"><\/div>\n\n\n\n<div class=\"wp-block-columns is-layout-flex wp-container-core-columns-is-layout-9d6595d7 wp-block-columns-is-layout-flex\">\n<div class=\"wp-block-column is-layout-flow wp-block-column-is-layout-flow\" style=\"flex-basis:20%\" id=\"topo\"><div class=\"wp-block-image\">\n<figure class=\"aligncenter size-full is-resized\"><img decoding=\"async\" src=\"https:\/\/ufpr.br\/propg\/wp-content\/uploads\/2025\/06\/Icone_Calendario_Rosa.png\" alt=\"\" class=\"wp-image-7934\" style=\"width:100px;height:auto\"\/><\/figure><\/div><\/div>\n\n\n\n<div class=\"wp-block-column is-layout-flow wp-block-column-is-layout-flow\" style=\"flex-basis:2%\"><\/div>\n\n\n\n<div class=\"wp-block-column is-layout-flow wp-block-column-is-layout-flow\" style=\"flex-basis:70%\">\n<h2 class=\"wp-block-heading\">Calend\u00e1rio 2018 \u2013 Envio de solicita\u00e7\u00f5es via SIGA \u2013 Bolsas CAPES DS e PNPD<\/h2>\n\n\n\n<p>Informamos a todos que as solicita\u00e7\u00f5es para: inclus\u00e3o, altera\u00e7\u00e3o de dados banc\u00e1rios, suspens\u00e3o, reativa\u00e7\u00e3o e cancelamento de bolsas Demanda Social \u2013 DA e Programa Nacional P\u00f3s Doutorado \u2013 PNPD dever\u00e3o ser encaminhadas exclusivamente via SIGA de acordo com os prazos indicados abaixo.<\/p>\n\n\n\n<div style=\"height:25px\" aria-hidden=\"true\" class=\"wp-block-spacer\"><\/div>\n\n\n\n<figure class=\"wp-block-table is-style-stripes\"><table class=\"has-fixed-layout\"><thead><tr><th>Data limite para envio de Solicita\u00e7\u00e3o via SIGA<\/th><th>Bolsa DS\/Bolsa PNPD<\/th><\/tr><\/thead><tbody><tr><td><strong>Mar\u00e7o<\/strong><\/td><td>At\u00e9 23h59 do dia&nbsp;<strong>18\/03<\/strong><\/td><\/tr><tr><td><strong>Abril<\/strong><\/td><td>At\u00e9 23h59 do dia &nbsp;<strong>16\/04<\/strong><\/td><\/tr><tr><td><strong>Maio<\/strong><\/td><td>At\u00e9 23h59 do dia&nbsp;<strong>16\/05<\/strong><\/td><\/tr><tr><td><strong>Junho<\/strong><\/td><td>At\u00e9 23h59 do dia&nbsp;<strong>16\/06<\/strong><\/td><\/tr><tr><td><strong>Julho<\/strong><\/td><td>At\u00e9 23h59 do dia&nbsp;<strong>16\/07<\/strong><\/td><\/tr><tr><td><strong>Agosto<\/strong><\/td><td>At\u00e9 23h59 do dia&nbsp;<strong>16\/08<\/strong><\/td><\/tr><tr><td><strong>Setembro<\/strong><\/td><td>At\u00e9 23h59 do dia&nbsp;<strong>17\/09<\/strong><\/td><\/tr><tr><td><strong>Outubro<\/strong><\/td><td>At\u00e9 23h59 do dia&nbsp;<strong>16\/10<\/strong><\/td><\/tr><tr><td><strong>Novembro<\/strong><\/td><td>At\u00e9 23h59 do dia&nbsp;<strong>15\/11<\/strong><\/td><\/tr><tr><td><strong>Dezembro<\/strong><\/td><td>At\u00e9 23h59 do dia&nbsp;<strong>05\/12<\/strong><\/td><\/tr><\/tbody><\/table><\/figure>\n\n\n\n<div style=\"height:25px\" aria-hidden=\"true\" class=\"wp-block-spacer\"><\/div>\n\n\n\n<p>Esclarecemos tamb\u00e9m que qualquer altera\u00e7\u00e3o de informa\u00e7\u00e3o registrada no SAC CAPES passa a ter efeito na folha de pagamento gerada no m\u00eas em que o registro for feito. Por exemplo: quando o PPG indica como in\u00edcio de bolsa 01\/03\/2018 \u00e9 necess\u00e1rio que esta solicita\u00e7\u00e3o seja encaminhada via SIGA at\u00e9 o dia 18\/03 para que o CPF do benefici\u00e1rio seja inclu\u00eddo na folha de pagamento de Mar\u00e7o 2018.<\/p>\n\n\n\n<p>Os pedidos de cancelamento de bolsa seguem o mesmo entendimento. Utilizando o mesmo exemplo acima de um pedido de cancelamento indicando&nbsp; 31\/03\/2018 dever\u00e1&nbsp; ser enviado at\u00e9 18\/03\/2018 para que o CPF do benefici\u00e1rio seja retirado da folha de pagamento Mar\u00e7o 2018.<\/p>\n\n\n\n<hr class=\"wp-block-separator has-text-color has-alpha-channel-opacity has-background is-style-wide\" style=\"background-color:#e8ecf5;color:#e8ecf5\"\/>\n\n\n\n<p>Aproveitamos tamb\u00e9m para solicitar que os benefici\u00e1rio de bolsas da CAPES utilizem o aplicativo de acompanhamento de concess\u00e3o de bolsa disponibilizados pela CAPES para \u00a0para Android e IOS(Iphone). Acesse o link\u00a0<a href=\"http:\/\/www.capes.gov.br\/sala-de-imprensa\/noticias\/8689-capes-disponibiliza-versao-2-0-de-aplicativo-para-bolsistas\" target=\"_blank\" rel=\"noreferrer noopener\">http:\/\/www.capes.gov.br\/sala-de-imprensa\/noticias\/8689-capes-disponibiliza-versao-2-0-de-aplicativo-para-bolsistas<\/a>\u00a0para ter maiores informa\u00e7\u00f5es sobre o aplicativo.<\/p>\n\n\n\n<hr class=\"wp-block-separator has-text-color has-alpha-channel-opacity has-background is-style-wide\" style=\"background-color:#e8ecf5;color:#e8ecf5\"\/>\n\n\n\n<p class=\"has-text-color has-link-color wp-elements-16631d866001ae142cbdd3786f7ccd26\" style=\"color:#243673\"><strong><a title=\"\" href=\"#topo\">Voltar ao topo<\/a><\/strong><\/p>\n<\/div>\n\n\n\n<div class=\"wp-block-column is-layout-flow wp-block-column-is-layout-flow\" style=\"flex-basis:7%\"><\/div>\n<\/div>\n\n\n\n<p><\/p>\n","protected":false},"excerpt":{"rendered":"<p>Calend\u00e1rio 2018 \u2013 Envio de solicita\u00e7\u00f5es via SIGA \u2013 Bolsas CAPES DS e PNPD Informamos a todos que as solicita\u00e7\u00f5es para: inclus\u00e3o, altera\u00e7\u00e3o de dados banc\u00e1rios, suspens\u00e3o, reativa\u00e7\u00e3o e cancelamento de bolsas Demanda Social \u2013 DA e Programa Nacional P\u00f3s Doutorado \u2013 PNPD dever\u00e3o ser encaminhadas exclusivamente via SIGA de acordo com os prazos indicados [&hellip;]<\/p>\n","protected":false},"author":5,"featured_media":0,"parent":8941,"menu_order":0,"comment_status":"closed","ping_status":"closed","template":"","meta":{"footnotes":""},"class_list":["post-14045","page","type-page","status-publish","hentry"],"_links":{"self":[{"href":"https:\/\/ufpr.br\/propg\/wp-json\/wp\/v2\/pages\/14045","targetHints":{"allow":["GET"]}}],"collection":[{"href":"https:\/\/ufpr.br\/propg\/wp-json\/wp\/v2\/pages"}],"about":[{"href":"https:\/\/ufpr.br\/propg\/wp-json\/wp\/v2\/types\/page"}],"author":[{"embeddable":true,"href":"https:\/\/ufpr.br\/propg\/wp-json\/wp\/v2\/users\/5"}],"replies":[{"embeddable":true,"href":"https:\/\/ufpr.br\/propg\/wp-json\/wp\/v2\/comments?post=14045"}],"version-history":[{"count":6,"href":"https:\/\/ufpr.br\/propg\/wp-json\/wp\/v2\/pages\/14045\/revisions"}],"predecessor-version":[{"id":14051,"href":"https:\/\/ufpr.br\/propg\/wp-json\/wp\/v2\/pages\/14045\/revisions\/14051"}],"up":[{"embeddable":true,"href":"https:\/\/ufpr.br\/propg\/wp-json\/wp\/v2\/pages\/8941"}],"wp:attachment":[{"href":"https:\/\/ufpr.br\/propg\/wp-json\/wp\/v2\/media?parent=14045"}],"curies":[{"name":"wp","href":"https:\/\/api.w.org\/{rel}","templated":true}]}}