{"id":14004,"date":"2025-10-09T09:57:29","date_gmt":"2025-10-09T12:57:29","guid":{"rendered":"https:\/\/ufpr.br\/?page=14004"},"modified":"2025-10-09T10:35:56","modified_gmt":"2025-10-09T13:35:56","slug":"apcn-2018","status":"publish","type":"page","link":"https:\/\/ufpr.br\/propg\/cpgss\/apcn\/apcn-2018\/","title":{"rendered":"APCN 2018"},"content":{"rendered":"\n<div style=\"height:50px\" aria-hidden=\"true\" class=\"wp-block-spacer\"><\/div>\n\n\n\n<div class=\"wp-block-columns is-layout-flex wp-container-core-columns-is-layout-9d6595d7 wp-block-columns-is-layout-flex\">\n<div class=\"wp-block-column is-layout-flow wp-block-column-is-layout-flow\" style=\"flex-basis:15%\" id=\"topo\">\n<div style=\"height:15px\" aria-hidden=\"true\" class=\"wp-block-spacer\"><\/div>\n\n\n<div class=\"wp-block-image\">\n<figure class=\"aligncenter size-full is-resized\"><img decoding=\"async\" src=\"https:\/\/ufpr.br\/propg\/wp-content\/uploads\/2025\/08\/Icone_SistemasComputador_Rosa.png\" alt=\"\" class=\"wp-image-20964\" style=\"width:100px;height:auto\"\/><\/figure><\/div><\/div>\n\n\n\n<div class=\"wp-block-column is-layout-flow wp-block-column-is-layout-flow\" style=\"flex-basis:75%\">\n<h2 class=\"wp-block-heading\">Orienta\u00e7\u00f5es e Calend\u00e1rio Interno da UFPR<\/h2>\n\n\n\n<p>Leia com aten\u00e7\u00e3o todas as informa\u00e7\u00f5es desta p\u00e1gina antes de iniciar a elabora\u00e7\u00e3o da proposta de curso novo.<\/p>\n\n\n\n<div style=\"height:50px\" aria-hidden=\"true\" class=\"wp-block-spacer\"><\/div>\n\n\n\n<p><strong>Propostas de cursos novos de mestrado e doutorado (APCN) 2018<\/strong><\/p>\n\n\n\n<ul class=\"wp-block-list\">\n<li><a href=\"https:\/\/ufpr.br\/propg\/wp-content\/uploads\/2025\/10\/of-001-de-2018-calendrio-apcn-apresentao-propostas-de-cursos-novos.pdf\" target=\"_blank\" rel=\"noreferrer noopener\">Of\u00edcio Circular 01\/2018\u00a0<\/a><\/li>\n<\/ul>\n\n\n\n<div style=\"height:50px\" aria-hidden=\"true\" class=\"wp-block-spacer\"><\/div>\n\n\n\n<h2 class=\"wp-block-heading has-text-align-left has-background has-medium-font-size\" style=\"background-color:#e8ecf5\">CALEND\u00c1RIO APCN 2018<\/h2>\n\n\n\n<hr class=\"wp-block-separator has-text-color has-alpha-channel-opacity has-background is-style-wide\" style=\"background-color:#e8ecf5;color:#e8ecf5\"\/>\n\n\n<div class=\"wp-block-image\">\n<figure class=\"aligncenter size-full\"><a href=\"https:\/\/ufpr.br\/propg\/wp-content\/uploads\/2025\/10\/calendarioAPCN2018.jpg\" target=\"_blank\" rel=\" noreferrer noopener\"><img decoding=\"async\" src=\"https:\/\/ufpr.br\/propg\/wp-content\/uploads\/2025\/10\/calendarioAPCN2018.jpg\" alt=\"\" class=\"wp-image-30199\"\/><\/a><\/figure><\/div>\n\n\n<div style=\"height:50px\" aria-hidden=\"true\" class=\"wp-block-spacer\"><\/div>\n\n\n\n<h2 class=\"wp-block-heading has-text-align-left has-background has-medium-font-size\" style=\"background-color:#e8ecf5\">DOCUMENTOS IMPORTANTES<\/h2>\n\n\n\n<hr class=\"wp-block-separator has-text-color has-alpha-channel-opacity has-background is-style-wide\" style=\"background-color:#e8ecf5;color:#e8ecf5\"\/>\n\n\n\n<p>Para subsidiar a estrutura\u00e7\u00e3o da proposta \u00e9 importante que o coordenador da proposta familiarize-se com os seguintes documentos:<\/p>\n\n\n\n<ul class=\"wp-block-list\">\n<li><a href=\"https:\/\/ufpr.br\/propg\/wp-content\/uploads\/2025\/10\/modelo-apresentao-apcn-2018-1.pptx\" target=\"_blank\" rel=\"noreferrer noopener\">Modelo de apresenta\u00e7\u00e3o APCN 2018<\/a><strong>*\u00a0<\/strong>a ser enviado \u00e0 PRPPG<\/li>\n<\/ul>\n\n\n\n<ul class=\"wp-block-list\">\n<li>Portaria\u00a0<strong>161\/2017-CAPES<\/strong>\u00a0\u2013 aten\u00e7\u00e3o \u00e0s exig\u00eancias formais e documentais para an\u00e1lise da proposta (dispon\u00edvel em\u00a0<a href=\"https:\/\/goo.gl\/3huCrb\" target=\"_blank\" rel=\"noreferrer noopener\"><u>https:\/\/goo.gl\/3huCrb<\/u><\/a>)<\/li>\n<\/ul>\n\n\n\n<ul class=\"wp-block-list\">\n<li><strong>Manual de APCN<\/strong>\u00a0(dispon\u00edvel em\u00a0<a href=\"https:\/\/goo.gl\/uKt5xd\" target=\"_blank\" rel=\"noreferrer noopener\">https:\/\/goo.gl\/uKt5xd<\/a>)<\/li>\n<\/ul>\n\n\n\n<ul class=\"wp-block-list\">\n<li><strong>Semin\u00e1rio<\/strong>\u00a0da CAPES sobre como elaborar APCN (dispon\u00edvel em\u00a0<a href=\"https:\/\/goo.gl\/3AHVq1\" target=\"_blank\" rel=\"noreferrer noopener\">https:\/\/goo.gl\/3AHVq1<\/a>)<\/li>\n<\/ul>\n\n\n\n<ul class=\"wp-block-list\">\n<li><strong>Perguntas frequentes sobre APCN<\/strong>\u00a0da CAPES (dispon\u00edvel em\u00a0<a href=\"https:\/\/goo.gl\/T924o4\" target=\"_blank\" rel=\"noreferrer noopener\">https:\/\/goo.gl\/T924o4<\/a>)<\/li>\n<\/ul>\n\n\n\n<ul class=\"wp-block-list\">\n<li><strong>Documento de \u00e1rea<\/strong>\u00a0(dispon\u00edvel em\u00a0<a href=\"http:\/\/capes.gov.br\/avaliacao\/sobre-as-areas-de-avaliacao\" target=\"_blank\" rel=\"noreferrer noopener\">http:\/\/capes.gov.br\/avaliacao\/sobre-as-areas-de-avaliacao<\/a>)<\/li>\n<\/ul>\n\n\n\n<ul class=\"wp-block-list\">\n<li>Relat\u00f3rio da\u00a0<strong>avalia\u00e7\u00e3o quadrienal da \u00e1rea\u00a0<\/strong>(dispon\u00edvel em\u00a0<a href=\"http:\/\/capes.gov.br\/avaliacao\/sobre-as-areas-de-avaliacao\" target=\"_blank\" rel=\"noreferrer noopener\">http:\/\/capes.gov.br\/avaliacao\/sobre-as-areas-de-avaliacao<\/a>)<\/li>\n<\/ul>\n\n\n\n<ul class=\"wp-block-list\">\n<li>Crit\u00e9rios de APCN da \u00e1rea (dispon\u00edvel em\u00a0<a href=\"http:\/\/capes.gov.br\/avaliacao\/sobre-as-areas-de-avaliacao\" target=\"_blank\" rel=\"noreferrer noopener\">http:\/\/capes.gov.br\/avaliacao\/sobre-as-areas-de-avaliacao<\/a>)<\/li>\n<\/ul>\n\n\n\n<hr class=\"wp-block-separator has-text-color has-alpha-channel-opacity has-background is-style-wide\" style=\"background-color:#e8ecf5;color:#e8ecf5\"\/>\n\n\n\n<p>Al\u00e9m da proposta e da documenta\u00e7\u00e3o constante \u00e0 Portaria 161\/2017-CAPES<strong>&nbsp;\u00e9 imprescind\u00edvel que o coordenador do projeto apresente a&nbsp;anu\u00eancia formal&nbsp;dos Conselhos Setoriais.&nbsp;<\/strong><\/p>\n\n\n\n<p>Vale ressaltar que a chancela da proposta de curso novo representa o compromisso da institui\u00e7\u00e3o com a garantia de infraestrutura e o financiamento necess\u00e1rio e, portanto, \u00e9 vedada a utiliza\u00e7\u00e3o de&nbsp;<em>ad referendum<\/em>&nbsp;para este documento.&nbsp;<strong>A data limite para envio da anu\u00eancia do Conselho Setorial \u00e0 proposta de curso novo \u00e9 23\/04\/2018<\/strong>.<\/p>\n\n\n\n<div style=\"height:15px\" aria-hidden=\"true\" class=\"wp-block-spacer\"><\/div>\n\n\n\n<blockquote class=\"wp-block-quote is-layout-flow wp-block-quote-is-layout-flow\">\n<p>*Todos os campos do modelo de apresenta\u00e7\u00e3o dever\u00e3o ser preenchidos para permitir uma r\u00e1pida visualiza\u00e7\u00e3o dos principais elementos da proposta pela PRPPG e pelos avaliadores externos.\u00a0No campo \u201canota\u00e7\u00f5es\u201d de cada slide est\u00e3o algumas recomenda\u00e7\u00f5es pontuais sobre o t\u00f3pico. Caso n\u00e3o haja informa\u00e7\u00e3o referente a algum dos t\u00f3picos mencionados na apresenta\u00e7\u00e3o, o proponente dever\u00e1 escrever \u201cn\u00e3o se aplica\u201d ou \u201cn\u00e3o h\u00e1 informa\u00e7\u00e3o\u201d.<\/p>\n<\/blockquote>\n\n\n\n<div style=\"height:50px\" aria-hidden=\"true\" class=\"wp-block-spacer\"><\/div>\n\n\n\n<h2 class=\"wp-block-heading has-text-align-left has-background has-medium-font-size\" style=\"background-color:#e8ecf5\">FICHAS DE AVALIA\u00c7\u00c3O<\/h2>\n\n\n\n<hr class=\"wp-block-separator has-text-color has-alpha-channel-opacity has-background is-style-wide\" style=\"background-color:#e8ecf5;color:#e8ecf5\"\/>\n\n\n\n<p>Aos programas que foram avaliados na \u00faltima quadrienal:<\/p>\n\n\n\n<p>As fichas com os pareceres das \u00e1reas e do CTC-ES, assim como os relat\u00f3rios de avalia\u00e7\u00e3o, podem ser acessados a partir do dia 20 de setembro,\u00a0<strong>com a senha de acesso do coordenador do PPG da Plataforma Sucupira<\/strong>\u00a0(<a href=\"http:\/\/sucupira.capes.gov.br\/\" target=\"_blank\" rel=\"noreferrer noopener\">sucupira.capes.gov.br<\/a>) pelos coordenadores de programa. Os relat\u00f3rios de avalia\u00e7\u00e3o tamb\u00e9m podem ser consultados nas p\u00e1ginas das \u00e1reas em:\u00a0<a href=\"http:\/\/www.capes.gov.br\/avaliacao\/sobre-as-areas-de-avaliacao\" target=\"_blank\" rel=\"noreferrer noopener\">www.capes.gov.br\/avaliacao\/sobre-as-areas-de-avaliacao<\/a>.<\/p>\n\n\n\n<div style=\"height:50px\" aria-hidden=\"true\" class=\"wp-block-spacer\"><\/div>\n\n\n\n<h2 class=\"wp-block-heading has-text-align-left has-background has-medium-font-size\" style=\"background-color:#e8ecf5\">APCN 2017 &#8211; PROPOSTAS DECLINADAS E SUBMETIDAS EM 2017<\/h2>\n\n\n\n<hr class=\"wp-block-separator has-text-color has-alpha-channel-opacity has-background is-style-wide\" style=\"background-color:#e8ecf5;color:#e8ecf5\"\/>\n\n\n\n<p>Comunicado enviado pela CAPES \u00e0 PRPPG em 01\/02\/2018:<\/p>\n\n\n\n<div style=\"height:15px\" aria-hidden=\"true\" class=\"wp-block-spacer\"><\/div>\n\n\n\n<blockquote class=\"wp-block-quote is-layout-flow wp-block-quote-is-layout-flow\">\n<p>\u201cInformamos que as&nbsp;<strong>propostas submetidas em 2017 ser\u00e3o analisadas concomitantemente \u00e0s propostas a serem submetidas em 2018<\/strong>, isto \u00e9, ser\u00e3o analisadas pelas mesmas comiss\u00f5es de \u00e1rea durante as mesmas reuni\u00f5es, com divulga\u00e7\u00e3o de resultados a partir de outubro de 2018.<\/p>\n\n\n\n<p>Tal situa\u00e7\u00e3o se deve ao volume maior de atividades da Diretoria de Avalia\u00e7\u00e3o e das comiss\u00f5es de \u00c1rea referente \u00e0 Avalia\u00e7\u00e3o Quadrienal 2017 e \u00e0 renova\u00e7\u00e3o do quadro de Coordenadores de \u00c1rea de Avalia\u00e7\u00e3o em 2018.<\/p>\n\n\n\n<p>Aos&nbsp;<strong>cursos que tiveram proposta declinada<\/strong>, ressaltamos que a Plataforma Sucupira possibilita o&nbsp;<strong>aproveitamento de proposta j\u00e1 preenchida<\/strong>&nbsp;no APCN 2017 e anteriores, conforme o Manual do usu\u00e1rio: \u201cAPCN -Apresenta\u00e7\u00e3o de propostas para cursos novos\u201d na p\u00e1gina 6.\u201d<\/p>\n<\/blockquote>\n<\/div>\n\n\n\n<div class=\"wp-block-column is-layout-flow wp-block-column-is-layout-flow\" style=\"flex-basis:10%\"><\/div>\n<\/div>\n","protected":false},"excerpt":{"rendered":"<p>Orienta\u00e7\u00f5es e Calend\u00e1rio Interno da UFPR Leia com aten\u00e7\u00e3o todas as informa\u00e7\u00f5es desta p\u00e1gina antes de iniciar a elabora\u00e7\u00e3o da proposta de curso novo. Propostas de cursos novos de mestrado e doutorado (APCN) 2018 CALEND\u00c1RIO APCN 2018 DOCUMENTOS IMPORTANTES Para subsidiar a estrutura\u00e7\u00e3o da proposta \u00e9 importante que o coordenador da proposta familiarize-se com os [&hellip;]<\/p>\n","protected":false},"author":5,"featured_media":0,"parent":3345,"menu_order":0,"comment_status":"closed","ping_status":"closed","template":"","meta":{"footnotes":""},"class_list":["post-14004","page","type-page","status-publish","hentry"],"_links":{"self":[{"href":"https:\/\/ufpr.br\/propg\/wp-json\/wp\/v2\/pages\/14004","targetHints":{"allow":["GET"]}}],"collection":[{"href":"https:\/\/ufpr.br\/propg\/wp-json\/wp\/v2\/pages"}],"about":[{"href":"https:\/\/ufpr.br\/propg\/wp-json\/wp\/v2\/types\/page"}],"author":[{"embeddable":true,"href":"https:\/\/ufpr.br\/propg\/wp-json\/wp\/v2\/users\/5"}],"replies":[{"embeddable":true,"href":"https:\/\/ufpr.br\/propg\/wp-json\/wp\/v2\/comments?post=14004"}],"version-history":[{"count":24,"href":"https:\/\/ufpr.br\/propg\/wp-json\/wp\/v2\/pages\/14004\/revisions"}],"predecessor-version":[{"id":14034,"href":"https:\/\/ufpr.br\/propg\/wp-json\/wp\/v2\/pages\/14004\/revisions\/14034"}],"up":[{"embeddable":true,"href":"https:\/\/ufpr.br\/propg\/wp-json\/wp\/v2\/pages\/3345"}],"wp:attachment":[{"href":"https:\/\/ufpr.br\/propg\/wp-json\/wp\/v2\/media?parent=14004"}],"curies":[{"name":"wp","href":"https:\/\/api.w.org\/{rel}","templated":true}]}}