{"id":13580,"date":"2025-09-26T08:39:48","date_gmt":"2025-09-26T11:39:48","guid":{"rendered":"https:\/\/ufpr.br\/?page=13580"},"modified":"2025-09-26T08:55:00","modified_gmt":"2025-09-26T11:55:00","slug":"forum-de-coordenadores-pg-stricto-sensu","status":"publish","type":"page","link":"https:\/\/ufpr.br\/propg\/cpgss\/forum-de-coordenadores-pg-stricto-sensu\/","title":{"rendered":"Forum de Coordenadores PG Stricto Sensu"},"content":{"rendered":"\n<div style=\"height:50px\" aria-hidden=\"true\" class=\"wp-block-spacer\"><\/div>\n\n\n\n<div class=\"wp-block-columns is-layout-flex wp-container-core-columns-is-layout-9d6595d7 wp-block-columns-is-layout-flex\">\n<div class=\"wp-block-column is-layout-flow wp-block-column-is-layout-flow\" style=\"flex-basis:20%\"><div class=\"wp-block-image\">\n<figure class=\"aligncenter size-full is-resized\" id=\"topo\"><img decoding=\"async\" src=\"https:\/\/ufpr.br\/propg\/wp-content\/uploads\/2025\/06\/Icone_Forum_Rosa.png\" alt=\"\" class=\"wp-image-7944\" style=\"object-fit:cover;width:100px;height:100px\"\/><\/figure><\/div><\/div>\n\n\n\n<div class=\"wp-block-column is-layout-flow wp-block-column-is-layout-flow\" style=\"flex-basis:70%\">\n<blockquote class=\"wp-block-quote is-layout-flow wp-block-quote-is-layout-flow\">\n<p>O F\u00f3rum congrega os Coordenadores dos Programas de P\u00f3s-Gradua\u00e7\u00e3o Stricto Sensu da UFPR, tendo como objetivo a discuss\u00e3o sobre as demandas dos Programas para o desenvolvimento e aperfei\u00e7oamento das atividades de pesquisa e p\u00f3s-gradua\u00e7\u00e3o no \u00e2mbito da UFPR.<\/p>\n<\/blockquote>\n\n\n\n<div style=\"height:25px\" aria-hidden=\"true\" class=\"wp-block-spacer\"><\/div>\n\n\n\n<h2 class=\"wp-block-heading\">Presidente e Vice-Presidente<\/h2>\n\n\n\n<p>Prof. Rilton Alves de Freitas \u2013 teams:&nbsp;rilton@ufpr.br<\/p>\n\n\n\n<p>Prof. Jos\u00e9 Ricardo Vargas de Faria<\/p>\n\n\n\n<div style=\"height:25px\" aria-hidden=\"true\" class=\"wp-block-spacer\"><\/div>\n\n\n\n<p><strong>Gest\u00f5es anteriores (Presidente e Vice-Presidente)<\/strong><\/p>\n\n\n\n<p>Prof\u00aa&nbsp;Ana Paula Vosne Martins<\/p>\n\n\n\n<p>Prof\u00aa Daniela Fiori Gradia<\/p>\n\n\n\n<div style=\"height:25px\" aria-hidden=\"true\" class=\"wp-block-spacer\"><\/div>\n\n\n\n<h2 class=\"wp-block-heading\">Documentos<\/h2>\n\n\n\n<ul class=\"wp-block-list\">\n<li><a href=\"https:\/\/ufpr.br\/propg\/wp-content\/uploads\/2025\/09\/regimento-do-forum-dos-ppg-da-ufpr.pdf\" target=\"_blank\" rel=\"noreferrer noopener\">Regimento Interno<\/a><\/li>\n<\/ul>\n\n\n\n<div style=\"height:25px\" aria-hidden=\"true\" class=\"wp-block-spacer\"><\/div>\n\n\n\n<h2 class=\"wp-block-heading\">Contatos<\/h2>\n\n\n\n<p><strong>E-mail:<\/strong>\u00a0forumcpgss@ufpr.br<\/p>\n<\/div>\n\n\n\n<div class=\"wp-block-column is-layout-flow wp-block-column-is-layout-flow\" style=\"flex-basis:10%\"><\/div>\n<\/div>\n\n\n\n<p><\/p>\n","protected":false},"excerpt":{"rendered":"<p>O F\u00f3rum congrega os Coordenadores dos Programas de P\u00f3s-Gradua\u00e7\u00e3o Stricto Sensu da UFPR, tendo como objetivo a discuss\u00e3o sobre as demandas dos Programas para o desenvolvimento e aperfei\u00e7oamento das atividades de pesquisa e p\u00f3s-gradua\u00e7\u00e3o no \u00e2mbito da UFPR. Presidente e Vice-Presidente Prof. Rilton Alves de Freitas \u2013 teams:&nbsp;rilton@ufpr.br Prof. Jos\u00e9 Ricardo Vargas de Faria Gest\u00f5es [&hellip;]<\/p>\n","protected":false},"author":5,"featured_media":0,"parent":2756,"menu_order":0,"comment_status":"closed","ping_status":"closed","template":"","meta":{"footnotes":""},"class_list":["post-13580","page","type-page","status-publish","hentry"],"_links":{"self":[{"href":"https:\/\/ufpr.br\/propg\/wp-json\/wp\/v2\/pages\/13580","targetHints":{"allow":["GET"]}}],"collection":[{"href":"https:\/\/ufpr.br\/propg\/wp-json\/wp\/v2\/pages"}],"about":[{"href":"https:\/\/ufpr.br\/propg\/wp-json\/wp\/v2\/types\/page"}],"author":[{"embeddable":true,"href":"https:\/\/ufpr.br\/propg\/wp-json\/wp\/v2\/users\/5"}],"replies":[{"embeddable":true,"href":"https:\/\/ufpr.br\/propg\/wp-json\/wp\/v2\/comments?post=13580"}],"version-history":[{"count":18,"href":"https:\/\/ufpr.br\/propg\/wp-json\/wp\/v2\/pages\/13580\/revisions"}],"predecessor-version":[{"id":13599,"href":"https:\/\/ufpr.br\/propg\/wp-json\/wp\/v2\/pages\/13580\/revisions\/13599"}],"up":[{"embeddable":true,"href":"https:\/\/ufpr.br\/propg\/wp-json\/wp\/v2\/pages\/2756"}],"wp:attachment":[{"href":"https:\/\/ufpr.br\/propg\/wp-json\/wp\/v2\/media?parent=13580"}],"curies":[{"name":"wp","href":"https:\/\/api.w.org\/{rel}","templated":true}]}}