{"id":13283,"date":"2025-09-17T08:31:55","date_gmt":"2025-09-17T11:31:55","guid":{"rendered":"https:\/\/ufpr.br\/?page=13283"},"modified":"2025-09-17T09:02:18","modified_gmt":"2025-09-17T12:02:18","slug":"dados-para-preenchimento","status":"publish","type":"page","link":"https:\/\/ufpr.br\/propg\/cpgss\/coleta-capes\/coleta-capes-2020-ano-base-2019\/dados-para-preenchimento\/","title":{"rendered":"Dados para Preenchimento do Coleta CAPES 2020 (ano base 2019)"},"content":{"rendered":"\n<div style=\"height:50px\" aria-hidden=\"true\" class=\"wp-block-spacer\"><\/div>\n\n\n\n<div class=\"wp-block-columns is-layout-flex wp-container-core-columns-is-layout-9d6595d7 wp-block-columns-is-layout-flex\">\n<div class=\"wp-block-column is-layout-flow wp-block-column-is-layout-flow\" style=\"flex-basis:15%\" id=\"topo\"><div class=\"wp-block-image\">\n<figure class=\"aligncenter size-full is-resized\"><img decoding=\"async\" src=\"https:\/\/ufpr.br\/propg\/wp-content\/uploads\/2025\/08\/Icone_Computador_Rosa.png\" alt=\"\" class=\"wp-image-25126\" style=\"object-fit:cover;width:90px;height:90px\"\/><\/figure><\/div><\/div>\n\n\n\n<div class=\"wp-block-column is-layout-flow wp-block-column-is-layout-flow\" style=\"flex-basis:70%\">\n<blockquote class=\"wp-block-quote is-layout-flow wp-block-quote-is-layout-flow\">\n<p>Nesta p\u00e1gina voc\u00ea encontra informa\u00e7\u00f5es para subsidiar o preenchimento do m\u00f3dulo Coleta CAPES da Plataforma Sucupira. Os textos dever\u00e3o ser editados por cada coordena\u00e7\u00e3o de acordo com a \u00e1rea de conhecimento e especificidades de seu programa de p\u00f3s-gradua\u00e7\u00e3o.<\/p>\n<\/blockquote>\n\n\n\n<div style=\"height:25px\" aria-hidden=\"true\" class=\"wp-block-spacer\"><\/div>\n\n\n\n<h2 class=\"wp-block-heading\">Acesse a vers\u00e3o consolidada, atualizada em 13 de maio de 2020:<\/h2>\n\n\n\n<div style=\"height:15px\" aria-hidden=\"true\" class=\"wp-block-spacer\"><\/div>\n\n\n\n<ul class=\"wp-block-list\">\n<li><a href=\"https:\/\/ufpr.br\/propg\/wp-content\/uploads\/2025\/09\/texto-stricto-coleta-capes-ano-base-2019-13-05-2020.docx\" target=\"_blank\" rel=\"noreferrer noopener\">Texto Padr\u00e3o Coleta CAPES \u2013 ano base 2019 <\/a>(vers\u00e3o edit\u00e1vel) \u2013 13.05.2020<\/li>\n<\/ul>\n\n\n\n<ul class=\"wp-block-list\">\n<li><a href=\"https:\/\/ufpr.br\/propg\/wp-content\/uploads\/2025\/09\/texto-stricto-coleta-capes-ano-base-2019-13-05-2020.pdf\" target=\"_blank\" rel=\"noreferrer noopener\">Texto Padr\u00e3o Coleta CAPES \u2013 ano base 2019<\/a> (vers\u00e3o em pdf)\u00a0 \u2013 13.05.2020<\/li>\n<\/ul>\n\n\n\n<ul class=\"wp-block-list\">\n<li><a href=\"https:\/\/ufpr.br\/propg\/wp-content\/uploads\/2025\/09\/apresentao-siga-ufpr-mar-2020.pdf\" target=\"_blank\" rel=\"noreferrer noopener\">Slides SIGA <\/a>\u2013 apresenta\u00e7\u00e3o sobre o sistema de indicadores e gest\u00e3o da informa\u00e7\u00e3o da UFPR<\/li>\n<\/ul>\n\n\n\n<div style=\"height:15px\" aria-hidden=\"true\" class=\"wp-block-spacer\"><\/div>\n\n\n\n<hr class=\"wp-block-separator has-alpha-channel-opacity is-style-dots\"\/>\n\n\n\n<h2 class=\"wp-block-heading\">O arquivo consolidado inclui os seguintes t\u00f3picos (com dados referentes ao\u00a0ano base 2019):<\/h2>\n\n\n\n<div style=\"height:15px\" aria-hidden=\"true\" class=\"wp-block-spacer\"><\/div>\n\n\n\n<ol class=\"wp-block-list\">\n<li>Apresenta\u00e7\u00e3o da UFPR e da p\u00f3s-gradua\u00e7\u00e3o stricto sensu<\/li>\n<\/ol>\n\n\n\n<ol start=\"2\" class=\"wp-block-list\">\n<li>Quantitativos da p\u00f3s-gradua\u00e7\u00e3o stricto sensu<\/li>\n<\/ol>\n\n\n\n<ol start=\"3\" class=\"wp-block-list\">\n<li>Pequisa Cient\u00edfica e Tecnol\u00f3gica<\/li>\n<\/ol>\n\n\n\n<ol start=\"4\" class=\"wp-block-list\">\n<li>Autoavalia\u00e7\u00e3o institucional da Pesquisa e P\u00f3s-gradua\u00e7\u00e3o<\/li>\n<\/ol>\n\n\n\n<ol start=\"5\" class=\"wp-block-list\">\n<li>Inova\u00e7\u00e3o em atividades de ensino: as Disciplinas Transversais<\/li>\n<\/ol>\n\n\n\n<ol start=\"6\" class=\"wp-block-list\">\n<li>Sistema Integrado de Gest\u00e3o Acad\u00eamica da P\u00f3s-gradua\u00e7\u00e3o SIGA-UFPR<\/li>\n<\/ol>\n\n\n\n<ol start=\"7\" class=\"wp-block-list\">\n<li>Acompanhamento de Egressos (Portal do Aluno Egresso)<\/li>\n<\/ol>\n\n\n\n<ol start=\"8\" class=\"wp-block-list\">\n<li>Portal de Indicadores da P\u00f3s-gradua\u00e7\u00e3o<\/li>\n<\/ol>\n\n\n\n<div style=\"height:15px\" aria-hidden=\"true\" class=\"wp-block-spacer\"><\/div>\n\n\n\n<hr class=\"wp-block-separator has-alpha-channel-opacity is-style-dots\"\/>\n\n\n\n<h2 class=\"wp-block-heading\">Aten\u00e7\u00e3o<\/h2>\n\n\n\n<hr class=\"wp-block-separator has-text-color has-alpha-channel-opacity has-background is-style-wide\" style=\"background-color:#e8ecf5;color:#e8ecf5\"\/>\n\n\n\n<p>Os t\u00f3picos a seguir est\u00e3o em&nbsp;<strong>fase de elabora\u00e7\u00e3o pelas \u00e1reas respons\u00e1veis<\/strong>&nbsp;e ser\u00e3o disponibilizados para o pr\u00f3ximo coleta (ano base 2020):<\/p>\n\n\n\n<ul class=\"wp-block-list\">\n<li>Texto sobre os servi\u00e7os oferecidos pelo SIBI \u2013 Sistema de Bibliotecas da UFPR (aguardando resposta\u00a0Biblioteca Central)<\/li>\n<\/ul>\n\n\n\n<ul class=\"wp-block-list\">\n<li>Texto sobre os servi\u00e7os e a estrutura de Tecnologia da Informa\u00e7\u00e3o e Comunica\u00e7\u00e3o oferecida pela UFPR (aguardando resposta\u00a0AGTIC)<\/li>\n<\/ul>\n\n\n\n<ul class=\"wp-block-list\">\n<li>Texto sobre o PDI da UFPR e o planejamento da p\u00f3s-gradua\u00e7\u00e3o stricto sensu (em constru\u00e7\u00e3o)<\/li>\n<\/ul>\n\n\n\n<hr class=\"wp-block-separator has-text-color has-alpha-channel-opacity has-background is-style-wide\" style=\"background-color:#e8ecf5;color:#e8ecf5\"\/>\n\n\n\n<p>Comunicados CAPES: of\u00edcios, notas e portarias &#8211; <a href=\"https:\/\/ufpr.br\/propg\/cpgss\/comunicados-capes-oficios-notas-e-portarias\/\">Acesse aqui<\/a><\/p>\n<\/div>\n\n\n\n<div class=\"wp-block-column is-layout-flow wp-block-column-is-layout-flow\" style=\"flex-basis:15%\"><\/div>\n<\/div>\n\n\n\n<p><\/p>\n","protected":false},"excerpt":{"rendered":"<p>Nesta p\u00e1gina voc\u00ea encontra informa\u00e7\u00f5es para subsidiar o preenchimento do m\u00f3dulo Coleta CAPES da Plataforma Sucupira. Os textos dever\u00e3o ser editados por cada coordena\u00e7\u00e3o de acordo com a \u00e1rea de conhecimento e especificidades de seu programa de p\u00f3s-gradua\u00e7\u00e3o. Acesse a vers\u00e3o consolidada, atualizada em 13 de maio de 2020: O arquivo consolidado inclui os seguintes [&hellip;]<\/p>\n","protected":false},"author":5,"featured_media":0,"parent":3964,"menu_order":0,"comment_status":"closed","ping_status":"closed","template":"","meta":{"footnotes":""},"class_list":["post-13283","page","type-page","status-publish","hentry"],"_links":{"self":[{"href":"https:\/\/ufpr.br\/propg\/wp-json\/wp\/v2\/pages\/13283","targetHints":{"allow":["GET"]}}],"collection":[{"href":"https:\/\/ufpr.br\/propg\/wp-json\/wp\/v2\/pages"}],"about":[{"href":"https:\/\/ufpr.br\/propg\/wp-json\/wp\/v2\/types\/page"}],"author":[{"embeddable":true,"href":"https:\/\/ufpr.br\/propg\/wp-json\/wp\/v2\/users\/5"}],"replies":[{"embeddable":true,"href":"https:\/\/ufpr.br\/propg\/wp-json\/wp\/v2\/comments?post=13283"}],"version-history":[{"count":24,"href":"https:\/\/ufpr.br\/propg\/wp-json\/wp\/v2\/pages\/13283\/revisions"}],"predecessor-version":[{"id":13310,"href":"https:\/\/ufpr.br\/propg\/wp-json\/wp\/v2\/pages\/13283\/revisions\/13310"}],"up":[{"embeddable":true,"href":"https:\/\/ufpr.br\/propg\/wp-json\/wp\/v2\/pages\/3964"}],"wp:attachment":[{"href":"https:\/\/ufpr.br\/propg\/wp-json\/wp\/v2\/media?parent=13283"}],"curies":[{"name":"wp","href":"https:\/\/api.w.org\/{rel}","templated":true}]}}