{"id":13161,"date":"2025-09-15T13:59:03","date_gmt":"2025-09-15T16:59:03","guid":{"rendered":"https:\/\/ufpr.br\/?page=13161"},"modified":"2025-09-15T15:43:27","modified_gmt":"2025-09-15T18:43:27","slug":"comunicados-capes-oficios-notas-e-portarias","status":"publish","type":"page","link":"https:\/\/ufpr.br\/propg\/cpgss\/comunicados-capes-oficios-notas-e-portarias\/","title":{"rendered":"Comunicados CAPES: Of\u00edcios, Notas e Portarias"},"content":{"rendered":"\n<div style=\"height:50px\" aria-hidden=\"true\" class=\"wp-block-spacer\"><\/div>\n\n\n\n<div class=\"wp-block-columns is-layout-flex wp-container-core-columns-is-layout-9d6595d7 wp-block-columns-is-layout-flex\">\n<div class=\"wp-block-column is-layout-flow wp-block-column-is-layout-flow\" style=\"flex-basis:15%\">\n<div style=\"height:35px\" aria-hidden=\"true\" class=\"wp-block-spacer\"><\/div>\n\n\n<div class=\"wp-block-image\">\n<figure class=\"aligncenter size-full is-resized\" id=\"topo\"><img decoding=\"async\" src=\"https:\/\/ufpr.br\/propg\/wp-content\/uploads\/2025\/06\/Icone_Documentos_Rosa.png\" alt=\"\" class=\"wp-image-6154\" style=\"width:100px\"\/><\/figure><\/div><\/div>\n\n\n\n<div class=\"wp-block-column is-layout-flow wp-block-column-is-layout-flow\" style=\"flex-basis:80%\">\n<h2 class=\"wp-block-heading\">Nesta p\u00e1gina est\u00e3o os comunicados enviados pela CAPES \u00e0 Pr\u00f3-reitoria de P\u00f3s-gradua\u00e7\u00e3o da UFPR.<\/h2>\n\n\n\n<div style=\"height:50px\" aria-hidden=\"true\" class=\"wp-block-spacer\"><\/div>\n\n\n\n<figure class=\"wp-block-table is-style-stripes\"><table class=\"has-fixed-layout\"><thead><tr><th>Data<\/th><th>T\u00edtulo<\/th><th>Assunto<\/th><\/tr><\/thead><tbody><tr><td>04\/08\/2025<\/td><td><a href=\"https:\/\/ufpr.br\/propg\/wp-content\/uploads\/2025\/09\/33-25.pdf\" target=\"_blank\" rel=\"noreferrer noopener\">Of\u00edcio Circular n\u00ba 33\/2025-DAV\/CAPES<\/a><\/td><td>Portarias Capes n\u00ba 202 (atualiza o valor do AAE) e n\u00ba 203 (altera a Portaria 05\/2025)<\/td><\/tr><tr><td>04\/08\/2025<\/td><td><a href=\"https:\/\/ufpr.br\/propg\/wp-content\/uploads\/2025\/09\/32-25.pdf\" target=\"_blank\" rel=\"noreferrer noopener\">Of\u00edcio Circular n\u00ba 32\/2025-DAV\/CAPES<\/a><\/td><td>Publica\u00e7\u00e3o do Edital 14\/2025. Submiss\u00e3o de Projeto de Coopera\u00e7\u00e3o entre Institui\u00e7\u00f5es (PCI)<\/td><\/tr><tr><td>13\/05\/2025<\/td><td><a href=\"https:\/\/ufpr.br\/propg\/wp-content\/uploads\/2025\/09\/oficio-circular-capes_22-25.pdf\">Of\u00edcio Circular n\u00ba 22\/2025-DAV\/CAPES<\/a><\/td><td>Nova interface do Coleta de Dados na Plataforma Sucupira<\/td><\/tr><tr><td>30\/04\/2025<\/td><td><a href=\"https:\/\/ufpr.br\/propg\/wp-content\/uploads\/2025\/09\/oficio_circular_2590456.pdf\" target=\"_blank\" rel=\"noreferrer noopener\">Of\u00edcio Circular n\u00ba 20\/2025-DAV\/CAPES<\/a><\/td><td>M\u00f3dulo Destaques<\/td><\/tr><tr><td>30\/04\/2025<\/td><td><a href=\"https:\/\/ufpr.br\/propg\/wp-content\/uploads\/2025\/09\/oficio_circular_2589803.pdf\" target=\"_blank\" rel=\"noreferrer noopener\">Of\u00edcio Circular n\u00ba 19\/2025-DAV\/CAPES<\/a><\/td><td>Altera\u00e7\u00f5es no m\u00f3dulo Coleta de Dados da Sucupira<\/td><\/tr><tr><td>12\/03\/2025<\/td><td><a href=\"https:\/\/ufpr.br\/propg\/wp-content\/uploads\/2025\/08\/10-2025.pdf\" target=\"_blank\" rel=\"noreferrer noopener\">Of\u00edcio Circular n\u00ba 10\/2025-DAV\/CAPES<\/a><\/td><td>Avalia\u00e7\u00e3o Quadrienal 2025. M\u00f3dulo Destaques na Plataforma Sucupira.<\/td><\/tr><tr><td>28\/02\/2025<\/td><td><a href=\"https:\/\/ufpr.br\/propg\/wp-content\/uploads\/2025\/09\/09-2025.pdf\" target=\"_blank\" rel=\"noreferrer noopener\">Of\u00edcio Circular n\u00ba 9\/2025-DAV\/CAPES<\/a><\/td><td>Portaria Capes n\u00ba 39, de 27 de fevereiro de 2025. Regulamento da Avalia\u00e7\u00e3o Quadrienal 2025.<\/td><\/tr><tr><td>22\/01\/2025<\/td><td><a href=\"https:\/\/ufpr.br\/propg\/wp-content\/uploads\/2025\/08\/03-2025.pdf\" target=\"_blank\" rel=\"noreferrer noopener\">Of\u00edcio Circular n\u00ba 3\/2025-DAV\/CAPES<\/a><\/td><td>Comunicados importantes sobre as atividades da Diretoria de Avalia\u00e7\u00e3o em 2025 (Avalia\u00e7\u00e3o Quadrienal, Coleta)<\/td><\/tr><tr><td>13\/01\/2025<\/td><td><a href=\"https:\/\/ufpr.br\/propg\/wp-content\/uploads\/2025\/08\/01-2025.pdf\" target=\"_blank\" rel=\"noreferrer noopener\">Of\u00edcio Circular n\u00ba 1\/2025-DAV\/CAPES<\/a><\/td><td>Coleta Ano Base 2024<\/td><\/tr><tr><td>02\/12\/2024<\/td><td><a href=\"https:\/\/ufpr.br\/propg\/wp-content\/uploads\/2025\/09\/56-2024.pdf\" target=\"_blank\" rel=\"noreferrer noopener\">Of\u00edcio-Ciruclar n\u00ba 56\/2024-DAV\/CAPES<\/a><\/td><td>Publica\u00e7\u00e3o da Portaria CAPES n\u00ba 360\/2024 \u2013 Nova prorroga\u00e7\u00e3o do calend\u00e1rio de atividades<br>relativas aos Programas em Formas Associativas.<\/td><\/tr><tr><td>22\/11\/2024<\/td><td><a href=\"https:\/\/ufpr.br\/propg\/wp-content\/uploads\/2025\/09\/54-2024.pdf\" target=\"_blank\" rel=\"noreferrer noopener\">Of\u00edcio Circular n\u00ba 54\/2024-DAV\/CAPES<\/a><\/td><td>Resumo da 234\u00aa reuni\u00e3o ordin\u00e1ria do Conselho T\u00e9cnico Cient\u00edfico da Educa\u00e7\u00e3o Superior da<br>CAPES.<\/td><\/tr><tr><td>31\/10\/2024<\/td><td><a href=\"https:\/\/ufpr.br\/propg\/wp-content\/uploads\/2025\/09\/oficio_circular_2488290.pdf\" target=\"_blank\" rel=\"noreferrer noopener\">Of\u00edcio Circular n\u00ba 48\/2024-DAV\/CAPES<\/a><\/td><td>Resumo da 233\u00aa reuni\u00e3o ordin\u00e1ria do Conselho T\u00e9cnico Cient\u00edfico da Educa\u00e7\u00e3o Superior da<br>CAPES.<\/td><\/tr><tr><td>23\/09\/2024<\/td><td><a href=\"https:\/\/ufpr.br\/propg\/wp-content\/uploads\/2025\/09\/44-2024.pdf\" target=\"_blank\" rel=\"noreferrer noopener\">Of\u00edcio Circular n\u00ba 44\/2024-DAV\/CAPES<\/a><\/td><td>Altera\u00e7\u00e3o do cronograma do Edital 19\/2024 para envio de Propostas de Curso Novo (APCN) em Programa Profissional para Qualifica\u00e7\u00e3o de Professores da Rede P\u00fablica de Educa\u00e7\u00e3o B\u00e1sica (ProEB)<\/td><\/tr><tr><td>19\/09\/2024<\/td><td><a href=\"https:\/\/ufpr.br\/propg\/wp-content\/uploads\/2025\/09\/43-2024.pdf\" target=\"_blank\" rel=\"noreferrer noopener\">Of\u00edcio Circular n\u00ba 43\/2024-DAV\/CAPES<\/a><\/td><td>Publica\u00e7\u00e3o do Edital 25\/2024. Submiss\u00e3o de Projeto de Coopera\u00e7\u00e3o entre Institui\u00e7\u00f5es (PCI), 2\u00ba semestre de 2024<\/td><\/tr><tr><td>11\/09\/2024<\/td><td><a href=\"https:\/\/ufpr.br\/propg\/wp-content\/uploads\/2025\/09\/41-2024.pdf\" target=\"_blank\" rel=\"noreferrer noopener\">Of\u00edcio Circular n\u00ba 41\/2024-DAV\/CAPES<\/a><\/td><td>Esclarecimentos sobre a reabertura do Sistema Coleta, ano-base 2021 e 2022.<\/td><\/tr><tr><td>11\/09\/2024<\/td><td><a href=\"https:\/\/ufpr.br\/propg\/wp-content\/uploads\/2025\/09\/40-2024.pdf\" target=\"_blank\" rel=\"noreferrer noopener\">Of\u00edcio Circular n\u00ba 40\/2024-DAV\/CAPES<\/a><\/td><td>Identificadores persistentes<\/td><\/tr><tr><td>04\/09\/2024<\/td><td><a href=\"https:\/\/ufpr.br\/propg\/wp-content\/uploads\/2025\/09\/39-2024.pdf\" target=\"_blank\" rel=\"noreferrer noopener\">Of\u00edcio Circular n\u00ba 39\/2024-DAV\/CAPES<\/a><\/td><td>Resumo da 230\u00aa e 231\u00aa reuni\u00f5es ordin\u00e1rias do Conselho T\u00e9cnico Cient\u00edfico da Educa\u00e7\u00e3o Superior da CAPES.<\/td><\/tr><tr><td>30\/08\/2024<\/td><td><a href=\"https:\/\/ufpr.br\/propg\/wp-content\/uploads\/2025\/09\/38-2024.pdf\" target=\"_blank\" rel=\"noreferrer noopener\">Of\u00edcio Circular n\u00ba 38\/2024-DAV\/CAPES<\/a><\/td><td>Reabertura do Sistema Coleta, ano base 2021 e 2022<\/td><\/tr><tr><td>14\/09\/2020<\/td><td><a href=\"https:\/\/ufpr.br\/propg\/wp-content\/uploads\/2025\/09\/oficio_circular_n_49-2020-gab-pr-capes-1.pdf\" target=\"_blank\" rel=\"noreferrer noopener\">Oficio_Circular_n_49-2020-GAB-PR-CAPES<\/a><\/td><td>Delibera\u00e7\u00f5es 200\u00aa Reuni\u00e3o do CTC-ES<\/td><\/tr><tr><td>10\/09\/2020<\/td><td><a href=\"https:\/\/ufpr.br\/propg\/wp-content\/uploads\/2025\/09\/oficio_circular_1286354.pdf\" target=\"_blank\" rel=\"noreferrer noopener\">Of\u00edcio Circular n\u00ba 23\/2020-CPG\/CGSI\/DPB\/CAPES\u00a0<\/a><a href=\"http:\/\/www.prppg.ufpr.br\/site\/wp-content\/uploads\/2020\/09\/123-1.pdf\">(anexo)<\/a><\/td><td>Concess\u00e3o PROAP 2020 \u2013 Procedimentos operacionais para<br>Termo de Execu\u00e7\u00e3o Descentralizada (TED) \u2013 2\u00aa Parcela<\/td><\/tr><tr><td>08\/09\/2020<\/td><td><a href=\"https:\/\/ufpr.br\/propg\/wp-content\/uploads\/2025\/09\/oficio_circular_1283906.pdf\" target=\"_blank\" rel=\"noreferrer noopener\">Of\u00edcio Circular n\u00ba 37\/2020-GAB\/PR\/CAPES<\/a><\/td><td>Concess\u00e3o de recursos de custeio em 2020 \u2014 PROAP e PROEX<\/td><\/tr><tr><td>01\/09\/2020<\/td><td><a href=\"https:\/\/ufpr.br\/propg\/wp-content\/uploads\/2025\/09\/oficio_circular_35-2020-gab-pr-capes.pdf\" target=\"_blank\" rel=\"noreferrer noopener\">Of\u00edcio Circular n\u00ba 35\/2020-GAB\/PR\/CAPES<\/a><\/td><td>Delibera\u00e7\u00f5es 197\u00aa Reuni\u00e3o do CTC-ES. Diversas disposi\u00e7\u00f5es sobre Avalia\u00e7\u00e3o Quadrinal<\/td><\/tr><tr><td>24\/07\/2020<\/td><td><a href=\"https:\/\/ufpr.br\/propg\/wp-content\/uploads\/2025\/09\/resposta-live-producao-intelectual-coleta-capes.pdf\" target=\"_blank\" rel=\"noreferrer noopener\">Novos campos dos formul\u00e1rios de produ\u00e7\u00f5es intelectuais \u2013 Respostas CAPES<\/a><\/td><td>Respostas da CAPES \u00e0s principais d\u00favidas apresentadas durante a live que tratou sobre os novos campos inseridos nos formul\u00e1rios de produ\u00e7\u00f5es intelectuais COLETA<\/td><\/tr><tr><td>24\/07\/2020<\/td><td><a href=\"https:\/\/ufpr.br\/propg\/wp-content\/uploads\/2025\/09\/oficio_circular_1254043.pdf\" target=\"_blank\" rel=\"noreferrer noopener\">Of\u00edcio Circular n\u00ba 31\/2020-GAB\/PR\/CAPES<\/a><\/td><td>Metodologia do Novo Qualis e Calend\u00e1rio DAV para o Coleta 2020<\/td><\/tr><tr><td>29\/06\/2020<\/td><td><a href=\"https:\/\/ufpr.br\/propg\/wp-content\/uploads\/2025\/09\/ofcio-circular-n-26-2020-gab-pr-capes.pdf\" target=\"_blank\" rel=\"noreferrer noopener\">Of\u00edcio Circular n\u00ba 26\/2020-GAB\/PR\/CAPES<\/a><\/td><td>Proposta de Aprimoramento da Avalia\u00e7\u00e3o da P\u00f3s-Gradua\u00e7\u00e3o Brasileira para o Quadri\u00eanio 2021-2024 \u2013 Modelo Multidimensional<\/td><\/tr><tr><td>29\/06\/2020<\/td><td><a href=\"https:\/\/ufpr.br\/propg\/wp-content\/uploads\/2025\/09\/capes_25052020_relatorio_final__2019_comissao_pnpg.pdf\" target=\"_blank\" rel=\"noreferrer noopener\">CAPES Relat\u00f3rio Final 2019 Comiss\u00e3o PNPG<\/a><\/td><td>Relat\u00f3rio 2019 da Comiss\u00e3o de Acompanhamento do Plano Nacional de P\u00f3s-Gradua\u00e7\u00e3o<\/td><\/tr><tr><td>26\/05\/2020<\/td><td><a href=\"https:\/\/ufpr.br\/propg\/wp-content\/uploads\/2025\/09\/sei_capes-1211220-oficio.pdf\" target=\"_blank\" rel=\"noreferrer noopener\">Of\u00edcio n\u00ba 55\/2020-CGSI\/DPB\/CAPES<\/a><\/td><td>Novo modelo de concess\u00e3o de recursos de custeio \u2013 PROAP e PROEX<\/td><\/tr><tr><td>28\/05\/2020<\/td><td><a href=\"https:\/\/ufpr.br\/propg\/wp-content\/uploads\/2025\/09\/of21-2020capesproap.pdf\" target=\"_blank\" rel=\"noreferrer noopener\">oficio circular 21\/2020-GAB\/PR\/CAPES<\/a><\/td><td>Concess\u00e3o de recursos de custeio em 2020 \u2013 PROAP e PROEX<\/td><\/tr><tr><td>29\/05\/2020<\/td><td><a href=\"https:\/\/ufpr.br\/propg\/wp-content\/uploads\/2025\/09\/ofcio-n-328-2020-gab-pr-capes.pdf\" target=\"_blank\" rel=\"noreferrer noopener\">Of\u00edcio n\u00ba 328\/2020-GAB\/PR\/CAPES<\/a><\/td><td>Prazo para complementa\u00e7\u00e3o de produtos na Sucupira<\/td><\/tr><tr><td>25\/05\/2020<\/td><td><a href=\"https:\/\/ufpr.br\/propg\/wp-content\/uploads\/2025\/09\/oficio-n-310-2020-gab-pr-capes.pdf\" target=\"_blank\" rel=\"noreferrer noopener\">Of\u00edcio n\u00ba 310\/2020-GAB\/PR\/CAPES<\/a><\/td><td>Detalha compet\u00eancias dos coordenadores de \u00e1rea quanto \u00e0 elabora\u00e7\u00e3o dos instrumentos para<br>avalia\u00e7\u00e3o dos PPGs<\/td><\/tr><tr><td>07\/05\/2020<\/td><td><a href=\"https:\/\/ufpr.br\/propg\/wp-content\/uploads\/2025\/09\/boletim-sucupira-n-3-2020.pdf\" target=\"_blank\" rel=\"noreferrer noopener\">Boletim Sucupira n\u00ba 3-2020<\/a><\/td><td>Aprimoramentos na Plataforma Sucupira<\/td><\/tr><tr><td>30\/04\/2020<\/td><td><a href=\"https:\/\/ufpr.br\/propg\/wp-content\/uploads\/2025\/09\/portaria-n-55-de-29-de-abril-de-2020-portaria-n-55-de-29-de-abril-de-2020-dou-imprensa-nacional.pdf\" target=\"_blank\" rel=\"noreferrer noopener\">Portaria 55\/2020-CAPES<\/a><\/td><td>Exclui a vari\u00e1vel \u201ctempo de titula\u00e7\u00e3o\u201d da avalia\u00e7\u00e3o quadrienal e prorroga vig\u00eancia de bolsas DS<\/td><\/tr><tr><td>20\/04\/2020<\/td><td><a href=\"https:\/\/ufpr.br\/propg\/wp-content\/uploads\/2025\/09\/oficio_207-1.pdf\" target=\"_blank\" rel=\"noreferrer noopener\">Of\u00edcio 207\/2020-GAB\/PR\/CAPES<\/a><\/td><td>Novo calend\u00e1rio de atividades da Diretoria de Avalia\u00e7\u00e3o\/Capes para o ano de 2020<\/td><\/tr><tr><td>19\/03\/2020<\/td><td><a href=\"https:\/\/ufpr.br\/propg\/wp-content\/uploads\/2025\/09\/portaria-n-37-de-19-de-maro-de-2020-portaria-n-37-de-19-de-maro-de-2020-dou-imprensa-nacional.pdf\" target=\"_blank\" rel=\"noreferrer noopener\">Portaria CAPES n\u00ba 37\/20<\/a><\/td><td>Altera o calend\u00e1rio&nbsp;de atividades da Diretoria de Avalia\u00e7\u00e3o para o ano de 2020<\/td><\/tr><tr><td>19\/03\/2020<\/td><td><a href=\"https:\/\/ufpr.br\/propg\/wp-content\/uploads\/2025\/09\/portaria-n-36-de-19-de-maro-de-2020-portaria-n-36-de-19-de-maro-de-2020-dou-imprensa-nacional.pdf\" target=\"_blank\" rel=\"noreferrer noopener\">Portaria CAPES n\u00ba 36\/20<\/a><\/td><td>Disp\u00f5e sobre a&nbsp;suspens\u00e3o excepcional dos prazos para defesa&nbsp;de disserta\u00e7\u00e3o ou tese para bolsistas DS<\/td><\/tr><tr><td>18\/03\/2020<\/td><td><a href=\"https:\/\/ufpr.br\/propg\/wp-content\/uploads\/2025\/09\/oficio_circular_1166067_sei_capes___1166034___oficio_circular-1.pdf\" target=\"_blank\" rel=\"noreferrer noopener\">Of\u00edcio Circular n\u00ba 7\/2020-GAB\/PR\/CAPES<\/a><\/td><td>Adequa\u00e7\u00e3o do novo modelo de concess\u00e3o de bolsas e taxas escolares para PPGs<\/td><\/tr><tr><td>18\/03\/2020<\/td><td><a href=\"https:\/\/ufpr.br\/propg\/wp-content\/uploads\/2025\/09\/relatorios_ufpr-18-03-2020-2.pdf\" target=\"_blank\" rel=\"noreferrer noopener\">Relat\u00f3rios_UFPR-18-03-2020<\/a><\/td><td>Adequa\u00e7\u00e3o do novo modelo de concess\u00e3o de bolsas e taxas escolares para PPGs<\/td><\/tr><tr><td>18\/03\/2020<\/td><td><a href=\"https:\/\/ufpr.br\/propg\/wp-content\/uploads\/2025\/09\/relatrios_proex_ufpr-18-03-2020-1.pdf\" target=\"_blank\" rel=\"noreferrer noopener\">Relat\u00f3rios_PROEX_UFPR-18-03-2020<\/a><\/td><td>Adequa\u00e7\u00e3o do novo modelo de concess\u00e3o de bolsas e taxas escolares para PPGs<\/td><\/tr><\/tbody><\/table><\/figure>\n\n\n\n<p class=\"has-text-color has-link-color wp-elements-16631d866001ae142cbdd3786f7ccd26\" style=\"color:#243673\"><strong><a title=\"\" href=\"#topo\">Voltar ao topo<\/a><\/strong><\/p>\n<\/div>\n\n\n\n<div class=\"wp-block-column is-layout-flow wp-block-column-is-layout-flow\" style=\"flex-basis:5%\"><\/div>\n<\/div>\n\n\n\n<p><\/p>\n","protected":false},"excerpt":{"rendered":"<p>Nesta p\u00e1gina est\u00e3o os comunicados enviados pela CAPES \u00e0 Pr\u00f3-reitoria de P\u00f3s-gradua\u00e7\u00e3o da UFPR. Data T\u00edtulo Assunto 04\/08\/2025 Of\u00edcio Circular n\u00ba 33\/2025-DAV\/CAPES Portarias Capes n\u00ba 202 (atualiza o valor do AAE) e n\u00ba 203 (altera a Portaria 05\/2025) 04\/08\/2025 Of\u00edcio Circular n\u00ba 32\/2025-DAV\/CAPES Publica\u00e7\u00e3o do Edital 14\/2025. Submiss\u00e3o de Projeto de Coopera\u00e7\u00e3o entre Institui\u00e7\u00f5es (PCI) [&hellip;]<\/p>\n","protected":false},"author":5,"featured_media":0,"parent":2756,"menu_order":0,"comment_status":"closed","ping_status":"closed","template":"","meta":{"footnotes":""},"class_list":["post-13161","page","type-page","status-publish","hentry"],"_links":{"self":[{"href":"https:\/\/ufpr.br\/propg\/wp-json\/wp\/v2\/pages\/13161","targetHints":{"allow":["GET"]}}],"collection":[{"href":"https:\/\/ufpr.br\/propg\/wp-json\/wp\/v2\/pages"}],"about":[{"href":"https:\/\/ufpr.br\/propg\/wp-json\/wp\/v2\/types\/page"}],"author":[{"embeddable":true,"href":"https:\/\/ufpr.br\/propg\/wp-json\/wp\/v2\/users\/5"}],"replies":[{"embeddable":true,"href":"https:\/\/ufpr.br\/propg\/wp-json\/wp\/v2\/comments?post=13161"}],"version-history":[{"count":62,"href":"https:\/\/ufpr.br\/propg\/wp-json\/wp\/v2\/pages\/13161\/revisions"}],"predecessor-version":[{"id":13258,"href":"https:\/\/ufpr.br\/propg\/wp-json\/wp\/v2\/pages\/13161\/revisions\/13258"}],"up":[{"embeddable":true,"href":"https:\/\/ufpr.br\/propg\/wp-json\/wp\/v2\/pages\/2756"}],"wp:attachment":[{"href":"https:\/\/ufpr.br\/propg\/wp-json\/wp\/v2\/media?parent=13161"}],"curies":[{"name":"wp","href":"https:\/\/api.w.org\/{rel}","templated":true}]}}