{"id":12918,"date":"2025-09-11T15:16:45","date_gmt":"2025-09-11T18:16:45","guid":{"rendered":"https:\/\/ufpr.br\/?page=12918"},"modified":"2026-03-17T12:20:40","modified_gmt":"2026-03-17T15:20:40","slug":"orientacao-alterar-turma-siga","status":"publish","type":"page","link":"https:\/\/ufpr.br\/propg\/cpgss\/tutoriais\/orientacao-alterar-turma-siga\/","title":{"rendered":"Alterar nota, conceito, frequ\u00eancia em turma j\u00e1 encerrada no SIGA"},"content":{"rendered":"\n<div style=\"height:50px\" aria-hidden=\"true\" class=\"wp-block-spacer\"><\/div>\n\n\n\n<div class=\"wp-block-columns is-layout-flex wp-container-core-columns-is-layout-9d6595d7 wp-block-columns-is-layout-flex\">\n<div class=\"wp-block-column is-layout-flow wp-block-column-is-layout-flow\" style=\"flex-basis:20%\" id=\"topo\">\n<div style=\"height:15px\" aria-hidden=\"true\" class=\"wp-block-spacer\"><\/div>\n<\/div>\n\n\n\n<div class=\"wp-block-column is-layout-flow wp-block-column-is-layout-flow\" style=\"flex-basis:75%\">\n<p><em>Atualizada em 03\/03\/2026<\/em><\/p>\n\n\n\n<div style=\"height:25px\" aria-hidden=\"true\" class=\"wp-block-spacer\"><\/div>\n\n\n\n<p><strong>Alterar nota, conceito, frequ\u00eancia em turma j\u00e1 encerrada no SIGA<\/strong><\/p>\n\n\n\n<p>A Equipe SIGA n\u00e3o est\u00e1 autorizada a realizar esse tipo de altera\u00e7\u00e3o prontamente, pois, conforme a&nbsp;<strong>Resolu\u00e7\u00e3o 32\/17-CEPE<\/strong>, os discentes devem solicitar matr\u00edcula ou cancelamento, pedir revis\u00e3o de notas, conceito e frequ\u00eancia dentro dos prazos estipulados, com posterior aceite pelo PPG. Assim, a solicita\u00e7\u00e3o para altera\u00e7\u00e3o de informa\u00e7\u00f5es de discente em turmas j\u00e1 encerradas deve ser justificada e analisada pela&nbsp;<strong>PROPG<\/strong>.<\/p>\n\n\n\n<p>Para isso, orientamos a abertura de um processo no&nbsp;<strong>SEI tipo&nbsp;<\/strong>\u201cP\u00f3s-gradua\u00e7\u00e3o:assentamentos individuais dos alunos (dossi\u00ea dos alunos)\u201d, t\u00edtulo \u201cPPG nome do PPG \u2013 altera\u00e7\u00e3o\/corre\u00e7\u00e3o de XXX em turma\u201d contendo:<\/p>\n\n\n\n<ul class=\"wp-block-list\">\n<li><strong>Of\u00edcio da Coordena\u00e7\u00e3o do Programa:<\/strong>\u00a0Documento assinado pela coordena\u00e7\u00e3o do PPG, detalhando e justificando as altera\u00e7\u00f5es solicitadas.\n<ul class=\"wp-block-list\">\n<li><strong>Detalhamento das Altera\u00e7\u00f5es:<\/strong>\u00a0Seguir o modelo:<\/li>\n\n\n\n<li><strong>Altera\u00e7\u00e3o solicitada:<\/strong>\u00a0[Nota (de X para Y), frequ\u00eancia (de X para Y)] do discente\u00a0<strong>NOME (CPF)<\/strong>\u00a0na disciplina\u00a0<strong>C\u00d3DIGO-NOMEDISCIPLINA<\/strong>, turma\u00a0<strong>NOMETURMA<\/strong>, ano base\u00a0<strong>ANO<\/strong>.<\/li>\n\n\n\n<li><strong>Justificativa:<\/strong>\u00a0[Motivo da altera\u00e7\u00e3o].<\/li>\n<\/ul>\n<\/li>\n\n\n\n<li><strong>Solicita\u00e7\u00e3o ou Ci\u00eancia do Docente Respons\u00e1vel:<\/strong>\u00a0Documento que comprove a concord\u00e2ncia do docente, podendo ser um of\u00edcio no SEI, e-mail ou outro comprovante. Posteriormente o docente dever\u00e1 gerar e inserir um novo di\u00e1rio de classe assinado no SIGA.<\/li>\n\n\n\n<li><strong>Documentos Complementares:<\/strong>\u00a0Outros documentos que fundamentem a solicita\u00e7\u00e3o.<\/li>\n<\/ul>\n\n\n\n<p>Ap\u00f3s a montagem, o processo SEI deve ser enviado \u00e0 PROPG\/<strong>CPGSS<\/strong>, que encaminhar\u00e1 para an\u00e1lise. Se autorizado, a resposta ser\u00e1 emitida via despacho e o PPG dever\u00e1 anexar a c\u00f3pia em&nbsp;<strong>PDF<\/strong>&nbsp;no chamado SIGA para que a equipe finalize o procedimento.<\/p>\n\n\n\n<h3 class=\"wp-block-heading\">Procedimentos ap\u00f3s autoriza\u00e7\u00e3o:<\/h3>\n\n\n\n<ol start=\"1\" class=\"wp-block-list\">\n<li>O PPG abre um chamado no SIGA com a c\u00f3pia do processo SEI.<\/li>\n\n\n\n<li>A equipe do SIGA reabre a turma.<\/li>\n\n\n\n<li>O PPG realiza as altera\u00e7\u00f5es, gera o novo di\u00e1rio de classe assinado e o insere no SIGA.<\/li>\n\n\n\n<li>A turma \u00e9 encerrada conforme o procedimento habitual.<\/li>\n<\/ol>\n\n\n\n<div style=\"height:50px\" aria-hidden=\"true\" class=\"wp-block-spacer\"><\/div>\n\n\n\n<div class=\"wp-block-columns is-layout-flex wp-container-core-columns-is-layout-9d6595d7 wp-block-columns-is-layout-flex\">\n<div class=\"wp-block-column is-layout-flow wp-block-column-is-layout-flow\">\n<h2 class=\"wp-block-heading has-text-align-left has-background has-medium-font-size\" style=\"background-color:#e8ecf5\">SOBRE INCLUIR\/EXCLUIR ALUNOS MATRICULADOS EM DISCIPLINAS\/TURMAS<\/h2>\n\n\n\n<hr class=\"wp-block-separator has-text-color has-alpha-channel-opacity has-background is-style-wide\" style=\"background-color:#e8ecf5;color:#e8ecf5\" \/>\n\n\n\n<h2 class=\"wp-block-heading\">\u00c9 poss\u00edvel matricular ou cancelar matr\u00edculas fora do prazo normal? <br>E excluir disciplinas cursadas do hist\u00f3rico do discente?<\/h2>\n\n\n\n<div style=\"height:15px\" aria-hidden=\"true\" class=\"wp-block-spacer\"><\/div>\n\n\n\n<p>N\u00e3o. Considerando que os discentes s\u00e3o respons\u00e1veis pela solicita\u00e7\u00e3o de suas matr\u00edculas e seu cancelamento dentro dos per\u00edodos estipulados e que ap\u00f3s esta etapa ainda \u00e9 necess\u00e1rio aceite da solicita\u00e7\u00e3o pelo PPG (orientador e docente respons\u00e1vel pela turma), n\u00e3o h\u00e1 argumentos- salvo em situa\u00e7\u00f5es excepcionais,, para que o discente requeira extemporaneamente sua inclus\u00e3o\/exclus\u00e3o em uma disciplina.<br>O artigo 27 da Resolu\u00e7\u00e3o 32\/17-CEPE determina que o cancelamento de matr\u00edcula em disciplinas somente poder\u00e1 ocorrer durante a primeira metade da programa\u00e7\u00e3o da disciplina:<\/p>\n\n\n\n<blockquote class=\"wp-block-quote is-layout-flow wp-block-quote-is-layout-flow\">\n<p><em>Art. 27 O cancelamento em uma ou mais disciplinas poder\u00e1 ocorrer durante a&nbsp;<\/em><em>primeira metade de sua programa\u00e7\u00e3o, mediante justificativa e anu\u00eancia do&nbsp;<\/em><em>orientador.<\/em><br><em>Par\u00e1grafo \u00fanico. O pedido de cancelamento de matr\u00edcula em disciplina \u00e9 de&nbsp;<\/em><em>responsabilidade do discente e ser\u00e1 efetuado na plataforma de gest\u00e3o acad\u00eamica&nbsp;<\/em><em>da p\u00f3s-gradua\u00e7\u00e3o da UFPR da PRPPG.<\/em><\/p>\n<\/blockquote>\n\n\n\n<p>Autorizar o cancelamento extempor\u00e2neo, al\u00e9m de estar em desacordo determinado pelo Conselho de Pesquisa, Ensino e Extens\u00e3o atrav\u00e9s da Resolu\u00e7\u00e3o 32\/17-CEPE, abre importante precedente para que v\u00e1rios discentes do programa e da UFPR fa\u00e7am este tipo de solicita\u00e7\u00e3o.<\/p>\n<\/div>\n<\/div>\n\n\n\n<hr class=\"wp-block-separator has-alpha-channel-opacity is-style-dots\" \/>\n\n\n\n<div style=\"height:15px\" aria-hidden=\"true\" class=\"wp-block-spacer\"><\/div>\n\n\n\n<h2 class=\"wp-block-heading\">Quanto \u00e0 reconsidera\u00e7\u00e3o de notas, conceitos e frequ\u00eancias:<\/h2>\n\n\n\n<div style=\"height:15px\" aria-hidden=\"true\" class=\"wp-block-spacer\"><\/div>\n\n\n\n<p>A resolu\u00e7\u00e3o 32\/17 CEPE tamb\u00e9m&nbsp;<strong>fixa prazo<\/strong>&nbsp;para revis\u00e3o da avalia\u00e7\u00e3o recebida pelo aluno:<\/p>\n\n\n\n<blockquote class=\"wp-block-quote is-layout-flow wp-block-quote-is-layout-flow\">\n<p><em>Art. 33 [\u2026]\u00a7 3\u00ba O discente poder\u00e1 requerer revis\u00e3o da avalia\u00e7\u00e3o no&nbsp;<\/em><em>prazo de 5 (cinco) dias corridos ap\u00f3s a publica\u00e7\u00e3o dos resultados na&nbsp;<\/em><em>plataforma de gest\u00e3o acad\u00eamica da p\u00f3s-gradua\u00e7\u00e3o da UFPR.<\/em><\/p>\n<\/blockquote>\n\n\n\n<hr class=\"wp-block-separator has-text-color has-alpha-channel-opacity has-background is-style-wide\" style=\"background-color:#e8ecf5;color:#e8ecf5\" \/>\n\n\n\n<p>Refor\u00e7amos que:<\/p>\n\n\n\n<ol class=\"wp-block-list\">\n<li>As solicita\u00e7\u00f5es de&nbsp;<strong>matr\u00edculas<\/strong>&nbsp;e&nbsp;<strong>cancelamentos<\/strong>&nbsp;em turmas devem ser feitas&nbsp;<strong>exclusivamente pelo aluno<\/strong>&nbsp;atrav\u00e9s de seu acesso ao SIGA dentro dos prazos estabelecidos. A secretaria n\u00e3o deve realizar matr\u00edculas dos alunos regulares- atendendo a pedidos por e-mails, formul\u00e1rios, etc. \u2013 a fim de evitar que erros aconte\u00e7am;<\/li>\n<\/ol>\n\n\n\n<ol start=\"2\" class=\"wp-block-list\">\n<li>Antes de encerrar uma turma, todos os&nbsp;<strong>dados<\/strong>&nbsp;(discentes, nota, conceito, frequ\u00eancia)&nbsp;<strong>devem ser conferidos<\/strong>&nbsp;pelo docente respons\u00e1vel pela turma de forma a garantir est\u00e3o corretos, evitando corre\u00e7\u00f5es posteriores;<\/li>\n<\/ol>\n\n\n\n<ol start=\"3\" class=\"wp-block-list\">\n<li>Solicita\u00e7\u00f5es de inser\u00e7\u00e3o e remo\u00e7\u00e3o de alunos em turmas n\u00e3o ser\u00e3o atendidas, uma vez que os discentes t\u00eam tempo h\u00e1bil e pleno acesso ao SIGA para atender aos cronogramas estabelecidos para cada turma, solicitando suas matr\u00edculas e cancelamentos.<\/li>\n<\/ol>\n\n\n\n<hr class=\"wp-block-separator has-text-color has-alpha-channel-opacity has-background is-style-wide\" style=\"background-color:#e8ecf5;color:#e8ecf5\" \/>\n\n\n\n<p><em>D\u00favidas? Envie email para cpg@ufpr.br<\/em><\/p>\n\n\n\n<hr class=\"wp-block-separator has-text-color has-alpha-channel-opacity has-background is-style-wide\" style=\"background-color:#e8ecf5;color:#e8ecf5\" \/>\n\n\n\n<p class=\"has-text-color has-link-color wp-elements-16631d866001ae142cbdd3786f7ccd26\" style=\"color:#243673\"><strong><a title=\"\" href=\"#topo\">Voltar ao topo<\/a><\/strong><\/p>\n<\/div>\n\n\n\n<div class=\"wp-block-column is-layout-flow wp-block-column-is-layout-flow\" style=\"flex-basis:5%\"><\/div>\n<\/div>\n\n\n\n<p><\/p>\n","protected":false},"excerpt":{"rendered":"<p>Atualizada em 03\/03\/2026 Alterar nota, conceito, frequ\u00eancia em turma j\u00e1 encerrada no SIGA A Equipe SIGA n\u00e3o est\u00e1 autorizada a realizar esse tipo de altera\u00e7\u00e3o prontamente, pois, conforme a&nbsp;Resolu\u00e7\u00e3o 32\/17-CEPE, os discentes devem solicitar matr\u00edcula ou cancelamento, pedir revis\u00e3o de notas, conceito e frequ\u00eancia dentro dos prazos estipulados, com posterior aceite pelo PPG. Assim, a [&hellip;]<\/p>\n","protected":false},"author":5,"featured_media":0,"parent":5927,"menu_order":0,"comment_status":"closed","ping_status":"closed","template":"","meta":{"footnotes":""},"class_list":["post-12918","page","type-page","status-publish","hentry"],"_links":{"self":[{"href":"https:\/\/ufpr.br\/propg\/wp-json\/wp\/v2\/pages\/12918","targetHints":{"allow":["GET"]}}],"collection":[{"href":"https:\/\/ufpr.br\/propg\/wp-json\/wp\/v2\/pages"}],"about":[{"href":"https:\/\/ufpr.br\/propg\/wp-json\/wp\/v2\/types\/page"}],"author":[{"embeddable":true,"href":"https:\/\/ufpr.br\/propg\/wp-json\/wp\/v2\/users\/5"}],"replies":[{"embeddable":true,"href":"https:\/\/ufpr.br\/propg\/wp-json\/wp\/v2\/comments?post=12918"}],"version-history":[{"count":29,"href":"https:\/\/ufpr.br\/propg\/wp-json\/wp\/v2\/pages\/12918\/revisions"}],"predecessor-version":[{"id":51787,"href":"https:\/\/ufpr.br\/propg\/wp-json\/wp\/v2\/pages\/12918\/revisions\/51787"}],"up":[{"embeddable":true,"href":"https:\/\/ufpr.br\/propg\/wp-json\/wp\/v2\/pages\/5927"}],"wp:attachment":[{"href":"https:\/\/ufpr.br\/propg\/wp-json\/wp\/v2\/media?parent=12918"}],"curies":[{"name":"wp","href":"https:\/\/api.w.org\/{rel}","templated":true}]}}