{"id":12483,"date":"2025-08-26T14:32:15","date_gmt":"2025-08-26T17:32:15","guid":{"rendered":"https:\/\/ufpr.br\/?page=12483"},"modified":"2025-11-28T14:03:20","modified_gmt":"2025-11-28T17:03:20","slug":"noticias-sobre-internacionalizacao","status":"publish","type":"page","link":"https:\/\/ufpr.br\/propg\/noticias-sobre-internacionalizacao\/","title":{"rendered":"Not\u00edcias sobre Internacionaliza\u00e7\u00e3o"},"content":{"rendered":"\n<div style=\"height:25px\" aria-hidden=\"true\" class=\"wp-block-spacer\"><\/div>\n\n\n\n<div class=\"wp-block-columns is-layout-flex wp-container-core-columns-is-layout-9d6595d7 wp-block-columns-is-layout-flex\" id=\"topo\">\n<div class=\"wp-block-column is-layout-flow wp-block-column-is-layout-flow\" style=\"flex-basis:10%\">\n<div style=\"height:25px\" aria-hidden=\"true\" class=\"wp-block-spacer\"><\/div>\n\n\n<div class=\"wp-block-image\">\n<figure class=\"aligncenter size-full is-resized\"><img decoding=\"async\" src=\"https:\/\/ufpr.br\/propg\/wp-content\/uploads\/2024\/08\/Icone_Internacional_Rosa.png\" alt=\"\" class=\"wp-image-6117\" style=\"object-fit:cover;width:100px;height:100px\"\/><\/figure><\/div><\/div>\n\n\n\n<div class=\"wp-block-column is-layout-flow wp-block-column-is-layout-flow\" style=\"flex-basis:89%\">\n<div class=\"wp-block-query is-layout-flow wp-block-query-is-layout-flow\"><ul class=\"columns-3 wp-block-post-template is-layout-grid wp-container-core-post-template-is-layout-2f3213d7 wp-block-post-template-is-layout-grid\"><li class=\"wp-block-post post-51899 post type-post status-publish format-standard hentry category-internacionalizacao\">\n<h2 style=\"color:#243673;\" class=\"has-link-color wp-elements-a7bac71bb8bd9e8cc12057bec999e0ed wp-block-post-title has-text-color\"><a href=\"https:\/\/ufpr.br\/propg\/edital-06-2026-propg-siprop-habilitacao-de-pos-graduandos-para-programa-capes-brasil-china\/\" target=\"_self\" >Edital 06\/2026 \u2013 PROPG\/SIPROP \u2013 Habilita\u00e7\u00e3o de P\u00f3s-Graduandos para Programa CAPES Brasil-China<\/a><\/h2>\n\n<div class=\"wp-block-post-date\"><time datetime=\"2026-03-19T13:26:32-03:00\">19 de mar\u00e7o de 2026<\/time><\/div>\n\n\n<hr class=\"wp-block-separator has-text-color has-alpha-channel-opacity has-background is-style-wide\" style=\"background-color:#e8ecf5;color:#e8ecf5\"\/>\n\n\n\n\n<div class=\"wp-block-post-excerpt\"><p class=\"wp-block-post-excerpt__excerpt\">Est\u00e3o abertas as inscri\u00e7\u00f5es do&nbsp;Edital 06\/2026 \u2013 PROPG\/SIPROP&nbsp;para habilita\u00e7\u00e3o de p\u00f3s-graduandos \u00e0&nbsp;composi\u00e7\u00e3o da proposta institucional da UFPR ao Edital 04\/2026 \u2013 CAPES \u2013 Programa Brasil-China&hellip;<\/p><p class=\"wp-block-post-excerpt__more-text\"><a class=\"wp-block-post-excerpt__more-link\" href=\"https:\/\/ufpr.br\/propg\/edital-06-2026-propg-siprop-habilitacao-de-pos-graduandos-para-programa-capes-brasil-china\/\">Leia mais<\/a><\/p><\/div>\n\n\n<hr class=\"wp-block-separator has-text-color has-alpha-channel-opacity has-background is-style-wide\" style=\"background-color:#e8ecf5;color:#e8ecf5\"\/>\n\n<\/li><li class=\"wp-block-post post-51678 post type-post status-publish format-standard hentry category-internacionalizacao\">\n<h2 style=\"color:#243673;\" class=\"has-link-color wp-elements-a7bac71bb8bd9e8cc12057bec999e0ed wp-block-post-title has-text-color\"><a href=\"https:\/\/ufpr.br\/propg\/ufpr-30-de-desconto-no-teste-toefl-itp-2\/\" target=\"_self\" >UFPR &#8211; 30% DE DESCONTO NO TESTE TOEFL ITP<\/a><\/h2>\n\n<div class=\"wp-block-post-date\"><time datetime=\"2026-03-05T13:52:46-03:00\">5 de mar\u00e7o de 2026<\/time><\/div>\n\n\n<hr class=\"wp-block-separator has-text-color has-alpha-channel-opacity has-background is-style-wide\" style=\"background-color:#e8ecf5;color:#e8ecf5\"\/>\n\n\n\n\n<div class=\"wp-block-post-excerpt\"><p class=\"wp-block-post-excerpt__excerpt\">Aproveite essa chance e efetue a compra do teste com um desconto no teste TOEFL ITP de 30% + Curso Preparat\u00f3rio Online Gratuito com certificado&hellip;<\/p><p class=\"wp-block-post-excerpt__more-text\"><a class=\"wp-block-post-excerpt__more-link\" href=\"https:\/\/ufpr.br\/propg\/ufpr-30-de-desconto-no-teste-toefl-itp-2\/\">Leia mais<\/a><\/p><\/div>\n\n\n<hr class=\"wp-block-separator has-text-color has-alpha-channel-opacity has-background is-style-wide\" style=\"background-color:#e8ecf5;color:#e8ecf5\"\/>\n\n<\/li><li class=\"wp-block-post post-46493 post type-post status-publish format-standard hentry category-editais-e-processos-seletivos category-internacionalizacao category-mestrado-e-doutorado\">\n<h2 style=\"color:#243673;\" class=\"has-link-color wp-elements-a7bac71bb8bd9e8cc12057bec999e0ed wp-block-post-title has-text-color\"><a href=\"https:\/\/ufpr.br\/propg\/publicados-os-resultados-parciais-do-edital-pdse-2026-2a-chamada\/\" target=\"_self\" >Publicados os resultados parciais do Edital PDSE 2025\/2026 &#8211; 2\u00aa Chamada<\/a><\/h2>\n\n<div class=\"wp-block-post-date\"><time datetime=\"2026-02-04T16:08:59-03:00\">4 de fevereiro de 2026<\/time><\/div>\n\n\n<hr class=\"wp-block-separator has-text-color has-alpha-channel-opacity has-background is-style-wide\" style=\"background-color:#e8ecf5;color:#e8ecf5\"\/>\n\n\n\n\n<div class=\"wp-block-post-excerpt\"><p class=\"wp-block-post-excerpt__excerpt\">Os resultados parciais do Edital\u00a004\/2025 &#8211; SIPROP, para sele\u00e7\u00e3o de bolsistas PDSE com previs\u00e3o de sa\u00eddas\u00a0em\u00a0setembro\/outubro de 2026\u00a0foram publicados! A CAPES regulamenta esta segunda chamada&hellip;<\/p><p class=\"wp-block-post-excerpt__more-text\"><a class=\"wp-block-post-excerpt__more-link\" href=\"https:\/\/ufpr.br\/propg\/publicados-os-resultados-parciais-do-edital-pdse-2026-2a-chamada\/\">Leia mais<\/a><\/p><\/div>\n\n\n<hr class=\"wp-block-separator has-text-color has-alpha-channel-opacity has-background is-style-wide\" style=\"background-color:#e8ecf5;color:#e8ecf5\"\/>\n\n<\/li><li class=\"wp-block-post post-49119 post type-post status-publish format-standard hentry category-internacionalizacao\">\n<h2 style=\"color:#243673;\" class=\"has-link-color wp-elements-a7bac71bb8bd9e8cc12057bec999e0ed wp-block-post-title has-text-color\"><a href=\"https:\/\/ufpr.br\/propg\/publicacao-do-guia-para-estudantes-estrangeiros-2\/\" target=\"_self\" >Publica\u00e7\u00e3o do Guia para Estudantes Estrangeiros<\/a><\/h2>\n\n<div class=\"wp-block-post-date\"><time datetime=\"2026-01-21T15:38:37-03:00\">21 de janeiro de 2026<\/time><\/div>\n\n\n<hr class=\"wp-block-separator has-text-color has-alpha-channel-opacity has-background is-style-wide\" style=\"background-color:#e8ecf5;color:#e8ecf5\"\/>\n\n\n\n\n<div class=\"wp-block-post-excerpt\"><p class=\"wp-block-post-excerpt__excerpt\">Chegar em um novo pa\u00eds para estudar \u00e9 um grande passo e lidar com quest\u00f5es do dia a dia pode ser bastante desafiador. Por isso,&hellip;<\/p><p class=\"wp-block-post-excerpt__more-text\"><a class=\"wp-block-post-excerpt__more-link\" href=\"https:\/\/ufpr.br\/propg\/publicacao-do-guia-para-estudantes-estrangeiros-2\/\">Leia mais<\/a><\/p><\/div>\n\n\n<hr class=\"wp-block-separator has-text-color has-alpha-channel-opacity has-background is-style-wide\" style=\"background-color:#e8ecf5;color:#e8ecf5\"\/>\n\n<\/li><li class=\"wp-block-post post-49107 post type-post status-publish format-standard hentry category-internacionalizacao\">\n<h2 style=\"color:#243673;\" class=\"has-link-color wp-elements-a7bac71bb8bd9e8cc12057bec999e0ed wp-block-post-title has-text-color\"><a href=\"https:\/\/ufpr.br\/propg\/ufpr-30-de-desconto-no-teste-toefl-itp\/\" target=\"_self\" >UFPR &#8211; 30% DE DESCONTO NO TESTE TOEFL ITP<\/a><\/h2>\n\n<div class=\"wp-block-post-date\"><time datetime=\"2026-01-05T15:19:01-03:00\">5 de janeiro de 2026<\/time><\/div>\n\n\n<hr class=\"wp-block-separator has-text-color has-alpha-channel-opacity has-background is-style-wide\" style=\"background-color:#e8ecf5;color:#e8ecf5\"\/>\n\n\n\n\n<div class=\"wp-block-post-excerpt\"><p class=\"wp-block-post-excerpt__excerpt\">Aproveite essa chance e efetue a compra do teste com um desconto no teste TOEFL ITP de 30% + Curso Preparat\u00f3rio Online Gratuito com certificado&hellip;<\/p><p class=\"wp-block-post-excerpt__more-text\"><a class=\"wp-block-post-excerpt__more-link\" href=\"https:\/\/ufpr.br\/propg\/ufpr-30-de-desconto-no-teste-toefl-itp\/\">Leia mais<\/a><\/p><\/div>\n\n\n<hr class=\"wp-block-separator has-text-color has-alpha-channel-opacity has-background is-style-wide\" style=\"background-color:#e8ecf5;color:#e8ecf5\"\/>\n\n<\/li><li class=\"wp-block-post post-49116 post type-post status-publish format-standard hentry category-internacionalizacao\">\n<h2 style=\"color:#243673;\" class=\"has-link-color wp-elements-a7bac71bb8bd9e8cc12057bec999e0ed wp-block-post-title has-text-color\"><a href=\"https:\/\/ufpr.br\/propg\/programa-capes-global-edu-proposta-ufpr-submetida\/\" target=\"_self\" >Programa Capes-Global.Edu &#8211; Proposta UFPR submetida<\/a><\/h2>\n\n<div class=\"wp-block-post-date\"><time datetime=\"2025-10-27T15:31:55-03:00\">27 de outubro de 2025<\/time><\/div>\n\n\n<hr class=\"wp-block-separator has-text-color has-alpha-channel-opacity has-background is-style-wide\" style=\"background-color:#e8ecf5;color:#e8ecf5\"\/>\n\n\n\n\n<div class=\"wp-block-post-excerpt\"><p class=\"wp-block-post-excerpt__excerpt\">A CAPES publicou nesta segunda-feira, 14 de julho, o\u00a0Edital n\u00ba 13\/2025, que reger\u00e1 a sele\u00e7\u00e3o do\u00a0Programa Redes para Internacionaliza\u00e7\u00e3o Institucional \u2013 CAPES Global.edu. O objetivo&hellip;<\/p><p class=\"wp-block-post-excerpt__more-text\"><a class=\"wp-block-post-excerpt__more-link\" href=\"https:\/\/ufpr.br\/propg\/programa-capes-global-edu-proposta-ufpr-submetida\/\">Leia mais<\/a><\/p><\/div>\n\n\n<hr class=\"wp-block-separator has-text-color has-alpha-channel-opacity has-background is-style-wide\" style=\"background-color:#e8ecf5;color:#e8ecf5\"\/>\n\n<\/li><li class=\"wp-block-post post-13678 post type-post status-publish format-standard hentry category-editais-e-processos-seletivos category-internacionalizacao category-mestrado-e-doutorado\">\n<h2 style=\"color:#243673;\" class=\"has-link-color wp-elements-a7bac71bb8bd9e8cc12057bec999e0ed wp-block-post-title has-text-color\"><a href=\"https:\/\/ufpr.br\/propg\/edital-capes-pdse-2025-2026-resultados-preliminares-publicados\/\" target=\"_self\" >Edital CAPES PDSE 2025\/2026 &#8211; Resultados Preliminares publicados!<\/a><\/h2>\n\n<div class=\"wp-block-post-date\"><time datetime=\"2025-09-01T09:02:09-03:00\">1 de setembro de 2025<\/time><\/div>\n\n\n<hr class=\"wp-block-separator has-text-color has-alpha-channel-opacity has-background is-style-wide\" style=\"background-color:#e8ecf5;color:#e8ecf5\"\/>\n\n\n\n\n<div class=\"wp-block-post-excerpt\"><p class=\"wp-block-post-excerpt__excerpt\">A CAPES publicou o Edital 17\/2025, referente ao Programa de Doutorado Sandu\u00edche no Exterior \u2013 PDSE, para sa\u00eddas em 2026.&nbsp; Para que os PPGs possam&hellip;<\/p><p class=\"wp-block-post-excerpt__more-text\"><a class=\"wp-block-post-excerpt__more-link\" href=\"https:\/\/ufpr.br\/propg\/edital-capes-pdse-2025-2026-resultados-preliminares-publicados\/\">Leia mais<\/a><\/p><\/div>\n\n\n<hr class=\"wp-block-separator has-text-color has-alpha-channel-opacity has-background is-style-wide\" style=\"background-color:#e8ecf5;color:#e8ecf5\"\/>\n\n<\/li><li class=\"wp-block-post post-13676 post type-post status-publish format-standard hentry category-editais-e-processos-seletivos category-internacionalizacao\">\n<h2 style=\"color:#243673;\" class=\"has-link-color wp-elements-a7bac71bb8bd9e8cc12057bec999e0ed wp-block-post-title has-text-color\"><a href=\"https:\/\/ufpr.br\/propg\/edital-para-docentes-da-ufpr-cursos-de-linguas-de-instrucao\/\" target=\"_self\" >Edital para docentes da UFPR: Cursos de L\u00ednguas de Instru\u00e7\u00e3o<\/a><\/h2>\n\n<div class=\"wp-block-post-date\"><time datetime=\"2025-09-01T09:00:19-03:00\">1 de setembro de 2025<\/time><\/div>\n\n\n<hr class=\"wp-block-separator has-text-color has-alpha-channel-opacity has-background is-style-wide\" style=\"background-color:#e8ecf5;color:#e8ecf5\"\/>\n\n\n\n\n<div class=\"wp-block-post-excerpt\"><p class=\"wp-block-post-excerpt__excerpt\">A PROPG, a PROGEPE e a Coordenadoria de Pol\u00edticas Lingu\u00edsticas (CPL) do ERI abrem edital de sele\u00e7\u00e3o de professoras e professores ativas(os) da UFPR para&hellip;<\/p><p class=\"wp-block-post-excerpt__more-text\"><a class=\"wp-block-post-excerpt__more-link\" href=\"https:\/\/ufpr.br\/propg\/edital-para-docentes-da-ufpr-cursos-de-linguas-de-instrucao\/\">Leia mais<\/a><\/p><\/div>\n\n\n<hr class=\"wp-block-separator has-text-color has-alpha-channel-opacity has-background is-style-wide\" style=\"background-color:#e8ecf5;color:#e8ecf5\"\/>\n\n<\/li><li class=\"wp-block-post post-49111 post type-post status-publish format-standard hentry category-internacionalizacao\">\n<h2 style=\"color:#243673;\" class=\"has-link-color wp-elements-a7bac71bb8bd9e8cc12057bec999e0ed wp-block-post-title has-text-color\"><a href=\"https:\/\/ufpr.br\/propg\/edital-capes-pdse-2025-2026-inscricoes-segunda-chamada\/\" target=\"_self\" >Edital CAPES PDSE 2025\/2026 &#8211; Inscri\u00e7\u00f5es Segunda Chamada<\/a><\/h2>\n\n<div class=\"wp-block-post-date\"><time datetime=\"2025-08-23T15:23:02-03:00\">23 de agosto de 2025<\/time><\/div>\n\n\n<hr class=\"wp-block-separator has-text-color has-alpha-channel-opacity has-background is-style-wide\" style=\"background-color:#e8ecf5;color:#e8ecf5\"\/>\n\n\n\n\n<div class=\"wp-block-post-excerpt\"><p class=\"wp-block-post-excerpt__excerpt\">A CAPES publicou o Edital 17\/2025, referente ao Programa de Doutorado Sandu\u00edche no Exterior \u2013 PDSE, para sa\u00eddas em 2026.&nbsp; Para que os PPGs possam&hellip;<\/p><p class=\"wp-block-post-excerpt__more-text\"><a class=\"wp-block-post-excerpt__more-link\" href=\"https:\/\/ufpr.br\/propg\/edital-capes-pdse-2025-2026-inscricoes-segunda-chamada\/\">Leia mais<\/a><\/p><\/div>\n\n\n<hr class=\"wp-block-separator has-text-color has-alpha-channel-opacity has-background is-style-wide\" style=\"background-color:#e8ecf5;color:#e8ecf5\"\/>\n\n<\/li><\/ul>\n\n<nav class=\"wp-block-query-pagination is-layout-flex wp-block-query-pagination-is-layout-flex\" aria-label=\"Pagina\u00e7\u00e3o\">\n\n\n<div class=\"wp-block-query-pagination-numbers\"><span aria-current=\"page\" class=\"page-numbers current\">1<\/span>\n<a class=\"page-numbers\" href=\"?query-30-page=2\">2<\/a>\n<a class=\"page-numbers\" href=\"?query-30-page=3\">3<\/a>\n<span class=\"page-numbers dots\">&hellip;<\/span>\n<a class=\"page-numbers\" href=\"?query-30-page=5\">5<\/a><\/div>\n\n<a href=\"\/propg\/wp-json\/wp\/v2\/pages\/12483?query-30-page=2\" class=\"wp-block-query-pagination-next\">Pr\u00f3xima p\u00e1gina<\/a>\n<\/nav>\n\n\n<hr class=\"wp-block-separator has-text-color has-alpha-channel-opacity has-background is-style-wide\" style=\"background-color:#e8ecf5;color:#e8ecf5\"\/>\n<\/div>\n\n\n\n<p class=\"has-text-color has-link-color wp-elements-35347cca6bfe07bb2bf966001a1b447f\" style=\"color:#243673\"><strong><a href=\"#topo\" title=\"\">Voltar ao topo<\/a><\/strong><\/p>\n<\/div>\n\n\n\n<div class=\"wp-block-column is-layout-flow wp-block-column-is-layout-flow\" style=\"flex-basis:1%\"><\/div>\n<\/div>\n\n\n\n<p><\/p>\n","protected":false},"excerpt":{"rendered":"<p>Voltar ao topo<\/p>\n","protected":false},"author":5,"featured_media":0,"parent":0,"menu_order":0,"comment_status":"closed","ping_status":"closed","template":"","meta":{"footnotes":""},"class_list":["post-12483","page","type-page","status-publish","hentry"],"_links":{"self":[{"href":"https:\/\/ufpr.br\/propg\/wp-json\/wp\/v2\/pages\/12483","targetHints":{"allow":["GET"]}}],"collection":[{"href":"https:\/\/ufpr.br\/propg\/wp-json\/wp\/v2\/pages"}],"about":[{"href":"https:\/\/ufpr.br\/propg\/wp-json\/wp\/v2\/types\/page"}],"author":[{"embeddable":true,"href":"https:\/\/ufpr.br\/propg\/wp-json\/wp\/v2\/users\/5"}],"replies":[{"embeddable":true,"href":"https:\/\/ufpr.br\/propg\/wp-json\/wp\/v2\/comments?post=12483"}],"version-history":[{"count":11,"href":"https:\/\/ufpr.br\/propg\/wp-json\/wp\/v2\/pages\/12483\/revisions"}],"predecessor-version":[{"id":18225,"href":"https:\/\/ufpr.br\/propg\/wp-json\/wp\/v2\/pages\/12483\/revisions\/18225"}],"wp:attachment":[{"href":"https:\/\/ufpr.br\/propg\/wp-json\/wp\/v2\/media?parent=12483"}],"curies":[{"name":"wp","href":"https:\/\/api.w.org\/{rel}","templated":true}]}}