{"id":12478,"date":"2025-08-26T14:18:05","date_gmt":"2025-08-26T17:18:05","guid":{"rendered":"https:\/\/ufpr.br\/?page=12478"},"modified":"2025-11-28T14:01:38","modified_gmt":"2025-11-28T17:01:38","slug":"noticias-sobre-iniciacao-cientifica-e-tecnologica","status":"publish","type":"page","link":"https:\/\/ufpr.br\/propg\/noticias-sobre-iniciacao-cientifica-e-tecnologica\/","title":{"rendered":"Not\u00edcias sobre Inicia\u00e7\u00e3o Cient\u00edfica e Tecnol\u00f3gica"},"content":{"rendered":"\n<div style=\"height:25px\" aria-hidden=\"true\" class=\"wp-block-spacer\"><\/div>\n\n\n\n<div class=\"wp-block-columns is-layout-flex wp-container-core-columns-is-layout-9d6595d7 wp-block-columns-is-layout-flex\" id=\"topo\">\n<div class=\"wp-block-column is-layout-flow wp-block-column-is-layout-flow\" style=\"flex-basis:10%\">\n<div style=\"height:25px\" aria-hidden=\"true\" class=\"wp-block-spacer\"><\/div>\n\n\n<div class=\"wp-block-image\">\n<figure class=\"aligncenter size-full is-resized\"><img decoding=\"async\" src=\"https:\/\/ufpr.br\/propg\/wp-content\/uploads\/2024\/08\/Icone_IniciacaoCientifica_Rosa.png\" alt=\"\" class=\"wp-image-6114\" style=\"object-fit:cover;width:100px;height:100px\"\/><\/figure><\/div><\/div>\n\n\n\n<div class=\"wp-block-column is-layout-flow wp-block-column-is-layout-flow\" style=\"flex-basis:89%\">\n<div class=\"wp-block-query is-layout-flow wp-block-query-is-layout-flow\"><ul class=\"columns-3 wp-block-post-template is-layout-grid wp-container-core-post-template-is-layout-2f3213d7 wp-block-post-template-is-layout-grid\"><li class=\"wp-block-post post-17362 post type-post status-publish format-standard hentry category-editais-e-processos-seletivos category-iniciacao-cientifica-e-tecnologica\">\n<h2 style=\"color:#243673;\" class=\"has-link-color wp-elements-a7bac71bb8bd9e8cc12057bec999e0ed wp-block-post-title has-text-color\"><a href=\"https:\/\/ufpr.br\/propg\/atencao-bolsas-concedidas-edital-2025\/\" target=\"_self\" >ATEN\u00c7\u00c3O &#8211; BOLSAS CONCEDIDAS EDITAL 2025<\/a><\/h2>\n\n<div class=\"wp-block-post-date\"><time datetime=\"2025-09-05T10:41:32-03:00\">5 de setembro de 2025<\/time><\/div>\n\n\n<hr class=\"wp-block-separator has-text-color has-alpha-channel-opacity has-background is-style-wide\" style=\"background-color:#e8ecf5;color:#e8ecf5\"\/>\n\n\n\n\n<div class=\"wp-block-post-excerpt\"><p class=\"wp-block-post-excerpt__excerpt\">O n\u00famero concedido de bolsas pelas ag\u00eancias de fomento CNPq, Tesouro Nacional e Funda\u00e7\u00e3o Arauc\u00e1ria, ser\u00e1 o mesmo do Edital 2024, que encerrou em 31\/08\/2025 (o quantitativo est\u00e1 dispon\u00edvel em &#8220;bolsas concedidas\u00a0ic&#8221;, na p\u00e1gina da PROPG, aba inicia\u00e7\u00e3o cient\u00edfica: https:\/\/ufpr.br\/propg\/ict\/bolsas-ic-concedidas\/).\u00a0 As bolsas do CNPq e Tesouro Nacional j\u00e1 foram distribu\u00eddas. No que se refere \u00e0&hellip;<\/p><p class=\"wp-block-post-excerpt__more-text\"><a class=\"wp-block-post-excerpt__more-link\" href=\"https:\/\/ufpr.br\/propg\/atencao-bolsas-concedidas-edital-2025\/\">Leia mais<\/a><\/p><\/div>\n\n\n<hr class=\"wp-block-separator has-text-color has-alpha-channel-opacity has-background is-style-wide\" style=\"background-color:#e8ecf5;color:#e8ecf5\"\/>\n\n<\/li><li class=\"wp-block-post post-17076 post type-post status-publish format-standard hentry category-editais-e-processos-seletivos category-iniciacao-cientifica-e-tecnologica\">\n<h2 style=\"color:#243673;\" class=\"has-link-color wp-elements-a7bac71bb8bd9e8cc12057bec999e0ed wp-block-post-title has-text-color\"><a href=\"https:\/\/ufpr.br\/propg\/edital-01-2025-propg-cict-inscricoes-abertas\/\" target=\"_self\" >Edital 01\/2025 PROPG\/CICT: Inscri\u00e7\u00f5es abertas<\/a><\/h2>\n\n<div class=\"wp-block-post-date\"><time datetime=\"2025-03-06T14:51:50-03:00\">6 de mar\u00e7o de 2025<\/time><\/div>\n\n\n<hr class=\"wp-block-separator has-text-color has-alpha-channel-opacity has-background is-style-wide\" style=\"background-color:#e8ecf5;color:#e8ecf5\"\/>\n\n\n\n\n<div class=\"wp-block-post-excerpt\"><p class=\"wp-block-post-excerpt__excerpt\">A Coordena\u00e7\u00e3o de Inicia\u00e7\u00e3o Cient\u00edfica e Tecnol\u00f3gica da UFPR informa que est\u00e3o abertas as inscri\u00e7\u00f5es para o Edital 2025 do Programa de Inicia\u00e7\u00e3o Cient\u00edfica e Tecnol\u00f3gica da UFPR at\u00e9 04\/04\/2025. Para acessar o Edital 2025, Caderno de Normas e link de inscri\u00e7\u00f5es: Clique aqui Para acessar o Calend\u00e1rio de Atividades:\u00a0Clique aqui<\/p><p class=\"wp-block-post-excerpt__more-text\"><a class=\"wp-block-post-excerpt__more-link\" href=\"https:\/\/ufpr.br\/propg\/edital-01-2025-propg-cict-inscricoes-abertas\/\">Leia mais<\/a><\/p><\/div>\n\n\n<hr class=\"wp-block-separator has-text-color has-alpha-channel-opacity has-background is-style-wide\" style=\"background-color:#e8ecf5;color:#e8ecf5\"\/>\n\n<\/li><li class=\"wp-block-post post-17012 post type-post status-publish format-standard hentry category-editais-e-processos-seletivos category-iniciacao-cientifica-e-tecnologica\">\n<h2 style=\"color:#243673;\" class=\"has-link-color wp-elements-a7bac71bb8bd9e8cc12057bec999e0ed wp-block-post-title has-text-color\"><a href=\"https:\/\/ufpr.br\/propg\/resultado-do-edital-12-2024-premiacao-destaque-academico-em-iniciacao-cientifica-e-tecnologica-edital-2023\/\" target=\"_self\" >Resultado do Edital 12\/2024 \u2013 Premia\u00e7\u00e3o Destaque Acad\u00eamico em Inicia\u00e7\u00e3o Cient\u00edfica e Tecnol\u00f3gica \u2013 Edital 2023<\/a><\/h2>\n\n<div class=\"wp-block-post-date\"><time datetime=\"2024-12-11T10:46:19-03:00\">11 de dezembro de 2024<\/time><\/div>\n\n\n<hr class=\"wp-block-separator has-text-color has-alpha-channel-opacity has-background is-style-wide\" style=\"background-color:#e8ecf5;color:#e8ecf5\"\/>\n\n\n\n\n<div class=\"wp-block-post-excerpt\"><p class=\"wp-block-post-excerpt__excerpt\">\u00c9 com grande satisfa\u00e7\u00e3o que a Pr\u00f3-Reitoria de Pesquisa e P\u00f3s-Gradua\u00e7\u00e3o (PRPPG), atrav\u00e9s da Coordenadoria de Inicia\u00e7\u00e3o Cient\u00edfica e Tecnol\u00f3gica divulga o resultado da premia\u00e7\u00e3o dos Programas de Inicia\u00e7\u00e3o Cient\u00edfica e Tecnol\u00f3gica (PIBIC, PIBITI e PIBIC-AF), conforme o Edital 12\/2024. Os(as) estudantes premiados(as) foram selecionados(as) com base em crit\u00e9rios rigorosos estabelecidos no Edital 12\/2024, sendo&hellip;<\/p><p class=\"wp-block-post-excerpt__more-text\"><a class=\"wp-block-post-excerpt__more-link\" href=\"https:\/\/ufpr.br\/propg\/resultado-do-edital-12-2024-premiacao-destaque-academico-em-iniciacao-cientifica-e-tecnologica-edital-2023\/\">Leia mais<\/a><\/p><\/div>\n\n\n<hr class=\"wp-block-separator has-text-color has-alpha-channel-opacity has-background is-style-wide\" style=\"background-color:#e8ecf5;color:#e8ecf5\"\/>\n\n<\/li><li class=\"wp-block-post post-16978 post type-post status-publish format-standard hentry category-editais-e-processos-seletivos category-iniciacao-cientifica-e-tecnologica\">\n<h2 style=\"color:#243673;\" class=\"has-link-color wp-elements-a7bac71bb8bd9e8cc12057bec999e0ed wp-block-post-title has-text-color\"><a href=\"https:\/\/ufpr.br\/propg\/edital-no-12-2024-prppg-ict-premio-ufpr-de-destaque-academico-em-iniciacao-cientifica-e-tecnologica-evinci-einti-2024\/\" target=\"_self\" >EDITAL N\u00ba 12\/2024 &#8211; PRPPG\/ICT &#8211; Pr\u00eamio UFPR de Destaque Acad\u00eamico em Inicia\u00e7\u00e3o Cient\u00edfica e Tecnol\u00f3gica &#8211; EDITAL 2023<\/a><\/h2>\n\n<div class=\"wp-block-post-date\"><time datetime=\"2024-11-06T16:23:10-03:00\">6 de novembro de 2024<\/time><\/div>\n\n\n<hr class=\"wp-block-separator has-text-color has-alpha-channel-opacity has-background is-style-wide\" style=\"background-color:#e8ecf5;color:#e8ecf5\"\/>\n\n\n\n\n<div class=\"wp-block-post-excerpt\"><p class=\"wp-block-post-excerpt__excerpt\">A Pr\u00f3-Reitoria de Pesquisa e P\u00f3s-Gradua\u00e7\u00e3o (PRPPG), por meio da Coordenadoria de Inicia\u00e7\u00e3o Cient\u00edfica e Tecnol\u00f3gica, torna p\u00fablico o presente Edital, cujas normas foram aprovadas na reuni\u00e3o extraordin\u00e1ria do Comit\u00ea Assessor de Inicia\u00e7\u00e3o Cient\u00edfica (CAIC), realizada no dia 14 de outubro de 2024: EDITAL N\u00ba 12\/2024 &#8211; PRPPG\/ICT &#8211; Pr\u00eamio UFPR de Destaque Acad\u00eamico em&hellip;<\/p><p class=\"wp-block-post-excerpt__more-text\"><a class=\"wp-block-post-excerpt__more-link\" href=\"https:\/\/ufpr.br\/propg\/edital-no-12-2024-prppg-ict-premio-ufpr-de-destaque-academico-em-iniciacao-cientifica-e-tecnologica-evinci-einti-2024\/\">Leia mais<\/a><\/p><\/div>\n\n\n<hr class=\"wp-block-separator has-text-color has-alpha-channel-opacity has-background is-style-wide\" style=\"background-color:#e8ecf5;color:#e8ecf5\"\/>\n\n<\/li><li class=\"wp-block-post post-16811 post type-post status-publish format-standard hentry category-editais-e-processos-seletivos category-iniciacao-cientifica-e-tecnologica\">\n<h2 style=\"color:#243673;\" class=\"has-link-color wp-elements-a7bac71bb8bd9e8cc12057bec999e0ed wp-block-post-title has-text-color\"><a href=\"https:\/\/ufpr.br\/propg\/edital-02-2024-prppg-ict-resultado-pos-recursos-de-classificacao-dos-docentes-aprovados\/\" target=\"_self\" >Edital 02\/2024 PRPPG\/ICT: Resultado P\u00f3s-Recursos de Classifica\u00e7\u00e3o dos Docentes Aprovados<\/a><\/h2>\n\n<div class=\"wp-block-post-date\"><time datetime=\"2024-06-17T14:45:36-03:00\">17 de junho de 2024<\/time><\/div>\n\n\n<hr class=\"wp-block-separator has-text-color has-alpha-channel-opacity has-background is-style-wide\" style=\"background-color:#e8ecf5;color:#e8ecf5\"\/>\n\n\n\n\n<div class=\"wp-block-post-excerpt\"><p class=\"wp-block-post-excerpt__excerpt\">A Coordenadoria do Programa de Inicia\u00e7\u00e3o Cient\u00edfica e Tecnol\u00f3gica da Universidade Federal do Paran\u00e1 informa que hoje, 17\/06\/2024, foi divulgado o Resultado P\u00f3s-Recursos de Classifica\u00e7\u00e3o dos Docentes Aprovados no Edital 02\/2024 PRPPG\/ICT. Para verificar o Resultado P\u00f3s-Recursos de Classifica\u00e7\u00e3o dos Docentes Aprovados no Edital 02\/2024 PRPPG\/ICT: CLIQUE AQUI<\/p><p class=\"wp-block-post-excerpt__more-text\"><a class=\"wp-block-post-excerpt__more-link\" href=\"https:\/\/ufpr.br\/propg\/edital-02-2024-prppg-ict-resultado-pos-recursos-de-classificacao-dos-docentes-aprovados\/\">Leia mais<\/a><\/p><\/div>\n\n\n<hr class=\"wp-block-separator has-text-color has-alpha-channel-opacity has-background is-style-wide\" style=\"background-color:#e8ecf5;color:#e8ecf5\"\/>\n\n<\/li><li class=\"wp-block-post post-16762 post type-post status-publish format-standard hentry category-editais-e-processos-seletivos category-iniciacao-cientifica-e-tecnologica\">\n<h2 style=\"color:#243673;\" class=\"has-link-color wp-elements-a7bac71bb8bd9e8cc12057bec999e0ed wp-block-post-title has-text-color\"><a href=\"https:\/\/ufpr.br\/propg\/edital-02-2024-prppg-ict-resultado-de-classificacao-dos-docentes-aprovados\/\" target=\"_self\" >Edital 02\/2024 PRPPG\/ICT: Resultado de Classifica\u00e7\u00e3o dos Docentes Aprovados<\/a><\/h2>\n\n<div class=\"wp-block-post-date\"><time datetime=\"2024-05-28T11:48:06-03:00\">28 de maio de 2024<\/time><\/div>\n\n\n<hr class=\"wp-block-separator has-text-color has-alpha-channel-opacity has-background is-style-wide\" style=\"background-color:#e8ecf5;color:#e8ecf5\"\/>\n\n\n\n\n<div class=\"wp-block-post-excerpt\"><p class=\"wp-block-post-excerpt__excerpt\">A Coordenadoria do Programa de Inicia\u00e7\u00e3o Cient\u00edfica e Tecnol\u00f3gica da Universidade Federal do Paran\u00e1 informa que hoje, 28\/05\/2024, foi divulgado o Resultado de Classifica\u00e7\u00e3o dos Docentes Aprovados no Edital 02\/2024 PRPPG\/ICT. Para verificar o Resultado de Classifica\u00e7\u00e3o dos Docentes Aprovados no Edital 02\/2024 PRPPG\/ICT: CLIQUE AQUI<\/p><p class=\"wp-block-post-excerpt__more-text\"><a class=\"wp-block-post-excerpt__more-link\" href=\"https:\/\/ufpr.br\/propg\/edital-02-2024-prppg-ict-resultado-de-classificacao-dos-docentes-aprovados\/\">Leia mais<\/a><\/p><\/div>\n\n\n<hr class=\"wp-block-separator has-text-color has-alpha-channel-opacity has-background is-style-wide\" style=\"background-color:#e8ecf5;color:#e8ecf5\"\/>\n\n<\/li><li class=\"wp-block-post post-16710 post type-post status-publish format-standard hentry category-editais-e-processos-seletivos category-iniciacao-cientifica-e-tecnologica\">\n<h2 style=\"color:#243673;\" class=\"has-link-color wp-elements-a7bac71bb8bd9e8cc12057bec999e0ed wp-block-post-title has-text-color\"><a href=\"https:\/\/ufpr.br\/propg\/edital-02-2024-prppg-ict-homologacao-pos-recursos-das-inscricoes\/\" target=\"_self\" >Edital 02\/2024 PRPPG\/ICT: Homologa\u00e7\u00e3o P\u00f3s-Recursos das Inscri\u00e7\u00f5es<\/a><\/h2>\n\n<div class=\"wp-block-post-date\"><time datetime=\"2024-04-30T15:21:23-03:00\">30 de abril de 2024<\/time><\/div>\n\n\n<hr class=\"wp-block-separator has-text-color has-alpha-channel-opacity has-background is-style-wide\" style=\"background-color:#e8ecf5;color:#e8ecf5\"\/>\n\n\n\n\n<div class=\"wp-block-post-excerpt\"><p class=\"wp-block-post-excerpt__excerpt\">A Coordenadoria do Programa de Inicia\u00e7\u00e3o Cient\u00edfica e Tecnol\u00f3gica da Universidade Federal do Paran\u00e1 informa que hoje, 30\/04\/2024, foram divulgadas as Listas de Inscri\u00e7\u00f5es Homologadas P\u00f3s-Recursos por Programa (PIBIC, PIBIC-AF, PIBIC-EM, PIBITI) do Edital 02\/2024 PRPPG\/ICT. Para verificar as Listas de Inscri\u00e7\u00f5es Homologadas P\u00f3s-Recursos do Edital 02\/2024 PRPPG\/ICT: CLIQUE AQUI<\/p><p class=\"wp-block-post-excerpt__more-text\"><a class=\"wp-block-post-excerpt__more-link\" href=\"https:\/\/ufpr.br\/propg\/edital-02-2024-prppg-ict-homologacao-pos-recursos-das-inscricoes\/\">Leia mais<\/a><\/p><\/div>\n\n\n<hr class=\"wp-block-separator has-text-color has-alpha-channel-opacity has-background is-style-wide\" style=\"background-color:#e8ecf5;color:#e8ecf5\"\/>\n\n<\/li><li class=\"wp-block-post post-16706 post type-post status-publish format-standard hentry category-editais-e-processos-seletivos category-iniciacao-cientifica-e-tecnologica\">\n<h2 style=\"color:#243673;\" class=\"has-link-color wp-elements-a7bac71bb8bd9e8cc12057bec999e0ed wp-block-post-title has-text-color\"><a href=\"https:\/\/ufpr.br\/propg\/edital-02-2024-prppg-ict-homologacao-das-inscricoes\/\" target=\"_self\" >Edital 02\/2024 PRPPG\/ICT: Homologa\u00e7\u00e3o das Inscri\u00e7\u00f5es<\/a><\/h2>\n\n<div class=\"wp-block-post-date\"><time datetime=\"2024-04-16T15:21:15-03:00\">16 de abril de 2024<\/time><\/div>\n\n\n<hr class=\"wp-block-separator has-text-color has-alpha-channel-opacity has-background is-style-wide\" style=\"background-color:#e8ecf5;color:#e8ecf5\"\/>\n\n\n\n\n<div class=\"wp-block-post-excerpt\"><p class=\"wp-block-post-excerpt__excerpt\">A Coordenadoria do Programa de Inicia\u00e7\u00e3o Cient\u00edfica e Tecnol\u00f3gica da Universidade Federal do Paran\u00e1 informa que hoje, 16\/04\/2024, foram divulgadas as Listas de Inscri\u00e7\u00f5es Homologadas por Programa (PIBIC, PIBIC-AF, PIBIC-EM, PIBITI) do Edital 02\/2024 PRPPG\/ICT. Para verificar as Listas de Inscri\u00e7\u00f5es Homologadas do Edital 02\/2024 PRPPG\/ICT: CLIQUE AQUI<\/p><p class=\"wp-block-post-excerpt__more-text\"><a class=\"wp-block-post-excerpt__more-link\" href=\"https:\/\/ufpr.br\/propg\/edital-02-2024-prppg-ict-homologacao-das-inscricoes\/\">Leia mais<\/a><\/p><\/div>\n\n\n<hr class=\"wp-block-separator has-text-color has-alpha-channel-opacity has-background is-style-wide\" style=\"background-color:#e8ecf5;color:#e8ecf5\"\/>\n\n<\/li><li class=\"wp-block-post post-16698 post type-post status-publish format-standard hentry category-editais-e-processos-seletivos category-iniciacao-cientifica-e-tecnologica\">\n<h2 style=\"color:#243673;\" class=\"has-link-color wp-elements-a7bac71bb8bd9e8cc12057bec999e0ed wp-block-post-title has-text-color\"><a href=\"https:\/\/ufpr.br\/propg\/edital-02-2024-prppg-ict-proximas-etapas\/\" target=\"_self\" >Edital 02\/2024 PRPPG\/ICT: Pr\u00f3ximas etapas<\/a><\/h2>\n\n<div class=\"wp-block-post-date\"><time datetime=\"2024-03-26T17:19:13-03:00\">26 de mar\u00e7o de 2024<\/time><\/div>\n\n\n<hr class=\"wp-block-separator has-text-color has-alpha-channel-opacity has-background is-style-wide\" style=\"background-color:#e8ecf5;color:#e8ecf5\"\/>\n\n\n\n\n<div class=\"wp-block-post-excerpt\"><p class=\"wp-block-post-excerpt__excerpt\">A Coordenadoria do Programa de Inicia\u00e7\u00e3o Cient\u00edfica e Tecnol\u00f3gica da Universidade Federal do Paran\u00e1 informa que 942 professoras e professores da UFPR realizaram inscri\u00e7\u00f5es para o Edital 02\/2024 PRPPG\/ICT, sendo que no total foram submetidos 1154 planos de trabalho. A publica\u00e7\u00e3o das inscri\u00e7\u00f5es homologadas ocorrer\u00e1 no dia 16\/04\/2024. Solicitamos que as professoras e os professores&hellip;<\/p><p class=\"wp-block-post-excerpt__more-text\"><a class=\"wp-block-post-excerpt__more-link\" href=\"https:\/\/ufpr.br\/propg\/edital-02-2024-prppg-ict-proximas-etapas\/\">Leia mais<\/a><\/p><\/div>\n\n\n<hr class=\"wp-block-separator has-text-color has-alpha-channel-opacity has-background is-style-wide\" style=\"background-color:#e8ecf5;color:#e8ecf5\"\/>\n\n<\/li><\/ul>\n\n<nav class=\"wp-block-query-pagination is-layout-flex wp-block-query-pagination-is-layout-flex\" aria-label=\"Pagina\u00e7\u00e3o\">\n\n\n<div class=\"wp-block-query-pagination-numbers\"><span aria-current=\"page\" class=\"page-numbers current\">1<\/span>\n<a class=\"page-numbers\" href=\"?query-30-page=2\">2<\/a>\n<a class=\"page-numbers\" href=\"?query-30-page=3\">3<\/a>\n<span class=\"page-numbers dots\">&hellip;<\/span>\n<a class=\"page-numbers\" href=\"?query-30-page=6\">6<\/a><\/div>\n\n<a href=\"\/propg\/wp-json\/wp\/v2\/pages\/12478?query-30-page=2\" class=\"wp-block-query-pagination-next\">Pr\u00f3xima p\u00e1gina<\/a>\n<\/nav>\n\n\n<hr class=\"wp-block-separator has-text-color has-alpha-channel-opacity has-background is-style-wide\" style=\"background-color:#e8ecf5;color:#e8ecf5\"\/>\n<\/div>\n\n\n\n<p class=\"has-text-color has-link-color wp-elements-35347cca6bfe07bb2bf966001a1b447f\" style=\"color:#243673\"><strong><a href=\"#topo\" title=\"\">Voltar ao topo<\/a><\/strong><\/p>\n<\/div>\n\n\n\n<div class=\"wp-block-column is-layout-flow wp-block-column-is-layout-flow\" style=\"flex-basis:1%\"><\/div>\n<\/div>\n\n\n\n<p><\/p>\n","protected":false},"excerpt":{"rendered":"<p>Voltar ao topo<\/p>\n","protected":false},"author":5,"featured_media":0,"parent":0,"menu_order":0,"comment_status":"closed","ping_status":"closed","template":"","meta":{"footnotes":""},"class_list":["post-12478","page","type-page","status-publish","hentry"],"_links":{"self":[{"href":"https:\/\/ufpr.br\/propg\/wp-json\/wp\/v2\/pages\/12478","targetHints":{"allow":["GET"]}}],"collection":[{"href":"https:\/\/ufpr.br\/propg\/wp-json\/wp\/v2\/pages"}],"about":[{"href":"https:\/\/ufpr.br\/propg\/wp-json\/wp\/v2\/types\/page"}],"author":[{"embeddable":true,"href":"https:\/\/ufpr.br\/propg\/wp-json\/wp\/v2\/users\/5"}],"replies":[{"embeddable":true,"href":"https:\/\/ufpr.br\/propg\/wp-json\/wp\/v2\/comments?post=12478"}],"version-history":[{"count":3,"href":"https:\/\/ufpr.br\/propg\/wp-json\/wp\/v2\/pages\/12478\/revisions"}],"predecessor-version":[{"id":18222,"href":"https:\/\/ufpr.br\/propg\/wp-json\/wp\/v2\/pages\/12478\/revisions\/18222"}],"wp:attachment":[{"href":"https:\/\/ufpr.br\/propg\/wp-json\/wp\/v2\/media?parent=12478"}],"curies":[{"name":"wp","href":"https:\/\/api.w.org\/{rel}","templated":true}]}}