{"id":12064,"date":"2025-08-19T19:46:30","date_gmt":"2025-08-19T22:46:30","guid":{"rendered":"https:\/\/ufpr.br\/?page=12064"},"modified":"2025-08-19T20:33:53","modified_gmt":"2025-08-19T23:33:53","slug":"edital-01-2018-prppg-cpg-uba","status":"publish","type":"page","link":"https:\/\/ufpr.br\/propg\/editais\/edital-de-bolsas-de-pos-doc-fa-capes-2018\/edital-01-2018-prppg-cpg-uba\/","title":{"rendered":"Edital 01\/2018 \u2013 PRPPG\/CPG\/UBA"},"content":{"rendered":"\n<div style=\"height:50px\" aria-hidden=\"true\" class=\"wp-block-spacer\"><\/div>\n\n\n\n<div class=\"wp-block-columns is-layout-flex wp-container-core-columns-is-layout-9d6595d7 wp-block-columns-is-layout-flex\">\n<div class=\"wp-block-column is-layout-flow wp-block-column-is-layout-flow\" style=\"flex-basis:20%\" id=\"topo\">\n<div style=\"height:15px\" aria-hidden=\"true\" class=\"wp-block-spacer\"><\/div>\n\n\n<div class=\"wp-block-image\">\n<figure class=\"aligncenter size-full is-resized\"><img decoding=\"async\" src=\"https:\/\/ufpr.br\/propg\/wp-content\/uploads\/2024\/10\/Icone_DocumentosMao_Rosa.png\" alt=\"\" class=\"wp-image-6130\" style=\"width:100px;height:auto\"\/><\/figure><\/div><\/div>\n\n\n\n<div class=\"wp-block-column is-layout-flow wp-block-column-is-layout-flow\" style=\"flex-basis:2%\"><\/div>\n\n\n\n<div class=\"wp-block-column is-layout-flow wp-block-column-is-layout-flow\" style=\"flex-basis:70%\">\n<blockquote class=\"wp-block-quote is-layout-flow wp-block-quote-is-layout-flow\">\n<p>Instru\u00e7\u00e3o para o Edital Interno n.\u00ba 01\/2018 \u2013 PRPPG\/CPG\/UBA \u2013 Bolsa P\u00f3s Doutorado Funda\u00e7\u00e3o Arauc\u00e1ria\/CAPES<\/p>\n<\/blockquote>\n\n\n\n<div style=\"height:25px\" aria-hidden=\"true\" class=\"wp-block-spacer\"><\/div>\n\n\n\n<div class=\"wp-block-columns is-layout-flex wp-container-core-columns-is-layout-9d6595d7 wp-block-columns-is-layout-flex\">\n<div class=\"wp-block-column is-layout-flow wp-block-column-is-layout-flow\">\n<h2 class=\"wp-block-heading has-text-align-left has-background has-medium-font-size\" style=\"background-color:#e8ecf5\">OBJETIVO<\/h2>\n\n\n\n<hr class=\"wp-block-separator has-text-color has-alpha-channel-opacity has-background is-style-wide\" style=\"background-color:#e8ecf5;color:#e8ecf5\"\/>\n\n\n\n<p>Financiar, por meio da concess\u00e3o de Bolsas de P\u00f3s-doutorado no pa\u00eds, o desenvolvimento de atividades de pesquisa e p\u00f3s-gradua\u00e7\u00e3o por profissionais pesquisadores, portadores do t\u00edtulo de Doutor e que n\u00e3o possuam v\u00ednculo empregat\u00edcio. As atividades ser\u00e3o desenvolvidas sob a responsabilidade de docentes permanentes que atuam nos Programas de P\u00f3s-gradua\u00e7\u00e3o\u00a0<em>Stricto Sensu<\/em>\u00a0da UFPR.<\/p>\n\n\n\n<div style=\"height:50px\" aria-hidden=\"true\" class=\"wp-block-spacer\"><\/div>\n<\/div>\n<\/div>\n\n\n\n<h2 class=\"wp-block-heading has-text-align-left has-background has-medium-font-size\" style=\"background-color:#e8ecf5\">ENVIO DAS PROPOSTAS<\/h2>\n\n\n\n<hr class=\"wp-block-separator has-text-color has-alpha-channel-opacity has-background is-style-wide\" style=\"background-color:#e8ecf5;color:#e8ecf5\"\/>\n\n\n\n<p>Os PPGs aptos devem submeter suas propostas e anexar toda a documenta\u00e7\u00e3o informada no\u00a0<em><u>checklist<\/u><\/em>\u00a0(ver mais abaixo),\u00a0<strong>exclusivamente via Sistema SEI \u2013\u00a0<\/strong>endere\u00e7adas para a caixa <strong><u>UFPR\/R\/PRPPG\/CPGSS\/UBA<\/u><\/strong>,\u00a0<strong><u>at\u00e9 \u00e0s 23h59 do dia 10\/12\/2018<\/u><\/strong>, hor\u00e1rio de Bras\u00edlia.<\/p>\n\n\n\n<p>Recomendamos inicialmente a leitura sobre as informa\u00e7\u00f5es relacionadas a&nbsp;<strong>Modalidade B<\/strong>&nbsp;presente na Chamada P\u00fablica 13\/18 FA\/CAPES. Acesse a&nbsp;<strong>CP 13\/2018 \u2013 FA\/CAPES<\/strong>&nbsp;atrav\u00e9s do link abaixo:<\/p>\n\n\n\n<p><a href=\"http:\/\/www.fappr.pr.gov.br\/arquivos\/File\/chamadas2018\/2018_CP13_PosDoc_v3.pdf\" target=\"_blank\" rel=\"noreferrer noopener\"><strong>http:\/\/www.fappr.pr.gov.br\/arquivos\/File\/chamadas2018\/2018_CP13_PosDoc_v3.pdf<\/strong><\/a><\/p>\n\n\n\n<p>Em caso de atendimento dos requisitos l\u00e1 estabelecidos sugerimos que o&nbsp;<strong>preenchimento da planilha (produ\u00e7\u00e3o intelectual do programa)<\/strong>&nbsp;ocorra antes da&nbsp;<strong><u>abertura do processo no SEI<\/u><\/strong>.<\/p>\n\n\n\n<div style=\"height:15px\" aria-hidden=\"true\" class=\"wp-block-spacer\"><\/div>\n\n\n\n<hr class=\"wp-block-separator has-alpha-channel-opacity is-style-dots\"\/>\n\n\n\n<div style=\"height:20px\" aria-hidden=\"true\" class=\"wp-block-spacer\"><\/div>\n\n\n\n<h2 class=\"wp-block-heading\">*Aten\u00e7\u00e3o para as seguintes considera\u00e7\u00f5es sobre o preenchimento da planilha:<\/h2>\n\n\n\n<div style=\"height:15px\" aria-hidden=\"true\" class=\"wp-block-spacer\"><\/div>\n\n\n\n<ol class=\"wp-block-list\">\n<li>Preencher\u00a0<strong>somente os campos em cinza<\/strong>.<\/li>\n<\/ol>\n\n\n\n<ol start=\"2\" class=\"wp-block-list\">\n<li>O PPG precisa declarar\u00a0<strong>todos<\/strong>\u00a0os docentes permanentes do programa em 2018.<\/li>\n<\/ol>\n\n\n\n<ol start=\"3\" class=\"wp-block-list\">\n<li><strong>N\u00e3o excluir<\/strong>\u00a0nenhuma coluna, nem linha.<\/li>\n<\/ol>\n\n\n\n<ol start=\"4\" class=\"wp-block-list\">\n<li>Ap\u00f3s concluir o preenchimento da planilha, inserir o documento no Processo SEI com o\u00a0<strong>formato XLSX (excel)<\/strong>.<\/li>\n<\/ol>\n\n\n\n<ol start=\"5\" class=\"wp-block-list\">\n<li>Havendo necessidade de inserir linhas adicionais, favor entrar em contato com a UBA (no ramal \u2013 5268 ou e-mail: bolsaprppg@ufpr.br).<\/li>\n<\/ol>\n\n\n\n<hr class=\"wp-block-separator has-text-color has-alpha-channel-opacity has-background is-style-wide\" style=\"background-color:#e8ecf5;color:#e8ecf5\"\/>\n\n\n\n<p>A PRPPG n\u00e3o se responsabilizar\u00e1 por propostas n\u00e3o recebidas em decorr\u00eancia de eventuais problemas t\u00e9cnicos e\/ou congestionamentos das linhas de comunica\u00e7\u00e3o. Somente propostas encaminhadas atrav\u00e9s de processo administrativo SEI e enviadas para o endere\u00e7o\u00a0<strong>UFPR\/R\/PRPPG\/CPGSS\/UBA\u00a0<\/strong>ser\u00e3o avaliadas. As demais ser\u00e3o desclassificadas.<\/p>\n\n\n\n<hr class=\"wp-block-separator has-text-color has-alpha-channel-opacity has-background is-style-wide\" style=\"background-color:#e8ecf5;color:#e8ecf5\"\/>\n\n\n\n<p><strong>* Aten\u00e7\u00e3o<\/strong>: a veracidade dos dados \u00e9 de responsabilidade dos proponentes.\u00a0<strong>A inconsist\u00eancia do envio dos dados (dados incorretos, incompletos ou enviados fora do prazo) poder\u00e1 impactar diretamente na an\u00e1lise<\/strong>realizada pela Comiss\u00e3o de Avalia\u00e7\u00e3o.<\/p>\n\n\n\n<div style=\"height:15px\" aria-hidden=\"true\" class=\"wp-block-spacer\"><\/div>\n\n\n\n<hr class=\"wp-block-separator has-alpha-channel-opacity is-style-dots\"\/>\n\n\n\n<div style=\"height:20px\" aria-hidden=\"true\" class=\"wp-block-spacer\"><\/div>\n\n\n\n<h2 class=\"wp-block-heading\">Checklist Instrumenta\u00e7\u00e3o processo SEI<\/h2>\n\n\n\n<hr class=\"wp-block-separator has-text-color has-alpha-channel-opacity has-background is-style-wide\" style=\"background-color:#e8ecf5;color:#e8ecf5\"\/>\n\n\n\n<p><strong>Rela\u00e7\u00e3o de documentos e informa\u00e7\u00f5es necess\u00e1rias \u00e0 instru\u00e7\u00e3o processual de propostas para o\u00a0Edital Interno n.\u00ba 01\/2018 \u2013 PRPPG\/CPG\/UBA \u2013 Bolsa P\u00f3s-Doc.<\/strong><\/p>\n\n\n\n<hr class=\"wp-block-separator has-text-color has-alpha-channel-opacity has-background is-style-wide\" style=\"background-color:#e8ecf5;color:#e8ecf5\"\/>\n\n\n\n<ol class=\"wp-block-list\">\n<li>Of\u00edcio \u2013 gerado nativamente dentro do processo SEI \u2013 do PPG apresentando a candidatura e contendo obrigatoriamente estas informa\u00e7\u00f5es:<\/li>\n<\/ol>\n\n\n\n<div class=\"wp-block-columns is-layout-flex wp-container-core-columns-is-layout-9d6595d7 wp-block-columns-is-layout-flex\">\n<div class=\"wp-block-column is-layout-flow wp-block-column-is-layout-flow\" style=\"flex-basis:1%\"><\/div>\n\n\n\n<div class=\"wp-block-column is-layout-flow wp-block-column-is-layout-flow\" style=\"flex-basis:99%\">\n<ul class=\"wp-block-list\">\n<li>Nome do PPG solicitante.<\/li>\n<\/ul>\n\n\n\n<ul class=\"wp-block-list\">\n<li>Nome completo e CPF da(s) pessoa(s) indicada(s) pelo PPG para concess\u00e3o de bolsa.<\/li>\n<\/ul>\n\n\n\n<ul class=\"wp-block-list\">\n<li>Rela\u00e7\u00e3o de documentos inseridos pelo PPG constantes no processo.<\/li>\n<\/ul>\n<\/div>\n<\/div>\n\n\n\n<ol start=\"2\" class=\"wp-block-list\">\n<li>Edital do Processo Seletivo Interno (formato PDF).<\/li>\n<\/ol>\n\n\n\n<ol start=\"3\" class=\"wp-block-list\">\n<li>Planilha contendo a produ\u00e7\u00e3o intelectual do programa e do candidato (formato XLSX(excel). O preenchimento do n\u00famero do registro ORCID para o pesquisador e de seu orientador \u00e9 obrigat\u00f3rio. O nome do arquivo desta planilha dever\u00e1 conter o nome o candidato. Caso haja mais de um candidato o PPG dever\u00e1 preencher uma planilha contendo os dados do interessado e de seu Orientador. (download abaixo).<\/li>\n<\/ol>\n\n\n\n<ol start=\"4\" class=\"wp-block-list\">\n<li>Termo de Compromisso do Orientador \u2013 documento emitido pelo Orientador apontado na proposta do PPG estabelecendo o compromisso para conduzir a orienta\u00e7\u00e3o do bolsista em quest\u00e3o. (download abaixo).<\/li>\n<\/ol>\n\n\n\n<ol start=\"5\" class=\"wp-block-list\">\n<li>Ata de aprova\u00e7\u00e3o do colegiado da indica\u00e7\u00e3o do benefici\u00e1rio da bolsa.<\/li>\n<\/ol>\n\n\n\n<ol start=\"6\" class=\"wp-block-list\">\n<li>Curr\u00edculo Lattes atualizado do Candidato.<\/li>\n<\/ol>\n\n\n\n<ol start=\"7\" class=\"wp-block-list\">\n<li>Curr\u00edculo Lattes atualizado do Orientador.<\/li>\n<\/ol>\n\n\n\n<ol start=\"8\" class=\"wp-block-list\">\n<li>Plano de trabalho (projeto).<\/li>\n<\/ol>\n\n\n\n<div style=\"height:50px\" aria-hidden=\"true\" class=\"wp-block-spacer\"><\/div>\n\n\n\n<h2 class=\"wp-block-heading has-text-align-left has-background has-medium-font-size\" style=\"background-color:#e8ecf5\">CRONOGRAMA DO EDITAL<\/h2>\n\n\n\n<hr class=\"wp-block-separator has-text-color has-alpha-channel-opacity has-background is-style-wide\" style=\"background-color:#e8ecf5;color:#e8ecf5\"\/>\n\n\n\n<ol class=\"wp-block-list\">\n<li>Submiss\u00e3o eletr\u00f4nica das propostas:\u00a0<strong>at\u00e9 \u00e0s 23h59 de 10\/12\/2018<\/strong>\u00a0(hor\u00e1rio de Bras\u00edlia), pelo sistema SEI (<strong>UFPR\/R\/PRPPG\/CPGSS\/UBA<\/strong>).<\/li>\n<\/ol>\n\n\n\n<ol start=\"2\" class=\"wp-block-list\">\n<li>Divulga\u00e7\u00e3o final das propostas contempladas:\u00a0<strong>A partir de 17\/12\/2018<\/strong>.<\/li>\n<\/ol>\n\n\n\n<ol start=\"3\" class=\"wp-block-list\">\n<li>Prazo para recursos do resultado final:\u00a0<strong>At\u00e9 \u00e0s 23h59 do dia 18\/12\/2018<\/strong>.<\/li>\n<\/ol>\n\n\n\n<ol start=\"4\" class=\"wp-block-list\">\n<li>Contrata\u00e7\u00e3o das propostas aprovadas:\u00a0<strong>A partir de fevereiro de 2019<\/strong>, conforme cronograma edital FA.<\/li>\n<\/ol>\n\n\n\n<div style=\"height:50px\" aria-hidden=\"true\" class=\"wp-block-spacer\"><\/div>\n\n\n\n<div class=\"wp-block-columns is-layout-flex wp-container-core-columns-is-layout-9d6595d7 wp-block-columns-is-layout-flex\">\n<div class=\"wp-block-column is-layout-flow wp-block-column-is-layout-flow\">\n<h2 class=\"wp-block-heading has-text-align-left has-background has-medium-font-size\" style=\"background-color:#e8ecf5\">AN\u00c1LISE DAS PROPOSTAS<\/h2>\n\n\n\n<hr class=\"wp-block-separator has-text-color has-alpha-channel-opacity has-background is-style-wide\" style=\"background-color:#e8ecf5;color:#e8ecf5\"\/>\n\n\n\n<p>As propostas submetidas pelos programas de p\u00f3s-gradua\u00e7\u00e3o ser\u00e3o analisadas pela Comiss\u00e3o de Avalia\u00e7\u00e3o, conforme cronograma mencionado acima.<\/p>\n\n\n\n<div style=\"height:50px\" aria-hidden=\"true\" class=\"wp-block-spacer\"><\/div>\n<\/div>\n<\/div>\n\n\n\n<div class=\"wp-block-columns is-layout-flex wp-container-core-columns-is-layout-9d6595d7 wp-block-columns-is-layout-flex\">\n<div class=\"wp-block-column is-layout-flow wp-block-column-is-layout-flow\">\n<h2 class=\"wp-block-heading has-text-align-left has-background has-medium-font-size\" style=\"background-color:#e8ecf5\">LINKS DOS DOCUMENTOS EDITAL INTERNO N\u00ba 01\/2018 &#8211; UFPR\/CPG\/UBA \u2013 BOLSA P\u00d3S-DOC<\/h2>\n\n\n\n<hr class=\"wp-block-separator has-text-color has-alpha-channel-opacity has-background is-style-wide\" style=\"background-color:#e8ecf5;color:#e8ecf5\"\/>\n\n\n\n<ul class=\"wp-block-list\">\n<li>Edital Interno n.\u00ba 01\/2018 \u2013 UFPR\/CPG\/UBA \u2013 Bolsa P\u00f3s-Doc.\u00a0(<a href=\"https:\/\/ufpr.br\/propg\/wp-content\/uploads\/2025\/08\/edital-interno_bolsa-pos-doc.pdf\" target=\"_blank\" rel=\"noreferrer noopener\">Edital Interno de Bolsa Pos-Doc<\/a>)<\/li>\n<\/ul>\n\n\n\n<ul class=\"wp-block-list\">\n<li>Planilha de produ\u00e7\u00e3o intelectual do Programa.\u00a0(<a href=\"https:\/\/ufpr.br\/propg\/wp-content\/uploads\/2025\/08\/planilha-prod-intelectualppg_site_19112018.xlsx\" target=\"_blank\" rel=\"noreferrer noopener\">Planilha de produ\u00e7\u00e3o intelectual do PPG<\/a>)<\/li>\n<\/ul>\n\n\n\n<ul class=\"wp-block-list\">\n<li>Carta do Orientador (Termo de compromisso).\u00a0(<a href=\"https:\/\/ufpr.br\/propg\/wp-content\/uploads\/2025\/08\/termo-compromisso_orientador.pdf\" target=\"_blank\" rel=\"noreferrer noopener\">Termo Compromisso do Orientador<\/a>)<\/li>\n<\/ul>\n\n\n\n<ul class=\"wp-block-list\">\n<li>Checklist instrumenta\u00e7\u00e3o do processo SEI.\u00a0(<a href=\"https:\/\/ufpr.br\/propg\/wp-content\/uploads\/2025\/08\/checklist-instrumentao-processo-sei.pdf\" target=\"_blank\" rel=\"noreferrer noopener\">Checklist de instrumenta\u00e7\u00e3o processo SEI<\/a>)<\/li>\n<\/ul>\n<\/div>\n<\/div>\n\n\n\n<hr class=\"wp-block-separator has-text-color has-alpha-channel-opacity has-background is-style-wide\" style=\"background-color:#e8ecf5;color:#e8ecf5\"\/>\n\n\n\n<p class=\"has-text-color has-link-color wp-elements-16631d866001ae142cbdd3786f7ccd26\" style=\"color:#243673\"><strong><a title=\"\" href=\"#topo\">Voltar ao topo<\/a><\/strong><\/p>\n<\/div>\n\n\n\n<div class=\"wp-block-column is-layout-flow wp-block-column-is-layout-flow\" style=\"flex-basis:7%\"><\/div>\n<\/div>\n\n\n\n<p><\/p>\n","protected":false},"excerpt":{"rendered":"<p>Instru\u00e7\u00e3o para o Edital Interno n.\u00ba 01\/2018 \u2013 PRPPG\/CPG\/UBA \u2013 Bolsa P\u00f3s Doutorado Funda\u00e7\u00e3o Arauc\u00e1ria\/CAPES OBJETIVO Financiar, por meio da concess\u00e3o de Bolsas de P\u00f3s-doutorado no pa\u00eds, o desenvolvimento de atividades de pesquisa e p\u00f3s-gradua\u00e7\u00e3o por profissionais pesquisadores, portadores do t\u00edtulo de Doutor e que n\u00e3o possuam v\u00ednculo empregat\u00edcio. As atividades ser\u00e3o desenvolvidas sob a [&hellip;]<\/p>\n","protected":false},"author":5,"featured_media":0,"parent":12039,"menu_order":0,"comment_status":"closed","ping_status":"closed","template":"","meta":{"footnotes":""},"class_list":["post-12064","page","type-page","status-publish","hentry"],"_links":{"self":[{"href":"https:\/\/ufpr.br\/propg\/wp-json\/wp\/v2\/pages\/12064","targetHints":{"allow":["GET"]}}],"collection":[{"href":"https:\/\/ufpr.br\/propg\/wp-json\/wp\/v2\/pages"}],"about":[{"href":"https:\/\/ufpr.br\/propg\/wp-json\/wp\/v2\/types\/page"}],"author":[{"embeddable":true,"href":"https:\/\/ufpr.br\/propg\/wp-json\/wp\/v2\/users\/5"}],"replies":[{"embeddable":true,"href":"https:\/\/ufpr.br\/propg\/wp-json\/wp\/v2\/comments?post=12064"}],"version-history":[{"count":24,"href":"https:\/\/ufpr.br\/propg\/wp-json\/wp\/v2\/pages\/12064\/revisions"}],"predecessor-version":[{"id":12095,"href":"https:\/\/ufpr.br\/propg\/wp-json\/wp\/v2\/pages\/12064\/revisions\/12095"}],"up":[{"embeddable":true,"href":"https:\/\/ufpr.br\/propg\/wp-json\/wp\/v2\/pages\/12039"}],"wp:attachment":[{"href":"https:\/\/ufpr.br\/propg\/wp-json\/wp\/v2\/media?parent=12064"}],"curies":[{"name":"wp","href":"https:\/\/api.w.org\/{rel}","templated":true}]}}