{"id":12050,"date":"2025-08-15T22:02:49","date_gmt":"2025-08-16T01:02:49","guid":{"rendered":"https:\/\/ufpr.br\/?page=12050"},"modified":"2025-08-15T22:12:25","modified_gmt":"2025-08-16T01:12:25","slug":"bolsas-pos-doutorado","status":"publish","type":"page","link":"https:\/\/ufpr.br\/propg\/editais\/edital-de-bolsas-de-pos-doc-fa-capes-2018\/bolsas-pos-doutorado\/","title":{"rendered":"Chamada 13\/2018 \u2013 Funda\u00e7\u00e3o Arauc\u00e1ria\/Capes: Bolsas P\u00f3s Doutorado"},"content":{"rendered":"\n<div style=\"height:50px\" aria-hidden=\"true\" class=\"wp-block-spacer\"><\/div>\n\n\n\n<div class=\"wp-block-columns is-layout-flex wp-container-core-columns-is-layout-9d6595d7 wp-block-columns-is-layout-flex\">\n<div class=\"wp-block-column is-layout-flow wp-block-column-is-layout-flow\" style=\"flex-basis:20%\" id=\"topo\"><div class=\"wp-block-image\">\n<figure class=\"aligncenter size-full is-resized\"><img decoding=\"async\" src=\"https:\/\/ufpr.br\/propg\/wp-content\/uploads\/2024\/10\/Icone_DocumentosMao_Rosa.png\" alt=\"\" class=\"wp-image-6130\" style=\"width:100px;height:auto\"\/><\/figure><\/div><\/div>\n\n\n\n<div class=\"wp-block-column is-layout-flow wp-block-column-is-layout-flow\" style=\"flex-basis:2%\"><\/div>\n\n\n\n<div class=\"wp-block-column is-layout-flow wp-block-column-is-layout-flow\" style=\"flex-basis:70%\">\n<p>Acesse\u00a0<a href=\"http:\/\/www.fappr.pr.gov.br\/modules\/conteudo\/conteudo.php?conteudo=11\" target=\"_blank\" rel=\"noreferrer noopener\">aqui<\/a>\u00a0o Edital. <\/p>\n\n\n\n<p>Informa\u00e7\u00e3o geral consulte\u00a0<a href=\"https:\/\/ufpr.br\/propg\/wp-content\/uploads\/2025\/08\/memorando-circular_edital-fa_capes.pdf\" target=\"_blank\" rel=\"noreferrer noopener\">Memorando Circular UBA n.\u00ba 1\/2018<\/a><\/p>\n\n\n\n<hr class=\"wp-block-separator has-text-color has-alpha-channel-opacity has-background is-style-wide\" style=\"background-color:#e8ecf5;color:#e8ecf5\"\/>\n\n\n\n<p><a href=\"https:\/\/ufpr.br\/propg\/wp-content\/uploads\/2025\/08\/esclarecimento-dvidas_cp-132018_fa-capes.pdf\" target=\"_blank\" rel=\"noreferrer noopener\">Esclarecimento d\u00favidas CP 13\/2018 FA Capes<\/a><\/p>\n\n\n\n<hr class=\"wp-block-separator has-text-color has-alpha-channel-opacity has-background is-style-wide\" style=\"background-color:#e8ecf5;color:#e8ecf5\"\/>\n\n\n\n<p>A&nbsp;<strong>Modalidade A<\/strong>&nbsp;<strong>\u00e9 destinada para docentes e pesquisadores integrantes do quadro ativo\/funcional da UFPR<\/strong>que estejam ou n\u00e3o vinculados a Programas de Doutorado em funcionamento na UFPR. Esclarecemos que o desenvolvimento da atividade acad\u00eamica&nbsp;<strong>n\u00e3o poder\u00e1 ser conduzida no \u00e2mbito da UFPR<\/strong>&nbsp;e por este motivo o interessado dever\u00e1 obter autoriza\u00e7\u00e3o institucional para afastamento para qualifica\u00e7\u00e3o profissional conforme previsto em legisla\u00e7\u00e3o espec\u00edfica. A candidatura dos interessados nesta modalidade&nbsp;<strong>ser\u00e1 conduzida pelo pr\u00f3prio interessado<\/strong>&nbsp;e \u00e9 entendida por esta Pr\u00f3-Reitoria como candidatura individual.<\/p>\n\n\n\n<p>A&nbsp;<strong>Modalidade B \u00e9 destinada para docentes e pesquisadores&nbsp; que n\u00e3o fazem parte dos quadro ativo\/funcional da UFPR<\/strong>&nbsp;e que v\u00e3o desenvolver as atividades de pesquisa junto aos Programas de Doutorado ofertados na UFPR.&nbsp; Esclarecemos que estes docentes e pesquisadores&nbsp;<strong>devem ter t\u00edtulo de doutor e n\u00e3o possuir v\u00ednculo empregat\u00edcio<\/strong>. A candidatura para esta modalidade ser\u00e1&nbsp;<strong>institucional<\/strong>&nbsp;e a PRPPG ser\u00e1 a respons\u00e1vel por tal candidatura junto a Funda\u00e7\u00e3o Arauc\u00e1ria.&nbsp;<strong>Por este motivo n\u00e3o ser\u00e1 permitida a submiss\u00e3o de candidatura nesta modalidade que n\u00e3o seja originada nesta Pr\u00f3-Reitoria<\/strong>.<\/p>\n\n\n\n<hr class=\"wp-block-separator has-text-color has-alpha-channel-opacity has-background is-style-wide\" style=\"background-color:#e8ecf5;color:#e8ecf5\"\/>\n\n\n\n<p><strong>ATEN\u00c7\u00c3O: <\/strong>A CANDIDATURA PARA MODALIDADE B\u00a0<strong><mark style=\"background-color:rgba(0, 0, 0, 0)\" class=\"has-inline-color has-vivid-red-color\">SOMENTE PODE SER FEITA PELA PRPPG<\/mark><\/strong><\/p>\n<\/div>\n\n\n\n<div class=\"wp-block-column is-layout-flow wp-block-column-is-layout-flow\" style=\"flex-basis:7%\"><\/div>\n<\/div>\n\n\n\n<p><\/p>\n","protected":false},"excerpt":{"rendered":"<p>Acesse\u00a0aqui\u00a0o Edital. Informa\u00e7\u00e3o geral consulte\u00a0Memorando Circular UBA n.\u00ba 1\/2018 Esclarecimento d\u00favidas CP 13\/2018 FA Capes A&nbsp;Modalidade A&nbsp;\u00e9 destinada para docentes e pesquisadores integrantes do quadro ativo\/funcional da UFPRque estejam ou n\u00e3o vinculados a Programas de Doutorado em funcionamento na UFPR. Esclarecemos que o desenvolvimento da atividade acad\u00eamica&nbsp;n\u00e3o poder\u00e1 ser conduzida no \u00e2mbito da UFPR&nbsp;e por [&hellip;]<\/p>\n","protected":false},"author":5,"featured_media":0,"parent":12039,"menu_order":0,"comment_status":"closed","ping_status":"closed","template":"","meta":{"footnotes":""},"class_list":["post-12050","page","type-page","status-publish","hentry"],"_links":{"self":[{"href":"https:\/\/ufpr.br\/propg\/wp-json\/wp\/v2\/pages\/12050","targetHints":{"allow":["GET"]}}],"collection":[{"href":"https:\/\/ufpr.br\/propg\/wp-json\/wp\/v2\/pages"}],"about":[{"href":"https:\/\/ufpr.br\/propg\/wp-json\/wp\/v2\/types\/page"}],"author":[{"embeddable":true,"href":"https:\/\/ufpr.br\/propg\/wp-json\/wp\/v2\/users\/5"}],"replies":[{"embeddable":true,"href":"https:\/\/ufpr.br\/propg\/wp-json\/wp\/v2\/comments?post=12050"}],"version-history":[{"count":7,"href":"https:\/\/ufpr.br\/propg\/wp-json\/wp\/v2\/pages\/12050\/revisions"}],"predecessor-version":[{"id":12059,"href":"https:\/\/ufpr.br\/propg\/wp-json\/wp\/v2\/pages\/12050\/revisions\/12059"}],"up":[{"embeddable":true,"href":"https:\/\/ufpr.br\/propg\/wp-json\/wp\/v2\/pages\/12039"}],"wp:attachment":[{"href":"https:\/\/ufpr.br\/propg\/wp-json\/wp\/v2\/media?parent=12050"}],"curies":[{"name":"wp","href":"https:\/\/api.w.org\/{rel}","templated":true}]}}