{"id":12045,"date":"2025-08-15T21:55:47","date_gmt":"2025-08-16T00:55:47","guid":{"rendered":"https:\/\/ufpr.br\/?page=12045"},"modified":"2025-08-19T20:36:42","modified_gmt":"2025-08-19T23:36:42","slug":"chamada-publica-13-2018-fundacao-araucaria","status":"publish","type":"page","link":"https:\/\/ufpr.br\/propg\/editais\/edital-de-bolsas-de-pos-doc-fa-capes-2018\/chamada-publica-13-2018-fundacao-araucaria\/","title":{"rendered":"Chamada P\u00fablica 13\/2018 Funda\u00e7\u00e3o Arauc\u00e1ria"},"content":{"rendered":"\n<div style=\"height:50px\" aria-hidden=\"true\" class=\"wp-block-spacer\"><\/div>\n\n\n\n<div class=\"wp-block-columns is-layout-flex wp-container-core-columns-is-layout-9d6595d7 wp-block-columns-is-layout-flex\">\n<div class=\"wp-block-column is-layout-flow wp-block-column-is-layout-flow\" style=\"flex-basis:20%\" id=\"topo\">\n<div style=\"height:15px\" aria-hidden=\"true\" class=\"wp-block-spacer\"><\/div>\n\n\n<div class=\"wp-block-image\">\n<figure class=\"aligncenter size-full is-resized\"><img decoding=\"async\" src=\"https:\/\/ufpr.br\/propg\/wp-content\/uploads\/2024\/10\/Icone_DocumentosMao_Rosa.png\" alt=\"\" class=\"wp-image-6130\" style=\"width:100px;height:auto\"\/><\/figure><\/div><\/div>\n\n\n\n<div class=\"wp-block-column is-layout-flow wp-block-column-is-layout-flow\" style=\"flex-basis:2%\"><\/div>\n\n\n\n<div class=\"wp-block-column is-layout-flow wp-block-column-is-layout-flow\" style=\"flex-basis:70%\">\n<ol class=\"wp-block-list\">\n<li>Edital da Chamada 13\/2018&nbsp;\u2013&nbsp;<a href=\"https:\/\/ufpr.br\/propg\/editais\/edital-de-bolsas-de-pos-doc-fa-capes-2018\/bolsas-pos-doutorado\/\">Funda\u00e7\u00e3o Arauc\u00e1ria\/Capes: Bolsas P\u00f3s Doutorado<\/a><\/li>\n<\/ol>\n\n\n\n<ol start=\"2\" class=\"wp-block-list\">\n<li>Comunicado sobre Processo Seletivo Interno&nbsp;&nbsp;<a href=\"https:\/\/ufpr.br\/propg\/wp-content\/uploads\/2025\/08\/comunicado-ppgs_18012019.pdf\" target=\"_blank\" rel=\"noreferrer noopener\">02\/2018\/UBA\/PRPPG<\/a><\/li>\n<\/ol>\n\n\n\n<ol start=\"3\" class=\"wp-block-list\">\n<li>Comunicado sobre Processo Seletivo Interno\u00a0\u00a0<a href=\"https:\/\/www.prppg.ufpr.br\/site\/blog\/2018\/12\/19\/comunicado-sobre-processo-seletivo-01-2018-uba-prppg\/\">01\/2018\/UBA\/PRPPG<\/a> <mark style=\"background-color:#fcb900\" class=\"has-inline-color\">link quebrado<\/mark><\/li>\n<\/ol>\n\n\n\n<ol start=\"4\" class=\"wp-block-list\">\n<li>Instru\u00e7\u00f5es para elabora\u00e7\u00e3o do\u00a0<a href=\"https:\/\/ufpr.br\/propg\/editais\/edital-de-bolsas-de-pos-doc-fa-capes-2018\/edital-01-2018-prppg-cpg-uba\/\" target=\"_blank\" rel=\"noreferrer noopener\">Edital Interno n.\u00ba 01\/2018 \u2013 PRPPG\/CPG\/UBA<\/a><\/li>\n<\/ol>\n<\/div>\n\n\n\n<div class=\"wp-block-column is-layout-flow wp-block-column-is-layout-flow\" style=\"flex-basis:7%\"><\/div>\n<\/div>\n\n\n\n<p><\/p>\n","protected":false},"excerpt":{"rendered":"","protected":false},"author":5,"featured_media":0,"parent":12039,"menu_order":0,"comment_status":"closed","ping_status":"closed","template":"","meta":{"footnotes":""},"class_list":["post-12045","page","type-page","status-publish","hentry"],"_links":{"self":[{"href":"https:\/\/ufpr.br\/propg\/wp-json\/wp\/v2\/pages\/12045","targetHints":{"allow":["GET"]}}],"collection":[{"href":"https:\/\/ufpr.br\/propg\/wp-json\/wp\/v2\/pages"}],"about":[{"href":"https:\/\/ufpr.br\/propg\/wp-json\/wp\/v2\/types\/page"}],"author":[{"embeddable":true,"href":"https:\/\/ufpr.br\/propg\/wp-json\/wp\/v2\/users\/5"}],"replies":[{"embeddable":true,"href":"https:\/\/ufpr.br\/propg\/wp-json\/wp\/v2\/comments?post=12045"}],"version-history":[{"count":8,"href":"https:\/\/ufpr.br\/propg\/wp-json\/wp\/v2\/pages\/12045\/revisions"}],"predecessor-version":[{"id":12097,"href":"https:\/\/ufpr.br\/propg\/wp-json\/wp\/v2\/pages\/12045\/revisions\/12097"}],"up":[{"embeddable":true,"href":"https:\/\/ufpr.br\/propg\/wp-json\/wp\/v2\/pages\/12039"}],"wp:attachment":[{"href":"https:\/\/ufpr.br\/propg\/wp-json\/wp\/v2\/media?parent=12045"}],"curies":[{"name":"wp","href":"https:\/\/api.w.org\/{rel}","templated":true}]}}