{"id":12039,"date":"2025-08-15T21:42:55","date_gmt":"2025-08-16T00:42:55","guid":{"rendered":"https:\/\/ufpr.br\/?page=12039"},"modified":"2026-01-07T16:16:00","modified_gmt":"2026-01-07T19:16:00","slug":"edital-de-bolsas-de-pos-doc-fa-capes-2018","status":"publish","type":"page","link":"https:\/\/ufpr.br\/propg\/editais\/edital-de-bolsas-de-pos-doc-fa-capes-2018\/","title":{"rendered":"Edital de Bolsas de P\u00f3s-Doc FA\/CAPES 2018"},"content":{"rendered":"\n<div style=\"height:50px\" aria-hidden=\"true\" class=\"wp-block-spacer\"><\/div>\n\n\n\n<div class=\"wp-block-columns is-layout-flex wp-container-core-columns-is-layout-9d6595d7 wp-block-columns-is-layout-flex\">\n<div class=\"wp-block-column is-layout-flow wp-block-column-is-layout-flow\" style=\"flex-basis:20%\" id=\"topo\">\n<div style=\"height:15px\" aria-hidden=\"true\" class=\"wp-block-spacer\"><\/div>\n\n\n<div class=\"wp-block-image\">\n<figure class=\"aligncenter size-full is-resized\"><img decoding=\"async\" src=\"https:\/\/ufpr.br\/propg\/wp-content\/uploads\/2024\/10\/Icone_DocumentosMao_Rosa.png\" alt=\"\" class=\"wp-image-6130\" style=\"width:100px;height:auto\"\/><\/figure><\/div><\/div>\n\n\n\n<div class=\"wp-block-column is-layout-flow wp-block-column-is-layout-flow\" style=\"flex-basis:2%\"><\/div>\n\n\n\n<div class=\"wp-block-column is-layout-flow wp-block-column-is-layout-flow\" style=\"flex-basis:70%\">\n<blockquote class=\"wp-block-quote is-layout-flow wp-block-quote-is-layout-flow\">\n<p>A Funda\u00e7\u00e3o Arauc\u00e1ria divulgou em 13\/02\/2019 o resultado final da CP 13\/2018 \u2013 FA\/Capes \u2013 Programa de Bolsas de P\u00f3s-Doutorado. A PRPPG foi contemplada com 05 cotas, portanto, a concess\u00e3o das mesmas ser\u00e1 feita conforme avalia\u00e7\u00e3o da Comiss\u00e3o das candidaturas encaminhadas pelos PPGs ao Edital Interno 01\/2018 PRPPG\/CPG\/UBA.<\/p>\n<\/blockquote>\n\n\n\n<div style=\"height:25px\" aria-hidden=\"true\" class=\"wp-block-spacer\"><\/div>\n\n\n\n<p>Veja o resultados das Bolsas P\u00f3s-Doc nos links abaixo:<\/p>\n\n\n\n<ul class=\"wp-block-list\">\n<li><a href=\"https:\/\/ufpr.br\/propg\/wp-content\/uploads\/2025\/10\/resultado-final-cp13fa.pdf\" target=\"_blank\" rel=\"noreferrer noopener\">Resultado Final<\/a> CP13FA<\/li>\n<\/ul>\n\n\n\n<ul class=\"wp-block-list\">\n<li><a href=\"https:\/\/ufpr.br\/propg\/wp-content\/uploads\/2025\/08\/resultado_edital-interno-012018_uba_prppg.pdf\" target=\"_blank\" rel=\"noreferrer noopener\">Resultado_Edital Interno 012018_Uba_PRPPG<\/a><\/li>\n<\/ul>\n\n\n\n<ul class=\"wp-block-list\">\n<li>Chamada\u00a0<a href=\"https:\/\/ufpr.br\/propg\/editais\/edital-de-bolsas-de-pos-doc-fa-capes-2018\/chamada-publica-13-2018-fundacao-araucaria\/\">P\u00fablica 13\/2018 da Funda\u00e7\u00e3o Arauc\u00e1ria \u2013 Edital Bolsas de P\u00f3s-doc<\/a>\u00a0<\/li>\n<\/ul>\n<\/div>\n\n\n\n<div class=\"wp-block-column is-layout-flow wp-block-column-is-layout-flow\" style=\"flex-basis:7%\"><\/div>\n<\/div>\n\n\n\n<p><\/p>\n","protected":false},"excerpt":{"rendered":"<p>A Funda\u00e7\u00e3o Arauc\u00e1ria divulgou em 13\/02\/2019 o resultado final da CP 13\/2018 \u2013 FA\/Capes \u2013 Programa de Bolsas de P\u00f3s-Doutorado. A PRPPG foi contemplada com 05 cotas, portanto, a concess\u00e3o das mesmas ser\u00e1 feita conforme avalia\u00e7\u00e3o da Comiss\u00e3o das candidaturas encaminhadas pelos PPGs ao Edital Interno 01\/2018 PRPPG\/CPG\/UBA. Veja o resultados das Bolsas P\u00f3s-Doc nos [&hellip;]<\/p>\n","protected":false},"author":5,"featured_media":0,"parent":11760,"menu_order":0,"comment_status":"closed","ping_status":"closed","template":"","meta":{"footnotes":""},"class_list":["post-12039","page","type-page","status-publish","hentry"],"_links":{"self":[{"href":"https:\/\/ufpr.br\/propg\/wp-json\/wp\/v2\/pages\/12039","targetHints":{"allow":["GET"]}}],"collection":[{"href":"https:\/\/ufpr.br\/propg\/wp-json\/wp\/v2\/pages"}],"about":[{"href":"https:\/\/ufpr.br\/propg\/wp-json\/wp\/v2\/types\/page"}],"author":[{"embeddable":true,"href":"https:\/\/ufpr.br\/propg\/wp-json\/wp\/v2\/users\/5"}],"replies":[{"embeddable":true,"href":"https:\/\/ufpr.br\/propg\/wp-json\/wp\/v2\/comments?post=12039"}],"version-history":[{"count":8,"href":"https:\/\/ufpr.br\/propg\/wp-json\/wp\/v2\/pages\/12039\/revisions"}],"predecessor-version":[{"id":47606,"href":"https:\/\/ufpr.br\/propg\/wp-json\/wp\/v2\/pages\/12039\/revisions\/47606"}],"up":[{"embeddable":true,"href":"https:\/\/ufpr.br\/propg\/wp-json\/wp\/v2\/pages\/11760"}],"wp:attachment":[{"href":"https:\/\/ufpr.br\/propg\/wp-json\/wp\/v2\/media?parent=12039"}],"curies":[{"name":"wp","href":"https:\/\/api.w.org\/{rel}","templated":true}]}}