{"id":11937,"date":"2025-08-14T20:34:22","date_gmt":"2025-08-14T23:34:22","guid":{"rendered":"https:\/\/ufpr.br\/?page=11937"},"modified":"2026-01-07T16:11:11","modified_gmt":"2026-01-07T19:11:11","slug":"programa-doutorado-sanduiche-no-exterior-pdse-2019-capes","status":"publish","type":"page","link":"https:\/\/ufpr.br\/propg\/siprop\/editais-e-oportunidades\/programa-doutorado-sanduiche-no-exterior-pdse-2019-capes\/","title":{"rendered":"Programa Doutorado Sandu\u00edche no Exterior (PDSE)-CAPES &#8211; Sa\u00edda 2019"},"content":{"rendered":"\n<div style=\"height:50px\" aria-hidden=\"true\" class=\"wp-block-spacer\"><\/div>\n\n\n\n<div class=\"wp-block-columns is-layout-flex wp-container-core-columns-is-layout-9d6595d7 wp-block-columns-is-layout-flex\">\n<div class=\"wp-block-column is-layout-flow wp-block-column-is-layout-flow\" style=\"flex-basis:20%\" id=\"topo\"><div class=\"wp-block-image\">\n<figure class=\"aligncenter size-full is-resized\"><img decoding=\"async\" src=\"https:\/\/ufpr.br\/propg\/wp-content\/uploads\/2024\/10\/Icone_DocumentosMao_Rosa.png\" alt=\"\" class=\"wp-image-6130\" style=\"width:100px;height:auto\"\/><\/figure><\/div><\/div>\n\n\n\n<div class=\"wp-block-column is-layout-flow wp-block-column-is-layout-flow\" style=\"flex-basis:2%\"><\/div>\n\n\n\n<div class=\"wp-block-column is-layout-flow wp-block-column-is-layout-flow\" style=\"flex-basis:70%\">\n<blockquote class=\"wp-block-quote is-layout-flow wp-block-quote-is-layout-flow\">\n<p>A Capes lan\u00e7ou o\u00a0<a href=\"https:\/\/goo.gl\/Lws97n\" target=\"_blank\" rel=\"noreferrer noopener\">Edital n\u00ba 41\/2018<\/a>\u00a0para sele\u00e7\u00e3o de candidatos para o doutorado sandu\u00edche no exterior (PDSE), com in\u00edcio dos estudos programado para o per\u00edodo de agosto a novembro de 2019. Neste sentido, pedimos aten\u00e7\u00e3o para um conjunto de procedimentos que ser\u00e3o necess\u00e1rios para que a UFPR tenha suas propostas bem avaliadas. Para esta finalidade, estamos encaminhando o\u00a0<a href=\"https:\/\/ufpr.br\/propg\/wp-content\/uploads\/2025\/08\/of-001-de-2019-informaes-sobre-pdse-2019.pdf\" target=\"_blank\" rel=\"noreferrer noopener\">Of\u00edcio 001 de 2019<\/a>\u00a0 com um conjunto de orienta\u00e7\u00f5es e documentos que devem ser lidos atentamente a fim de evitar desclassifica\u00e7\u00e3o da propositura.<\/p>\n<\/blockquote>\n\n\n\n<div style=\"height:50px\" aria-hidden=\"true\" class=\"wp-block-spacer\"><\/div>\n\n\n\n<p class=\"has-background\" style=\"background-color:#f0f0f0\"><strong>Aten\u00e7\u00e3o: programas participantes do CAPES PRINT\u00a0<mark style=\"background-color:rgba(0, 0, 0, 0)\" class=\"has-inline-color has-vivid-red-color\">n\u00e3o poder\u00e3o<\/mark>\u00a0indicar estudantes para este edital.\u00a0<\/strong>Consulte a listagem dos\u00a0<a href=\"https:\/\/ufpr.br\/propg\/wp-content\/uploads\/2025\/08\/programas-aptos-pdse-2019.pdf\" target=\"_blank\" rel=\"noreferrer noopener\">programas\u00a0aptos a participar.<\/a><\/p>\n\n\n\n<div style=\"height:25px\" aria-hidden=\"true\" class=\"wp-block-spacer\"><\/div>\n\n\n\n<div class=\"wp-block-columns is-layout-flex wp-container-core-columns-is-layout-9d6595d7 wp-block-columns-is-layout-flex\">\n<div class=\"wp-block-column is-layout-flow wp-block-column-is-layout-flow\">\n<hr class=\"wp-block-separator has-text-color has-alpha-channel-opacity has-background is-style-wide\" style=\"background-color:#e8ecf5;color:#e8ecf5\"\/>\n\n\n\n<p class=\"has-text-align-left\"><a href=\"https:\/\/ufpr.br\/propg\/wp-content\/uploads\/2025\/08\/resultado_selecaointernaufpr_discentesautorizados_pdse_editalcapes_41_2018.pdf\" target=\"_blank\" rel=\"noreferrer noopener\">Resultado da Sele\u00e7\u00e3o Interna UFPR<\/a><\/p>\n\n\n\n<hr class=\"wp-block-separator has-text-color has-alpha-channel-opacity has-background is-style-wide\" style=\"background-color:#e8ecf5;color:#e8ecf5\"\/>\n\n\n\n<h2 class=\"wp-block-heading\">Saiba mais<\/h2>\n\n\n\n<div style=\"height:15px\" aria-hidden=\"true\" class=\"wp-block-spacer\"><\/div>\n\n\n\n<ul class=\"wp-block-list\">\n<li><a href=\"https:\/\/ufpr.br\/propg\/wp-content\/uploads\/2025\/08\/of-001-de-2019-informaes-sobre-pdse-2019.pdf\" target=\"_blank\" rel=\"noreferrer noopener\">Of\u00edcio 001 de 2019<\/a>\u00a0que trata das\u00a0<strong>instru\u00e7\u00f5es para elabora\u00e7\u00e3o do edital interno PDSE-UFPR para os programas eleg\u00edveis<\/strong><\/li>\n<\/ul>\n\n\n\n<ul class=\"wp-block-list\">\n<li>Consulte os\u00a0<a href=\"https:\/\/ufpr.br\/propg\/wp-content\/uploads\/2025\/08\/programas-aptos-pdse-2019.pdf\" target=\"_blank\" rel=\"noreferrer noopener\">programas\u00a0<strong>aptos a participar<\/strong>\u00a0do PDSE<\/a>\u00a0(somente os PPGs n\u00e3o participantes do CAPES PRINT)<\/li>\n<\/ul>\n\n\n\n<ul class=\"wp-block-list\">\n<li>Site do PDSE&nbsp;\u2013&nbsp;<a href=\"http:\/\/capes.gov.br\/bolsas\/bolsas-no-exterior\/programa-de-doutorado-sanduiche-no-exterior-pdse\" target=\"_blank\" rel=\"noreferrer noopener\">http:\/\/capes.gov.br\/bolsas\/bolsas-no-exterior\/programa-de-doutorado-sanduiche-no-exterior-pdse<\/a><\/li>\n<\/ul>\n\n\n\n<ul class=\"wp-block-list\">\n<li>Valores das bolsas CAPES&nbsp;\u2013&nbsp;<a href=\"http:\/\/www.capes.gov.br\/bolsas\/bolsas-no-exterior\/valores-das-bolsas\" target=\"_blank\" rel=\"noreferrer noopener\">http:\/\/www.capes.gov.br\/bolsas\/bolsas-no-exterior\/valores-das-bolsas<\/a><\/li>\n<\/ul>\n\n\n\n<ul class=\"wp-block-list\">\n<li>Linha Direta CAPES&nbsp;\u2013&nbsp;<a href=\"https:\/\/linhadireta.capes.gov.br\/\" target=\"_blank\" rel=\"noreferrer noopener\">https:\/\/linhadireta.capes.gov.br<\/a><\/li>\n<\/ul>\n\n\n\n<ul class=\"wp-block-list\">\n<li><a href=\"https:\/\/ufpr.br\/propg\/wp-content\/uploads\/2025\/08\/plano-internac-ufpr-2018-2022.pdf\" target=\"_blank\" rel=\"noreferrer noopener\">Plano de Internacionaliza\u00e7\u00e3o UFPR 2018-2022<\/a><\/li>\n<\/ul>\n<\/div>\n<\/div>\n\n\n\n<hr class=\"wp-block-separator has-text-color has-alpha-channel-opacity has-background is-style-wide\" style=\"background-color:#e8ecf5;color:#e8ecf5\"\/>\n\n\n\n<p class=\"has-text-color has-link-color wp-elements-16631d866001ae142cbdd3786f7ccd26\" style=\"color:#243673\"><strong><a title=\"\" href=\"#topo\">Voltar ao topo<\/a><\/strong><\/p>\n<\/div>\n\n\n\n<div class=\"wp-block-column is-layout-flow wp-block-column-is-layout-flow\" style=\"flex-basis:7%\"><\/div>\n<\/div>\n","protected":false},"excerpt":{"rendered":"<p>A Capes lan\u00e7ou o\u00a0Edital n\u00ba 41\/2018\u00a0para sele\u00e7\u00e3o de candidatos para o doutorado sandu\u00edche no exterior (PDSE), com in\u00edcio dos estudos programado para o per\u00edodo de agosto a novembro de 2019. Neste sentido, pedimos aten\u00e7\u00e3o para um conjunto de procedimentos que ser\u00e3o necess\u00e1rios para que a UFPR tenha suas propostas bem avaliadas. Para esta finalidade, estamos [&hellip;]<\/p>\n","protected":false},"author":5,"featured_media":0,"parent":9246,"menu_order":0,"comment_status":"closed","ping_status":"closed","template":"","meta":{"footnotes":""},"class_list":["post-11937","page","type-page","status-publish","hentry"],"_links":{"self":[{"href":"https:\/\/ufpr.br\/propg\/wp-json\/wp\/v2\/pages\/11937","targetHints":{"allow":["GET"]}}],"collection":[{"href":"https:\/\/ufpr.br\/propg\/wp-json\/wp\/v2\/pages"}],"about":[{"href":"https:\/\/ufpr.br\/propg\/wp-json\/wp\/v2\/types\/page"}],"author":[{"embeddable":true,"href":"https:\/\/ufpr.br\/propg\/wp-json\/wp\/v2\/users\/5"}],"replies":[{"embeddable":true,"href":"https:\/\/ufpr.br\/propg\/wp-json\/wp\/v2\/comments?post=11937"}],"version-history":[{"count":16,"href":"https:\/\/ufpr.br\/propg\/wp-json\/wp\/v2\/pages\/11937\/revisions"}],"predecessor-version":[{"id":47599,"href":"https:\/\/ufpr.br\/propg\/wp-json\/wp\/v2\/pages\/11937\/revisions\/47599"}],"up":[{"embeddable":true,"href":"https:\/\/ufpr.br\/propg\/wp-json\/wp\/v2\/pages\/9246"}],"wp:attachment":[{"href":"https:\/\/ufpr.br\/propg\/wp-json\/wp\/v2\/media?parent=11937"}],"curies":[{"name":"wp","href":"https:\/\/api.w.org\/{rel}","templated":true}]}}