{"id":11924,"date":"2025-08-14T19:57:52","date_gmt":"2025-08-14T22:57:52","guid":{"rendered":"https:\/\/ufpr.br\/?page=11924"},"modified":"2026-01-07T15:53:08","modified_gmt":"2026-01-07T18:53:08","slug":"programa-doutorado-sanduiche-no-exterior-pdse-2020-capes","status":"publish","type":"page","link":"https:\/\/ufpr.br\/propg\/siprop\/editais-e-oportunidades\/programa-doutorado-sanduiche-no-exterior-pdse-2020-capes\/","title":{"rendered":"Programa Doutorado Sandu\u00edche no Exterior (PDSE) 2020-CAPES"},"content":{"rendered":"\n<div style=\"height:50px\" aria-hidden=\"true\" class=\"wp-block-spacer\"><\/div>\n\n\n\n<div class=\"wp-block-columns is-layout-flex wp-container-core-columns-is-layout-9d6595d7 wp-block-columns-is-layout-flex\">\n<div class=\"wp-block-column is-layout-flow wp-block-column-is-layout-flow\" style=\"flex-basis:20%\" id=\"topo\"><div class=\"wp-block-image\">\n<figure class=\"aligncenter size-full is-resized\"><img decoding=\"async\" src=\"https:\/\/ufpr.br\/propg\/wp-content\/uploads\/2024\/10\/Icone_DocumentosMao_Rosa.png\" alt=\"\" class=\"wp-image-6130\" style=\"width:100px;height:auto\"\/><\/figure><\/div><\/div>\n\n\n\n<div class=\"wp-block-column is-layout-flow wp-block-column-is-layout-flow\" style=\"flex-basis:2%\"><\/div>\n\n\n\n<div class=\"wp-block-column is-layout-flow wp-block-column-is-layout-flow\" style=\"flex-basis:70%\">\n<blockquote class=\"wp-block-quote is-layout-flow wp-block-quote-is-layout-flow\">\n<p>Em atendimento aos termos do Edital CAPES PDSE n\u00ba 19\/2020, esta Pr\u00f3-Reitoria apresenta aos interessados informa\u00e7\u00f5es, instru\u00e7\u00f5es e documenta\u00e7\u00f5es referentes ao PDSE 2020 no \u00e2mbito desta IES.<\/p>\n<\/blockquote>\n\n\n\n<div style=\"height:50px\" aria-hidden=\"true\" class=\"wp-block-spacer\"><\/div>\n\n\n\n<div class=\"wp-block-columns is-layout-flex wp-container-core-columns-is-layout-9d6595d7 wp-block-columns-is-layout-flex\">\n<div class=\"wp-block-column is-layout-flow wp-block-column-is-layout-flow\">\n<h2 class=\"wp-block-heading has-text-align-left has-background has-medium-font-size\" style=\"background-color:#e8ecf5\">ACESSO AOS ARQUIVOS RELACIONADOS SO PDSE 2020<\/h2>\n\n\n\n<hr class=\"wp-block-separator has-text-color has-alpha-channel-opacity has-background is-style-wide\" style=\"background-color:#e8ecf5;color:#e8ecf5\"\/>\n\n\n\n<ol class=\"wp-block-list\">\n<li>\u00a0Edital CAPES PDSE n\u00ba 19\/2020: (<a href=\"https:\/\/ufpr.br\/propg\/wp-content\/uploads\/2025\/08\/09102020_edital-19-pdse.pdf\" target=\"_blank\" rel=\"noreferrer noopener\">clique aqui<\/a>);<\/li>\n<\/ol>\n\n\n\n<ol start=\"2\" class=\"wp-block-list\">\n<li>Anexo III \u2013 Requisitos de profici\u00eancia em l\u00edngua estrangeira: (<a href=\"https:\/\/ufpr.br\/propg\/wp-content\/uploads\/2025\/08\/Anexo_III.pdf\" target=\"_blank\" rel=\"noreferrer noopener\">clique aqui<\/a>)<\/li>\n<\/ol>\n\n\n\n<ol start=\"3\" class=\"wp-block-list\">\n<li>Portaria CAPES n\u00ba 289\/2018 que regulamenta as modalidades de bolsas e aux\u00edlios no exterior: (<a href=\"https:\/\/www.in.gov.br\/materia\/-\/asset_publisher\/Kujrw0TZC2Mb\/content\/id\/57601195\/do1-2019-01-02-portaria-n-289-de-28-de-dezembro-de-2018-57601103\" target=\"_blank\" rel=\"noreferrer noopener\">clique aqui<\/a>)<\/li>\n<\/ol>\n\n\n\n<div style=\"height:50px\" aria-hidden=\"true\" class=\"wp-block-spacer\"><\/div>\n<\/div>\n<\/div>\n\n\n\n<div class=\"wp-block-columns is-layout-flex wp-container-core-columns-is-layout-9d6595d7 wp-block-columns-is-layout-flex\">\n<div class=\"wp-block-column is-layout-flow wp-block-column-is-layout-flow\">\n<h2 class=\"wp-block-heading has-text-align-left has-background has-medium-font-size\" style=\"background-color:#e8ecf5\">NO \u00c2MBITO DA UFPR<\/h2>\n\n\n\n<hr class=\"wp-block-separator has-text-color has-alpha-channel-opacity has-background is-style-wide\" style=\"background-color:#e8ecf5;color:#e8ecf5\"\/>\n\n\n\n<p>Chamada PRPPG\/SBA n\u00ba 01\/2020: <a href=\"https:\/\/ufpr.br\/propg\/wp-content\/uploads\/2025\/08\/chamada_01_2020_sba_bolsapdse2020.pdf\" target=\"_blank\" rel=\"noreferrer noopener\">(<\/a><a href=\"https:\/\/ufpr.br\/propg\/wp-content\/uploads\/2025\/10\/chamada_01_2020_sba_bolsapdse2020.pdf\" target=\"_blank\" rel=\"noreferrer noopener\">clique aqui<\/a>)<\/p>\n\n\n\n<div style=\"height:50px\" aria-hidden=\"true\" class=\"wp-block-spacer\"><\/div>\n<\/div>\n<\/div>\n\n\n\n<div class=\"wp-block-columns is-layout-flex wp-container-core-columns-is-layout-9d6595d7 wp-block-columns-is-layout-flex\">\n<div class=\"wp-block-column is-layout-flow wp-block-column-is-layout-flow\">\n<h2 class=\"wp-block-heading has-text-align-left has-background has-medium-font-size\" style=\"background-color:#e8ecf5\">PPGs APTOS A PARTICIPAR DO PROGRAMA PDSE<\/h2>\n\n\n\n<hr class=\"wp-block-separator has-text-color has-alpha-channel-opacity has-background is-style-wide\" style=\"background-color:#e8ecf5;color:#e8ecf5\"\/>\n\n\n\n<p>De acordo com levantamento desta Pr\u00f3-Reitoria, atendem os crit\u00e9rios do Edital CAPES PDSE n\u00ba 19\/2020 e devem receber aloca\u00e7\u00e3o de cota PDSE os 19 PPGs listados abaixo:<\/p>\n\n\n\n<div style=\"height:25px\" aria-hidden=\"true\" class=\"wp-block-spacer\"><\/div>\n\n\n\n<figure class=\"wp-block-table is-style-stripes\"><table><tbody><tr><td>ADMINISTRA\u00c7\u00c3O<\/td><td>CI\u00caNCIA DO SOLO<\/td><\/tr><tr><td>COMUNICA\u00c7\u00c3O<\/td><td>CONTABILIDADE<\/td><\/tr><tr><td>DESIGN<\/td><td>EDUCA\u00c7\u00c3O EM CI\u00caNCIAS E EM MATEM\u00c1TICA<\/td><\/tr><tr><td>ENGENHARIA DE ALIMENTOS<\/td><td>ENGENHARIA FLORESTAL<\/td><\/tr><tr><td>FARMACOLOGIA<\/td><td>GEOLOGIA<\/td><\/tr><tr><td>GEST\u00c3O DA INFORMA\u00c7\u00c3O<\/td><td>MATEM\u00c1TICA<\/td><\/tr><tr><td>MEDICINA (CL\u00cdNICA CIR\u00daRGICA)<\/td><td>MEDICINA INTERNA E CI\u00caNCIAS DA SA\u00daDE<\/td><\/tr><tr><td>MEIO AMBIENTE E DESENVOLVIMENTO<\/td><td>ODONTOLOGIA<\/td><\/tr><tr><td>PSICOLOGIA<\/td><td>SA\u00daDE DA CRIAN\u00c7A E DO ADOLESCENTE<\/td><\/tr><tr><td>ZOOTECNIA<\/td><td><\/td><\/tr><\/tbody><\/table><\/figure>\n\n\n\n<p><strong>Obs:<\/strong> os PPGs ASSIST\u00caNCIA FARMACEUTICA e MULTIC\u00caNTRICO EM BIOQU\u00cdMICA E BIOLOGIA MOLECULAR tamb\u00e9m atendem tais crit\u00e9rios. Para os PPGs ofertados em rede, haver\u00e1 aloca\u00e7\u00e3o de uma \u00fanica cota PDSE por rede e caber\u00e1 aos integrantes da mesma, determinar os crit\u00e9rios internos para indica\u00e7\u00e3o de ocupa\u00e7\u00e3o desta cota.<\/p>\n\n\n\n<div style=\"height:50px\" aria-hidden=\"true\" class=\"wp-block-spacer\"><\/div>\n<\/div>\n<\/div>\n\n\n\n<div class=\"wp-block-columns is-layout-flex wp-container-core-columns-is-layout-9d6595d7 wp-block-columns-is-layout-flex\">\n<div class=\"wp-block-column is-layout-flow wp-block-column-is-layout-flow\">\n<h2 class=\"wp-block-heading has-text-align-left has-background has-medium-font-size\" style=\"background-color:#e8ecf5\">CONSIDERA\u00c7\u00d5ES GERAIS<\/h2>\n\n\n\n<hr class=\"wp-block-separator has-text-color has-alpha-channel-opacity has-background is-style-wide\" style=\"background-color:#e8ecf5;color:#e8ecf5\"\/>\n\n\n\n<ul class=\"wp-block-list\">\n<li>A cota PDSE alocada ao PPG habilitado a participar do Edital CAPES PDSE n\u00ba 19\/2020, permitir\u00e1 o atendimento de apenas&nbsp;um benefici\u00e1rio&nbsp;pelo per\u00edodo m\u00ednimo de 4 ou m\u00e1ximo de 6 meses.<\/li>\n<\/ul>\n\n\n\n<ul class=\"wp-block-list\">\n<li>O per\u00edodo para realiza\u00e7\u00e3o das atividades acad\u00eamicas no exterior dever\u00e1 ser iniciada necessariamente entre Julho 2021 a Setembro 2021.<\/li>\n<\/ul>\n\n\n\n<ul class=\"wp-block-list\">\n<li>Todos os interessados dever\u00e3o atender os requisitos de profici\u00eancia em l\u00edngua estrangeira, previstos no Anexo III do Edital CAPES PDSE n\u00ba 19\/2020, mesmo quando a atividade acad\u00eamica ocorrer em pa\u00edses de l\u00edngua portuguesa.<\/li>\n<\/ul>\n\n\n\n<ul class=\"wp-block-list\">\n<li>Caber\u00e1 aos PPGs habilitados a participar do PDSE 2020, selecionar os seus respectivos discentes atrav\u00e9s de processo seletivo interno. O resultado deste processo seletivo ser\u00e1 encaminhado para esta Pr\u00f3-Reitoria, para compila\u00e7\u00e3o do quadro geral de discentes UFPR que ter\u00e3o homologadas suas candidaturas, quando efetuadas com sucesso no SICAPES.<\/li>\n<\/ul>\n\n\n\n<ul class=\"wp-block-list\">\n<li>Todos os alunos considerados aptos e indicados pelos PPGs dever\u00e3o efetuar registro de candidatura junto ao SICAPES. O procedimento de homologa\u00e7\u00e3o descrito no Edital CAPES PDSE n\u00ba 19\/2020 e conduzido por esta Pr\u00f3-Reitoria, s\u00f3 pode ser efetuado em candidaturas registradas com sucesso no SICAPES.<\/li>\n<\/ul>\n\n\n\n<ul class=\"wp-block-list\">\n<li>Caso o PPG habilitado n\u00e3o indique discente para ocupa\u00e7\u00e3o, a cota PDSE atribu\u00edda pela CAPES poder\u00e1 ser remanejada entre os demais PPGs habilitados no \u00e2mbito desta Institui\u00e7\u00e3o.<\/li>\n<\/ul>\n\n\n\n<hr class=\"wp-block-separator has-text-color has-alpha-channel-opacity has-background is-style-wide\" style=\"background-color:#e8ecf5;color:#e8ecf5\"\/>\n\n\n\n<p>Resultados sobre o Edital PDSE CAPES n\u00ba 41\/2018: (<a href=\"https:\/\/ufpr.br\/propg\/wp-content\/uploads\/2025\/08\/resultado_selecaointernaufpr_discentesautorizados_pdse_editalcapes_41_2018.pdf\" target=\"_blank\" rel=\"noreferrer noopener\">clique aqui<\/a>)<\/p>\n\n\n\n<hr class=\"wp-block-separator has-text-color has-alpha-channel-opacity has-background is-style-wide\" style=\"background-color:#e8ecf5;color:#e8ecf5\"\/>\n\n\n\n<p>Sobre o PDSE 2018: (<a href=\"https:\/\/ufpr.br\/propg\/siprop\/editais-e-oportunidades\/programa-doutorado-sanduiche-no-exterior-pdse-2019-capes\/\">clique aqui<\/a>)<\/p>\n<\/div>\n<\/div>\n\n\n\n<hr class=\"wp-block-separator has-text-color has-alpha-channel-opacity has-background is-style-wide\" style=\"background-color:#e8ecf5;color:#e8ecf5\"\/>\n\n\n\n<p class=\"has-text-color has-link-color wp-elements-16631d866001ae142cbdd3786f7ccd26\" style=\"color:#243673\"><strong><a title=\"\" href=\"#topo\">Voltar ao topo<\/a><\/strong><\/p>\n<\/div>\n\n\n\n<div class=\"wp-block-column is-layout-flow wp-block-column-is-layout-flow\" style=\"flex-basis:7%\"><\/div>\n<\/div>\n","protected":false},"excerpt":{"rendered":"<p>Em atendimento aos termos do Edital CAPES PDSE n\u00ba 19\/2020, esta Pr\u00f3-Reitoria apresenta aos interessados informa\u00e7\u00f5es, instru\u00e7\u00f5es e documenta\u00e7\u00f5es referentes ao PDSE 2020 no \u00e2mbito desta IES. ACESSO AOS ARQUIVOS RELACIONADOS SO PDSE 2020 NO \u00c2MBITO DA UFPR Chamada PRPPG\/SBA n\u00ba 01\/2020: (clique aqui) PPGs APTOS A PARTICIPAR DO PROGRAMA PDSE De acordo com levantamento [&hellip;]<\/p>\n","protected":false},"author":5,"featured_media":0,"parent":9246,"menu_order":0,"comment_status":"closed","ping_status":"closed","template":"","meta":{"footnotes":""},"class_list":["post-11924","page","type-page","status-publish","hentry"],"_links":{"self":[{"href":"https:\/\/ufpr.br\/propg\/wp-json\/wp\/v2\/pages\/11924","targetHints":{"allow":["GET"]}}],"collection":[{"href":"https:\/\/ufpr.br\/propg\/wp-json\/wp\/v2\/pages"}],"about":[{"href":"https:\/\/ufpr.br\/propg\/wp-json\/wp\/v2\/types\/page"}],"author":[{"embeddable":true,"href":"https:\/\/ufpr.br\/propg\/wp-json\/wp\/v2\/users\/5"}],"replies":[{"embeddable":true,"href":"https:\/\/ufpr.br\/propg\/wp-json\/wp\/v2\/comments?post=11924"}],"version-history":[{"count":13,"href":"https:\/\/ufpr.br\/propg\/wp-json\/wp\/v2\/pages\/11924\/revisions"}],"predecessor-version":[{"id":47592,"href":"https:\/\/ufpr.br\/propg\/wp-json\/wp\/v2\/pages\/11924\/revisions\/47592"}],"up":[{"embeddable":true,"href":"https:\/\/ufpr.br\/propg\/wp-json\/wp\/v2\/pages\/9246"}],"wp:attachment":[{"href":"https:\/\/ufpr.br\/propg\/wp-json\/wp\/v2\/media?parent=11924"}],"curies":[{"name":"wp","href":"https:\/\/api.w.org\/{rel}","templated":true}]}}