{"id":11903,"date":"2025-08-14T19:21:59","date_gmt":"2025-08-14T22:21:59","guid":{"rendered":"https:\/\/ufpr.br\/?page=11903"},"modified":"2026-01-07T11:53:45","modified_gmt":"2026-01-07T14:53:45","slug":"edital-03-2020-prppg","status":"publish","type":"page","link":"https:\/\/ufpr.br\/propg\/editais\/edital-03-2020-prppg\/","title":{"rendered":"Edital 03\/2020-PRPPG"},"content":{"rendered":"\n<div style=\"height:50px\" aria-hidden=\"true\" class=\"wp-block-spacer\"><\/div>\n\n\n\n<div class=\"wp-block-columns is-layout-flex wp-container-core-columns-is-layout-9d6595d7 wp-block-columns-is-layout-flex\">\n<div class=\"wp-block-column is-layout-flow wp-block-column-is-layout-flow\" style=\"flex-basis:20%\" id=\"topo\">\n<div style=\"height:15px\" aria-hidden=\"true\" class=\"wp-block-spacer\"><\/div>\n\n\n<div class=\"wp-block-image\">\n<figure class=\"aligncenter size-full is-resized\"><img decoding=\"async\" src=\"https:\/\/ufpr.br\/propg\/wp-content\/uploads\/2024\/10\/Icone_DocumentosMao_Rosa.png\" alt=\"\" class=\"wp-image-6130\" style=\"width:100px;height:auto\"\/><\/figure><\/div><\/div>\n\n\n\n<div class=\"wp-block-column is-layout-flow wp-block-column-is-layout-flow\" style=\"flex-basis:2%\"><\/div>\n\n\n\n<div class=\"wp-block-column is-layout-flow wp-block-column-is-layout-flow\" style=\"flex-basis:70%\">\n<blockquote class=\"wp-block-quote is-layout-flow wp-block-quote-is-layout-flow\">\n<p>A PRPPG \u2013 Pr\u00f3-Reitoria de Pesquisa e P\u00f3s-Gradua\u00e7\u00e3o \u2013 e a AGITEC \u2013 Ag\u00eancia de Inova\u00e7\u00e3o da UFPR, tornam p\u00fablico o processo interno para a sele\u00e7\u00e3o de propostas, considerando a&nbsp;<a href=\"http:\/\/cnpq.br\/chamadas-publicas?p_p_id=resultadosportlet_WAR_resultadoscnpqportlet_INSTANCE_0ZaM&amp;id=47-1530-6872&amp;detalha=chamadaDetalhada&amp;filtro=abertas\" target=\"_blank\" rel=\"noreferrer noopener\">Chamada P\u00fablica n\u00ba 12\/2020 do CNPq<\/a>&nbsp;\u2013&nbsp;<strong>Programa de Mestrado e Doutorado Acad\u00eamico para Inova\u00e7\u00e3o MAI\/DAI<\/strong><\/p>\n<\/blockquote>\n\n\n\n<div style=\"height:25px\" aria-hidden=\"true\" class=\"wp-block-spacer\"><\/div>\n\n\n\n<div class=\"wp-block-columns is-layout-flex wp-container-core-columns-is-layout-9d6595d7 wp-block-columns-is-layout-flex\">\n<div class=\"wp-block-column is-layout-flow wp-block-column-is-layout-flow\">\n<h2 class=\"wp-block-heading has-text-align-left has-background has-medium-font-size\" style=\"background-color:#e8ecf5\">EDITAL<\/h2>\n\n\n\n<hr class=\"wp-block-separator has-text-color has-alpha-channel-opacity has-background is-style-wide\" style=\"background-color:#e8ecf5;color:#e8ecf5\"\/>\n\n\n\n<p><a href=\"https:\/\/ufpr.br\/propg\/wp-content\/uploads\/2026\/01\/03-edital-prppg-cnpq-mai-tai.pdf\" target=\"_blank\" rel=\"noreferrer noopener\">Acesse aqui <\/a>o EDITAL 03\/2020-PRPPG<\/p>\n\n\n\n<div style=\"height:50px\" aria-hidden=\"true\" class=\"wp-block-spacer\"><\/div>\n<\/div>\n<\/div>\n\n\n\n<h2 class=\"wp-block-heading has-text-align-left has-background has-medium-font-size\" style=\"background-color:#e8ecf5\">RESULTADO PRELIMINAR<\/h2>\n\n\n\n<hr class=\"wp-block-separator has-text-color has-alpha-channel-opacity has-background is-style-wide\" style=\"background-color:#e8ecf5;color:#e8ecf5\"\/>\n\n\n\n<ul class=\"wp-block-list\">\n<li><a href=\"https:\/\/ufpr.br\/propg\/wp-content\/uploads\/2025\/08\/edital-mai-dai-resultado-26-06-2020.pdf\" target=\"_blank\" rel=\"noreferrer noopener\">Resultado Preliminar do Edital 03\/2020-PRPPG\u00a0<\/a>(publicado em 26.06.2020)<\/li>\n<\/ul>\n\n\n\n<ul class=\"wp-block-list\">\n<li><a href=\"https:\/\/ufpr.br\/propg\/wp-content\/uploads\/2025\/08\/edital-mai-dai-resultado-preliminar-e-indicao-de-coordenador-institucional-29-06-2020.pdf\" target=\"_blank\" rel=\"noreferrer noopener\">Resultado Preliminar \/ Indica\u00e7\u00e3o de representantes para coordenar a proposta institucional<\/a>\u00a0(publicado em 29.06.2020)<\/li>\n<\/ul>\n\n\n\n<div style=\"height:50px\" aria-hidden=\"true\" class=\"wp-block-spacer\"><\/div>\n\n\n\n<div class=\"wp-block-columns is-layout-flex wp-container-core-columns-is-layout-9d6595d7 wp-block-columns-is-layout-flex\">\n<div class=\"wp-block-column is-layout-flow wp-block-column-is-layout-flow\">\n<h2 class=\"wp-block-heading has-text-align-left has-background has-medium-font-size\" style=\"background-color:#e8ecf5\">RESULTADO FINAL<\/h2>\n\n\n\n<hr class=\"wp-block-separator has-text-color has-alpha-channel-opacity has-background is-style-wide\" style=\"background-color:#e8ecf5;color:#e8ecf5\"\/>\n\n\n\n<p><a href=\"https:\/\/ufpr.br\/propg\/wp-content\/uploads\/2025\/08\/edital-mai-dai-resultado-aps-recursos-01-07-2020.pdf\" target=\"_blank\" rel=\"noreferrer noopener\">Resultado Final \u2013 ap\u00f3s recursos<\/a>\u00a0(publicado em 01.07.2020)<\/p>\n\n\n\n<div style=\"height:50px\" aria-hidden=\"true\" class=\"wp-block-spacer\"><\/div>\n<\/div>\n<\/div>\n\n\n\n<div class=\"wp-block-columns is-layout-flex wp-container-core-columns-is-layout-9d6595d7 wp-block-columns-is-layout-flex\">\n<div class=\"wp-block-column is-layout-flow wp-block-column-is-layout-flow\">\n<h2 class=\"wp-block-heading has-text-align-left has-background has-medium-font-size\" style=\"background-color:#e8ecf5\">ATEN\u00c7\u00c3O<\/h2>\n\n\n\n<hr class=\"wp-block-separator has-text-color has-alpha-channel-opacity has-background is-style-wide\" style=\"background-color:#e8ecf5;color:#e8ecf5\"\/>\n\n\n\n<p>Para facilitar o tr\u00e2mite das propostas, fornecemos os anexos I, II e III em formato word. Estes documentos devem ser inseridos na documenta\u00e7\u00e3o, conforme orientado no edital. Destacamos que no anexo I,&nbsp;<strong>os campos 1 e 6 n\u00e3o devem ser preenchidos<\/strong>&nbsp;pelos proponentes (que s\u00e3o institucionais), permanecendo os demais itens mandat\u00f3rios para an\u00e1lise (2, 3, 4, 5, 7, 8, 9 e 10). Ressaltamos que para o anexo II, dever\u00e1 existir um documento para cada empresa afiliada ao projeto.<\/p>\n\n\n\n<ul class=\"wp-block-list\">\n<li><a href=\"https:\/\/ufpr.br\/propg\/wp-content\/uploads\/2025\/08\/anexo-i-1.docx\" target=\"_blank\" rel=\"noreferrer noopener\">ANEXO I<\/a><\/li>\n<\/ul>\n\n\n\n<ul class=\"wp-block-list\">\n<li><a href=\"https:\/\/ufpr.br\/propg\/wp-content\/uploads\/2025\/08\/anexo-ii.docx\" target=\"_blank\" rel=\"noreferrer noopener\">ANEXO II<\/a><\/li>\n<\/ul>\n\n\n\n<ul class=\"wp-block-list\">\n<li><a href=\"https:\/\/ufpr.br\/propg\/wp-content\/uploads\/2025\/08\/anexo-iii.docx\" target=\"_blank\" rel=\"noreferrer noopener\">ANEXO III<\/a><\/li>\n<\/ul>\n<\/div>\n<\/div>\n\n\n\n<hr class=\"wp-block-separator has-text-color has-alpha-channel-opacity has-background is-style-wide\" style=\"background-color:#e8ecf5;color:#e8ecf5\"\/>\n\n\n\n<p class=\"has-text-color has-link-color wp-elements-16631d866001ae142cbdd3786f7ccd26\" style=\"color:#243673\"><strong><a title=\"\" href=\"#topo\">Voltar ao topo<\/a><\/strong><\/p>\n<\/div>\n\n\n\n<div class=\"wp-block-column is-layout-flow wp-block-column-is-layout-flow\" style=\"flex-basis:7%\"><\/div>\n<\/div>\n\n\n\n<p><\/p>\n","protected":false},"excerpt":{"rendered":"<p>A PRPPG \u2013 Pr\u00f3-Reitoria de Pesquisa e P\u00f3s-Gradua\u00e7\u00e3o \u2013 e a AGITEC \u2013 Ag\u00eancia de Inova\u00e7\u00e3o da UFPR, tornam p\u00fablico o processo interno para a sele\u00e7\u00e3o de propostas, considerando a&nbsp;Chamada P\u00fablica n\u00ba 12\/2020 do CNPq&nbsp;\u2013&nbsp;Programa de Mestrado e Doutorado Acad\u00eamico para Inova\u00e7\u00e3o MAI\/DAI EDITAL Acesse aqui o EDITAL 03\/2020-PRPPG RESULTADO PRELIMINAR RESULTADO FINAL Resultado Final [&hellip;]<\/p>\n","protected":false},"author":5,"featured_media":0,"parent":11760,"menu_order":0,"comment_status":"closed","ping_status":"closed","template":"","meta":{"footnotes":""},"class_list":["post-11903","page","type-page","status-publish","hentry"],"_links":{"self":[{"href":"https:\/\/ufpr.br\/propg\/wp-json\/wp\/v2\/pages\/11903","targetHints":{"allow":["GET"]}}],"collection":[{"href":"https:\/\/ufpr.br\/propg\/wp-json\/wp\/v2\/pages"}],"about":[{"href":"https:\/\/ufpr.br\/propg\/wp-json\/wp\/v2\/types\/page"}],"author":[{"embeddable":true,"href":"https:\/\/ufpr.br\/propg\/wp-json\/wp\/v2\/users\/5"}],"replies":[{"embeddable":true,"href":"https:\/\/ufpr.br\/propg\/wp-json\/wp\/v2\/comments?post=11903"}],"version-history":[{"count":14,"href":"https:\/\/ufpr.br\/propg\/wp-json\/wp\/v2\/pages\/11903\/revisions"}],"predecessor-version":[{"id":47583,"href":"https:\/\/ufpr.br\/propg\/wp-json\/wp\/v2\/pages\/11903\/revisions\/47583"}],"up":[{"embeddable":true,"href":"https:\/\/ufpr.br\/propg\/wp-json\/wp\/v2\/pages\/11760"}],"wp:attachment":[{"href":"https:\/\/ufpr.br\/propg\/wp-json\/wp\/v2\/media?parent=11903"}],"curies":[{"name":"wp","href":"https:\/\/api.w.org\/{rel}","templated":true}]}}