{"id":11852,"date":"2025-08-14T08:22:54","date_gmt":"2025-08-14T11:22:54","guid":{"rendered":"https:\/\/ufpr.br\/?page=11852"},"modified":"2026-01-07T11:29:56","modified_gmt":"2026-01-07T14:29:56","slug":"edital-30-2022-capes","status":"publish","type":"page","link":"https:\/\/ufpr.br\/propg\/editais\/edital-30-2022-capes\/","title":{"rendered":"Edital 30\/2022-CAPES"},"content":{"rendered":"\n<div style=\"height:50px\" aria-hidden=\"true\" class=\"wp-block-spacer\"><\/div>\n\n\n\n<div class=\"wp-block-columns is-layout-flex wp-container-core-columns-is-layout-9d6595d7 wp-block-columns-is-layout-flex\">\n<div class=\"wp-block-column is-layout-flow wp-block-column-is-layout-flow\" style=\"flex-basis:20%\" id=\"topo\">\n<div style=\"height:15px\" aria-hidden=\"true\" class=\"wp-block-spacer\"><\/div>\n\n\n<div class=\"wp-block-image\">\n<figure class=\"aligncenter size-full is-resized\"><img decoding=\"async\" src=\"https:\/\/ufpr.br\/propg\/wp-content\/uploads\/2024\/10\/Icone_DocumentosMao_Rosa.png\" alt=\"\" class=\"wp-image-6130\" style=\"width:100px;height:auto\"\/><\/figure><\/div><\/div>\n\n\n\n<div class=\"wp-block-column is-layout-flow wp-block-column-is-layout-flow\" style=\"flex-basis:2%\"><\/div>\n\n\n\n<div class=\"wp-block-column is-layout-flow wp-block-column-is-layout-flow\" style=\"flex-basis:70%\">\n<blockquote class=\"wp-block-quote is-layout-flow wp-block-quote-is-layout-flow\">\n<p>Acesse a p\u00e1gina do edital com todas as informa\u00e7\u00f5es da CAPES em:&nbsp;<a href=\"https:\/\/www.gov.br\/capes\/pt-br\/acesso-a-informacao\/acoes-e-programas\/bolsas\/programas-estrategicos\/programas-emergenciais\/programa-emergencial-de-solidariedade-academica\" target=\"_blank\" rel=\"noreferrer noopener\">https:\/\/www.gov.br\/capes\/pt-br\/acesso-a-informacao\/acoes-e-programas\/bolsas\/programas-estrategicos\/programas-emergenciais\/programa-emergencial-de-solidariedade-academica<\/a><\/p>\n\n\n\n<p>Data limite para submiss\u00e3o dos projetos da UFPR na CAPES: 25\/08\/22.&nbsp;<\/p>\n\n\n\n<p><strong>Data limite de envio dos projetos para a PRPPG: 23\/08\/2022<\/strong>.<\/p>\n<\/blockquote>\n\n\n\n<div style=\"height:25px\" aria-hidden=\"true\" class=\"wp-block-spacer\"><\/div>\n\n\n\n<h2 class=\"wp-block-heading\">Pontos importantes:<\/h2>\n\n\n\n<div style=\"height:15px\" aria-hidden=\"true\" class=\"wp-block-spacer\"><\/div>\n\n\n\n<ul class=\"wp-block-list\">\n<li>limite de 2 bolsas de professor visitante e 2 bolsas de p\u00f3s-doc por projeto submetido<\/li>\n<\/ul>\n\n\n\n<ul class=\"wp-block-list\">\n<li>projetos que beneficiam mais de um PPG recebem pontua\u00e7\u00e3o maior<\/li>\n<\/ul>\n\n\n\n<div style=\"height:25px\" aria-hidden=\"true\" class=\"wp-block-spacer\"><\/div>\n\n\n\n<h2 class=\"wp-block-heading\">PPG dever\u00e1:<\/h2>\n\n\n\n<div style=\"height:15px\" aria-hidden=\"true\" class=\"wp-block-spacer\"><\/div>\n\n\n\n<ul class=\"wp-block-list\">\n<li>oferecer contrapartidas que demandam comprometimento or\u00e7ament\u00e1rio;<\/li>\n<\/ul>\n\n\n\n<ul class=\"wp-block-list\">\n<li>indicar o perfil do pesquisador (analisando os pa\u00edses e institui\u00e7\u00f5es com quem j\u00e1 tem ou pretende fazer coopera\u00e7\u00e3o);<\/li>\n<\/ul>\n\n\n\n<ul class=\"wp-block-list\">\n<li>prospectar os pesquisadores refugiados que ter\u00e3o 6 meses ap\u00f3s a aprova\u00e7\u00e3o do edital para come\u00e7aram os trabalhos no Brasil.<\/li>\n<\/ul>\n\n\n\n<div style=\"height:25px\" aria-hidden=\"true\" class=\"wp-block-spacer\"><\/div>\n\n\n\n<h2 class=\"wp-block-heading\">Contrapartidas:<\/h2>\n\n\n\n<div style=\"height:15px\" aria-hidden=\"true\" class=\"wp-block-spacer\"><\/div>\n\n\n\n<p>Item 6.6 Contrapartidas institucionais. Obrigat\u00f3rio: apoio lingu\u00edstico e + 2 contrapartidas da lista:<\/p>\n\n\n\n<blockquote class=\"wp-block-quote is-layout-flow wp-block-quote-is-layout-flow\">\n<p>II \u2013&nbsp;<em>aux\u00edlio alimenta\u00e7\u00e3o<\/em>&nbsp;(acesso ao RU): UFPR oferece acesso ao restaurante universit\u00e1rio com taxas subsidiadas a pre\u00e7os acess\u00edveis (confirmar valores para inserir na planilha)<br>VI \u2013&nbsp;<em>outros<\/em>&nbsp;:<\/p>\n\n\n\n<p>a)&nbsp;<em>Servi\u00e7os de terceiro<\/em>&nbsp;pessoa jur\u00eddica:<\/p>\n\n\n\n<ul class=\"wp-block-list\">\n<li>aux\u00edlio publica\u00e7\u00e3o internacional at\u00e9 U$S 1.000; edital da PRPPG<\/li>\n<\/ul>\n\n\n\n<ul class=\"wp-block-list\">\n<li>taxa de publica\u00e7\u00e3o; utilizando or\u00e7amento do programa (PROAP\/PROEX) e eventual complementa\u00e7\u00e3o do or\u00e7amento do PROAP da PRPPG<\/li>\n<\/ul>\n\n\n\n<p>b)&nbsp;<em>Material de consumo<\/em>; utilizando or\u00e7amento do programa (PROAP\/PROEX), dos setores e com eventual complementa\u00e7\u00e3o da PRPPG<\/p>\n<\/blockquote>\n\n\n\n<div style=\"height:25px\" aria-hidden=\"true\" class=\"wp-block-spacer\"><\/div>\n\n\n\n<h2 class=\"wp-block-heading\">Ag\u00eancia UFPR Internacional (AUI):<\/h2>\n\n\n\n<div style=\"height:15px\" aria-hidden=\"true\" class=\"wp-block-spacer\"><\/div>\n\n\n\n<p>Apoiar\u00e1 os PPGs e ajudar\u00e1 no encaminhamento de:<\/p>\n\n\n\n<ul class=\"wp-block-list\">\n<li>apoio lingu\u00edstico<\/li>\n<\/ul>\n\n\n\n<ul class=\"wp-block-list\">\n<li>suporte para mobilidade dos prof. visitante contatando o setor de Direito sobre status\/acolhimento de refugiados<\/li>\n<\/ul>\n\n\n\n<ul class=\"wp-block-list\">\n<li>recep\u00e7\u00e3o dos pesquisadores<\/li>\n<\/ul>\n\n\n\n<ul class=\"wp-block-list\">\n<li>divulga\u00e7\u00e3o da capta\u00e7\u00e3o do candidato junto ao pa\u00eds\/IES estrangeira, desde que o PPG defina claramente o perfil\/pa\u00eds\/IES alvo<\/li>\n<\/ul>\n\n\n\n<div style=\"height:25px\" aria-hidden=\"true\" class=\"wp-block-spacer\"><\/div>\n\n\n\n<h2 class=\"wp-block-heading\">Estrutura do projeto:<\/h2>\n\n\n\n<ul class=\"wp-block-list\">\n<li>conforme crit\u00e9rios de avalia\u00e7\u00e3o do edital, item 9.8<\/li>\n<\/ul>\n\n\n\n<ul class=\"wp-block-list\">\n<li>padr\u00e3o de tela do SICAPES:&nbsp;<a href=\"https:\/\/inscricao.capes.gov.br\/\" target=\"_blank\" rel=\"noreferrer noopener\">https:\/\/inscricao.capes.gov.br<\/a><\/li>\n<\/ul>\n\n\n\n<div style=\"height:25px\" aria-hidden=\"true\" class=\"wp-block-spacer\"><\/div>\n\n\n\n<h2 class=\"wp-block-heading\">Forma de envio do projeto para a PRPPG:<\/h2>\n\n\n\n<ul class=\"wp-block-list\">\n<li>Preencher o projeto individualmente no&nbsp;<a href=\"https:\/\/inscricao.capes.gov.br\/\" target=\"_blank\" rel=\"noreferrer noopener\">SICAPES<\/a>, expandir a caixa de texto e gerar pdf de impress\u00e3o. Enviar o pdf e os anexos via SEI para UFPR\/R\/PRPPG\/CPGSS at\u00e9 o dia 23\/08\/2022.<\/li>\n<\/ul>\n\n\n\n<ul class=\"wp-block-list\">\n<li>Mais informa\u00e7\u00f5es na p\u00e1gina do Programa Emergencial de Solidariedade Acad\u00eamica: <a href=\"https:\/\/www.gov.br\/capes\/pt-br\/acesso-a-informacao\/acoes-e-programas\/bolsas\/programas-estrategicos\/programas-emergenciais\/programa-emergencial-de-solidariedade-academica\" target=\"_blank\" rel=\"noreferrer noopener\">https:\/\/www.gov.br\/capes\/pt-br\/acesso-a-informacao\/acoes-e-programas\/bolsas\/programas-estrategicos\/programas-emergenciais\/programa-emergencial-de-solidariedade-academica<\/a><\/li>\n<\/ul>\n\n\n\n<div style=\"height:15px\" aria-hidden=\"true\" class=\"wp-block-spacer\"><\/div>\n\n\n\n<hr class=\"wp-block-separator has-alpha-channel-opacity is-style-dots\"\/>\n\n\n\n<div style=\"height:25px\" aria-hidden=\"true\" class=\"wp-block-spacer\"><\/div>\n\n\n\n<div class=\"wp-block-columns is-layout-flex wp-container-core-columns-is-layout-9d6595d7 wp-block-columns-is-layout-flex\">\n<div class=\"wp-block-column is-layout-flow wp-block-column-is-layout-flow\">\n<h2 class=\"wp-block-heading has-text-align-left has-background has-medium-font-size\" style=\"background-color:#e8ecf5\">PROGRAMA EMERGENCIAL DE SOLIDARIEDADE ACAD\u00caMICA<\/h2>\n\n\n\n<hr class=\"wp-block-separator has-text-color has-alpha-channel-opacity has-background is-style-wide\" style=\"background-color:#e8ecf5;color:#e8ecf5\"\/>\n\n\n\n<details class=\"wp-block-details is-layout-flow wp-block-details-is-layout-flow\"><summary>Cronograma<\/summary>\n<p>Data limite de envio dos projetos para a PRPPG:&nbsp;<strong>23\/08\/2022<\/strong><\/p>\n\n\n\n<hr class=\"wp-block-separator has-alpha-channel-opacity is-style-dots\"\/>\n<\/details>\n\n\n\n<details class=\"wp-block-details is-layout-flow wp-block-details-is-layout-flow\"><summary>Contrapartidas<\/summary>\n<h2 class=\"wp-block-heading\">PPG dever\u00e1:<\/h2>\n\n\n\n<div style=\"height:15px\" aria-hidden=\"true\" class=\"wp-block-spacer\"><\/div>\n\n\n\n<ul class=\"wp-block-list\">\n<li>oferecer contrapartidas que demandam comprometimento or\u00e7ament\u00e1rio;<\/li>\n<\/ul>\n\n\n\n<ul class=\"wp-block-list\">\n<li>indicar o perfil do pesquisador (analisando os pa\u00edses e institui\u00e7\u00f5es com quem j\u00e1 tem ou pretende fazer coopera\u00e7\u00e3o);<\/li>\n<\/ul>\n\n\n\n<ul class=\"wp-block-list\">\n<li>prospectar os pesquisadores refugiados que ter\u00e3o 6 meses ap\u00f3s a aprova\u00e7\u00e3o do edital para come\u00e7aram os trabalhos no Brasil.<\/li>\n<\/ul>\n\n\n\n<div style=\"height:25px\" aria-hidden=\"true\" class=\"wp-block-spacer\"><\/div>\n\n\n\n<h2 class=\"wp-block-heading\">Contrapartidas institucionais:<\/h2>\n\n\n\n<div style=\"height:15px\" aria-hidden=\"true\" class=\"wp-block-spacer\"><\/div>\n\n\n\n<p>Item 6.6 Contrapartidas institucionais.&nbsp;Obrigat\u00f3rio: apoio lingu\u00edstico e + 2 contrapartidas da lista:&nbsp;<\/p>\n\n\n\n<blockquote class=\"wp-block-quote is-layout-flow wp-block-quote-is-layout-flow\">\n<p>II \u2013&nbsp;<em>aux\u00edlio alimenta\u00e7\u00e3o<\/em>&nbsp;(acesso ao RU): UFPR oferece acesso ao restaurante universit\u00e1rio com taxas subsidiadas a pre\u00e7os acess\u00edveis (confirmar valores para inserir na planilha)&nbsp;&nbsp;<\/p>\n\n\n\n<p>VI \u2013&nbsp;<em>outros<\/em>&nbsp;:&nbsp; &nbsp; &nbsp; &nbsp;&nbsp;<\/p>\n\n\n\n<p>a)&nbsp;<em>Servi\u00e7os de terceiro<\/em>&nbsp;pessoa jur\u00eddica:<\/p>\n\n\n\n<ul class=\"wp-block-list\">\n<li>aux\u00edlio publica\u00e7\u00e3o internacional at\u00e9 U$S 1.000; edital da PRPPG<\/li>\n<\/ul>\n\n\n\n<ul class=\"wp-block-list\">\n<li>taxa de publica\u00e7\u00e3o; utilizando or\u00e7amento do programa (PROAP\/PROEX) e eventual &nbsp;complementa\u00e7\u00e3o do or\u00e7amento do PROAP da PRPPG<\/li>\n<\/ul>\n\n\n\n<p>b)&nbsp;<em>Material de consumo<\/em>; utilizando or\u00e7amento do programa (PROAP\/PROEX), dos setores e com eventual complementa\u00e7\u00e3o da PRPPG<\/p>\n<\/blockquote>\n\n\n\n<hr class=\"wp-block-separator has-text-color has-alpha-channel-opacity has-background is-style-wide\" style=\"background-color:#e8ecf5;color:#e8ecf5\"\/>\n\n\n\n<p><a href=\"https:\/\/ufpr.br\/propg\/wp-content\/uploads\/2025\/08\/23062022_anexo_fisico_1728299_anexo_iii___descricao_da_contrapartida-1-sugestao.xlsx\" target=\"_blank\" rel=\"noreferrer noopener\">23062022_Anexo_Fisico_1728299_Anexo_III___Descricao_da_contrapartida<\/a> &#8211; SUGEST\u00c3O DE PREENCHIMENTO<\/p>\n\n\n\n<hr class=\"wp-block-separator has-text-color has-alpha-channel-opacity has-background is-style-wide\" style=\"background-color:#e8ecf5;color:#e8ecf5\"\/>\n\n\n\n<hr class=\"wp-block-separator has-alpha-channel-opacity is-style-dots\"\/>\n<\/details>\n\n\n\n<details class=\"wp-block-details is-layout-flow wp-block-details-is-layout-flow\"><summary>Como enviar o projeto para a PRPPG<\/summary>\n<p>Preencher o projeto individualmente no\u00a0<a href=\"https:\/\/inscricao.capes.gov.br\/\" target=\"_blank\" rel=\"noreferrer noopener\">SICAPES<\/a>,\u00a0expandir\u00a0a caixa de texto e gerar pdf de impress\u00e3o. Enviar o pdf e os anexos via SEI para UFPR\/R\/PRPPG\/CPGSS at\u00e9 o dia 23\/08\/2022.\u00a0<\/p>\n\n\n\n<hr class=\"wp-block-separator has-alpha-channel-opacity is-style-dots\"\/>\n<\/details>\n\n\n\n<details class=\"wp-block-details is-layout-flow wp-block-details-is-layout-flow\"><summary>Edital e orienta\u00e7\u00f5es da CAPES<\/summary>\n<h2 class=\"wp-block-heading\">Editais<\/h2>\n\n\n\n<div style=\"height:15px\" aria-hidden=\"true\" class=\"wp-block-spacer\"><\/div>\n\n\n\n<figure class=\"wp-block-table is-style-stripes\"><table class=\"has-fixed-layout\"><tbody><tr><td>Orienta\u00e7\u00f5es \u2013 <a href=\"https:\/\/www.gov.br\/capes\/pt-br\/centrais-de-conteudo\/editais\/13072022_OrientaesDvidaseEsclarecimentosdoedital_30.2022.pdf\" target=\"_blank\" rel=\"noreferrer noopener\">D\u00favidas e Esclarecimentos do&nbsp; Edital n\u00ba 30\/2022 do Programa Emergencial de Solidariedade Acad\u00eamica, formato, pdf, 107kb<\/a><\/td><\/tr><tr><td>Edital n\u00ba 30\/2022 do<a href=\"https:\/\/www.gov.br\/capes\/pt-br\/centrais-de-conteudo\/editais\/23062022_EDITAL30PDPGSolidariedadeAcadmica.pdf\" target=\"_blank\" rel=\"noreferrer noopener\"> Programa Emergencial de Solidariedade Acad\u00eamica, formato, pdf, 317kb<\/a><\/td><\/tr><tr><td>Anexo I \u2013 <a href=\"https:\/\/www.gov.br\/capes\/pt-br\/centrais-de-conteudo\/editais\/23062022_Anexo_Fisico_1728286_Anexo_I____termo_de_compromisso_do_Pro_Reitor.docx\" target=\"_blank\" rel=\"noreferrer noopener\">Termo de compromisso do Pr\u00f3-Reitor, formato, doc, 15kb<\/a><\/td><\/tr><tr><td>Anexo II \u2013<a href=\"https:\/\/www.gov.br\/capes\/pt-br\/centrais-de-conteudo\/editais\/23062022_Anexo_Fisico_1728293_Anexo_II___Cronograma_financeiro.xlsx\" target=\"_blank\" rel=\"noreferrer noopener\">&nbsp;Cronograma financeiro, formato, xls, 12kb<\/a><\/td><\/tr><tr><td>Anexo III \u2013&nbsp;<a href=\"https:\/\/www.gov.br\/capes\/pt-br\/centrais-de-conteudo\/editais\/23062022_Anexo_Fisico_1728299_Anexo_III___Descricao_da_contrapartida.xlsx\" target=\"_blank\" rel=\"noreferrer noopener\">Descri\u00e7\u00e3o da contrapartida, formato, xls, 12kb<\/a><\/td><\/tr><tr><td>Anexo IV \u2013 <a href=\"https:\/\/www.gov.br\/capes\/pt-br\/centrais-de-conteudo\/editais\/23062022_Anexo_Fisico_1728304_Anexo_IV____termo_de_compromisso_do_bolsista.docx\" target=\"_blank\" rel=\"noreferrer noopener\">Termo de compromisso do bolsista, doc, 16kb<\/a><\/td><\/tr><\/tbody><\/table><\/figure>\n\n\n\n<div style=\"height:25px\" aria-hidden=\"true\" class=\"wp-block-spacer\"><\/div>\n\n\n\n<p>Mais informa\u00e7\u00f5es na p\u00e1gina do Programa Emergencial de Solidariedade Acad\u00eamica:<\/p>\n\n\n\n<p><a href=\"https:\/\/www.gov.br\/capes\/pt-br\/acesso-a-informacao\/acoes-e-programas\/bolsas\/programas-estrategicos\/programas-emergenciais\/programa-emergencial-de-solidariedade-academica\" target=\"_blank\" rel=\"noreferrer noopener\">https:\/\/www.gov.br\/capes\/pt-br\/acesso-a-informacao\/acoes-e-programas\/bolsas\/programas-estrategicos\/programas-emergenciais\/programa-emergencial-de-solidariedade-academica<\/a><\/p>\n\n\n\n<hr class=\"wp-block-separator has-alpha-channel-opacity is-style-dots\"\/>\n<\/details>\n\n\n\n<details class=\"wp-block-details is-layout-flow wp-block-details-is-layout-flow\"><summary>Contato da CAPES<\/summary>\n<p><strong>E-mail:<\/strong>&nbsp;<a href=\"mailto:pdpg.vulnerabilidade@capes.gov.br\" target=\"_blank\" rel=\"noreferrer noopener\">pdpg.solidariedade@capes.gov.br<\/a><\/p>\n\n\n\n<p><strong>Telefone:<\/strong> 61 2022-6310<\/p>\n\n\n\n<hr class=\"wp-block-separator has-alpha-channel-opacity is-style-dots\"\/>\n<\/details>\n<\/div>\n<\/div>\n\n\n\n<p class=\"has-text-color has-link-color wp-elements-16631d866001ae142cbdd3786f7ccd26\" style=\"color:#243673\"><strong><a title=\"\" href=\"#topo\">Voltar ao topo<\/a><\/strong><\/p>\n<\/div>\n\n\n\n<div class=\"wp-block-column is-layout-flow wp-block-column-is-layout-flow\" style=\"flex-basis:7%\"><\/div>\n<\/div>\n\n\n\n<p><\/p>\n","protected":false},"excerpt":{"rendered":"<p>Acesse a p\u00e1gina do edital com todas as informa\u00e7\u00f5es da CAPES em:&nbsp;https:\/\/www.gov.br\/capes\/pt-br\/acesso-a-informacao\/acoes-e-programas\/bolsas\/programas-estrategicos\/programas-emergenciais\/programa-emergencial-de-solidariedade-academica Data limite para submiss\u00e3o dos projetos da UFPR na CAPES: 25\/08\/22.&nbsp; Data limite de envio dos projetos para a PRPPG: 23\/08\/2022. Pontos importantes: PPG dever\u00e1: Contrapartidas: Item 6.6 Contrapartidas institucionais. Obrigat\u00f3rio: apoio lingu\u00edstico e + 2 contrapartidas da lista: II \u2013&nbsp;aux\u00edlio alimenta\u00e7\u00e3o&nbsp;(acesso ao [&hellip;]<\/p>\n","protected":false},"author":5,"featured_media":0,"parent":11760,"menu_order":0,"comment_status":"closed","ping_status":"closed","template":"","meta":{"footnotes":""},"class_list":["post-11852","page","type-page","status-publish","hentry"],"_links":{"self":[{"href":"https:\/\/ufpr.br\/propg\/wp-json\/wp\/v2\/pages\/11852","targetHints":{"allow":["GET"]}}],"collection":[{"href":"https:\/\/ufpr.br\/propg\/wp-json\/wp\/v2\/pages"}],"about":[{"href":"https:\/\/ufpr.br\/propg\/wp-json\/wp\/v2\/types\/page"}],"author":[{"embeddable":true,"href":"https:\/\/ufpr.br\/propg\/wp-json\/wp\/v2\/users\/5"}],"replies":[{"embeddable":true,"href":"https:\/\/ufpr.br\/propg\/wp-json\/wp\/v2\/comments?post=11852"}],"version-history":[{"count":40,"href":"https:\/\/ufpr.br\/propg\/wp-json\/wp\/v2\/pages\/11852\/revisions"}],"predecessor-version":[{"id":47571,"href":"https:\/\/ufpr.br\/propg\/wp-json\/wp\/v2\/pages\/11852\/revisions\/47571"}],"up":[{"embeddable":true,"href":"https:\/\/ufpr.br\/propg\/wp-json\/wp\/v2\/pages\/11760"}],"wp:attachment":[{"href":"https:\/\/ufpr.br\/propg\/wp-json\/wp\/v2\/media?parent=11852"}],"curies":[{"name":"wp","href":"https:\/\/api.w.org\/{rel}","templated":true}]}}