{"id":11760,"date":"2025-08-13T13:50:58","date_gmt":"2025-08-13T16:50:58","guid":{"rendered":"https:\/\/ufpr.br\/?page=11760"},"modified":"2026-03-17T12:10:12","modified_gmt":"2026-03-17T15:10:12","slug":"editais","status":"publish","type":"page","link":"https:\/\/ufpr.br\/propg\/editais\/","title":{"rendered":"Editais PROPG"},"content":{"rendered":"\n<div class=\"wp-block-columns is-layout-flex wp-container-core-columns-is-layout-9d6595d7 wp-block-columns-is-layout-flex\">\n<div class=\"wp-block-column is-layout-flow wp-block-column-is-layout-flow\" style=\"flex-basis:20%\">\n<div style=\"height:35px\" aria-hidden=\"true\" class=\"wp-block-spacer\"><\/div>\n\n\n<div class=\"wp-block-image\">\n<figure class=\"aligncenter size-full is-resized\"><img decoding=\"async\" src=\"https:\/\/ufpr.br\/propg\/wp-content\/uploads\/2024\/10\/Icone_DocumentosMao_Rosa.png\" alt=\"\" class=\"wp-image-6130\" style=\"width:100px;height:auto\" \/><\/figure><\/div><\/div>\n\n\n\n<div class=\"wp-block-column is-layout-flow wp-block-column-is-layout-flow\" style=\"flex-basis:75%\">\n<h2 class=\"wp-block-heading\">Esta p\u00e1gina reune os editais conduzidos pela PROPG<\/h2>\n\n\n\n<div style=\"height:25px\" aria-hidden=\"true\" class=\"wp-block-spacer\"><\/div>\n\n\n\n<div class=\"wp-block-columns has-background is-layout-flex wp-container-core-columns-is-layout-9d6595d7 wp-block-columns-is-layout-flex\" style=\"background-color:#e8ecf5\">\n<div class=\"wp-block-column has-background is-layout-flow wp-block-column-is-layout-flow\" style=\"background-color:#e8ecf5;flex-basis:50%\">\n<div style=\"height:25px\" aria-hidden=\"true\" class=\"wp-block-spacer\"><\/div>\n\n\n\n<div class=\"wp-block-columns is-not-stacked-on-mobile is-layout-flex wp-container-core-columns-is-layout-9d6595d7 wp-block-columns-is-layout-flex\">\n<div class=\"wp-block-column has-white-background-color has-text-color has-background has-link-color wp-elements-1c1193cf107a0cd1615cc0a4b8798aae is-layout-flow wp-block-column-is-layout-flow\" style=\"color:#003c71\">\n<div style=\"height:20px\" aria-hidden=\"true\" class=\"wp-block-spacer\"><\/div>\n\n\n<div class=\"wp-block-image is-style-default\">\n<figure class=\"aligncenter size-full is-resized\" id=\"topo\"><a href=\"#editais-bolsas\"><img decoding=\"async\" src=\"https:\/\/ufpr.br\/propg\/wp-content\/uploads\/2025\/06\/Icone_Bolsas_Rosa.png\" alt=\"\" class=\"wp-image-7917\" style=\"object-fit:cover;width:70px;height:70px\" \/><\/a><\/figure><\/div>\n\n\n<p class=\"has-text-align-center has-text-color has-link-color wp-elements-ed25e22acb6b4769e463e228961a1498\" style=\"color:#243673;font-size:14px\"><a href=\"#editais-bolsas\"><strong>Editais sobre <br>Bolsas e Aux\u00edlios<\/strong><\/a><\/p>\n\n\n\n<div style=\"height:35px\" aria-hidden=\"true\" class=\"wp-block-spacer\"><\/div>\n<\/div>\n\n\n\n<div class=\"wp-block-column has-white-background-color has-text-color has-background has-link-color wp-elements-97d27ae4d01ada71af032338249bfe8d is-layout-flow wp-block-column-is-layout-flow\" style=\"color:#003c71\">\n<div style=\"height:20px\" aria-hidden=\"true\" class=\"wp-block-spacer\"><\/div>\n\n\n<div class=\"wp-block-image is-style-default\">\n<figure class=\"aligncenter size-full is-resized\"><a href=\"https:\/\/ufpr.br\/propg\/ict\/editais-pibic-pibiti\/\"><img decoding=\"async\" src=\"https:\/\/ufpr.br\/propg\/wp-content\/uploads\/2024\/08\/Icone_IniciacaoCientifica_Rosa.png\" alt=\"\" class=\"wp-image-6114\" style=\"object-fit:cover;width:70px;height:70px\" \/><\/a><\/figure><\/div>\n\n\n<p class=\"has-text-align-center has-text-color has-link-color wp-elements-d4131dcd848ad5c9b605c905962a62bc\" style=\"color:#243673;font-size:14px\"><a href=\"https:\/\/ufpr.br\/propg\/ict\/editais-pibic-pibiti\/\"><strong>Editais de <\/strong><br><strong>Inicia\u00e7\u00e3o Cient\u00edfica <\/strong><br><strong>e Tecnol\u00f3gica<\/strong><\/a><strong> <\/strong><\/p>\n<\/div>\n<\/div>\n<\/div>\n\n\n\n<div class=\"wp-block-column has-background is-layout-flow wp-block-column-is-layout-flow\" style=\"background-color:#e8ecf5;flex-basis:50%\">\n<div style=\"height:25px\" aria-hidden=\"true\" class=\"wp-block-spacer\"><\/div>\n\n\n\n<div class=\"wp-block-columns is-not-stacked-on-mobile is-layout-flex wp-container-core-columns-is-layout-9d6595d7 wp-block-columns-is-layout-flex\">\n<div class=\"wp-block-column has-white-background-color has-text-color has-background has-link-color wp-elements-51f91c54e6678b723dd2b0612b8c520b is-layout-flow wp-block-column-is-layout-flow\" style=\"color:#003c71\">\n<div style=\"height:20px\" aria-hidden=\"true\" class=\"wp-block-spacer\"><\/div>\n\n\n<div class=\"wp-block-image is-style-default\">\n<figure class=\"aligncenter size-full is-resized\"><a href=\"https:\/\/ufpr.br\/propg\/siprop\/\"><img decoding=\"async\" src=\"https:\/\/ufpr.br\/propg\/wp-content\/uploads\/2025\/07\/Icone_EstudanteInternacional_Rosa.png\" alt=\"\" class=\"wp-image-17186\" style=\"width:80px\" \/><\/a><\/figure><\/div>\n\n\n<p class=\"has-text-align-center has-text-color has-link-color wp-elements-e1f6419811ddf4d644fe11715c14897e\" style=\"color:#243673;font-size:14px\"><a href=\"https:\/\/ufpr.br\/propg\/siprop\/\"><strong>Editais para <br>Oportunidades Internacionais<\/strong><\/a><\/p>\n<\/div>\n\n\n\n<div class=\"wp-block-column has-white-background-color has-text-color has-background has-link-color wp-elements-9f3b7df8334957635b960f35ae1d0bc3 is-layout-flow wp-block-column-is-layout-flow\" style=\"color:#003c71\">\n<div style=\"height:20px\" aria-hidden=\"true\" class=\"wp-block-spacer\"><\/div>\n\n\n<div class=\"wp-block-image is-style-default\">\n<figure class=\"aligncenter size-full is-resized\"><a href=\"https:\/\/ufpr.br\/propg\/cpgss\/programa-professor-senior\/\"><img decoding=\"async\" src=\"https:\/\/ufpr.br\/propg\/wp-content\/uploads\/2025\/06\/Icone_ProfessorSenior_Rosa.png\" alt=\"\" class=\"wp-image-7955\" style=\"width:80px\" \/><\/a><\/figure><\/div>\n\n\n<p class=\"has-text-align-center has-text-color has-link-color wp-elements-270a88a90d958b6340aee0963bac60a7\" style=\"color:#243673;font-size:14px\"><a href=\"https:\/\/ufpr.br\/propg\/cpgss\/programa-professor-senior\/\"><strong>Editais do Programa <br>Professor S\u00eanior<\/strong><\/a><\/p>\n<\/div>\n<\/div>\n<\/div>\n<\/div>\n\n\n\n<hr class=\"wp-block-separator has-alpha-channel-opacity is-style-dots\" \/>\n\n\n\n<h2 class=\"wp-block-heading has-text-align-left has-background has-medium-font-size\" id=\"editais-bolsas\" style=\"background-color:#e8ecf5\">EDITAIS SOBRE BOLSAS E AUX\u00cdLIOS<\/h2>\n\n\n\n<hr class=\"wp-block-separator has-text-color has-alpha-channel-opacity has-background is-style-wide\" style=\"background-color:#e8ecf5;color:#e8ecf5\" \/>\n\n\n\n<div class=\"wp-block-columns is-layout-flex wp-container-core-columns-is-layout-9d6595d7 wp-block-columns-is-layout-flex\">\n<div class=\"wp-block-column is-layout-flow wp-block-column-is-layout-flow\" style=\"flex-basis:20%\">\n<div style=\"height:20px\" aria-hidden=\"true\" class=\"wp-block-spacer\"><\/div>\n\n\n<div class=\"wp-block-image is-style-default\">\n<figure class=\"aligncenter size-full is-resized\" id=\"topo\"><img decoding=\"async\" src=\"https:\/\/ufpr.br\/propg\/wp-content\/uploads\/2025\/06\/Icone_Bolsas_Rosa.png\" alt=\"\" class=\"wp-image-7917\" style=\"object-fit:cover;width:90px;height:90px\" \/><\/figure><\/div>\n\n\n<div style=\"height:10px\" aria-hidden=\"true\" class=\"wp-block-spacer\"><\/div>\n<\/div>\n\n\n\n<div class=\"wp-block-column is-layout-flow wp-block-column-is-layout-flow\" style=\"flex-basis:80%\">\n<p>Aqui voc\u00ea encontra os editais conduzidos pela Coordenadoria dos Programas de P\u00f3s-gradua\u00e7\u00e3o Stricto Sensu (CPGSS) e pela Se\u00e7\u00e3o de Apoio ao Estudante (SAE) da PROPG.<\/p>\n\n\n\n<hr class=\"wp-block-separator has-text-color has-alpha-channel-opacity has-background is-style-wide\" style=\"background-color:#e8ecf5;color:#e8ecf5\" \/>\n\n\n\n<p class=\"has-small-font-size\">Em 2025 houve altera\u00e7\u00e3o na organiza\u00e7\u00e3o da Pr\u00f3-reitoria de modo que antiga PRPPG passou a ser PROPG e a se\u00e7\u00e3o de bolsas (SBA) passou a ser SAE.<\/p>\n\n\n\n<div style=\"height:25px\" aria-hidden=\"true\" class=\"wp-block-spacer\"><\/div>\n\n\n\n<details class=\"wp-block-details is-layout-flow wp-block-details-is-layout-flow\" open><summary>2026<\/summary>\n<ul class=\"wp-block-list\">\n<li><a href=\"https:\/\/ufpr.br\/propg\/editais\/edital-04-2026-propg-sae\/\">Edital 04\/2026 PROPG\/SAE<\/a>: Processo Seletivo para Concess\u00e3o de Bolsas de Mestrado e Doutorado da Chamada N\u00ba 12\/2025 Cnpq Programa Institucional de Bolsas de P\u00f3s-gradua\u00e7\u00e3o (PIBPG) Ciclo 2026<\/li>\n<\/ul>\n\n\n\n<ul class=\"wp-block-list\">\n<li><a href=\"https:\/\/ufpr.br\/propg\/editais\/edital-03-2026-propg-sae\/\">Edital 03\/2026 PROPG\/SAE<\/a>: Chamada Institucional de Apoio \u00e0 Participa\u00e7\u00e3o Discente e \u00e0 Produ\u00e7\u00e3o Acad\u00eamica da P\u00f3s-Gradua\u00e7\u00e3o da UFPR<br>Resultados<\/li>\n<\/ul>\n\n\n\n<ul class=\"wp-block-list\">\n<li><a href=\"https:\/\/ufpr.br\/propg\/editais\/edital-02-2026-propg\/\">Edital 02\/2026 PROPG<\/a>:\u00a0Chamada Institucional de Apoio aos Programas de P\u00f3s-Gradua\u00e7\u00e3o\u00a0Profissionais\u00a0da UFPR<\/li>\n<\/ul>\n\n\n\n<ul class=\"wp-block-list\">\n<li><a href=\"https:\/\/ufpr.br\/propg\/cpgss\/acoes-afirmativas\/banca-unificada\/\">Edital 01\/2026 PROPG\/PROAFE\/NC\/UFPR<\/a>: Banca Unificada para Valida\u00e7\u00e3o PG 2026.1<\/li>\n<\/ul>\n\n\n\n<hr class=\"wp-block-separator has-alpha-channel-opacity is-style-dots\" \/>\n<\/details>\n\n\n\n<details class=\"wp-block-details is-layout-flow wp-block-details-is-layout-flow\"><summary>2025<\/summary>\n<ul class=\"wp-block-list\">\n<li><a href=\"https:\/\/ufpr.br\/propg\/editais\/edital-07-2025-propg-sae\/\">Edital 07\/2025-PROPG\/SAE<\/a>: procedimento para remanejamento de cotas ociosas de Bolsas DS, DS em Rede e PROEX autorizado pelo Of\u00edcio Circular CAPES n\u00ba 02\/2025<\/li>\n<\/ul>\n\n\n\n<ul class=\"wp-block-list\">\n<li><a href=\"https:\/\/ufpr.br\/propg\/editais\/edital-06-2025-propg-sae-e-p4e\/\">Edital 06\/2025 PROPG\/SAE e P4E<\/a>: Programa de Assist\u00eancia Estudantil para a P\u00f3s-Gradua\u00e7\u00e3o Stricto Sensu (PAEPG)&nbsp;<\/li>\n<\/ul>\n\n\n\n<ul class=\"wp-block-list\">\n<li><a href=\"https:\/\/ufpr.br\/propg\/editais\/edital-05-2025-propg-sae\/\">Edital 05\/2025-PROPG\/SAE<\/a>: Processo Seletivo para Concess\u00e3o de Bolsa T\u00e9cnico atribu\u00edda atrav\u00e9s da Chamada P\u00fablica FA n\u00ba 07\/2025 \u2013 Programa Institucional Bolsa-T\u00e9cnico<\/li>\n<\/ul>\n\n\n\n<ul class=\"wp-block-list\">\n<li><a href=\"https:\/\/ufpr.br\/propg\/editais\/edital-04-2025-propg-sae\/\">Edital 04\/2025 PROPG\/SAE<\/a>: procedimento para remanejamento de cotas ociosas de Bolsas DS, DS em Rede e PROEX autorizado pelo Of\u00edcio Circular CAPES n\u00ba 01\/2025<\/li>\n<\/ul>\n\n\n\n<ul class=\"wp-block-list\">\n<li><a href=\"https:\/\/ufpr.br\/propg\/editais\/edital-03-2025-propg-sae\/\">Edital 03\/2025-PROPG\/SAE<\/a>: Processo Seletivo para aloca\u00e7\u00e3o de cotas PROPG de bolsa DS\/CAPES institu\u00edda atrav\u00e9s da Portaria CAPES n\u00ba 73\/2022<\/li>\n<\/ul>\n\n\n\n<ul class=\"wp-block-list\">\n<li><a href=\"https:\/\/ufpr.br\/propg\/editais\/edital-02-2025-propg-sae\/\">Edital 02\/2025-PROPG\/SAE<\/a>: Processo Seletivo para Concess\u00e3o de Bolsas de Mestrado e Doutorado da Chamada N\u00ba 50\/2024 Cnpq Programa Institucional de Bolsas de P\u00f3s-gradua\u00e7\u00e3o (PIBPG) Ciclo 2025<\/li>\n<\/ul>\n\n\n\n<ul class=\"wp-block-list\">\n<li><a href=\"https:\/\/ufpr.br\/propg\/cpgss\/acoes-afirmativas\/banca-unificada\/\">Edital 01\/2025-PROPG\/PROAFE\/NC\/UFPR<\/a>: Banca Unificada para Valida\u00e7\u00e3o Pr\u00e9via das Autodeclara\u00e7\u00f5es para A\u00e7\u00f5es Afirmativas para Pessoas Negras (Pretas e Pardas) nos Processos Seletivos de Ingresso nos Programas de P\u00f3s-Gradua\u00e7\u00e3o Stricto Sensu da UFPR<\/li>\n<\/ul>\n\n\n\n<hr class=\"wp-block-separator has-alpha-channel-opacity is-style-dots\" \/>\n<\/details>\n\n\n\n<details class=\"wp-block-details is-layout-flow wp-block-details-is-layout-flow\"><summary>2024<\/summary>\n<ul class=\"wp-block-list\">\n<li><a href=\"https:\/\/ufpr.br\/propg\/editais\/edital-09-2024-prppg-sba\/\">Edital 09\/2024-PRPPG\/SBA<\/a>:&nbsp;Processo Seletivo para homologa\u00e7\u00e3o de benefici\u00e1rios de bolsa PIPD\/CAPES institu\u00edda atrav\u00e9s da Portaria CAPES n\u00ba 282\/2024<\/li>\n<\/ul>\n\n\n\n<ul class=\"wp-block-list\">\n<li><a href=\"https:\/\/ufpr.br\/propg\/editais\/edital-06-2024-prppg-cpgss\/\">Edital 06\/2024-PRPPG\/CPGSS<\/a>: Processo Seletivo para Concess\u00e3o de Bolsas da Chamada P\u00fablica FA 14\/2024 \u2013 Programa de Bolsas de Mestrado e Doutorado<\/li>\n<\/ul>\n\n\n\n<ul class=\"wp-block-list\">\n<li><a href=\"https:\/\/ufpr.br\/propg\/editais\/edital-05-2024-prppg-sba\/\" target=\"_blank\" rel=\"noreferrer noopener\">Edital 05\/2024 \u2013 PRPPG\/SBA<\/a>: Processo Seletivo para aloca\u00e7\u00e3o de cotas de bolsa DS&nbsp;PRPPG institu\u00eddas atrav\u00e9s da Portaria CAPES n\u00ba 73\/2022<\/li>\n<\/ul>\n\n\n\n<ul class=\"wp-block-list\">\n<li><a href=\"https:\/\/ufpr.br\/propg\/editais\/edital-04-2024-prppg-cpgss\/\">Edital 04\/2024-PRPPG\/CPGSS<\/a>: Sele\u00e7\u00e3o de propostas para a Chamada P\u00fablica CNPQ N\u00ba 009\/2024-Programa de Mestrado e Doutorado para Inova\u00e7\u00e3o MAI\/DAI 2024<\/li>\n<\/ul>\n\n\n\n<ul class=\"wp-block-list\">\n<li><a href=\"https:\/\/ufpr.br\/propg\/editais\/proext-pg-ufpr\/\">Edital 01\/2024-PROEC-PRPPG\/UFPR<\/a>: Processo Seletivo para concess\u00e3o de apoio financeiro a a\u00e7\u00f5es de extens\u00e3o universit\u00e1ria na p\u00f3s-gradua\u00e7\u00e3o com recursos PROEXT-PG CAPES (edital conjunto PROEC e PRPPG)<\/li>\n<\/ul>\n\n\n\n<ul class=\"wp-block-list\">\n<li><a href=\"https:\/\/ufpr.br\/propg\/editais\/edital-01-2024-prppg-cpgss\/\">Edital 01\/2024-PRPPG\/CPGSS<\/a>: Processo Seletivo para concess\u00e3o de bolsas de mestrado e doutorado da Chamada CNPq 35\/2023 \u2013 PIBPG Ciclo 2024<\/li>\n<\/ul>\n\n\n\n<div style=\"height:15px\" aria-hidden=\"true\" class=\"wp-block-spacer\"><\/div>\n\n\n\n<hr class=\"wp-block-separator has-alpha-channel-opacity is-style-dots\" \/>\n<\/details>\n\n\n\n<details class=\"wp-block-details is-layout-flow wp-block-details-is-layout-flow\"><summary>2023<\/summary>\n<ul class=\"wp-block-list\">\n<li><a href=\"https:\/\/ufpr.br\/propg\/editais\/edital-07-2023-prppg-cpgss\/\">Edital 07\/2023-PRPPG\/CPGSS<\/a>: Processo Seletivo para participa\u00e7\u00e3o da Proposta Institucional da Universidade Federal do Paran\u00e1 referente \u00e0 Chamada P\u00fablica 12\/2023-Funda\u00e7\u00e3o Arauc\u00e1ria: Profissional Top Manager: Pesquisador Visitante Especial&nbsp;<\/li>\n<\/ul>\n\n\n\n<ul class=\"wp-block-list\">\n<li><a href=\"https:\/\/ufpr.br\/propg\/editais\/edital-05-2023-prppg-sba\/\">Edital 05\/2023-PRPPG\/SBA<\/a>:&nbsp;Processo&nbsp;Seletivo para aloca\u00e7\u00e3o de cotas de bolsa DS PRPPG institu\u00edda atrav\u00e9s da Portaria CAPES n\u00ba 73\/2022<\/li>\n<\/ul>\n\n\n\n<ul class=\"wp-block-list\">\n<li><a href=\"https:\/\/ufpr.br\/propg\/editais\/edital-02-2023-prppg-cpgss\/\">Edital 02\/2023-PRPPG\/CPGSS<\/a>: Processo Seletivo para Concess\u00e3o de Bolsas de Mestrado e Doutorado da Chamada CNPq 69\/2022 PIBPG Ciclo 2023<\/li>\n<\/ul>\n\n\n\n<ul class=\"wp-block-list\">\n<li><a href=\"https:\/\/ufpr.br\/propg\/editais\/pdpgiii-fundacao-araucaria\/\">Edital 38\/2022-CAPES:&nbsp;<\/a>Programa PDPG-Parcerias Estrat\u00e9gicas nos Estados III<\/li>\n<\/ul>\n\n\n\n<div style=\"height:15px\" aria-hidden=\"true\" class=\"wp-block-spacer\"><\/div>\n\n\n\n<hr class=\"wp-block-separator has-alpha-channel-opacity is-style-dots\" \/>\n<\/details>\n\n\n\n<details class=\"wp-block-details is-layout-flow wp-block-details-is-layout-flow\"><summary>2022<\/summary>\n<ul class=\"wp-block-list\">\n<li><a href=\"https:\/\/ufpr.br\/propg\/editais\/edital-06-2022-prppg-cpgss\/\">Edital 06\/2022-PRPPG\/CPGSS<\/a>: Sele\u00e7\u00e3o de propostas para Chamada CNPq \u2013 N\u00ba 68\/2022-Programa de Mestrado e Doutorado para Inova\u00e7\u00e3o MAI\/DAI<\/li>\n<\/ul>\n\n\n\n<ul class=\"wp-block-list\">\n<li><a href=\"https:\/\/ufpr.br\/propg\/editais\/edital-04-2022-prppg-sba\/\">Edital 04\/2022-PRPPG\/SBA<\/a>: Processo Seletivo para aloca\u00e7\u00e3o de cotas remanescentes de bolsa PRPPG institu\u00edda atrav\u00e9s da Portaria CAPES n\u00ba 73\/2022<\/li>\n<\/ul>\n\n\n\n<ul class=\"wp-block-list\">\n<li><a href=\"https:\/\/ufpr.br\/propg\/editais\/edital-03-2022-prppg-sba\/\">Edital 03\/2022-PRPPG\/SBA<\/a>: Processo Seletivo para aloca\u00e7\u00e3o de cota de bolsa PRPPG institu\u00edda atrav\u00e9s da Portaria CAPES n\u00ba 73\/2022<\/li>\n<\/ul>\n\n\n\n<ul class=\"wp-block-list\">\n<li><a href=\"https:\/\/ufpr.br\/propg\/editais\/edital-02-2022-prppg\/\">Edital 02\/2022-PRPPG\/CPGSS<\/a>: Chamada interna para apresenta\u00e7\u00e3o de projetos para o Edital n\u00ba 16\/2022-Capes: Apoio aos Programas de P\u00f3s-Gradua\u00e7\u00e3o Emergentes e Em Consolida\u00e7\u00e3o<\/li>\n<\/ul>\n\n\n\n<ul class=\"wp-block-list\">\n<li><a href=\"https:\/\/ufpr.br\/propg\/editais\/edital-30-2022-capes\/\">Chamada interna PRPPG\/CPGSS para o Edital 30\/2022-Capes PDPG<\/a>: Solidariedade acad\u00eamica<\/li>\n<\/ul>\n<\/details>\n\n\n\n<details class=\"wp-block-details is-layout-flow wp-block-details-is-layout-flow\"><summary>Anos anteriores<\/summary>\n<ul class=\"wp-block-list\">\n<li><a href=\"https:\/\/ufpr.br\/propg\/editais\/edital-03-2020-prppg\/\">Edital 03\/2020-PRPPG<\/a>: Sele\u00e7\u00e3o para Chamada P\u00fablica 12\/2020-CNPQ: Programa MAI\/DAI<\/li>\n<\/ul>\n\n\n\n<ul class=\"wp-block-list\">\n<li>Edital de <a href=\"https:\/\/ufpr.br\/propg\/editais\/edital-de-bolsas-de-pos-doc-fa-capes-2018\/\">Bolsas de P\u00f3s-Doc FA\/CAPES 2018<\/a><\/li>\n<\/ul>\n<\/details>\n\n\n\n<div style=\"height:25px\" aria-hidden=\"true\" class=\"wp-block-spacer\"><\/div>\n\n\n\n<p class=\"has-text-color has-link-color wp-elements-16631d866001ae142cbdd3786f7ccd26\" style=\"color:#243673\"><strong><a title=\"\" href=\"#topo\">Voltar ao topo<\/a><\/strong><\/p>\n<\/div>\n<\/div>\n<\/div>\n\n\n\n<div class=\"wp-block-column is-layout-flow wp-block-column-is-layout-flow\" style=\"flex-basis:5%\"><\/div>\n<\/div>\n\n\n\n<p><\/p>\n","protected":false},"excerpt":{"rendered":"<p>Esta p\u00e1gina reune os editais conduzidos pela PROPG Editais sobre Bolsas e Aux\u00edlios Editais de Inicia\u00e7\u00e3o Cient\u00edfica e Tecnol\u00f3gica Editais para Oportunidades Internacionais Editais do Programa Professor S\u00eanior EDITAIS SOBRE BOLSAS E AUX\u00cdLIOS Aqui voc\u00ea encontra os editais conduzidos pela Coordenadoria dos Programas de P\u00f3s-gradua\u00e7\u00e3o Stricto Sensu (CPGSS) e pela Se\u00e7\u00e3o de Apoio ao Estudante [&hellip;]<\/p>\n","protected":false},"author":5,"featured_media":0,"parent":0,"menu_order":0,"comment_status":"closed","ping_status":"closed","template":"","meta":{"footnotes":""},"class_list":["post-11760","page","type-page","status-publish","hentry"],"_links":{"self":[{"href":"https:\/\/ufpr.br\/propg\/wp-json\/wp\/v2\/pages\/11760","targetHints":{"allow":["GET"]}}],"collection":[{"href":"https:\/\/ufpr.br\/propg\/wp-json\/wp\/v2\/pages"}],"about":[{"href":"https:\/\/ufpr.br\/propg\/wp-json\/wp\/v2\/types\/page"}],"author":[{"embeddable":true,"href":"https:\/\/ufpr.br\/propg\/wp-json\/wp\/v2\/users\/5"}],"replies":[{"embeddable":true,"href":"https:\/\/ufpr.br\/propg\/wp-json\/wp\/v2\/comments?post=11760"}],"version-history":[{"count":118,"href":"https:\/\/ufpr.br\/propg\/wp-json\/wp\/v2\/pages\/11760\/revisions"}],"predecessor-version":[{"id":51779,"href":"https:\/\/ufpr.br\/propg\/wp-json\/wp\/v2\/pages\/11760\/revisions\/51779"}],"wp:attachment":[{"href":"https:\/\/ufpr.br\/propg\/wp-json\/wp\/v2\/media?parent=11760"}],"curies":[{"name":"wp","href":"https:\/\/api.w.org\/{rel}","templated":true}]}}