{"id":11674,"date":"2025-08-13T09:31:40","date_gmt":"2025-08-13T12:31:40","guid":{"rendered":"https:\/\/ufpr.br\/?page=11674"},"modified":"2026-01-05T16:09:57","modified_gmt":"2026-01-05T19:09:57","slug":"edital-04-2022-prppg-sba","status":"publish","type":"page","link":"https:\/\/ufpr.br\/propg\/editais\/edital-04-2022-prppg-sba\/","title":{"rendered":"Edital 04\/2022 \u2013 PRPPG\/SBA"},"content":{"rendered":"\n<div style=\"height:50px\" aria-hidden=\"true\" class=\"wp-block-spacer\"><\/div>\n\n\n\n<div class=\"wp-block-columns is-layout-flex wp-container-core-columns-is-layout-9d6595d7 wp-block-columns-is-layout-flex\">\n<div class=\"wp-block-column is-layout-flow wp-block-column-is-layout-flow\" style=\"flex-basis:20%\" id=\"topo\">\n<div style=\"height:15px\" aria-hidden=\"true\" class=\"wp-block-spacer\"><\/div>\n\n\n<div class=\"wp-block-image\">\n<figure class=\"aligncenter size-full is-resized\"><img decoding=\"async\" src=\"https:\/\/ufpr.br\/propg\/wp-content\/uploads\/2024\/10\/Icone_DocumentosMao_Rosa.png\" alt=\"\" class=\"wp-image-6130\" style=\"width:100px;height:auto\"\/><\/figure><\/div><\/div>\n\n\n\n<div class=\"wp-block-column is-layout-flow wp-block-column-is-layout-flow\" style=\"flex-basis:2%\"><\/div>\n\n\n\n<div class=\"wp-block-column is-layout-flow wp-block-column-is-layout-flow\" style=\"flex-basis:70%\">\n<blockquote class=\"wp-block-quote is-layout-flow wp-block-quote-is-layout-flow\">\n<p>Processo Seletivo para aloca\u00e7\u00e3o de cotas remanescentes de bolsa PRPPG institu\u00edda atrav\u00e9s da Portaria CAPES n\u00ba 73\/2022<\/p>\n<\/blockquote>\n\n\n\n<div style=\"height:25px\" aria-hidden=\"true\" class=\"wp-block-spacer\"><\/div>\n\n\n\n<div class=\"wp-block-columns is-layout-flex wp-container-core-columns-is-layout-9d6595d7 wp-block-columns-is-layout-flex\">\n<div class=\"wp-block-column is-layout-flow wp-block-column-is-layout-flow\">\n<h2 class=\"wp-block-heading has-text-align-left has-background has-medium-font-size\" style=\"background-color:#e8ecf5\">EDITAL<\/h2>\n\n\n\n<hr class=\"wp-block-separator has-text-color has-alpha-channel-opacity has-background is-style-wide\" style=\"background-color:#e8ecf5;color:#e8ecf5\"\/>\n\n\n\n<p><a href=\"https:\/\/ufpr.br\/propg\/wp-content\/uploads\/2025\/08\/bolsaprppg_segundoedital_final-r1.pdf\" target=\"_blank\" rel=\"noreferrer noopener\">Edital 04\/2022-PRPPG\/SBA<\/a>\u00a0(publicado em 05\/10\/2022) (retificado em 07\/10\/2022)<\/p>\n\n\n\n<p>Nota de retifica\u00e7\u00e3o n\u00b0 01\/2022: altera de as cotas bolsas de Doutorado de 14 para 12 (publicada em 07\/10\/2022)<\/p>\n\n\n\n<div style=\"height:50px\" aria-hidden=\"true\" class=\"wp-block-spacer\"><\/div>\n<\/div>\n<\/div>\n\n\n\n<h2 class=\"wp-block-heading has-text-align-left has-background has-medium-font-size\" style=\"background-color:#e8ecf5\">MODELOS DE FORMUL\u00c1RIOS<\/h2>\n\n\n\n<hr class=\"wp-block-separator has-text-color has-alpha-channel-opacity has-background is-style-wide\" style=\"background-color:#e8ecf5;color:#e8ecf5\"\/>\n\n\n\n<p><a href=\"https:\/\/ufpr.br\/propg\/wp-content\/uploads\/2025\/08\/modelo-despacho-de-candidatura-discente-2.docx\" target=\"_blank\" rel=\"noreferrer noopener\">Modelo Despacho de Candidatura Discente<\/a>.docx<\/p>\n\n\n\n<div style=\"height:50px\" aria-hidden=\"true\" class=\"wp-block-spacer\"><\/div>\n\n\n\n<h2 class=\"wp-block-heading has-text-align-left has-background has-medium-font-size\" style=\"background-color:#e8ecf5\">RESULTADOS<\/h2>\n\n\n\n<hr class=\"wp-block-separator has-text-color has-alpha-channel-opacity has-background is-style-wide\" style=\"background-color:#e8ecf5;color:#e8ecf5\"\/>\n\n\n\n<ul class=\"wp-block-list\">\n<li><a href=\"https:\/\/ufpr.br\/propg\/wp-content\/uploads\/2025\/08\/sei_4983180_despacho_917-1.pdf\" target=\"_blank\" rel=\"noreferrer noopener\">Resultado Parcial_Edital_04_2022_PRPPG_SBA<\/a> (conforme cronograma do edital)<\/li>\n<\/ul>\n\n\n\n<ul class=\"wp-block-list\">\n<li><a href=\"https:\/\/ufpr.br\/propg\/wp-content\/uploads\/2025\/08\/sei_4989956_despacho_918.pdf\" target=\"_blank\" rel=\"noreferrer noopener\">Resultado FINAL-Edital_04_2022_PRPPG_SBA<\/a> (conforme cronograma do edital).<\/li>\n<\/ul>\n\n\n\n<div style=\"height:50px\" aria-hidden=\"true\" class=\"wp-block-spacer\"><\/div>\n\n\n\n<div class=\"wp-block-columns is-layout-flex wp-container-core-columns-is-layout-9d6595d7 wp-block-columns-is-layout-flex\">\n<div class=\"wp-block-column is-layout-flow wp-block-column-is-layout-flow\">\n<h2 class=\"wp-block-heading has-text-align-left has-background has-medium-font-size\" style=\"background-color:#e8ecf5\">NORMAS RELACIONADAS<\/h2>\n\n\n\n<hr class=\"wp-block-separator has-text-color has-alpha-channel-opacity has-background is-style-wide\" style=\"background-color:#e8ecf5;color:#e8ecf5\"\/>\n\n\n\n<ul class=\"wp-block-list\">\n<li><a href=\"https:\/\/www.in.gov.br\/en\/web\/dou\/-\/portaria-n-34-de-9-de-marco-de-2020-248560278?fbclid=IwAR33ngXggftKmv6QCZcRpGT-Lc7vOwttxzUkveA20XL6iG5SQFZ_BWHdDJU\" target=\"_blank\" rel=\"noreferrer noopener\">Portaria n\u00ba 34, de 9 de Mar\u00e7o de 2020&nbsp;<\/a>: Disp\u00f5e sobre as condi\u00e7\u00f5es para fomento a cursos de p\u00f3s-gradua\u00e7\u00e3o stricto sensu pela Diretoria de Programas e Bolsas no Pa\u00eds da CAPES.<\/li>\n<\/ul>\n\n\n\n<ul class=\"wp-block-list\">\n<li><a href=\"http:\/\/cad.capes.gov.br\/ato-administrativo-detalhar?idAtoAdmElastic=8342#anchor\" target=\"_blank\" rel=\"noreferrer noopener\">Portaria n\u00ba 73, de 6 de abril de 2022, da Capes<\/a>: Institui a cota de bolsas de estudo e\/ou aux\u00edlios escolares da pr\u00f3-reitoria ou \u00f3rg\u00e3o equivalente incumbido dos programas de p\u00f3s-gradua\u00e7\u00e3o e altera a Portaria n\u00ba 76, de 14 de abril de 2010, a Portaria n\u00ba 181, de 18 de dezembro de 2012, e a Portaria n\u00ba 149, de 1\u00ba de agosto de 2017.<\/li>\n<\/ul>\n\n\n\n<ul class=\"wp-block-list\">\n<li><a href=\"https:\/\/ufpr.br\/propg\/wp-content\/uploads\/2025\/08\/portaria-no-92-de-24-de-maio-de-2022-capes-1.pdf\" target=\"_blank\" rel=\"noreferrer noopener\">Portaria n\u00ba 92, de 24 de Maio de 2022<\/a>: Disp\u00f5e sobre os crit\u00e9rios para distribui\u00e7\u00e3o da cota de bolsas de estudo ou aux\u00edlios escolares da pr\u00f3-reitoria ou \u00f3rg\u00e3o equivalente incumbido dos programas de p\u00f3s-gradua\u00e7\u00e3o no \u00e2mbito dos programas institucionais de fomento \u00e0 p\u00f3s-gradua\u00e7\u00e3o geridos pela Diretoria de Programas e Bolsas no Pa\u00eds.<\/li>\n<\/ul>\n\n\n\n<ul class=\"wp-block-list\">\n<li><a href=\"https:\/\/ufpr.br\/propg\/wp-content\/uploads\/2025\/08\/of-5-2022-capes-1.pdf\" target=\"_blank\" rel=\"noreferrer noopener\">Of\u00edcio Circular n\u00ba 5\/2022-GAB\/PR\/CAPES<\/a>: Cota de bolsas e\/ou aux\u00edlios escolares para as pr\u00f3-reitorias<\/li>\n<\/ul>\n\n\n\n<ul class=\"wp-block-list\">\n<li><a href=\"https:\/\/ufpr.br\/propg\/wp-content\/uploads\/2025\/08\/sei_ufpr-4560848-prppg_-instrucao-normativa-1.pdf\" target=\"_blank\" rel=\"noreferrer noopener\">Instru\u00e7\u00e3o Normativa 4\/2022-PRPPG\/GAB<\/a>: Disp\u00f5e sobre aloca\u00e7\u00e3o das cotas de bolsas de estudo e\/ou aux\u00edlios escolares no \u00e2mbito da cota de bolsas da PRPPG, bolsas de mestrado e\/ou doutorado, pela Pr\u00f3-Reitoria de Pesquisa e P\u00f3s-Gradua\u00e7\u00e3o aos programas de p\u00f3s-gradua\u00e7\u00e3o pass\u00edveis de fomento<\/li>\n<\/ul>\n\n\n\n<ul class=\"wp-block-list\">\n<li><a href=\"https:\/\/ufpr.br\/propg\/wp-content\/uploads\/2025\/08\/oficio-no162022-ufpr-r-prppg-cpgss-1.pdf\" target=\"_blank\" rel=\"noreferrer noopener\">Of\u00edcio n\u00ba 16\/2022\/UFPR\/R\/PRPPG\/CPGSS<\/a>: Comunica publica\u00e7\u00e3o de crit\u00e9rios de aloca\u00e7\u00e3o das cotas da pr\u00f3-reitoria UFPR 2022, conf. art. 3\u00ba da Portaria n\u00ba 73\/2022-CAPES<\/li>\n<\/ul>\n<\/div>\n<\/div>\n\n\n\n<hr class=\"wp-block-separator has-text-color has-alpha-channel-opacity has-background is-style-wide\" style=\"background-color:#e8ecf5;color:#e8ecf5\"\/>\n\n\n\n<p class=\"has-text-color has-link-color wp-elements-16631d866001ae142cbdd3786f7ccd26\" style=\"color:#243673\"><strong><a title=\"\" href=\"#topo\">Voltar ao topo<\/a><\/strong><\/p>\n<\/div>\n\n\n\n<div class=\"wp-block-column is-layout-flow wp-block-column-is-layout-flow\" style=\"flex-basis:7%\"><\/div>\n<\/div>\n\n\n\n<p><\/p>\n","protected":false},"excerpt":{"rendered":"<p>Processo Seletivo para aloca\u00e7\u00e3o de cotas remanescentes de bolsa PRPPG institu\u00edda atrav\u00e9s da Portaria CAPES n\u00ba 73\/2022 EDITAL Edital 04\/2022-PRPPG\/SBA\u00a0(publicado em 05\/10\/2022) (retificado em 07\/10\/2022) Nota de retifica\u00e7\u00e3o n\u00b0 01\/2022: altera de as cotas bolsas de Doutorado de 14 para 12 (publicada em 07\/10\/2022) MODELOS DE FORMUL\u00c1RIOS Modelo Despacho de Candidatura Discente.docx RESULTADOS NORMAS RELACIONADAS [&hellip;]<\/p>\n","protected":false},"author":5,"featured_media":0,"parent":11760,"menu_order":0,"comment_status":"closed","ping_status":"closed","template":"","meta":{"footnotes":""},"class_list":["post-11674","page","type-page","status-publish","hentry"],"_links":{"self":[{"href":"https:\/\/ufpr.br\/propg\/wp-json\/wp\/v2\/pages\/11674","targetHints":{"allow":["GET"]}}],"collection":[{"href":"https:\/\/ufpr.br\/propg\/wp-json\/wp\/v2\/pages"}],"about":[{"href":"https:\/\/ufpr.br\/propg\/wp-json\/wp\/v2\/types\/page"}],"author":[{"embeddable":true,"href":"https:\/\/ufpr.br\/propg\/wp-json\/wp\/v2\/users\/5"}],"replies":[{"embeddable":true,"href":"https:\/\/ufpr.br\/propg\/wp-json\/wp\/v2\/comments?post=11674"}],"version-history":[{"count":20,"href":"https:\/\/ufpr.br\/propg\/wp-json\/wp\/v2\/pages\/11674\/revisions"}],"predecessor-version":[{"id":47542,"href":"https:\/\/ufpr.br\/propg\/wp-json\/wp\/v2\/pages\/11674\/revisions\/47542"}],"up":[{"embeddable":true,"href":"https:\/\/ufpr.br\/propg\/wp-json\/wp\/v2\/pages\/11760"}],"wp:attachment":[{"href":"https:\/\/ufpr.br\/propg\/wp-json\/wp\/v2\/media?parent=11674"}],"curies":[{"name":"wp","href":"https:\/\/api.w.org\/{rel}","templated":true}]}}