{"id":11639,"date":"2025-08-12T14:10:22","date_gmt":"2025-08-12T17:10:22","guid":{"rendered":"https:\/\/ufpr.br\/?page=11639"},"modified":"2026-01-05T15:54:30","modified_gmt":"2026-01-05T18:54:30","slug":"edital-02-2022-prppg","status":"publish","type":"page","link":"https:\/\/ufpr.br\/propg\/editais\/edital-02-2022-prppg\/","title":{"rendered":"Edital 02\/2022-PRPPG"},"content":{"rendered":"\n<div style=\"height:50px\" aria-hidden=\"true\" class=\"wp-block-spacer\"><\/div>\n\n\n\n<div class=\"wp-block-columns is-layout-flex wp-container-core-columns-is-layout-9d6595d7 wp-block-columns-is-layout-flex\">\n<div class=\"wp-block-column is-layout-flow wp-block-column-is-layout-flow\" style=\"flex-basis:20%\" id=\"topo\">\n<div style=\"height:15px\" aria-hidden=\"true\" class=\"wp-block-spacer\"><\/div>\n\n\n<div class=\"wp-block-image\">\n<figure class=\"aligncenter size-full is-resized\"><img decoding=\"async\" src=\"https:\/\/ufpr.br\/propg\/wp-content\/uploads\/2024\/10\/Icone_DocumentosMao_Rosa.png\" alt=\"\" class=\"wp-image-6130\" style=\"width:100px;height:auto\"\/><\/figure><\/div><\/div>\n\n\n\n<div class=\"wp-block-column is-layout-flow wp-block-column-is-layout-flow\" style=\"flex-basis:2%\"><\/div>\n\n\n\n<div class=\"wp-block-column is-layout-flow wp-block-column-is-layout-flow\" style=\"flex-basis:70%\">\n<blockquote class=\"wp-block-quote is-layout-flow wp-block-quote-is-layout-flow\">\n<p>Chamada interna para apresenta\u00e7\u00e3o de projetos para o Edital n\u00ba 16\/2022-Capes<\/p>\n<\/blockquote>\n\n\n\n<div style=\"height:25px\" aria-hidden=\"true\" class=\"wp-block-spacer\"><\/div>\n\n\n\n<div class=\"wp-block-columns is-layout-flex wp-container-core-columns-is-layout-9d6595d7 wp-block-columns-is-layout-flex\">\n<div class=\"wp-block-column is-layout-flow wp-block-column-is-layout-flow\">\n<h2 class=\"wp-block-heading has-text-align-left has-background has-medium-font-size\" style=\"background-color:#e8ecf5\">EDITAL 02\/2022-PRPPG<\/h2>\n\n\n\n<hr class=\"wp-block-separator has-text-color has-alpha-channel-opacity has-background is-style-wide\" style=\"background-color:#e8ecf5;color:#e8ecf5\"\/>\n\n\n\n<p><a href=\"https:\/\/ufpr.br\/propg\/wp-content\/uploads\/2025\/08\/edital-n2-2022-prppg-capes-posdoc-r1.pdf\" target=\"_blank\" rel=\"noreferrer noopener\">Edital n\u00b0002\/2022-PRPPG: Chamada interna para apresenta\u00e7\u00e3o de projetos para o Edital n\u00ba 16\/2022-Capes: Apoio aos Programas de P\u00f3s-Gradua\u00e7\u00e3o Emergentes e Em Consolida\u00e7\u00e3o<\/a>\u00a0(publicado em 07\/04\/2022 )<\/p>\n\n\n\n<ul class=\"wp-block-list\">\n<li>Nota de Retifica\u00e7\u00e3o n\u00ba 01 do Edital n\u00ba 002\/2022-PRPPG: No item 1.2: Onde se l\u00ea:\u201dArt.2, \u00a72\u00ba, da Res. 16\/18-Cepe\u201d, Leia-se:\u201dArt.2, \u00a71\u00ba, da Res. 16\/18-Cepe\u201d (publicado em 12\/04\/2022)<\/li>\n<\/ul>\n\n\n\n<hr class=\"wp-block-separator has-text-color has-alpha-channel-opacity has-background is-style-wide\" style=\"background-color:#e8ecf5;color:#e8ecf5\"\/>\n\n\n\n<p>Edital n\u00ba 16\/2022-Capes-Programa de Desenvolvimento da P\u00f3s-Gradua\u00e7\u00e3o (PDPG) P\u00f3s-Doutorado Estrat\u00e9gico-Capes:&nbsp;<a href=\"https:\/\/www.gov.br\/capes\/pt-br\/centrais-de-conteudo\/editais\/14032022_Edital_1649692_EDITAL_16.pdf\" target=\"_blank\" rel=\"noreferrer noopener\">https:\/\/www.gov.br\/capes\/pt-br\/centrais-de-conteudo\/editais\/14032022_Edital_1649692_EDITAL_16.pdf<\/a>&nbsp;(publicado em 14\/03\/2022)<\/p>\n\n\n\n<ul class=\"wp-block-list\">\n<li><a href=\"https:\/\/ufpr.br\/propg\/wp-content\/uploads\/2025\/08\/anexoi-listappg.pdf\" target=\"_blank\" rel=\"noreferrer noopener\">Anexo I do Edital n\u00b0002\/2022-PRPPG:<\/a> lista de PPGs aptos (Emergentes e\/ou Em Consolida\u00e7\u00e3o)<\/li>\n<\/ul>\n\n\n\n<div style=\"height:50px\" aria-hidden=\"true\" class=\"wp-block-spacer\"><\/div>\n<\/div>\n<\/div>\n\n\n\n<h2 class=\"wp-block-heading has-text-align-left has-background has-medium-font-size\" style=\"background-color:#e8ecf5\">RESULTADO PRELIMINAR EDITAL 02\/2022-PRPPG<\/h2>\n\n\n\n<hr class=\"wp-block-separator has-text-color has-alpha-channel-opacity has-background is-style-wide\" style=\"background-color:#e8ecf5;color:#e8ecf5\"\/>\n\n\n\n<p><a href=\"https:\/\/ufpr.br\/propg\/wp-content\/uploads\/2025\/08\/resultado-preliminar.pdf\" target=\"_blank\" rel=\"noreferrer noopener\">Resultado Preliminar da Chamada Interna<\/a> \u2013 publicado em 26\/04\/2022<\/p>\n\n\n\n<div style=\"height:50px\" aria-hidden=\"true\" class=\"wp-block-spacer\"><\/div>\n\n\n\n<h2 class=\"wp-block-heading has-text-align-left has-background has-medium-font-size\" style=\"background-color:#e8ecf5\">RESULTADO FINAL EDITAL 02\/2022-PRPPG<\/h2>\n\n\n\n<hr class=\"wp-block-separator has-text-color has-alpha-channel-opacity has-background is-style-wide\" style=\"background-color:#e8ecf5;color:#e8ecf5\"\/>\n\n\n\n<p><a href=\"https:\/\/ufpr.br\/propg\/wp-content\/uploads\/2025\/08\/resultadofinal.pdf\" target=\"_blank\" rel=\"noreferrer noopener\">Resultado Final da Chamada Interna<\/a> \u2013 publicado em 28\/04\/2022<\/p>\n\n\n\n<div style=\"height:15px\" aria-hidden=\"true\" class=\"wp-block-spacer\"><\/div>\n\n\n\n<p><strong>Outras informa\u00e7\u00f5es<\/strong>:<\/p>\n\n\n\n<ul class=\"wp-block-list\">\n<li>Sistema de Inscri\u00e7\u00f5es (SICAPES):&nbsp;<a href=\"https:\/\/sso.capes.gov.br\/sso\/oauth?response_type=token&amp;redirect_uri=https:\/\/inscricao.capes.gov.br&amp;realm=2&amp;client_id=individual.capes.gov.br&amp;scope=&amp;state=capes_oauth\" target=\"_blank\" rel=\"noreferrer noopener\">https:\/\/inscricao.capes.gov.br\/individual<\/a><\/li>\n<\/ul>\n\n\n\n<ul class=\"wp-block-list\">\n<li>Juntar arquivos PDF em um \u00fanico documento:&nbsp;<a href=\"https:\/\/www.ilovepdf.com\/pt\/juntar_pdf\" target=\"_blank\" rel=\"noreferrer noopener\">https:\/\/www.ilovepdf.com\/pt\/juntar_pdf<\/a><\/li>\n<\/ul>\n\n\n\n<ul class=\"wp-block-list\">\n<li>P\u00e1gina da Capes sobre o Programa &lt;<a href=\"https:\/\/www.gov.br\/capes\/pt-br\/acesso-a-informacao\/acoes-e-programas\/bolsas\/programas-estrategicos\/desenvolvimento-regional\/programa-de-desenvolvimento-da-pos-graduacao-pdpg-pos-doutorado-estrategico\" target=\"_blank\" rel=\"noreferrer noopener\">https:\/\/www.gov.br\/capes\/pt-br\/acesso-a-informacao\/acoes-e-programas\/bolsas\/programas-estrategicos\/desenvolvimento-regional\/programa-de-desenvolvimento-da-pos-graduacao-pdpg-pos-doutorado-estrategico<\/a>&gt;<\/li>\n<\/ul>\n\n\n\n<div style=\"height:50px\" aria-hidden=\"true\" class=\"wp-block-spacer\"><\/div>\n\n\n\n<div class=\"wp-block-columns is-layout-flex wp-container-core-columns-is-layout-9d6595d7 wp-block-columns-is-layout-flex\">\n<div class=\"wp-block-column is-layout-flow wp-block-column-is-layout-flow\">\n<h2 class=\"wp-block-heading has-text-align-left has-background has-medium-font-size\" style=\"background-color:#e8ecf5\">RESULTADOS DO EDITAL N\u00ba 16\/2022-CAPES<\/h2>\n\n\n\n<hr class=\"wp-block-separator has-text-color has-alpha-channel-opacity has-background is-style-wide\" style=\"background-color:#e8ecf5;color:#e8ecf5\"\/>\n\n\n\n<ul class=\"wp-block-list\">\n<li><a href=\"https:\/\/www.gov.br\/capes\/pt-br\/centrais-de-conteudo\/resultados-dos-editais\/06102022_Edital_1829430_Edital_36_2022.pdf\" target=\"_blank\" rel=\"noreferrer noopener\">Resultado FINAL Capes<\/a>&nbsp;\u2013 publicado em 06\/10\/2022<\/li>\n<\/ul>\n\n\n\n<div style=\"height:15px\" aria-hidden=\"true\" class=\"wp-block-spacer\"><\/div>\n\n\n\n<hr class=\"wp-block-separator has-text-color has-alpha-channel-opacity has-background is-style-wide\" style=\"background-color:#e8ecf5;color:#e8ecf5\"\/>\n\n\n\n<figure class=\"wp-block-table is-style-stripes\"><table><thead><tr><th class=\"has-text-align-center\" data-align=\"center\">N\u00ba Proposta<\/th><th class=\"has-text-align-left\" data-align=\"left\">Programa de P\u00f3s-gradua\u00e7\u00e3o UFPR<\/th><th>Resultado Final<\/th><th class=\"has-text-align-center\" data-align=\"center\">Class. no PR<\/th><\/tr><\/thead><tbody><tr><td class=\"has-text-align-center\" data-align=\"center\">POSDOC2134897P<\/td><td class=\"has-text-align-left\" data-align=\"left\">Antropologia e Arqueologia<\/td><td>Aprovado<\/td><td class=\"has-text-align-center\" data-align=\"center\">60<\/td><\/tr><tr><td class=\"has-text-align-center\" data-align=\"center\">POSDOC2136117P<\/td><td class=\"has-text-align-left\" data-align=\"left\">Desenvolvimento Territorial Sustent\u00e1vel<\/td><td>Aprovado<\/td><td class=\"has-text-align-center\" data-align=\"center\">66<\/td><\/tr><tr><td class=\"has-text-align-center\" data-align=\"center\">POSDOC2136817P<\/td><td class=\"has-text-align-left\" data-align=\"left\">Educa\u00e7\u00e3o em Ci\u00eancias e em Matem\u00e1tica<\/td><td>Aprovado<\/td><td class=\"has-text-align-center\" data-align=\"center\">67<\/td><\/tr><tr><td class=\"has-text-align-center\" data-align=\"center\">POSDOC2127462P<\/td><td class=\"has-text-align-left\" data-align=\"left\">Engenharia Ambiental<\/td><td>Aprovado<\/td><td class=\"has-text-align-center\" data-align=\"center\">30<\/td><\/tr><tr><td class=\"has-text-align-center\" data-align=\"center\">POSDOC2074688P<\/td><td class=\"has-text-align-left\" data-align=\"left\">Engenharia El\u00e9trica<\/td><td>Aprovado<\/td><td class=\"has-text-align-center\" data-align=\"center\">64<\/td><\/tr><tr><td class=\"has-text-align-center\" data-align=\"center\">POSDOC2136146P<\/td><td class=\"has-text-align-left\" data-align=\"left\">Engenharia Qu\u00edmica<\/td><td>Aprovado<\/td><td class=\"has-text-align-center\" data-align=\"center\">25<\/td><\/tr><tr><td class=\"has-text-align-center\" data-align=\"center\">POSDOC2136239P<\/td><td class=\"has-text-align-left\" data-align=\"left\">Fisiologia<\/td><td>Aprovado<\/td><td class=\"has-text-align-center\" data-align=\"center\">71<\/td><\/tr><tr><td class=\"has-text-align-center\" data-align=\"center\">POSDOC2136672P<\/td><td class=\"has-text-align-left\" data-align=\"left\">Gen\u00e9tica<\/td><td>Aprovado<\/td><td class=\"has-text-align-center\" data-align=\"center\">42<\/td><\/tr><\/tbody><\/table><\/figure>\n\n\n\n<div style=\"height:25px\" aria-hidden=\"true\" class=\"wp-block-spacer\"><\/div>\n\n\n\n<ul class=\"wp-block-list\">\n<li><a href=\"https:\/\/ufpr.br\/propg\/wp-content\/uploads\/2025\/08\/resultado-preliminar-da-etapa-de-analise-de-merito-das-propostas-submetidas-pela-ufpr.pdf\" target=\"_blank\" rel=\"noreferrer noopener\">Resultado preliminar da an\u00e1lise de m\u00e9rito da CAPES<\/a> \u2013 publicado em 25\/08\/2022<\/li>\n<\/ul>\n\n\n\n<ul class=\"wp-block-list\">\n<li>Pareceres dispon\u00edveis na&nbsp;<a href=\"https:\/\/inscricao.capes.gov.br\/individual\" target=\"_blank\" rel=\"noreferrer noopener\">plataforma eletr\u00f4nica SICAPES<\/a>. Os proponentes poder\u00e3o encaminhar recurso no prazo de 5 (cinco) dias corridos a partir da publica\u00e7\u00e3o no DOU.<\/li>\n<\/ul>\n\n\n\n<hr class=\"wp-block-separator has-text-color has-alpha-channel-opacity has-background is-style-wide\" style=\"background-color:#e8ecf5;color:#e8ecf5\"\/>\n\n\n\n<div style=\"height:50px\" aria-hidden=\"true\" class=\"wp-block-spacer\"><\/div>\n<\/div>\n<\/div>\n\n\n\n<div class=\"wp-block-columns is-layout-flex wp-container-core-columns-is-layout-9d6595d7 wp-block-columns-is-layout-flex\">\n<div class=\"wp-block-column is-layout-flow wp-block-column-is-layout-flow\">\n<h2 class=\"wp-block-heading has-text-align-left has-background has-medium-font-size\" style=\"background-color:#e8ecf5\">ORIENTA\u00c7\u00d5ES AOS PPGs APROVADOS NO RESULTADO FINAL DA CAPES<\/h2>\n\n\n\n<hr class=\"wp-block-separator has-text-color has-alpha-channel-opacity has-background is-style-wide\" style=\"background-color:#e8ecf5;color:#e8ecf5\"\/>\n\n\n\n<p>Sobre a disponibiliza\u00e7\u00e3o dos&nbsp;recursos e bolsas do referido Edital n\u00ba 16\/2022 (Item 14 e seguintes), lembramos que:<\/p>\n\n\n\n<ol class=\"wp-block-list\">\n<li>As bolsas ser\u00e3o disponibilizadas diretamente pela Capes no&nbsp;<a href=\"https:\/\/scba.capes.gov.br\/\" target=\"_blank\" rel=\"noreferrer noopener\">Sistema de Controle de Bolsas e Aux\u00edlios (SCBA)<\/a>, para que o Coord. do PPG possa fazer a aloca\u00e7\u00e3o aos bolsistas. O login\/senha \u00e9 o mesmo da Plataforma Sucupira.<\/li>\n<\/ol>\n\n\n\n<ol start=\"2\" class=\"wp-block-list\">\n<li>Para o recurso de custeio, \u00e9 necess\u00e1rio que o coord. do PPG realize o peticionamento via formul\u00e1rio AUXPE III, diretamente no&nbsp;<a href=\"https:\/\/sei.capes.gov.br\/sei\/controlador_externo.php?acao=usuario_externo_logar&amp;id_orgao_acesso_externo=0\" target=\"_blank\" rel=\"noreferrer noopener\">SEI da Capes, como usu\u00e1rio externo<\/a>. As etapas podem ser resumidas em:<\/li>\n<\/ol>\n\n\n\n<div class=\"wp-block-columns is-layout-flex wp-container-core-columns-is-layout-9d6595d7 wp-block-columns-is-layout-flex\">\n<div class=\"wp-block-column is-layout-flow wp-block-column-is-layout-flow\" style=\"flex-basis:1%\"><\/div>\n\n\n\n<div class=\"wp-block-column is-layout-flow wp-block-column-is-layout-flow\" style=\"flex-basis:99%\">\n<blockquote class=\"wp-block-quote is-layout-flow wp-block-quote-is-layout-flow\">\n<ul class=\"wp-block-list\">\n<li>Coord. do PPG realiza o peticionamento;<\/li>\n<\/ul>\n\n\n\n<ul class=\"wp-block-list\">\n<li>A Capes verifica e libera para assinatura do pr\u00f3-reitor (que tem acesso ao sei externo da capes);<\/li>\n<\/ul>\n\n\n\n<ul class=\"wp-block-list\">\n<li>O pr\u00f3-reitor assina o documento.<\/li>\n<\/ul>\n<\/blockquote>\n<\/div>\n<\/div>\n\n\n\n<p>Assim que receber a notifica\u00e7\u00e3o da Capes sobre a libera\u00e7\u00e3o do documento, envie um email para cpg@ufpr.br para que solicitemos a assinatura do pr\u00f3-reitor.<\/p>\n\n\n\n<hr class=\"wp-block-separator has-text-color has-alpha-channel-opacity has-background is-style-wide\" style=\"background-color:#e8ecf5;color:#e8ecf5\"\/>\n\n\n\n<p>Recomendamos que as d\u00favidas sobre a implementa\u00e7\u00e3o desse edital seja encaminhada diretamente \u00e0 Capes, no e-mail&nbsp;<a href=\"http:\/\/posdoc.estrategico@capes.gov.br.\/\" target=\"_blank\" rel=\"noreferrer noopener\">posdoc.estrategico@capes.gov.br<\/a><\/p>\n\n\n\n<hr class=\"wp-block-separator has-text-color has-alpha-channel-opacity has-background is-style-wide\" style=\"background-color:#e8ecf5;color:#e8ecf5\"\/>\n\n\n\n<ul class=\"wp-block-list\">\n<li>Mais informa\u00e7\u00f5es em&nbsp;<a href=\"https:\/\/www.gov.br\/capes\/pt-br\/acesso-a-informacao\/acoes-e-programas\/bolsas\/programas-estrategicos\/desenvolvimento-regional\/programa-de-desenvolvimento-da-pos-graduacao-pdpg-pos-doutorado-estrategico\" target=\"_blank\" rel=\"noreferrer noopener\">https:\/\/www.gov.br\/capes\/pt-br\/acesso-a-informacao\/acoes-e-programas\/bolsas\/programas-estrategicos\/desenvolvimento-regional\/programa-de-desenvolvimento-da-pos-graduacao-pdpg-pos-doutorado-estrategico<\/a><\/li>\n<\/ul>\n\n\n\n<ul class=\"wp-block-list\">\n<li>Manual de peticionamento AUXPE (espec\u00edfico para o edital PDPG-consolida\u00e7\u00e3o 3e4, portanto adaptar conforme necess\u00e1rio): <a href=\"https:\/\/www.gov.br\/capes\/pt-br\/centrais-de-conteudo\/documentos\/08072022_AUXPE_III___Peticionamento____EditalPDPGConsolidao3e4PDF.pdf\" target=\"_blank\" rel=\"noreferrer noopener\">https:\/\/www.gov.br\/capes\/pt-br\/centrais-de-conteudo\/documentos\/08072022_AUXPE_III___Peticionamento____EditalPDPGConsolidao3e4PDF.pdf<\/a><\/li>\n<\/ul>\n<\/div>\n<\/div>\n\n\n\n<hr class=\"wp-block-separator has-text-color has-alpha-channel-opacity has-background is-style-wide\" style=\"background-color:#e8ecf5;color:#e8ecf5\"\/>\n\n\n\n<p class=\"has-text-color has-link-color wp-elements-16631d866001ae142cbdd3786f7ccd26\" style=\"color:#243673\"><strong><a title=\"\" href=\"#topo\">Voltar ao topo<\/a><\/strong><\/p>\n<\/div>\n\n\n\n<div class=\"wp-block-column is-layout-flow wp-block-column-is-layout-flow\" style=\"flex-basis:7%\"><\/div>\n<\/div>\n\n\n\n<p><\/p>\n","protected":false},"excerpt":{"rendered":"<p>Chamada interna para apresenta\u00e7\u00e3o de projetos para o Edital n\u00ba 16\/2022-Capes EDITAL 02\/2022-PRPPG Edital n\u00b0002\/2022-PRPPG: Chamada interna para apresenta\u00e7\u00e3o de projetos para o Edital n\u00ba 16\/2022-Capes: Apoio aos Programas de P\u00f3s-Gradua\u00e7\u00e3o Emergentes e Em Consolida\u00e7\u00e3o\u00a0(publicado em 07\/04\/2022 ) Edital n\u00ba 16\/2022-Capes-Programa de Desenvolvimento da P\u00f3s-Gradua\u00e7\u00e3o (PDPG) P\u00f3s-Doutorado Estrat\u00e9gico-Capes:&nbsp;https:\/\/www.gov.br\/capes\/pt-br\/centrais-de-conteudo\/editais\/14032022_Edital_1649692_EDITAL_16.pdf&nbsp;(publicado em 14\/03\/2022) RESULTADO PRELIMINAR EDITAL 02\/2022-PRPPG Resultado [&hellip;]<\/p>\n","protected":false},"author":5,"featured_media":0,"parent":11760,"menu_order":0,"comment_status":"closed","ping_status":"closed","template":"","meta":{"footnotes":""},"class_list":["post-11639","page","type-page","status-publish","hentry"],"_links":{"self":[{"href":"https:\/\/ufpr.br\/propg\/wp-json\/wp\/v2\/pages\/11639","targetHints":{"allow":["GET"]}}],"collection":[{"href":"https:\/\/ufpr.br\/propg\/wp-json\/wp\/v2\/pages"}],"about":[{"href":"https:\/\/ufpr.br\/propg\/wp-json\/wp\/v2\/types\/page"}],"author":[{"embeddable":true,"href":"https:\/\/ufpr.br\/propg\/wp-json\/wp\/v2\/users\/5"}],"replies":[{"embeddable":true,"href":"https:\/\/ufpr.br\/propg\/wp-json\/wp\/v2\/comments?post=11639"}],"version-history":[{"count":34,"href":"https:\/\/ufpr.br\/propg\/wp-json\/wp\/v2\/pages\/11639\/revisions"}],"predecessor-version":[{"id":47534,"href":"https:\/\/ufpr.br\/propg\/wp-json\/wp\/v2\/pages\/11639\/revisions\/47534"}],"up":[{"embeddable":true,"href":"https:\/\/ufpr.br\/propg\/wp-json\/wp\/v2\/pages\/11760"}],"wp:attachment":[{"href":"https:\/\/ufpr.br\/propg\/wp-json\/wp\/v2\/media?parent=11639"}],"curies":[{"name":"wp","href":"https:\/\/api.w.org\/{rel}","templated":true}]}}