{"id":11620,"date":"2025-08-12T13:40:32","date_gmt":"2025-08-12T16:40:32","guid":{"rendered":"https:\/\/ufpr.br\/?page=11620"},"modified":"2026-01-05T15:46:14","modified_gmt":"2026-01-05T18:46:14","slug":"edital-06-2022-prppg-cpgss","status":"publish","type":"page","link":"https:\/\/ufpr.br\/propg\/editais\/edital-06-2022-prppg-cpgss\/","title":{"rendered":"Edital 06\/2022-PRPPG\/CPGSS"},"content":{"rendered":"\n<div style=\"height:50px\" aria-hidden=\"true\" class=\"wp-block-spacer\"><\/div>\n\n\n\n<div class=\"wp-block-columns is-layout-flex wp-container-core-columns-is-layout-9d6595d7 wp-block-columns-is-layout-flex\">\n<div class=\"wp-block-column is-layout-flow wp-block-column-is-layout-flow\" style=\"flex-basis:20%\" id=\"topo\">\n<div style=\"height:15px\" aria-hidden=\"true\" class=\"wp-block-spacer\"><\/div>\n\n\n<div class=\"wp-block-image\">\n<figure class=\"aligncenter size-full is-resized\"><img decoding=\"async\" src=\"https:\/\/ufpr.br\/propg\/wp-content\/uploads\/2024\/10\/Icone_DocumentosMao_Rosa.png\" alt=\"\" class=\"wp-image-6130\" style=\"width:100px;height:auto\"\/><\/figure><\/div><\/div>\n\n\n\n<div class=\"wp-block-column is-layout-flow wp-block-column-is-layout-flow\" style=\"flex-basis:2%\"><\/div>\n\n\n\n<div class=\"wp-block-column is-layout-flow wp-block-column-is-layout-flow\" style=\"flex-basis:70%\">\n<blockquote class=\"wp-block-quote is-layout-flow wp-block-quote-is-layout-flow\">\n<p>Sele\u00e7\u00e3o de propostas para Chamada CNPq \u2013 N\u00ba 68\/2022-Programa de Mestrado e Doutorado para Inova\u00e7\u00e3o MAI\/DAI<\/p>\n<\/blockquote>\n\n\n\n<div style=\"height:25px\" aria-hidden=\"true\" class=\"wp-block-spacer\"><\/div>\n\n\n\n<div class=\"wp-block-columns is-layout-flex wp-container-core-columns-is-layout-9d6595d7 wp-block-columns-is-layout-flex\">\n<div class=\"wp-block-column is-layout-flow wp-block-column-is-layout-flow\">\n<h2 class=\"wp-block-heading has-text-align-left has-background has-medium-font-size\" style=\"background-color:#e8ecf5\">EDITAL<\/h2>\n\n\n\n<hr class=\"wp-block-separator has-text-color has-alpha-channel-opacity has-background is-style-wide\" style=\"background-color:#e8ecf5;color:#e8ecf5\"\/>\n\n\n\n<p><a href=\"https:\/\/ufpr.br\/propg\/wp-content\/uploads\/2025\/08\/edital-06-de-2022-prppg-cnpq-maidai.pdf\" target=\"_blank\" rel=\"noreferrer noopener\">Edital 006\/2022-PRPPG\/CPGSS<\/a>\u00a0(publicado em 24\/11\/2022)<\/p>\n\n\n\n<div style=\"height:50px\" aria-hidden=\"true\" class=\"wp-block-spacer\"><\/div>\n<\/div>\n<\/div>\n\n\n\n<h2 class=\"wp-block-heading has-text-align-left has-background has-medium-font-size\" style=\"background-color:#e8ecf5\">MODELOS DE FORMUL\u00c1RIOS<\/h2>\n\n\n\n<hr class=\"wp-block-separator has-text-color has-alpha-channel-opacity has-background is-style-wide\" style=\"background-color:#e8ecf5;color:#e8ecf5\"\/>\n\n\n\n<ul class=\"wp-block-list\">\n<li><a href=\"https:\/\/ufpr.br\/propg\/wp-content\/uploads\/2025\/08\/anexoi-modelo-estruturado-de-apresentacao-de-proposta.docx\" target=\"_blank\" rel=\"noreferrer noopener\">ANEXO I \u2013 Modelo Estruturado para Apresenta\u00e7\u00e3o da Proposta<\/a>.docx<\/li>\n<\/ul>\n\n\n\n<ul class=\"wp-block-list\">\n<li><a href=\"https:\/\/ufpr.br\/propg\/wp-content\/uploads\/2025\/08\/anexoii-declaracao-de-concordancia-da-empresa-parceira-.docx\" target=\"_blank\" rel=\"noreferrer noopener\">ANEXO II \u2013 Declara\u00e7\u00e3o de Concord\u00e2ncia da Empresa Parceira<\/a>.docx<\/li>\n<\/ul>\n\n\n\n<div style=\"height:50px\" aria-hidden=\"true\" class=\"wp-block-spacer\"><\/div>\n\n\n\n<h2 class=\"wp-block-heading has-text-align-left has-background has-medium-font-size\" style=\"background-color:#e8ecf5\">RESULTADOS<\/h2>\n\n\n\n<hr class=\"wp-block-separator has-text-color has-alpha-channel-opacity has-background is-style-wide\" style=\"background-color:#e8ecf5;color:#e8ecf5\"\/>\n\n\n\n<p><a href=\"https:\/\/ufpr.br\/propg\/wp-content\/uploads\/2025\/08\/edital06-2022-resultado-final-1.pdf\" target=\"_blank\" rel=\"noreferrer noopener\">Resultado final<\/a>\u00a0(publicado em 06\/12\/2022)<\/p>\n\n\n\n<div style=\"height:50px\" aria-hidden=\"true\" class=\"wp-block-spacer\"><\/div>\n\n\n\n<div class=\"wp-block-columns is-layout-flex wp-container-core-columns-is-layout-9d6595d7 wp-block-columns-is-layout-flex\">\n<div class=\"wp-block-column is-layout-flow wp-block-column-is-layout-flow\">\n<h2 class=\"wp-block-heading has-text-align-left has-background has-medium-font-size\" style=\"background-color:#e8ecf5\">NORMAS RELACIONADAS<\/h2>\n\n\n\n<hr class=\"wp-block-separator has-text-color has-alpha-channel-opacity has-background is-style-wide\" style=\"background-color:#e8ecf5;color:#e8ecf5\"\/>\n\n\n\n<ul class=\"wp-block-list\">\n<li>Chamada P\u00fablica n\u00ba 068\/2022 \u2013 Programa de Mestrado e Doutorado Para Inova\u00e7\u00e3o \u2013 MAI-DAI:&nbsp; <a href=\"http:\/\/memoria2.cnpq.br\/web\/guest\/chamadas-publicas?p_p_id=resultadosportlet_WAR_resultadoscnpqportlet_INSTANCE_0ZaM&amp;filtro=abertas&amp;detalha=chamadaDivulgada&amp;idDivulgacao=11225\" target=\"_blank\" rel=\"noreferrer noopener\">http:\/\/memoria2.cnpq.br\/web\/guest\/chamadas-publicas?p_p_id=resultadosportlet_WAR_resultadoscnpqportlet_INSTANCE_0ZaM&amp;filtro=abertas&amp;detalha=chamadaDivulgada&amp;idDivulgacao=11225<\/a><\/li>\n<\/ul>\n\n\n\n<ul class=\"wp-block-list\">\n<li><a href=\"https:\/\/ufpr.br\/propg\/wp-content\/uploads\/2025\/08\/chamada-68-2022-mai-dai-final-1.pdf\" target=\"_blank\" rel=\"noreferrer noopener\">Chamada 68-2022 MAI-DAI<\/a>.pdf<\/li>\n<\/ul>\n\n\n\n<ul class=\"wp-block-list\">\n<li>Sobre o programa CNPQ MAIDAI:&nbsp;<a href=\"https:\/\/www.gov.br\/cnpq\/pt-br\/acesso-a-informacao\/acoes-e-programas\/programas\/programa-mai-dai\" target=\"_blank\" rel=\"noreferrer noopener\">https:\/\/www.gov.br\/cnpq\/pt-br\/acesso-a-informacao\/acoes-e-programas\/programas\/programa-mai-dai<\/a><\/li>\n<\/ul>\n\n\n\n<div style=\"height:50px\" aria-hidden=\"true\" class=\"wp-block-spacer\"><\/div>\n<\/div>\n<\/div>\n\n\n\n<div class=\"wp-block-columns is-layout-flex wp-container-core-columns-is-layout-9d6595d7 wp-block-columns-is-layout-flex\">\n<div class=\"wp-block-column is-layout-flow wp-block-column-is-layout-flow\">\n<h2 class=\"wp-block-heading has-text-align-left has-background has-medium-font-size\" style=\"background-color:#e8ecf5\">D\u00daVIDAS?<\/h2>\n\n\n\n<hr class=\"wp-block-separator has-text-color has-alpha-channel-opacity has-background is-style-wide\" style=\"background-color:#e8ecf5;color:#e8ecf5\"\/>\n\n\n\n<p>Envie e-mail para&nbsp;<a href=\"mailto:cpg@ufpr.br\">cpg@ufpr.br<\/a><\/p>\n<\/div>\n<\/div>\n\n\n\n<hr class=\"wp-block-separator has-text-color has-alpha-channel-opacity has-background is-style-wide\" style=\"background-color:#e8ecf5;color:#e8ecf5\"\/>\n\n\n\n<p class=\"has-text-color has-link-color wp-elements-16631d866001ae142cbdd3786f7ccd26\" style=\"color:#243673\"><strong><a title=\"\" href=\"#topo\">Voltar ao topo<\/a><\/strong><\/p>\n<\/div>\n\n\n\n<div class=\"wp-block-column is-layout-flow wp-block-column-is-layout-flow\" style=\"flex-basis:7%\"><\/div>\n<\/div>\n\n\n\n<p><\/p>\n","protected":false},"excerpt":{"rendered":"<p>Sele\u00e7\u00e3o de propostas para Chamada CNPq \u2013 N\u00ba 68\/2022-Programa de Mestrado e Doutorado para Inova\u00e7\u00e3o MAI\/DAI EDITAL Edital 006\/2022-PRPPG\/CPGSS\u00a0(publicado em 24\/11\/2022) MODELOS DE FORMUL\u00c1RIOS RESULTADOS Resultado final\u00a0(publicado em 06\/12\/2022) NORMAS RELACIONADAS D\u00daVIDAS? Envie e-mail para&nbsp;cpg@ufpr.br Voltar ao topo<\/p>\n","protected":false},"author":5,"featured_media":0,"parent":11760,"menu_order":0,"comment_status":"closed","ping_status":"closed","template":"","meta":{"footnotes":""},"class_list":["post-11620","page","type-page","status-publish","hentry"],"_links":{"self":[{"href":"https:\/\/ufpr.br\/propg\/wp-json\/wp\/v2\/pages\/11620","targetHints":{"allow":["GET"]}}],"collection":[{"href":"https:\/\/ufpr.br\/propg\/wp-json\/wp\/v2\/pages"}],"about":[{"href":"https:\/\/ufpr.br\/propg\/wp-json\/wp\/v2\/types\/page"}],"author":[{"embeddable":true,"href":"https:\/\/ufpr.br\/propg\/wp-json\/wp\/v2\/users\/5"}],"replies":[{"embeddable":true,"href":"https:\/\/ufpr.br\/propg\/wp-json\/wp\/v2\/comments?post=11620"}],"version-history":[{"count":17,"href":"https:\/\/ufpr.br\/propg\/wp-json\/wp\/v2\/pages\/11620\/revisions"}],"predecessor-version":[{"id":47522,"href":"https:\/\/ufpr.br\/propg\/wp-json\/wp\/v2\/pages\/11620\/revisions\/47522"}],"up":[{"embeddable":true,"href":"https:\/\/ufpr.br\/propg\/wp-json\/wp\/v2\/pages\/11760"}],"wp:attachment":[{"href":"https:\/\/ufpr.br\/propg\/wp-json\/wp\/v2\/media?parent=11620"}],"curies":[{"name":"wp","href":"https:\/\/api.w.org\/{rel}","templated":true}]}}