{"id":11423,"date":"2025-08-11T21:06:06","date_gmt":"2025-08-12T00:06:06","guid":{"rendered":"https:\/\/ufpr.br\/?page=11423"},"modified":"2026-01-05T14:32:45","modified_gmt":"2026-01-05T17:32:45","slug":"edital-02-2023-prppg-cpgss","status":"publish","type":"page","link":"https:\/\/ufpr.br\/propg\/editais\/edital-02-2023-prppg-cpgss\/","title":{"rendered":"Edital 02\/2023-PRPPG\/CPGSS"},"content":{"rendered":"\n<div style=\"height:50px\" aria-hidden=\"true\" class=\"wp-block-spacer\"><\/div>\n\n\n\n<div class=\"wp-block-columns is-layout-flex wp-container-core-columns-is-layout-9d6595d7 wp-block-columns-is-layout-flex\">\n<div class=\"wp-block-column is-layout-flow wp-block-column-is-layout-flow\" style=\"flex-basis:20%\" id=\"topo\">\n<div style=\"height:15px\" aria-hidden=\"true\" class=\"wp-block-spacer\"><\/div>\n\n\n<div class=\"wp-block-image\">\n<figure class=\"aligncenter size-full is-resized\"><img decoding=\"async\" src=\"https:\/\/ufpr.br\/propg\/wp-content\/uploads\/2024\/10\/Icone_DocumentosMao_Rosa.png\" alt=\"\" class=\"wp-image-6130\" style=\"width:100px;height:auto\"\/><\/figure><\/div><\/div>\n\n\n\n<div class=\"wp-block-column is-layout-flow wp-block-column-is-layout-flow\" style=\"flex-basis:2%\"><\/div>\n\n\n\n<div class=\"wp-block-column is-layout-flow wp-block-column-is-layout-flow\" style=\"flex-basis:70%\">\n<blockquote class=\"wp-block-quote is-layout-flow wp-block-quote-is-layout-flow\">\n<p>Processo Seletivo para Concess\u00e3o de Bolsas de Mestrado e Doutorado da Chamada CNPq 69\/2022 PIBPG<\/p>\n<\/blockquote>\n\n\n\n<div style=\"height:25px\" aria-hidden=\"true\" class=\"wp-block-spacer\"><\/div>\n\n\n\n<div class=\"wp-block-columns is-layout-flex wp-container-core-columns-is-layout-9d6595d7 wp-block-columns-is-layout-flex\">\n<div class=\"wp-block-column is-layout-flow wp-block-column-is-layout-flow\">\n<h2 class=\"wp-block-heading has-text-align-left has-background has-medium-font-size\" style=\"background-color:#e8ecf5\">EDITAL<\/h2>\n\n\n\n<hr class=\"wp-block-separator has-text-color has-alpha-channel-opacity has-background is-style-wide\" style=\"background-color:#e8ecf5;color:#e8ecf5\"\/>\n\n\n\n<ul class=\"wp-block-list\">\n<li><a href=\"https:\/\/ufpr.br\/propg\/wp-content\/uploads\/2025\/08\/sei_5506564_edital_02_2023-1.pdf\" target=\"_blank\" rel=\"noreferrer noopener\">Edital 02\/2023-PRPPG\/CPGSS-Retificado<\/a>\u00a0conforme Nota de Retifica\u00e7\u00e3o n\u00ba 001\/2023( (publicado em 20\/04\/2023)<\/li>\n<\/ul>\n\n\n\n<ul class=\"wp-block-list\">\n<li style=\"text-decoration:line-through\"><a href=\"https:\/\/ufpr.br\/propg\/wp-content\/uploads\/2025\/08\/sei_5326452_edital_02_2023.pdf\" target=\"_blank\" rel=\"noreferrer noopener\">Edital 02\/2023-PRPPG\/CPGSS<\/a>\u00a0(publicado em 18\/04\/2023)<\/li>\n<\/ul>\n\n\n\n<div style=\"height:50px\" aria-hidden=\"true\" class=\"wp-block-spacer\"><\/div>\n<\/div>\n<\/div>\n\n\n\n<h2 class=\"wp-block-heading has-text-align-left has-background has-medium-font-size\" style=\"background-color:#e8ecf5\">NOTA DE RETIFICA\u00c7\u00c3O<\/h2>\n\n\n\n<hr class=\"wp-block-separator has-text-color has-alpha-channel-opacity has-background is-style-wide\" style=\"background-color:#e8ecf5;color:#e8ecf5\"\/>\n\n\n\n<p><a href=\"https:\/\/ufpr.br\/propg\/wp-content\/uploads\/2025\/08\/sei_5506425_informacao_25.pdf\" target=\"_blank\" rel=\"noreferrer noopener\">Nota de Retifica\u00e7\u00e3o n\u00ba 001\/2023<\/a>\u00a0(publicado em 20\/04\/2023)<\/p>\n\n\n\n<div style=\"height:50px\" aria-hidden=\"true\" class=\"wp-block-spacer\"><\/div>\n\n\n\n<h2 class=\"wp-block-heading has-text-align-left has-background has-medium-font-size\" style=\"background-color:#e8ecf5\">ANEXOS MODELOS DE FORMUL\u00c1RIOS<\/h2>\n\n\n\n<hr class=\"wp-block-separator has-text-color has-alpha-channel-opacity has-background is-style-wide\" style=\"background-color:#e8ecf5;color:#e8ecf5\"\/>\n\n\n\n<ul class=\"wp-block-list\">\n<li><a href=\"https:\/\/ufpr.br\/propg\/wp-content\/uploads\/2025\/08\/anexoi-proposta-2.docx\" target=\"_blank\" rel=\"noreferrer noopener\">ANEXO I <\/a>proposta.docx<\/li>\n<\/ul>\n\n\n\n<ul class=\"wp-block-list\">\n<li><a href=\"https:\/\/ufpr.br\/propg\/wp-content\/uploads\/2025\/08\/anexo-ii-plano-individual-do-discente.docx\" target=\"_blank\" rel=\"noreferrer noopener\">ANEXO II<\/a> plano individual do discente.docx<\/li>\n<\/ul>\n\n\n\n<ul class=\"wp-block-list\">\n<li><a href=\"https:\/\/ufpr.br\/propg\/wp-content\/uploads\/2025\/08\/anexo-iii-descricao-das-areas-tematicas.pdf\" target=\"_blank\" rel=\"noreferrer noopener\">ANEXO III <\/a>descri\u00e7\u00e3o das \u00e1reas tem\u00e1ticas.pdf<\/li>\n<\/ul>\n\n\n\n<div style=\"height:50px\" aria-hidden=\"true\" class=\"wp-block-spacer\"><\/div>\n\n\n\n<h2 class=\"wp-block-heading has-text-align-left has-background has-medium-font-size\" style=\"background-color:#e8ecf5\">RESULTADO PRELIMINAR<\/h2>\n\n\n\n<hr class=\"wp-block-separator has-text-color has-alpha-channel-opacity has-background is-style-wide\" style=\"background-color:#e8ecf5;color:#e8ecf5\"\/>\n\n\n\n<ul class=\"wp-block-list\">\n<li><a href=\"https:\/\/ufpr.br\/propg\/wp-content\/uploads\/2025\/08\/edital-002_2023_prppg-resultado-preliminar-23-05-23.pdf\" target=\"_blank\" rel=\"noreferrer noopener\">Resultado preliminar<\/a>\u00a0(publicado em 23\/05\/2023)<\/li>\n<\/ul>\n\n\n\n<ul class=\"wp-block-list\">\n<li>Prazo para submiss\u00e3o de recursos: at\u00e9 25\/05\/2023<\/li>\n<\/ul>\n\n\n\n<div style=\"height:50px\" aria-hidden=\"true\" class=\"wp-block-spacer\"><\/div>\n\n\n\n<h2 class=\"wp-block-heading has-text-align-left has-background has-medium-font-size\" style=\"background-color:#e8ecf5\">RESULTADO DOS RECURSOS INTERPOSTOS<\/h2>\n\n\n\n<hr class=\"wp-block-separator has-text-color has-alpha-channel-opacity has-background is-style-wide\" style=\"background-color:#e8ecf5;color:#e8ecf5\"\/>\n\n\n\n<p><a href=\"https:\/\/ufpr.br\/propg\/wp-content\/uploads\/2025\/08\/edital-002_2023_prppg-resultado-final-29-05-23.pdf\" target=\"_blank\" rel=\"noreferrer noopener\">Resultado<\/a>\u00a0(publicado em <strong><mark style=\"background-color:rgba(0, 0, 0, 0)\" class=\"has-inline-color has-vivid-red-color\">29\/05\/2023<\/mark><\/strong>)<\/p>\n\n\n\n<div style=\"height:50px\" aria-hidden=\"true\" class=\"wp-block-spacer\"><\/div>\n\n\n\n<div class=\"wp-block-columns is-layout-flex wp-container-core-columns-is-layout-9d6595d7 wp-block-columns-is-layout-flex\">\n<div class=\"wp-block-column is-layout-flow wp-block-column-is-layout-flow\">\n<h2 class=\"wp-block-heading has-text-align-left has-background has-medium-font-size\" style=\"background-color:#e8ecf5\">RESULTADO FINAL<\/h2>\n\n\n\n<hr class=\"wp-block-separator has-text-color has-alpha-channel-opacity has-background is-style-wide\" style=\"background-color:#e8ecf5;color:#e8ecf5\"\/>\n\n\n\n<p><a href=\"https:\/\/ufpr.br\/propg\/wp-content\/uploads\/2025\/08\/edital-002_2023_prppg-resultado-final-29-05-23.pdf\" target=\"_blank\" rel=\"noreferrer noopener\">Resultado final<\/a>\u00a0(publicado em\u00a0<strong>29\/05\/2023<\/strong>)<\/p>\n\n\n\n<div style=\"height:50px\" aria-hidden=\"true\" class=\"wp-block-spacer\"><\/div>\n<\/div>\n<\/div>\n\n\n\n<h2 class=\"wp-block-heading has-text-align-left has-background has-medium-font-size\" style=\"background-color:#e8ecf5\">ORIENTA\u00c7\u00c3O AOS PPGs SELECIONADOS PARA INDICA\u00c7\u00c3O DOS BOLSISTAS<\/h2>\n\n\n\n<hr class=\"wp-block-separator has-text-color has-alpha-channel-opacity has-background is-style-wide\" style=\"background-color:#e8ecf5;color:#e8ecf5\"\/>\n\n\n\n<p>A CPGSS entrar\u00e1 em contato com os programas atrav\u00e9s do processo SEI.<\/p>\n\n\n\n<div style=\"height:50px\" aria-hidden=\"true\" class=\"wp-block-spacer\"><\/div>\n\n\n\n<div class=\"wp-block-columns is-layout-flex wp-container-core-columns-is-layout-9d6595d7 wp-block-columns-is-layout-flex\">\n<div class=\"wp-block-column is-layout-flow wp-block-column-is-layout-flow\">\n<h2 class=\"wp-block-heading has-text-align-left has-background has-medium-font-size\" style=\"background-color:#e8ecf5\">NORMAS RELACIONADAS<\/h2>\n\n\n\n<hr class=\"wp-block-separator has-text-color has-alpha-channel-opacity has-background is-style-wide\" style=\"background-color:#e8ecf5;color:#e8ecf5\"\/>\n\n\n\n<p>Chamada Cnpq n\u00ba 69\/2022 \u2013 Apoio \u00e0 Pesquisa Cient\u00edfica, Tecnol\u00f3gica e de Inova\u00e7\u00e3o: Bolsas de Mestrado e Doutorado\/programa Institucional de Bolsas de P\u00f3s-gradua\u00e7\u00e3o (PIBG) (<a href=\"http:\/\/memoria2.cnpq.br\/web\/guest\/chamadas-publicas?p_p_id=resultadosportlet_WAR_resultadoscnpqportlet_INSTANCE_0ZaM&amp;filtro=resultados&amp;detalha=chamadaDivulgada&amp;idDivulgacao=11265\" target=\"_blank\" rel=\"noreferrer noopener\">link permanente<\/a>)<\/p>\n\n\n\n<ul class=\"wp-block-list\">\n<li><a href=\"https:\/\/ufpr.br\/propg\/wp-content\/uploads\/2025\/08\/copy3_of_chamada692022pibpgnovadata-14-12-22-1.pdf\" target=\"_blank\" rel=\"noreferrer noopener\">Chamada CNPq n\u00ba 69\/2022.pdf<\/a><\/li>\n<\/ul>\n\n\n\n<div style=\"height:50px\" aria-hidden=\"true\" class=\"wp-block-spacer\"><\/div>\n<\/div>\n<\/div>\n\n\n\n<div class=\"wp-block-columns is-layout-flex wp-container-core-columns-is-layout-9d6595d7 wp-block-columns-is-layout-flex\">\n<div class=\"wp-block-column is-layout-flow wp-block-column-is-layout-flow\">\n<h2 class=\"wp-block-heading has-text-align-left has-background has-medium-font-size\" style=\"background-color:#e8ecf5\">D\u00daVIDAS?<\/h2>\n\n\n\n<hr class=\"wp-block-separator has-text-color has-alpha-channel-opacity has-background is-style-wide\" style=\"background-color:#e8ecf5;color:#e8ecf5\"\/>\n\n\n\n<p>Envie e-mail para&nbsp;<a href=\"mailto:cpg@ufpr.br\">cpg@ufpr.br<\/a><\/p>\n\n\n\n<div style=\"height:25px\" aria-hidden=\"true\" class=\"wp-block-spacer\"><\/div>\n<\/div>\n<\/div>\n\n\n\n<div class=\"wp-block-columns is-layout-flex wp-container-core-columns-is-layout-9d6595d7 wp-block-columns-is-layout-flex\">\n<div class=\"wp-block-column is-layout-flow wp-block-column-is-layout-flow\">\n<h2 class=\"wp-block-heading has-text-align-left has-background has-medium-font-size\" style=\"background-color:#e8ecf5\">PERGUNTAS E RESPOSTAS<\/h2>\n\n\n\n<hr class=\"wp-block-separator has-text-color has-alpha-channel-opacity has-background is-style-wide\" style=\"background-color:#e8ecf5;color:#e8ecf5\"\/>\n\n\n\n<details class=\"wp-block-details is-layout-flow wp-block-details-is-layout-flow\"><summary>Qual o prazo de concess\u00e3o das bolsas?<\/summary>\n<p>24 meses mestrado, 48 meses doutorado. Vide termos do edital Cnpq \u201c5. Itens Financi\u00e1veis 5.1. Os recursos da presente chamada ser\u00e3o destinados ao financiamento de bolsas nas modalidades de mestrado no Pa\u00eds (com vig\u00eancia de 24 meses) e de doutorado no Pa\u00eds (com vig\u00eancia de 48 meses), incluindo mensalidades e demais benef\u00edcios previstos para cada modalidade, nos termos da RN-015\/2013 \u2013 Tabelas de valores de bolsas e taxas no Pa\u00eds, dispon\u00edvel em <a href=\"http:\/\/memoria2.cnpq.br\/view\/-\/journal_content\/56_INSTANCE_0oED\/10157\/971393\" target=\"_blank\" rel=\"noreferrer noopener\">http:\/\/memoria2.cnpq.br\/view\/-\/journal_content\/56_INSTANCE_0oED\/10157\/971393<\/a>.\u201d<\/p>\n\n\n\n<hr class=\"wp-block-separator has-alpha-channel-opacity is-style-dots\"\/>\n<\/details>\n\n\n\n<details class=\"wp-block-details is-layout-flow wp-block-details-is-layout-flow\"><summary>A bolsa estar\u00e1 vinculada ao PPG?<\/summary>\n<p>N\u00e3o, as bolsas s\u00e3o vinculadas \u00e0 PRPPG\/CPGSS<\/p>\n\n\n\n<hr class=\"wp-block-separator has-alpha-channel-opacity is-style-dots\"\/>\n<\/details>\n\n\n\n<details class=\"wp-block-details is-layout-flow wp-block-details-is-layout-flow\"><summary>Qual o prazo para indica\u00e7\u00e3o do bolsista, caso o PPG seja contemplado?<\/summary>\n<p>Ser\u00e1 informado ap\u00f3s finaliza\u00e7\u00e3o do edital<\/p>\n\n\n\n<hr class=\"wp-block-separator has-alpha-channel-opacity is-style-dots\"\/>\n<\/details>\n\n\n\n<details class=\"wp-block-details is-layout-flow wp-block-details-is-layout-flow\"><summary>Caso selecionados, podemos indicar para implementa\u00e7\u00e3o um discente que iniciar\u00e1 o mestrado ou doutorado em junho ou julho?<\/summary>\n<p>N\u00e3o, a proposta submetida pelo PPG deve informar discentes j\u00e1 aprovados e matriculados no PPG. O atraso na indica\u00e7\u00e3o prejudicaria a implanta\u00e7\u00e3o\/cronograma da bolsa CNPQ.<\/p>\n\n\n\n<hr class=\"wp-block-separator has-alpha-channel-opacity is-style-dots\"\/>\n<\/details>\n\n\n\n<details class=\"wp-block-details is-layout-flow wp-block-details-is-layout-flow\"><summary>O campo \u201cDescri\u00e7\u00e3o do projeto de pesquisa\u201d deve conter o texto completo do projeto de pesquisa ao qual o discente far\u00e1 parte ou uma breve descri\u00e7\u00e3o do projeto e seu n\u00famero de registro no banco de projetos da UFPR?<\/summary>\n<p>Contempla os dados do projeto de pesquisa do PPG; h\u00e1 campo para o do aluno, alinhado a este do PPG.<\/p>\n\n\n\n<hr class=\"wp-block-separator has-alpha-channel-opacity is-style-dots\"\/>\n<\/details>\n<\/div>\n<\/div>\n\n\n\n<p><a href=\"https:\/\/ufprbr0-my.sharepoint.com\/:v:\/g\/personal\/andre_dias_ufpr_br\/EdJS_duszMZLshWliAF6eaIBxIkPBaTiYuiArE6OCMjETA\" target=\"_blank\" rel=\"noreferrer noopener\">Grava\u00e7\u00e3o da reuni\u00e3o do dia 26\/04\/2023, 9h00 \u2013 CPGSS e PPG: D\u00favidas sobre o edital<\/a>&nbsp;(requer acesso via e-mail institucional @ufpr.br)<\/p>\n\n\n\n<hr class=\"wp-block-separator has-text-color has-alpha-channel-opacity has-background is-style-wide\" style=\"background-color:#e8ecf5;color:#e8ecf5\"\/>\n\n\n\n<p class=\"has-text-color has-link-color wp-elements-16631d866001ae142cbdd3786f7ccd26\" style=\"color:#243673\"><strong><a title=\"\" href=\"#topo\">Voltar ao topo<\/a><\/strong><\/p>\n<\/div>\n\n\n\n<div class=\"wp-block-column is-layout-flow wp-block-column-is-layout-flow\" style=\"flex-basis:7%\"><\/div>\n<\/div>\n\n\n\n<p><\/p>\n","protected":false},"excerpt":{"rendered":"<p>Processo Seletivo para Concess\u00e3o de Bolsas de Mestrado e Doutorado da Chamada CNPq 69\/2022 PIBPG EDITAL NOTA DE RETIFICA\u00c7\u00c3O Nota de Retifica\u00e7\u00e3o n\u00ba 001\/2023\u00a0(publicado em 20\/04\/2023) ANEXOS MODELOS DE FORMUL\u00c1RIOS RESULTADO PRELIMINAR RESULTADO DOS RECURSOS INTERPOSTOS Resultado\u00a0(publicado em 29\/05\/2023) RESULTADO FINAL Resultado final\u00a0(publicado em\u00a029\/05\/2023) ORIENTA\u00c7\u00c3O AOS PPGs SELECIONADOS PARA INDICA\u00c7\u00c3O DOS BOLSISTAS A CPGSS entrar\u00e1 [&hellip;]<\/p>\n","protected":false},"author":5,"featured_media":0,"parent":11760,"menu_order":0,"comment_status":"closed","ping_status":"closed","template":"","meta":{"footnotes":""},"class_list":["post-11423","page","type-page","status-publish","hentry"],"_links":{"self":[{"href":"https:\/\/ufpr.br\/propg\/wp-json\/wp\/v2\/pages\/11423","targetHints":{"allow":["GET"]}}],"collection":[{"href":"https:\/\/ufpr.br\/propg\/wp-json\/wp\/v2\/pages"}],"about":[{"href":"https:\/\/ufpr.br\/propg\/wp-json\/wp\/v2\/types\/page"}],"author":[{"embeddable":true,"href":"https:\/\/ufpr.br\/propg\/wp-json\/wp\/v2\/users\/5"}],"replies":[{"embeddable":true,"href":"https:\/\/ufpr.br\/propg\/wp-json\/wp\/v2\/comments?post=11423"}],"version-history":[{"count":33,"href":"https:\/\/ufpr.br\/propg\/wp-json\/wp\/v2\/pages\/11423\/revisions"}],"predecessor-version":[{"id":47447,"href":"https:\/\/ufpr.br\/propg\/wp-json\/wp\/v2\/pages\/11423\/revisions\/47447"}],"up":[{"embeddable":true,"href":"https:\/\/ufpr.br\/propg\/wp-json\/wp\/v2\/pages\/11760"}],"wp:attachment":[{"href":"https:\/\/ufpr.br\/propg\/wp-json\/wp\/v2\/media?parent=11423"}],"curies":[{"name":"wp","href":"https:\/\/api.w.org\/{rel}","templated":true}]}}