{"id":11258,"date":"2025-08-08T20:25:26","date_gmt":"2025-08-08T23:25:26","guid":{"rendered":"https:\/\/ufpr.br\/?page=11258"},"modified":"2025-08-08T21:17:24","modified_gmt":"2025-08-09T00:17:24","slug":"pibpg-faq-bolsistas-cnpq","status":"publish","type":"page","link":"https:\/\/ufpr.br\/propg\/editais\/edital-01-2024-prppg-cpgss\/pibpg-faq-bolsistas-cnpq\/","title":{"rendered":"PIBPG \u2013 FAQ Bolsistas CNPq"},"content":{"rendered":"\n<div style=\"height:50px\" aria-hidden=\"true\" class=\"wp-block-spacer\"><\/div>\n\n\n\n<div class=\"wp-block-columns is-layout-flex wp-container-core-columns-is-layout-9d6595d7 wp-block-columns-is-layout-flex\">\n<div class=\"wp-block-column is-layout-flow wp-block-column-is-layout-flow\" style=\"flex-basis:20%\" id=\"topo\">\n<div style=\"height:15px\" aria-hidden=\"true\" class=\"wp-block-spacer\"><\/div>\n\n\n<div class=\"wp-block-image\">\n<figure class=\"aligncenter size-full is-resized\"><img decoding=\"async\" src=\"https:\/\/ufpr.br\/propg\/wp-content\/uploads\/2024\/08\/Icone_PergutasFrequentes_Rosa.png\" alt=\"\" class=\"wp-image-6120\" style=\"width:100px;height:auto\"\/><\/figure><\/div><\/div>\n\n\n\n<div class=\"wp-block-column is-layout-flow wp-block-column-is-layout-flow\" style=\"flex-basis:2%\"><\/div>\n\n\n\n<div class=\"wp-block-column is-layout-flow wp-block-column-is-layout-flow\" style=\"flex-basis:70%\">\n<h2 class=\"wp-block-heading\">FAQ \u2013 Bolsistas CNPq (referente bolsas do Edital 01\/2024-PRPPG\/CPGSS)<\/h2>\n\n\n\n<div style=\"height:25px\" aria-hidden=\"true\" class=\"wp-block-spacer\"><\/div>\n\n\n\n<details class=\"wp-block-details is-layout-flow wp-block-details-is-layout-flow\"><summary>Valores das Bolsas<\/summary>\n<p><strong>Onde posso encontrar os valores das bolsas de mestrado e doutorado?<\/strong><\/p>\n\n\n\n<p>Os valores das bolsas est\u00e3o dispon\u00edveis na p\u00e1gina do CNPq na tabela de valores de bolsas. Acesse a tabela atrav\u00e9s do link:\u00a0<a href=\"https:\/\/www.gov.br\/cnpq\/pt-br\/acesso-a-informacao\/bolsas-e-auxilios\/copy_of_modalidades\" target=\"_blank\" rel=\"noreferrer noopener\">Tabela de Valores de Bolsas<\/a>.<\/p>\n\n\n\n<hr class=\"wp-block-separator has-alpha-channel-opacity is-style-dots\"\/>\n<\/details>\n\n\n\n<details class=\"wp-block-details is-layout-flow wp-block-details-is-layout-flow\"><summary>Termo de Compromisso<\/summary>\n<p><strong>O que fazer se n\u00e3o recebi o e-mail com o Termo de Compromisso?<\/strong><\/p>\n\n\n\n<p>Acesse o site da Plataforma Carlos Chagas:\u00a0<a href=\"https:\/\/www.carloschagas.org.br\/\" target=\"_blank\" rel=\"noreferrer noopener\">Plataforma Carlos Chagas<\/a>. Fa\u00e7a login com CPF e senha e verifique se o Termo de Compromisso est\u00e1 na se\u00e7\u00e3o \u201cAvisos: Termo de Compromisso (AGUARDANDO ACEITE)\u201d.\u00a0Fonte:\u00a0<a href=\"https:\/\/memoria.cnpq.br\/perguntas-frequentes1;jsessionid=E707C554475DD33090AEA30607C69DF4?p_p_id=122_INSTANCE_zPF9&amp;p_p_lifecycle=0&amp;p_p_state=normal&amp;p_p_mode=view&amp;p_p_col_id=column-3&amp;p_p_col_pos=1&amp;p_p_col_count=3&amp;p_r_p_564233524_categoryId=135115#:~:text=O%20CNPq%20faz%20o%20pagamento%20das%20bolsas%20at%C3%A9,dia%20%C3%BAtil%20de%20cada%20m%C3%AAs.\" target=\"_blank\" rel=\"noreferrer noopener\">FAQ CNPq<\/a><\/p>\n\n\n\n<hr class=\"wp-block-separator has-alpha-channel-opacity is-style-dots\"\/>\n<\/details>\n\n\n\n<details class=\"wp-block-details is-layout-flow wp-block-details-is-layout-flow\"><summary>Pagamento das Bolsas<\/summary>\n<p><strong>Qual \u00e9 o prazo para o pagamento da bolsa?<\/strong><\/p>\n\n\n\n<p>Se o bolsista aceitar a bolsa at\u00e9 o dia 14 do m\u00eas, o pagamento ser\u00e1 efetuado a partir do 5\u00ba dia \u00fatil do m\u00eas subsequente diretamente na conta corrente. Altera\u00e7\u00f5es, como indica\u00e7\u00e3o, cancelamento, suspens\u00e3o da bolsa ou altera\u00e7\u00e3o dos dados banc\u00e1rios, devem ser feitas entre os dias 1\u00ba e 15 de cada m\u00eas. Em dezembro, o prazo \u00e9 at\u00e9 o dia 5. Fonte:\u00a0<a href=\"https:\/\/memoria.cnpq.br\/perguntas-frequentes1;jsessionid=E707C554475DD33090AEA30607C69DF4?p_p_id=122_INSTANCE_zPF9&amp;p_p_lifecycle=0&amp;p_p_state=normal&amp;p_p_mode=view&amp;p_p_col_id=column-3&amp;p_p_col_pos=1&amp;p_p_col_count=3&amp;p_r_p_564233524_categoryId=135115#:~:text=O%20CNPq%20faz%20o%20pagamento%20das%20bolsas%20at%C3%A9,dia%20%C3%BAtil%20de%20cada%20m%C3%AAs.\" target=\"_blank\" rel=\"noreferrer noopener\">FAQ CNPq<\/a><\/p>\n\n\n\n<hr class=\"wp-block-separator has-alpha-channel-opacity is-style-dots\"\/>\n\n\n\n<p><strong>Tenho que ter conta em qual banco para receber a bolsa?<\/strong><\/p>\n\n\n\n<p>Conta corrente individual no Banco do Brasil. O pagamento de bolsas CNPq s\u00f3 podem ser efetivadas atrav\u00e9s de conta\u00a0<strong>corrente individual do Banco do Brasil<\/strong>\u00a0no nome do estudante contemplado. O CNPq n\u00e3o aceita contas de outros bancos, conta conjunta, conta poupan\u00e7a, conta de terceiros, conta de pessoa jur\u00eddica, conta social ou conta f\u00e1cil.<\/p>\n\n\n\n<hr class=\"wp-block-separator has-alpha-channel-opacity is-style-dots\"\/>\n<\/details>\n\n\n\n<details class=\"wp-block-details is-layout-flow wp-block-details-is-layout-flow\"><summary>Taxa de Bancada de Doutorado<\/summary>\n<p><strong>O que \u00e9 a taxa de bancada?<\/strong><\/p>\n\n\n\n<p>A taxa de bancada \u00e9 um recurso financeiro destinado \u00e0 manuten\u00e7\u00e3o e melhoria das atividades acad\u00eamicas, de pesquisa e de projeto de tese de alunos de doutorado. Esse recurso \u00e9 depositado diretamente na conta do bolsista e pode ser utilizado, com a aprova\u00e7\u00e3o do orientador, para despesas como material de consumo, insumos de pesquisa, material bibliogr\u00e1fico, materiais permanentes, participa\u00e7\u00e3o em congressos e visitas t\u00e9cnicas, por exemplo.<br>Saiba mais:\u00a0<a href=\"https:\/\/ufpr.br\/propg\/wp-content\/uploads\/2025\/08\/oficio-cnpq-taxabancadadoutcnpq.pdf\" target=\"_blank\" rel=\"noreferrer noopener\">Of\u00edcio SEBFP\/CNPq<\/a>\u00a0e\u00a0<a href=\"http:\/\/memoria2.cnpq.br\/web\/guest\/view\/-\/journal_content\/56_INSTANCE_0oED\/10157\/24896#:~:text=Os%20recursos%20provenientes%20da%20taxa,concord%C3%A2ncia%20do%20orientador%20ou%20supervisor\" target=\"_blank\" rel=\"noreferrer noopener\">RN-008\/2008-CNPq<\/a><\/p>\n\n\n\n<hr class=\"wp-block-separator has-alpha-channel-opacity is-style-dots\"\/>\n\n\n\n<p><strong>Como recebo a taxa de bancada?<\/strong><\/p>\n\n\n\n<p>As taxas de bancada fornecidas pelo CNPq s\u00e3o depositadas diretamente na conta do aluno bolsista de doutorado e s\u00e3o de uso exclusivo deste, com anu\u00eancia do orientador para os gastos. Cada bolsista \u00e9 respons\u00e1vel pela presta\u00e7\u00e3o de contas e deve incluir o CPF e o n\u00famero do processo da bolsa CNPq nas notas fiscais e recibos. Os valores n\u00e3o utilizados dever\u00e3o ser devolvidos ao CNPq, conforme a\u00a0<a href=\"http:\/\/memoria2.cnpq.br\/web\/guest\/view\/-\/journal_content\/56_INSTANCE_0oED\/10157\/24896#:~:text=Os%20recursos%20provenientes%20da%20taxa,concord%C3%A2ncia%20do%20orientador%20ou%20supervisor\" target=\"_blank\" rel=\"noreferrer noopener\">RN-008\/2008-CNPq.<\/a><\/p>\n\n\n\n<hr class=\"wp-block-separator has-alpha-channel-opacity is-style-dots\"\/>\n\n\n\n<p><strong>Qual o valor da taxa de bancada para doutorado?<\/strong><\/p>\n\n\n\n<p>O valor da taxa de bancada para alunos de doutorado \u00e9 de R$ 472,80. Este valor \u00e9 pago juntamente com a mensalidade da bolsa de doutorado.<br>Saiba mais:\u00a0<a href=\"https:\/\/www.gov.br\/cnpq\/pt-br\/acesso-a-informacao\/bolsas-e-auxilios\/copy_of_modalidades\" target=\"_blank\" rel=\"noreferrer noopener\">CNPq \u2013 Modalidades de Bolsa<\/a>\u00a0(dados consultados em 07.08.2024)<\/p>\n\n\n\n<hr class=\"wp-block-separator has-alpha-channel-opacity is-style-dots\"\/>\n\n\n\n<p><strong>Como posso usar a taxa de bancada?<\/strong><\/p>\n\n\n\n<p>Os recursos provenientes da taxa de bancada destinam-se \u00e0 manuten\u00e7\u00e3o e melhoria das atividades necess\u00e1rias ao desenvolvimento da programa\u00e7\u00e3o acad\u00eamica, da pesquisa e do projeto de tese. Pode ser utilizada para despesas como material de consumo, insumos de pesquisa, material bibliogr\u00e1fico, materiais permanentes, participa\u00e7\u00e3o em congressos e visitas t\u00e9cnicas, por exemplo. O uso dos recursos deve ser feito com a concord\u00e2ncia do orientador ou supervisor.<br>Saiba mais:\u00a0<a href=\"http:\/\/memoria2.cnpq.br\/web\/guest\/view\/-\/journal_content\/56_INSTANCE_0oED\/10157\/24896#:~:text=Os%20recursos%20provenientes%20da%20taxa,concord%C3%A2ncia%20do%20orientador%20ou%20supervisor\" target=\"_blank\" rel=\"noreferrer noopener\">RN-008\/2008-CNPq<\/a>\u00a0e\u00a0<a href=\"https:\/\/ufpr.br\/propg\/wp-content\/uploads\/2025\/08\/oficio-cnpq-taxabancadadoutcnpq.pdf\" target=\"_blank\" rel=\"noreferrer noopener\">Of\u00edcio SEBFP\/CNPq<\/a><\/p>\n\n\n\n<hr class=\"wp-block-separator has-alpha-channel-opacity is-style-dots\"\/>\n\n\n\n<p><strong>O que fazer com os bens adquiridos com a taxa de bancada ao final do doutorado?<\/strong><\/p>\n\n\n\n<p>Ao concluir o doutorado, todos os materiais permanentes (como computadores e equipamentos de laborat\u00f3rio) e bibliogr\u00e1ficos devem ser integrados ao patrim\u00f4nio da institui\u00e7\u00e3o a que o aluno est\u00e1 vinculado. Esses materiais devem ser entregues ao t\u00e9rmino da bolsa ou em caso de cancelamento da mesma. O PPG ser\u00e1 encarregado de enviar o Termo de Dep\u00f3sito ao CNPq e de assegurar a incorpora\u00e7\u00e3o dos bens ao patrim\u00f4nio da universidade.<br>Fonte:\u00a0<a href=\"https:\/\/estatico.cnpq.br\/ajuda\/picc\/prestacaoContas\/manualPrestacao.html\" target=\"_blank\" rel=\"noreferrer noopener\">Manual de Presta\u00e7\u00e3o de Contas CNPq<\/a><\/p>\n\n\n\n<hr class=\"wp-block-separator has-alpha-channel-opacity is-style-dots\"\/>\n\n\n\n<p><strong>Como devo prestar contas das despesas realizadas com a taxa de bancada?<\/strong><\/p>\n\n\n\n<p>Todas as despesas devem ser comprovadas por meio de notas fiscais, que devem incluir o CPF do bolsista e o n\u00famero do processo da bolsa CNPq. O saldo n\u00e3o utilizado deve ser devolvido ao CNPq em at\u00e9 60 dias ap\u00f3s o t\u00e9rmino da bolsa.<br>Saiba mais:\u00a0<a href=\"https:\/\/estatico.cnpq.br\/ajuda\/picc\/prestacaoContas\/manualPrestacao.html\" target=\"_blank\" rel=\"noreferrer noopener\">Manual de Presta\u00e7\u00e3o de Contas CNPq<\/a>\u00a0e\u00a0<a href=\"http:\/\/memoria2.cnpq.br\/web\/guest\/view\/-\/journal_content\/56_INSTANCE_0oED\/10157\/24896#:~:text=Os%20recursos%20provenientes%20da%20taxa,concord%C3%A2ncia%20do%20orientador%20ou%20supervisor\" target=\"_blank\" rel=\"noreferrer noopener\">RN-008\/2008-CNPq<\/a><\/p>\n\n\n\n<hr class=\"wp-block-separator has-alpha-channel-opacity is-style-dots\"\/>\n\n\n\n<p><strong>Com quem posso tirar d\u00favidas sobre a utiliza\u00e7\u00e3o, gest\u00e3o e presta\u00e7\u00e3o de contas da taxa de bancada?<\/strong><\/p>\n\n\n\n<p>Por favor, leia a\u00a0<a href=\"http:\/\/memoria2.cnpq.br\/web\/guest\/view\/-\/journal_content\/56_INSTANCE_0oED\/10157\/24896#:~:text=Os%20recursos%20provenientes%20da%20taxa,concord%C3%A2ncia%20do%20orientador%20ou%20supervisor\" target=\"_blank\" rel=\"noreferrer noopener\">RN-008\/2008-CNPq<\/a>, que regulamenta o uso da taxa de bancada para bolsistas de doutorado, o Of\u00edcio SEBFP\/CNPq com \u201c<a href=\"https:\/\/ufpr.br\/propg\/wp-content\/uploads\/2025\/08\/oficio-cnpq-taxabancadadoutcnpq.pdf\" target=\"_blank\" rel=\"noreferrer noopener\">Informa\u00e7\u00f5es sobre a Taxa de Bancada para Doutorado CNPq<\/a>\u201d e as Orienta\u00e7\u00f5es Gerais sobre a \u201c<a href=\"https:\/\/ufpr.br\/propg\/wp-content\/uploads\/2025\/08\/orientacoes-gerais-sobre-a-utilizacao-da-taxa-de-bancada-para-bolsistas-de-doutorado-cnpq-copia.pdf\" target=\"_blank\" rel=\"noreferrer noopener\">Utiliza\u00e7\u00e3o da Taxa de Bancada para Bolsistas de Doutorado CNPq<\/a>\u201c. Para quest\u00f5es adicionais, o bolsista deve entrar em contato com o programa de p\u00f3s-gradua\u00e7\u00e3o, que poder\u00e1 solicitar mais informa\u00e7\u00f5es \u00e0 Coordena\u00e7\u00e3o de Bolsas de Forma\u00e7\u00e3o no Pa\u00eds \u2013 SEBFP\/CNPq, pelo e-mail:\u00a0<a href=\"mailto:sebfp@cnpq.br\" target=\"_blank\" rel=\"noreferrer noopener\">sebfp@cnpq.br<\/a>.<\/p>\n\n\n\n<hr class=\"wp-block-separator has-alpha-channel-opacity is-style-dots\"\/>\n<\/details>\n\n\n\n<details class=\"wp-block-details is-layout-flow wp-block-details-is-layout-flow\"><summary>Complementa\u00e7\u00e3o Financeira e Ac\u00famulo de Bolsas<\/summary>\n<p><strong>\u00c9 poss\u00edvel receber complementa\u00e7\u00e3o financeira mesmo sendo bolsista do CNPq?<\/strong><\/p>\n\n\n\n<p>Sim, \u00e9 poss\u00edvel receber complementa\u00e7\u00e3o financeira mesmo sendo bolsista do CNPq, desde que sejam atendidas as condi\u00e7\u00f5es estipuladas pela\u00a0<a href=\"http:\/\/portal-adm.cnpq.br\/web\/guest\/view\/-\/journal_content\/56_INSTANCE_0oED\/10157\/21767169\" target=\"_blank\" rel=\"noreferrer noopener\">Portaria CNPq n\u00ba 1.863, de 16 de julho de 2024<\/a>.<\/p>\n\n\n\n<ul class=\"wp-block-list\">\n<li>A\u00a0<a href=\"https:\/\/ufpr.br\/propg\/wp-content\/uploads\/2025\/08\/portaria-cnpq-no-1-863-de-16-de-julho-de-2024-dou-imprensa-nacional-1.pdf\" target=\"_blank\" rel=\"noreferrer noopener\">Portaria CNPq n\u00ba 1.863\/2024<\/a>\u00a0regulamenta as condi\u00e7\u00f5es de ac\u00famulo de bolsas concedidas pelo CNPq e a possibilidade de complementa\u00e7\u00e3o financeira com atividade remunerada e\u00a0 outras fontes. Ela pro\u00edbe o ac\u00famulo de bolsas do CNPq com outras de ag\u00eancias de fomento p\u00fablicas, salvo exce\u00e7\u00f5es expl\u00edcitas no documento.<\/li>\n<\/ul>\n\n\n\n<ul class=\"wp-block-list\">\n<li>Bolsas de Mestrado, Doutorado e P\u00f3s-Doutorado no pa\u00eds podem ser acumuladas com bolsas CAPES em programas espec\u00edficos, e tamb\u00e9m com atividades remuneradas, desde que haja anu\u00eancia do orientador e da Coordena\u00e7\u00e3o do Programa. Bolsistas no exterior podem receber aux\u00edlio de ag\u00eancias estrangeiras, mas n\u00e3o de ag\u00eancias brasileiras. A Portaria tamb\u00e9m permite que o CNPq aplique novas disposi\u00e7\u00f5es vantajosas aos benefici\u00e1rios e modifica dispositivos da Resolu\u00e7\u00e3o Normativa n\u00ba 28, de 2015.<\/li>\n<\/ul>\n\n\n\n<hr class=\"wp-block-separator has-alpha-channel-opacity is-style-dots\"\/>\n<\/details>\n\n\n\n<details class=\"wp-block-details is-layout-flow wp-block-details-is-layout-flow\"><summary>Canais de Atendimento<\/summary>\n<p><strong>Quais s\u00e3o os canais de atendimento do CNPq?<\/strong><\/p>\n\n\n\n<ul class=\"wp-block-list\">\n<li>E-mail: atendimento@cnpq.br<\/li>\n<\/ul>\n\n\n\n<ul class=\"wp-block-list\">\n<li>Formul\u00e1rio eletr\u00f4nico:\u00a0<a href=\"http:\/\/memoria2.cnpq.br\/web\/guest\/central-de-atendimento#:~:text=Encaminhe%20sua%20d%C3%BAvida%20por%20meio,de%20segunda%20%C3%A0%20sexta%2Dfeira.\">Central de Atendimento<\/a>.<\/li>\n<\/ul>\n\n\n\n<ul class=\"wp-block-list\">\n<li>Telefone: +55 61 3211-4000, de segunda a sexta-feira, das 7h \u00e0s 19h (hor\u00e1rio de Bras\u00edlia\/DF)<\/li>\n<\/ul>\n\n\n\n<hr class=\"wp-block-separator has-alpha-channel-opacity is-style-dots\"\/>\n<\/details>\n\n\n\n<details class=\"wp-block-details is-layout-flow wp-block-details-is-layout-flow\"><summary>Normas Relacionadas<\/summary>\n<ul class=\"wp-block-list\">\n<li><a href=\"https:\/\/ufpr.br\/propg\/wp-content\/uploads\/2025\/08\/chamada_cnpq_n__35_2023__3_.pdf\" target=\"_blank\" rel=\"noreferrer noopener\">Chamada CNPq n\u00ba 35\/2023<\/a>\u00a0\u2013 Apoio \u00e0 Pesquisa Cient\u00edfica, Tecnol\u00f3gica e de Inova\u00e7\u00e3o: Bolsas de Mestrado e Doutorado \u2013 Programa Institucional de Bolsas de P\u00f3s-gradua\u00e7\u00e3o PIBG Ciclo 2024 (<a href=\"https:\/\/memoria2.cnpq.br\/web\/guest\/chamadas-publicas?p_p_id=resultadosportlet_WAR_resultadoscnpqportlet_INSTANCE_0ZaM&amp;filtro=abertas&amp;detalha=chamadaDivulgada&amp;idDivulgacao=11785\" target=\"_blank\" rel=\"noreferrer noopener\">link permanente<\/a>)<\/li>\n<\/ul>\n\n\n\n<ul class=\"wp-block-list\">\n<li><a href=\"https:\/\/ufpr.br\/propg\/wp-content\/uploads\/2025\/08\/portaria-cnpq-no-1-863-de-16-de-julho-de-2024-dou-imprensa-nacional-1.pdf\" target=\"_blank\" rel=\"noreferrer noopener\">Portaria CNPq n\u00ba 1.863\/2024<\/a>:\u00a0<a href=\"http:\/\/portal-adm.cnpq.br\/web\/guest\/view\/-\/journal_content\/56_INSTANCE_0oED\/10157\/21767169\" target=\"_blank\" rel=\"noreferrer noopener\">ac\u00famulo de bolsas e complementa\u00e7\u00e3o financeira<\/a><\/li>\n<\/ul>\n\n\n\n<ul class=\"wp-block-list\">\n<li><a href=\"https:\/\/www.gov.br\/cnpq\/pt-br\/acesso-a-informacao\/bolsas-e-auxilios\/copy_of_modalidades\" target=\"_blank\" rel=\"noreferrer noopener\">Tabelas de Valores de Bolsas no Pa\u00eds e no Exterior CNPq<\/a><\/li>\n<\/ul>\n\n\n\n<ul class=\"wp-block-list\">\n<li><a href=\"http:\/\/memoria2.cnpq.br\/web\/guest\/view\/-\/journal_content\/56_INSTANCE_0oED\/10157\/20764454?COMPANY_ID=10132\" target=\"_blank\" rel=\"noreferrer noopener\">Portaria CNPq n\u00ba 997\/2022<\/a>: disp\u00f5e sobre o Programa Institucional de Bolsas de P\u00f3s-Gradua\u00e7\u00e3o (PIBPG) para apoio \u00e0 forma\u00e7\u00e3o de recursos humanos para pesquisa<\/li>\n<\/ul>\n\n\n\n<ul class=\"wp-block-list\">\n<li><a href=\"http:\/\/memoria2.cnpq.br\/web\/guest\/view\/-\/journal_content\/56_INSTANCE_0oED\/10157\/20685632\" target=\"_blank\" rel=\"noreferrer noopener\">Portaria CNPq n\u00ba 914\/2022<\/a>: Manual de Presta\u00e7\u00e3o de Constas CNPq<\/li>\n<\/ul>\n\n\n\n<ul class=\"wp-block-list\">\n<li><a href=\"http:\/\/memoria2.cnpq.br\/web\/guest\/view\/-\/journal_content\/56_INSTANCE_0oED\/10157\/24896#:~:text=Os%20recursos%20provenientes%20da%20taxa,concord%C3%A2ncia%20do%20orientador%20ou%20supervisor\" target=\"_blank\" rel=\"noreferrer noopener\">RN-008\/2008-CNPq<\/a>, que regulamenta o uso da taxa de bancada para bolsistas de doutorado, p\u00f3s-doutorado e orientadores em programas de p\u00f3s-gradua\u00e7\u00e3o stricto sensu<\/li>\n<\/ul>\n\n\n\n<ul class=\"wp-block-list\">\n<li><a href=\"https:\/\/ufpr.br\/propg\/wp-content\/uploads\/2025\/08\/oficio-cnpq-taxabancadadoutcnpq.pdf\" target=\"_blank\" rel=\"noreferrer noopener\">Of\u00edcio CNPQ \u2013 Informa\u00e7\u00f5es sobre Taxa de Bancada para Doutorado CNPq<\/a><\/li>\n<\/ul>\n\n\n\n<ul class=\"wp-block-list\">\n<li><a href=\"https:\/\/ufpr.br\/propg\/wp-content\/uploads\/2025\/08\/orientacoes-gerais-sobre-a-utilizacao-da-taxa-de-bancada-para-bolsistas-de-doutorado-cnpq-copia.pdf\" target=\"_blank\" rel=\"noreferrer noopener\">Orienta\u00e7\u00f5es Gerais sobre a Utiliza\u00e7\u00e3o da Taxa de Bancada para Bolsistas de Doutorado CNPq<\/a><\/li>\n<\/ul>\n\n\n\n<hr class=\"wp-block-separator has-text-color has-alpha-channel-opacity has-background is-style-wide\" style=\"background-color:#e8ecf5;color:#e8ecf5\"\/>\n<\/details>\n\n\n\n<div style=\"height:15px\" aria-hidden=\"true\" class=\"wp-block-spacer\"><\/div>\n\n\n\n<p class=\"has-text-color has-link-color wp-elements-16631d866001ae142cbdd3786f7ccd26\" style=\"color:#243673\"><strong><a title=\"\" href=\"#topo\">Voltar ao topo<\/a><\/strong><\/p>\n<\/div>\n\n\n\n<div class=\"wp-block-column is-layout-flow wp-block-column-is-layout-flow\" style=\"flex-basis:7%\"><\/div>\n<\/div>\n","protected":false},"excerpt":{"rendered":"<p>FAQ \u2013 Bolsistas CNPq (referente bolsas do Edital 01\/2024-PRPPG\/CPGSS) Voltar ao topo<\/p>\n","protected":false},"author":5,"featured_media":0,"parent":11253,"menu_order":0,"comment_status":"closed","ping_status":"closed","template":"","meta":{"footnotes":""},"class_list":["post-11258","page","type-page","status-publish","hentry"],"_links":{"self":[{"href":"https:\/\/ufpr.br\/propg\/wp-json\/wp\/v2\/pages\/11258","targetHints":{"allow":["GET"]}}],"collection":[{"href":"https:\/\/ufpr.br\/propg\/wp-json\/wp\/v2\/pages"}],"about":[{"href":"https:\/\/ufpr.br\/propg\/wp-json\/wp\/v2\/types\/page"}],"author":[{"embeddable":true,"href":"https:\/\/ufpr.br\/propg\/wp-json\/wp\/v2\/users\/5"}],"replies":[{"embeddable":true,"href":"https:\/\/ufpr.br\/propg\/wp-json\/wp\/v2\/comments?post=11258"}],"version-history":[{"count":40,"href":"https:\/\/ufpr.br\/propg\/wp-json\/wp\/v2\/pages\/11258\/revisions"}],"predecessor-version":[{"id":11302,"href":"https:\/\/ufpr.br\/propg\/wp-json\/wp\/v2\/pages\/11258\/revisions\/11302"}],"up":[{"embeddable":true,"href":"https:\/\/ufpr.br\/propg\/wp-json\/wp\/v2\/pages\/11253"}],"wp:attachment":[{"href":"https:\/\/ufpr.br\/propg\/wp-json\/wp\/v2\/media?parent=11258"}],"curies":[{"name":"wp","href":"https:\/\/api.w.org\/{rel}","templated":true}]}}