{"id":11253,"date":"2025-08-08T20:13:35","date_gmt":"2025-08-08T23:13:35","guid":{"rendered":"https:\/\/ufpr.br\/?page=11253"},"modified":"2026-01-05T13:55:26","modified_gmt":"2026-01-05T16:55:26","slug":"edital-01-2024-prppg-cpgss","status":"publish","type":"page","link":"https:\/\/ufpr.br\/propg\/editais\/edital-01-2024-prppg-cpgss\/","title":{"rendered":"Edital 01\/2024-PRPPG\/CPGSS"},"content":{"rendered":"\n<div style=\"height:50px\" aria-hidden=\"true\" class=\"wp-block-spacer\"><\/div>\n\n\n\n<div class=\"wp-block-columns is-layout-flex wp-container-core-columns-is-layout-9d6595d7 wp-block-columns-is-layout-flex\">\n<div class=\"wp-block-column is-layout-flow wp-block-column-is-layout-flow\" style=\"flex-basis:20%\" id=\"topo\">\n<div style=\"height:30px\" aria-hidden=\"true\" class=\"wp-block-spacer\"><\/div>\n\n\n<div class=\"wp-block-image\">\n<figure class=\"aligncenter size-full is-resized\"><img decoding=\"async\" src=\"https:\/\/ufpr.br\/propg\/wp-content\/uploads\/2024\/10\/Icone_DocumentosMao_Rosa.png\" alt=\"\" class=\"wp-image-6130\" style=\"width:100px;height:auto\"\/><\/figure><\/div><\/div>\n\n\n\n<div class=\"wp-block-column is-layout-flow wp-block-column-is-layout-flow\" style=\"flex-basis:2%\"><\/div>\n\n\n\n<div class=\"wp-block-column is-layout-flow wp-block-column-is-layout-flow\" style=\"flex-basis:70%\">\n<h2 class=\"wp-block-heading\"><mark style=\"background-color:rgba(0, 0, 0, 0)\" class=\"has-inline-color has-vivid-red-color\">Importante:<\/mark> <br>Orienta\u00e7\u00f5es aos PPGs selecionados para indica\u00e7\u00e3o dos bolsistas<\/h2>\n\n\n\n<div style=\"height:15px\" aria-hidden=\"true\" class=\"wp-block-spacer\"><\/div>\n\n\n\n<ul class=\"wp-block-list\">\n<li>A CPGSS entrou em contato com todos os programas contemplados atrav\u00e9s do processo SEI de submiss\u00e3o da proposta. A indica\u00e7\u00e3o dos bolsistas pelos PPGs dever\u00e1 ser realizada de 01\/06 a&nbsp;<strong><mark style=\"background-color:#e8ecf5\" class=\"has-inline-color\">31\/08\/2024<\/mark><\/strong>.<\/li>\n<\/ul>\n\n\n\n<ul class=\"wp-block-list\">\n<li>As informa\u00e7\u00f5es ser\u00e3o lan\u00e7adas no sistema de bolsas do CNPq em at\u00e9 05 dias \u00fateis ap\u00f3s o recebimento no processo SEI, salvo exce\u00e7\u00e3o. O per\u00edodo para implementa\u00e7\u00e3o de bolsas \u00e9 at\u00e9 dia o 15\u00ba dia de cada m\u00eas (exceto no m\u00eas de dezembro que ser\u00e1 at\u00e9 o 5\u00ba dia).<\/li>\n<\/ul>\n\n\n\n<ul class=\"wp-block-list\">\n<li>O CNPq processa o pagamento de bolsas at\u00e9 o 5\u00ba dia \u00fatil de cada m\u00eas.<\/li>\n<\/ul>\n\n\n\n<ul class=\"wp-block-list\">\n<li><a href=\"https:\/\/ufpr.br\/propg\/editais\/edital-01-2024-prppg-cpgss\/pibpg-faq-bolsistas-cnpq\/\">FAQ \u2013 Bolsistas CNPq (referente bolsas do Edital 01\/2024-PRPPG\/CPGSS)<\/a><\/li>\n<\/ul>\n\n\n\n<ul class=\"wp-block-list\">\n<li>O PPG dever\u00e1 registrar a bolsa no SIGA como declarat\u00f3ria para o respectivo discente benefici\u00e1rio (<a href=\"https:\/\/ufpr.br\/propg\/wp-content\/uploads\/2025\/08\/siga-tutorial-registrar-bolsa-declaratoria-cnpq-pibpg-2024.pdf\" target=\"_blank\" rel=\"noreferrer noopener\">link para tutorial<\/a>)<\/li>\n<\/ul>\n\n\n\n<div style=\"height:50px\" aria-hidden=\"true\" class=\"wp-block-spacer\"><\/div>\n\n\n\n<div class=\"wp-block-columns is-layout-flex wp-container-core-columns-is-layout-9d6595d7 wp-block-columns-is-layout-flex\">\n<div class=\"wp-block-column is-layout-flow wp-block-column-is-layout-flow\">\n<h2 class=\"wp-block-heading has-text-align-left has-background has-medium-font-size\" style=\"background-color:#e8ecf5\">EDITAL<\/h2>\n\n\n\n<hr class=\"wp-block-separator has-text-color has-alpha-channel-opacity has-background is-style-wide\" style=\"background-color:#e8ecf5;color:#e8ecf5\"\/>\n\n\n\n<p><a href=\"https:\/\/ufpr.br\/propg\/wp-content\/uploads\/2025\/08\/edital-01-2024-prppg-cpgss-retificado-09-05-24.pdf\" target=\"_blank\" rel=\"noreferrer noopener\">Edital 01\/2024-PRPPG\/CPGSS \u2013 Retificado<\/a>\u00a0(<em>alterado pela Nota de Retifica\u00e7\u00e3o 01\/2024<\/em>)<\/p>\n\n\n\n<ul class=\"wp-block-list\">\n<li>Objetivo: Selecionar propostas de Programas de P\u00f3s-gradua\u00e7\u00e3o Stricto Sensu da UFPR para concess\u00e3o de bolsas de mestrado e doutorado da Chamada CNPq n\u00ba 35\/2023 PIBPG, Ciclo 2024.<\/li>\n<\/ul>\n\n\n\n<ul class=\"wp-block-list\">\n<li>N\u00famero de bolsas: 36 bolsas de mestrado e 30 bolsas de doutorado.<\/li>\n<\/ul>\n\n\n\n<ul class=\"wp-block-list\">\n<li>As bolsas ficar\u00e3o vinculadas \u00e0s \u00e1reas tem\u00e1ticas do\u00a0<a href=\"https:\/\/ufpr.br\/propg\/editais\/edital-01-2024-prppg-cpgss\/projeto-institucional-da-ufpr-para-a-chamada-cnpq-35-2023-pibg\/\">Projeto Institucional para Pesquisa<\/a>\u00a0aprovado pelo CNPq.<\/li>\n<\/ul>\n\n\n\n<ul class=\"wp-block-list\">\n<li>Cobertura de bolsas: utilizar a informa\u00e7\u00e3o de cobertura de bolsas do SUCUPIRA (considerar a base de dados mais completa, que reflita todos os alunos bolsistas no c\u00e1lculo, inclusive os que recebem bolsas atrav\u00e9s de projetos de docentes).&nbsp; O programa poder\u00e1 fazer o tratamento dos dados para obter a informa\u00e7\u00e3o mais fiel poss\u00edvel \u00e0 realidade do PPG (<em>publicado em 23\/04\/2024<\/em>).<\/li>\n<\/ul>\n\n\n\n<div style=\"height:15px\" aria-hidden=\"true\" class=\"wp-block-spacer\"><\/div>\n\n\n\n<p><strong>Nota de Retifica\u00e7\u00e3o<\/strong><\/p>\n\n\n\n<ul class=\"wp-block-list\">\n<li><a href=\"https:\/\/ufpr.br\/propg\/wp-content\/uploads\/2025\/08\/sei_6658494_informacao_15.pdf\" target=\"_blank\" rel=\"noreferrer noopener\">Nota de Retifica\u00e7\u00e3o n\u00ba 01\/2024: altera o cronograma do Edital 01\/2024-PRPPG\/CPGSS<\/a>\u00a0(<em>publicada em 09\/05\/2024<\/em>): data limite para o envio das propostas\u00a0prorrogada\u00a0at\u00e9 12\/05\/2024.<\/li>\n<\/ul>\n\n\n\n<div style=\"height:15px\" aria-hidden=\"true\" class=\"wp-block-spacer\"><\/div>\n\n\n\n<p><strong>Anexos e Modelos de Formul\u00e1rios<\/strong><\/p>\n\n\n\n<ul class=\"wp-block-list\">\n<li><a href=\"https:\/\/ufpr.br\/propg\/wp-content\/uploads\/2025\/08\/anexo-i-proposta.docx\" target=\"_blank\" rel=\"noreferrer noopener\">ANEXO I proposta.docx<\/a><\/li>\n<\/ul>\n\n\n\n<ul class=\"wp-block-list\">\n<li><a href=\"https:\/\/ufpr.br\/propg\/wp-content\/uploads\/2025\/08\/anexo-ii-plano-de-trabalho-discente.docx\" target=\"_blank\" rel=\"noreferrer noopener\">ANEXO II plano individual do discente.docx<\/a><\/li>\n<\/ul>\n\n\n\n<ul class=\"wp-block-list\">\n<li><a href=\"https:\/\/ufpr.br\/propg\/wp-content\/uploads\/2025\/08\/anexo-iii-areas-tematicas.pdf\" target=\"_blank\" rel=\"noreferrer noopener\">ANEXO III descri\u00e7\u00e3o das \u00e1reas tem\u00e1ticas.pdf<\/a><\/li>\n<\/ul>\n\n\n\n<div style=\"height:50px\" aria-hidden=\"true\" class=\"wp-block-spacer\"><\/div>\n<\/div>\n<\/div>\n\n\n\n<div class=\"wp-block-columns is-layout-flex wp-container-core-columns-is-layout-9d6595d7 wp-block-columns-is-layout-flex\">\n<div class=\"wp-block-column is-layout-flow wp-block-column-is-layout-flow\">\n<h2 class=\"wp-block-heading has-text-align-left has-background has-medium-font-size\" style=\"background-color:#e8ecf5\">RESULTADO PRELIMINAR<\/h2>\n\n\n\n<hr class=\"wp-block-separator has-text-color has-alpha-channel-opacity has-background is-style-wide\" style=\"background-color:#e8ecf5;color:#e8ecf5\"\/>\n\n\n\n<ul class=\"wp-block-list\">\n<li><a href=\"https:\/\/ufpr.br\/propg\/wp-content\/uploads\/2025\/08\/sei_6673311_informacao_17.pdf\" target=\"_blank\" rel=\"noreferrer noopener\">Resultado preliminar retificado<\/a>\u00a0(<em>publicado em 16\/05\/2024<\/em>)<\/li>\n<\/ul>\n\n\n\n<ul class=\"wp-block-list\">\n<li>Novo prazo para submiss\u00e3o de recursos: at\u00e9 as 23h59 de 20\/05\/2024<\/li>\n<\/ul>\n\n\n\n<ul class=\"wp-block-list\">\n<li>Os proponentes interessados em interpor recurso dever\u00e3o faz\u00ea-lo diretamente no processo SEI de sua Proposta<\/li>\n<\/ul>\n\n\n\n<div style=\"height:50px\" aria-hidden=\"true\" class=\"wp-block-spacer\"><\/div>\n<\/div>\n<\/div>\n\n\n\n<div class=\"wp-block-columns is-layout-flex wp-container-core-columns-is-layout-9d6595d7 wp-block-columns-is-layout-flex\">\n<div class=\"wp-block-column is-layout-flow wp-block-column-is-layout-flow\">\n<h2 class=\"wp-block-heading has-text-align-left has-background has-medium-font-size\" style=\"background-color:#e8ecf5\">RESULTADO FINAL<\/h2>\n\n\n\n<hr class=\"wp-block-separator has-text-color has-alpha-channel-opacity has-background is-style-wide\" style=\"background-color:#e8ecf5;color:#e8ecf5\"\/>\n\n\n\n<ul class=\"wp-block-list\">\n<li><a href=\"https:\/\/ufpr.br\/propg\/wp-content\/uploads\/2025\/08\/sei_6688547_informacao_23.pdf\" target=\"_blank\" rel=\"noreferrer noopener\">Resultado final ap\u00f3s recursos<\/a>\u00a0(<em>publicado em 22\/05\/2024<\/em>)<\/li>\n<\/ul>\n\n\n\n<div style=\"height:50px\" aria-hidden=\"true\" class=\"wp-block-spacer\"><\/div>\n<\/div>\n<\/div>\n\n\n\n<div class=\"wp-block-columns is-layout-flex wp-container-core-columns-is-layout-9d6595d7 wp-block-columns-is-layout-flex\">\n<div class=\"wp-block-column is-layout-flow wp-block-column-is-layout-flow\">\n<h2 class=\"wp-block-heading has-text-align-left has-background has-medium-font-size\" style=\"background-color:#e8ecf5\">NORMAS RELACIONADAS<\/h2>\n\n\n\n<hr class=\"wp-block-separator has-text-color has-alpha-channel-opacity has-background is-style-wide\" style=\"background-color:#e8ecf5;color:#e8ecf5\"\/>\n\n\n\n<ul class=\"wp-block-list\">\n<li><a href=\"https:\/\/ufpr.br\/propg\/wp-content\/uploads\/2025\/08\/chamada_cnpq_n__35_2023__3_.pdf\" target=\"_blank\" rel=\"noreferrer noopener\">Chamada CNPq n\u00ba 35\/2023<\/a>\u00a0\u2013 Apoio \u00e0 Pesquisa Cient\u00edfica, Tecnol\u00f3gica e de Inova\u00e7\u00e3o: Bolsas de Mestrado e Doutorado \u2013 Programa Institucional de Bolsas de P\u00f3s-gradua\u00e7\u00e3o PIBG Ciclo 2024 (<a href=\"https:\/\/memoria2.cnpq.br\/web\/guest\/chamadas-publicas?p_p_id=resultadosportlet_WAR_resultadoscnpqportlet_INSTANCE_0ZaM&amp;filtro=abertas&amp;detalha=chamadaDivulgada&amp;idDivulgacao=11785\" target=\"_blank\" rel=\"noreferrer noopener\">link permanente<\/a>)<\/li>\n<\/ul>\n\n\n\n<ul class=\"wp-block-list\">\n<li><a href=\"https:\/\/ufpr.br\/propg\/sae\/editais-bolsas-e-auxilios\/edital-01-2024-prppg-cpgss\/projeto-institucional-da-ufpr-para-a-chamada-cnpq-35-2023-pibg\/\" target=\"_blank\" rel=\"noreferrer noopener\">Projeto Institucional da UFPR<\/a>\u00a0 para a Chamada CNPq 35\/2023 \u2013 PIBPG<\/li>\n<\/ul>\n\n\n\n<ul class=\"wp-block-list\">\n<li><a href=\"https:\/\/ufpr.br\/propg\/wp-content\/uploads\/2025\/08\/portaria-cnpq-no-1-863-de-16-de-julho-de-2024-dou-imprensa-nacional-1.pdf\" target=\"_blank\" rel=\"noreferrer noopener\">Portaria CNPq n\u00ba 1.863\/2024<\/a>: ac\u00famulo de bolsas e complementa\u00e7\u00e3o financeira<\/li>\n<\/ul>\n\n\n\n<ul class=\"wp-block-list\">\n<li><a href=\"https:\/\/www.gov.br\/cnpq\/pt-br\/acesso-a-informacao\/bolsas-e-auxilios\/copy_of_modalidades\" target=\"_blank\" rel=\"noreferrer noopener\">Tabelas de Valores de Bolsas no Pa\u00eds e no Exterior CNPq<\/a><\/li>\n<\/ul>\n\n\n\n<ul class=\"wp-block-list\">\n<li><a href=\"http:\/\/memoria2.cnpq.br\/web\/guest\/view\/-\/journal_content\/56_INSTANCE_0oED\/10157\/20764454?COMPANY_ID=10132\" target=\"_blank\" rel=\"noreferrer noopener\">Portaria CNPq n\u00ba 997\/2022<\/a>: disp\u00f5e sobre o Programa Institucional de Bolsas de P\u00f3s-Gradua\u00e7\u00e3o (PIBPG) para apoio \u00e0 forma\u00e7\u00e3o de recursos humanos para pesquisa<\/li>\n<\/ul>\n\n\n\n<ul class=\"wp-block-list\">\n<li><a href=\"http:\/\/memoria2.cnpq.br\/web\/guest\/view\/-\/journal_content\/56_INSTANCE_0oED\/10157\/20685632\" target=\"_blank\" rel=\"noreferrer noopener\">Portaria CNPq n\u00ba 914\/2022<\/a>: Manual de&nbsp;<strong>Presta\u00e7\u00e3o de Constas<\/strong>&nbsp;CNPq<\/li>\n<\/ul>\n\n\n\n<ul class=\"wp-block-list\">\n<li><a href=\"http:\/\/memoria2.cnpq.br\/web\/guest\/view\/-\/journal_content\/56_INSTANCE_0oED\/10157\/24896#:~:text=Os%20recursos%20provenientes%20da%20taxa,concord%C3%A2ncia%20do%20orientador%20ou%20supervisor\" target=\"_blank\" rel=\"noreferrer noopener\">RN-008\/2008-CNPq<\/a>: regulamenta o uso da&nbsp;<strong>taxa de bancada<\/strong>&nbsp;para bolsistas de doutorado, p\u00f3s-doutorado e orientadores em programas de p\u00f3s-gradua\u00e7\u00e3o stricto sensu<\/li>\n<\/ul>\n<\/div>\n<\/div>\n\n\n\n<div style=\"height:50px\" aria-hidden=\"true\" class=\"wp-block-spacer\"><\/div>\n\n\n\n<div class=\"wp-block-columns is-layout-flex wp-container-core-columns-is-layout-9d6595d7 wp-block-columns-is-layout-flex\">\n<div class=\"wp-block-column is-layout-flow wp-block-column-is-layout-flow\">\n<h2 class=\"wp-block-heading has-text-align-left has-background has-medium-font-size\" style=\"background-color:#e8ecf5\">D\u00daVIDAS ?<\/h2>\n\n\n\n<hr class=\"wp-block-separator has-text-color has-alpha-channel-opacity has-background is-style-wide\" style=\"background-color:#e8ecf5;color:#e8ecf5\"\/>\n\n\n\n<p>Envie e-mail para&nbsp;<a href=\"mailto:cpg@ufpr.br\">cpg@ufpr.br<\/a><\/p>\n<\/div>\n<\/div>\n\n\n\n<div style=\"height:50px\" aria-hidden=\"true\" class=\"wp-block-spacer\"><\/div>\n\n\n\n<h2 class=\"wp-block-heading has-text-align-left has-background has-medium-font-size\" style=\"background-color:#e8ecf5\">PERGUNTAS E RESPOSTAS<\/h2>\n\n\n\n<hr class=\"wp-block-separator has-text-color has-alpha-channel-opacity has-background is-style-wide\" style=\"background-color:#e8ecf5;color:#e8ecf5\"\/>\n\n\n\n<details class=\"wp-block-details is-layout-flow wp-block-details-is-layout-flow\"><summary>Qual o prazo de concess\u00e3o das bolsas?<\/summary>\n<p>24 meses para mestrado, 48 meses para doutorado. Veja os termos do&nbsp;<a href=\"https:\/\/memoria2.cnpq.br\/web\/guest\/chamadas-publicas?p_p_id=resultadosportlet_WAR_resultadoscnpqportlet_INSTANCE_0ZaM&amp;filtro=abertas&amp;detalha=chamadaDivulgada&amp;idDivulgacao=11785\" target=\"_blank\" rel=\"noreferrer noopener\">edital CNPq<\/a>: \u201c5. Itens Financi\u00e1veis 5.1. Os recursos da presente chamada ser\u00e3o destinados ao financiamento de bolsas nas modalidades de mestrado no Pa\u00eds (com vig\u00eancia de 24 meses) e de doutorado no Pa\u00eds (com vig\u00eancia de 48 meses), incluindo mensalidades e demais benef\u00edcios previstos para cada modalidade, nos termos da RN-015\/2013 \u2013 Tabelas de valores de bolsas e taxas no Pa\u00eds, dispon\u00edvel em&nbsp;<a href=\"http:\/\/memoria2.cnpq.br\/view\/-\/journal_content\/56_INSTANCE_0oED\/10157\/971393\" target=\"_blank\" rel=\"noreferrer noopener\">http:\/\/memoria2.cnpq.br\/view\/-\/journal_content\/56_INSTANCE_0oED\/10157\/971393<\/a>.\u201d<\/p>\n\n\n\n<hr class=\"wp-block-separator has-alpha-channel-opacity is-style-dots\"\/>\n<\/details>\n\n\n\n<details class=\"wp-block-details is-layout-flow wp-block-details-is-layout-flow\"><summary>A bolsa estar\u00e1 vinculada ao PPG?<\/summary>\n<p>N\u00e3o, as bolsas s\u00e3o vinculadas \u00e0 PRPPG\/CPGSS e \u00e0s \u00e1reas tem\u00e1ticas do&nbsp;<a href=\"https:\/\/ufpr.br\/propg\/editais\/edital-01-2024-prppg-cpgss\/projeto-institucional-da-ufpr-para-a-chamada-cnpq-35-2023-pibg\/\" target=\"_blank\" rel=\"noreferrer noopener\">Projeto Institucional para Pesquisa<\/a>&nbsp;aprovado pelo CNPq.<\/p>\n\n\n\n<hr class=\"wp-block-separator has-alpha-channel-opacity is-style-dots\"\/>\n<\/details>\n\n\n\n<details class=\"wp-block-details is-layout-flow wp-block-details-is-layout-flow\"><summary>Qual o prazo para indica\u00e7\u00e3o de bolsista, caso o PPG seja contemplado?<\/summary>\n<p>A CPGSS entrar\u00e1 em contato com os programas contemplados atrav\u00e9s do processo SEI de submiss\u00e3o da proposta at\u00e9 31\/05\/2024 e a indica\u00e7\u00e3o de bolsista pelo PPG dever\u00e1 ser realizada de 01\/06 a 31\/08\/2024.<\/p>\n\n\n\n<hr class=\"wp-block-separator has-alpha-channel-opacity is-style-dots\"\/>\n<\/details>\n\n\n\n<details class=\"wp-block-details is-layout-flow wp-block-details-is-layout-flow\"><summary>Quais PPGs podem submeter propostas?<\/summary>\n<p>Todos os PPGs acad\u00eamicos da UFPR.<\/p>\n\n\n\n<hr class=\"wp-block-separator has-alpha-channel-opacity is-style-dots\"\/>\n<\/details>\n\n\n\n<details class=\"wp-block-details is-layout-flow wp-block-details-is-layout-flow\"><summary>O PPGs profissionais podem submeter propostas?<\/summary>\n<p>N\u00e3o.\u00a0\u00a0<a href=\"https:\/\/ufpr.br\/propg\/wp-content\/uploads\/2025\/08\/resposta-cnpq-referente-ppgs-profissionais.pdf\" target=\"_blank\" rel=\"noreferrer noopener\">De acordo com o CNPq<\/a>, apenas os PPGs acad\u00eamicos da UFPR poder\u00e3o ser contemplados.<\/p>\n\n\n\n<hr class=\"wp-block-separator has-alpha-channel-opacity is-style-dots\"\/>\n<\/details>\n\n\n\n<details class=\"wp-block-details is-layout-flow wp-block-details-is-layout-flow\"><summary>\u00c9 poss\u00edvel fracionar a concess\u00e3o das bolsas?<\/summary>\n<p>N\u00e3o. Veja os termos do&nbsp;<a href=\"https:\/\/memoria2.cnpq.br\/web\/guest\/chamadas-publicas?p_p_id=resultadosportlet_WAR_resultadoscnpqportlet_INSTANCE_0ZaM&amp;filtro=abertas&amp;detalha=chamadaDivulgada&amp;idDivulgacao=11785\" target=\"_blank\" rel=\"noreferrer noopener\">edital CNPq<\/a>: \u201c5.1.5. O CNPq recomenda que n\u00e3o seja realizado o fracionamento temporal das bolsas de&nbsp;doutorado (48 meses) ou mestrado (24 meses), por meio da destina\u00e7\u00e3o de uma mesma bolsa integral a mais de um aluno, sob o risco de comprometer o cumprimento do Projeto Institucional para Pesquisa aprovado pelo CNPq ou, ainda, os pr\u00f3prios objetivos da&nbsp;Chamada.\u201d<\/p>\n\n\n\n<hr class=\"wp-block-separator has-alpha-channel-opacity is-style-dots\"\/>\n<\/details>\n\n\n\n<details class=\"wp-block-details is-layout-flow wp-block-details-is-layout-flow\"><summary>Posso transformar bolsa de doutorado em bolsa de mestrado ou vice-versa?<\/summary>\n<p>N\u00e3o. Veja os termos do&nbsp;<a href=\"https:\/\/memoria2.cnpq.br\/web\/guest\/chamadas-publicas?p_p_id=resultadosportlet_WAR_resultadoscnpqportlet_INSTANCE_0ZaM&amp;filtro=abertas&amp;detalha=chamadaDivulgada&amp;idDivulgacao=11785\" target=\"_blank\" rel=\"noreferrer noopener\">edital CNPq<\/a>: \u201c5.4. As implementa\u00e7\u00f5es dever\u00e3o ser realizadas respeitando-se o n\u00famero de bolsas aprovado em cada modalidade (mestrado e doutorado), n\u00e3o sendo permitida a transforma\u00e7\u00e3o de bolsa de doutorado em mestrado ou vice-versa.\u201d<\/p>\n\n\n\n<hr class=\"wp-block-separator has-alpha-channel-opacity is-style-dots\"\/>\n<\/details>\n\n\n\n<details class=\"wp-block-details is-layout-flow wp-block-details-is-layout-flow\"><summary>O PPG poder\u00e1 indicar mais de um bolsista para a mesma bolsa de mestrado ou de doutorado?<\/summary>\n<p><strong>A princ\u00edpio, n\u00e3o.<\/strong> Somente ser\u00e1 poss\u00edvel indicar novo bolsista em casos excepcionais e desde que n\u00e3o seja ultrapassado o limite de parcelas (48 para doutorado e 24 para mestrado). Veja o que diz o item 17 do \u00a0<a href=\"http:\/\/resultado.cnpq.br\/0521798173026238\" target=\"_blank\" rel=\"noreferrer noopener\">FAQ\u00a0<\/a>da\u00a0<a href=\"https:\/\/ufpr.br\/propg\/wp-content\/uploads\/2025\/08\/chamada_cnpq_n__35_2023__3_.pdf\" target=\"_blank\" rel=\"noreferrer noopener\">Chamada CNPq n\u00ba 35\/2023<\/a>:<\/p>\n\n\n\n<div style=\"height:15px\" aria-hidden=\"true\" class=\"wp-block-spacer\"><\/div>\n\n\n\n<div class=\"wp-block-columns is-layout-flex wp-container-core-columns-is-layout-9d6595d7 wp-block-columns-is-layout-flex\">\n<div class=\"wp-block-column is-layout-flow wp-block-column-is-layout-flow\" style=\"flex-basis:1%\"><\/div>\n\n\n\n<div class=\"wp-block-column is-layout-flow wp-block-column-is-layout-flow\" style=\"flex-basis:99%\">\n<blockquote class=\"wp-block-quote is-layout-flow wp-block-quote-is-layout-flow\">\n<p><strong>Na execu\u00e7\u00e3o da proposta, \u00e9 poss\u00edvel o fracionamento temporal das bolsas de doutorado (48 meses) ou mestrado (24 meses), por meio da destina\u00e7\u00e3o de uma mesma bolsa a mais de um aluno?<\/strong><\/p>\n\n\n\n<p><em>Uma bolsa n\u00e3o pode ser fracionada e indicada simultaneamente a mais de um estudante, no entanto, pode ser utilizada por mais de um bolsista de maneira sucessiva, at\u00e9 completar a dura\u00e7\u00e3o m\u00e1xima, a saber, 24 meses para bolsas de mestrado e 48 meses para bolsas de doutorado. Apesar de n\u00e3o haver impedimento para tal opera\u00e7\u00e3o, recomenda-se que isso seja feito somente em casos excepcionais, quando h\u00e1 desist\u00eancia do aluno ou cancelamento da bolsa. O ideal \u00e9 que um mesmo bolsista cumpra todo o per\u00edodo de vig\u00eancia previsto.<\/em><\/p>\n\n\n\n<p><em>Lembramos que n\u00e3o existe a possibilidade de prorroga\u00e7\u00e3o do prazo m\u00e1ximo da bolsa, com exce\u00e7\u00e3o dos casos previstos em norma (ver PO 997\/2022). Ou seja, se um aluno desistir de uma bolsa de &nbsp;doutorado depois de 20 meses, o pr\u00f3ximo aluno indicado poder\u00e1 fazer uso dela somente pelo n\u00famero de meses restantes.<\/em><\/p>\n\n\n\n<p><em>Fonte:&nbsp;<\/em><a href=\"http:\/\/resultado.cnpq.br\/0521798173026238\" target=\"_blank\" rel=\"noreferrer noopener\">FAQ&nbsp; da Chamada CNPq n\u00ba 35\/2023<\/a><\/p>\n<\/blockquote>\n<\/div>\n<\/div>\n\n\n\n<hr class=\"wp-block-separator has-alpha-channel-opacity is-style-dots\"\/>\n<\/details>\n\n\n\n<details class=\"wp-block-details is-layout-flow wp-block-details-is-layout-flow\"><summary>\u00c9 poss\u00edvel acumular bolsas ou fazer complementa\u00e7\u00e3o financeira (atividades remuneradas ou outros rendimentos)?<\/summary>\n<p>Em alguns casos, desde que sejam respeitadas as regras do CNPq e haja anu\u00eancia do orientador e da Coordena\u00e7\u00e3o do PPG, nos termos da\u00a0<a href=\"https:\/\/ufpr.br\/propg\/wp-content\/uploads\/2025\/08\/portaria-cnpq-no-1-863-de-16-de-julho-de-2024-dou-imprensa-nacional-1.pdf\" target=\"_blank\" rel=\"noreferrer noopener\">Portaria CNPq n\u00ba 1.863\/2024<\/a>\u00a0(<em>que trata de ac\u00famulo de bolsas do CNPq com outras bolsas e de complementa\u00e7\u00e3o financeira). A seguir, os principais pontos dessa portaria:<\/em><\/p>\n\n\n\n<ol class=\"wp-block-list\">\n<li><strong>Veda\u00e7\u00e3o de ac\u00famulo<\/strong>: \u00c9 proibido acumular bolsas do CNPq com bolsas de outras ag\u00eancias de fomento p\u00fablicas, exceto nas situa\u00e7\u00f5es previstas na pr\u00f3pria portaria.<\/li>\n<\/ol>\n\n\n\n<ol start=\"3\" class=\"wp-block-list\">\n<li><strong>Bolsas de Mestrado, Doutorado e P\u00f3s-Doutorado no Pa\u00eds<\/strong>: Essas bolsas podem ser acumuladas com bolsas da CAPES nos programas UAB, PARFOR e PIBID pelo prazo de sua dura\u00e7\u00e3o regular.<\/li>\n<\/ol>\n\n\n\n<ol start=\"4\" class=\"wp-block-list\">\n<li><strong>Ac\u00famulo com atividades remuneradas<\/strong>: Bolsistas de Mestrado, Doutorado e P\u00f3s-Doutorado podem acumular a bolsa com atividades remuneradas ou outros rendimentos, desde que n\u00e3o prejudiquem o desenvolvimento das atividades do seu projeto. A&nbsp;<strong>anu\u00eancia do orientador e da Coordena\u00e7\u00e3o do Programa de P\u00f3s-Gradua\u00e7\u00e3o<\/strong>&nbsp;\u00e9 necess\u00e1ria para receber complementa\u00e7\u00e3o financeira ou acumular bolsa (nos termos da portaria mencionada).<\/li>\n<\/ol>\n\n\n\n<hr class=\"wp-block-separator has-text-color has-alpha-channel-opacity has-background is-style-wide\" style=\"background-color:#e8ecf5;color:#e8ecf5\"\/>\n\n\n\n<p>Informa\u00e7\u00f5es mais detalhadas podem ser encontradas na\u00a0<a href=\"https:\/\/ufpr.br\/propg\/wp-content\/uploads\/2025\/08\/portaria-cnpq-no-1-863-de-16-de-julho-de-2024-dou-imprensa-nacional-1.pdf\" target=\"_blank\" rel=\"noreferrer noopener\">Portaria CNPq n\u00ba 1.863\/2024.<\/a><\/p>\n\n\n\n<hr class=\"wp-block-separator has-text-color has-alpha-channel-opacity has-background is-style-wide\" style=\"background-color:#e8ecf5;color:#e8ecf5\"\/>\n<\/details>\n\n\n\n<div style=\"height:15px\" aria-hidden=\"true\" class=\"wp-block-spacer\"><\/div>\n\n\n\n<p class=\"has-text-color has-link-color wp-elements-16631d866001ae142cbdd3786f7ccd26\" style=\"color:#243673\"><strong><a title=\"\" href=\"#topo\">Voltar ao topo<\/a><\/strong><\/p>\n<\/div>\n\n\n\n<div class=\"wp-block-column is-layout-flow wp-block-column-is-layout-flow\" style=\"flex-basis:7%\"><\/div>\n<\/div>\n","protected":false},"excerpt":{"rendered":"<p>Importante: Orienta\u00e7\u00f5es aos PPGs selecionados para indica\u00e7\u00e3o dos bolsistas EDITAL Edital 01\/2024-PRPPG\/CPGSS \u2013 Retificado\u00a0(alterado pela Nota de Retifica\u00e7\u00e3o 01\/2024) Nota de Retifica\u00e7\u00e3o Anexos e Modelos de Formul\u00e1rios RESULTADO PRELIMINAR RESULTADO FINAL NORMAS RELACIONADAS D\u00daVIDAS ? Envie e-mail para&nbsp;cpg@ufpr.br PERGUNTAS E RESPOSTAS Voltar ao topo<\/p>\n","protected":false},"author":5,"featured_media":0,"parent":11760,"menu_order":0,"comment_status":"closed","ping_status":"closed","template":"","meta":{"footnotes":""},"class_list":["post-11253","page","type-page","status-publish","hentry"],"_links":{"self":[{"href":"https:\/\/ufpr.br\/propg\/wp-json\/wp\/v2\/pages\/11253","targetHints":{"allow":["GET"]}}],"collection":[{"href":"https:\/\/ufpr.br\/propg\/wp-json\/wp\/v2\/pages"}],"about":[{"href":"https:\/\/ufpr.br\/propg\/wp-json\/wp\/v2\/types\/page"}],"author":[{"embeddable":true,"href":"https:\/\/ufpr.br\/propg\/wp-json\/wp\/v2\/users\/5"}],"replies":[{"embeddable":true,"href":"https:\/\/ufpr.br\/propg\/wp-json\/wp\/v2\/comments?post=11253"}],"version-history":[{"count":66,"href":"https:\/\/ufpr.br\/propg\/wp-json\/wp\/v2\/pages\/11253\/revisions"}],"predecessor-version":[{"id":47371,"href":"https:\/\/ufpr.br\/propg\/wp-json\/wp\/v2\/pages\/11253\/revisions\/47371"}],"up":[{"embeddable":true,"href":"https:\/\/ufpr.br\/propg\/wp-json\/wp\/v2\/pages\/11760"}],"wp:attachment":[{"href":"https:\/\/ufpr.br\/propg\/wp-json\/wp\/v2\/media?parent=11253"}],"curies":[{"name":"wp","href":"https:\/\/api.w.org\/{rel}","templated":true}]}}